{"id":1009,"date":"2011-07-05T06:32:28","date_gmt":"2011-07-05T10:32:28","guid":{"rendered":"http:\/\/agoratheque.yprovencal.ep.profweb.qc.ca\/?page_id=1009"},"modified":"2011-07-05T08:06:36","modified_gmt":"2011-07-05T12:06:36","slug":"%c2%a7-19-le-role-des-textes-de-reference-dans-les-expansions","status":"publish","type":"page","link":"http:\/\/agoratheque.3zcom.com\/?page_id=1009","title":{"rendered":"\u00a7 19   Le r\u00f4le des textes de r\u00e9f\u00e9rence dans les expansions"},"content":{"rendered":"<p>\u00a0\u00a0\u00a0\u00a0\u00a0\u00a0\u00a0\u00a0\u00a0\u00a0\u00a0 On sait que plusieurs peuples am\u00e9ricains ou africains ont \u00e9t\u00e9 convertis au christianisme apr\u00e8s l\u2019arriv\u00e9e des Europ\u00e9ens entre le XVe et le XIXe si\u00e8cles. Les textes de r\u00e9f\u00e9rence des chr\u00e9tiens, qui sont essentiellement les textes bibliques et un certain nombre de textes cat\u00e9ch\u00e9tiques ou apostoliques, ont pu occuper facilement le terrain, soit parce qu\u2019aucun texte concurrent n\u2019existait, soit parce que les textes concurrents ont \u00e9t\u00e9 syst\u00e9matiquement d\u00e9truits. Ce qui pouvait rester des corpus locaux aura \u00e9t\u00e9 submerg\u00e9 par les textes europ\u00e9ens, qui se seront ensuite impos\u00e9s comme \u00e9tant les seules sources cr\u00e9dibles ou autoris\u00e9es.\u00a0\u00a0<\/p>\n<p>\u00a0\u00a0\u00a0\u00a0\u00a0\u00a0\u00a0\u00a0\u00a0\u00a0\u00a0 La situation aura \u00e9t\u00e9 diff\u00e9rente en ce qui concerne d\u2019autres r\u00e9gions du monde et, aussi, en ce qui concerne d\u2019autres religions expansionnistes. Ainsi, le christianisme n\u2019a que tr\u00e8s peu p\u00e9n\u00e9tr\u00e9 en Inde et en Chine. Les textes chr\u00e9tiens n\u2019ont pas pu s\u2019y imposer ainsi qu\u2019ils l\u2019ont fait dans d\u2019autres r\u00e9gions du monde. De nombreuses copies de textes sacr\u00e9s locaux existaient et n\u2019ont pas pu \u00eatre d\u00e9truites enti\u00e8rement, de sorte que m\u00eame les versions les mieux adapt\u00e9es de la Bible jud\u00e9o-chr\u00e9tienne n\u2019auront pu les supplanter.\u00a0\u00a0<\/p>\n<p>\u00a0\u00a0\u00a0\u00a0\u00a0\u00a0\u00a0\u00a0\u00a0\u00a0\u00a0 C\u2019est sans doute pour une raison semblable que le bouddhisme est disparu de l\u2019Inde, o\u00f9 il avait pourtant pris naissance. \u00ab\u00a0Le bouddhisme eut beau r\u00e9agir \u00e9nergiquement contre ce milieu, ainsi que l\u2019explique Braden, il fut graduellement assimil\u00e9 par lui [\u2026] il avait fini par perdre tous ses traits distinctifs <a id=\"ref-1\" href=\"#note-1\"><sup>1<\/sup><\/a>\u00bb. Cela signifie sans doute que les r\u00e9f\u00e9rences propres au bouddhisme ne sont pas parvenues \u00e0 s\u2019imposer, qu\u2019elles se sont dispers\u00e9es dans la Bible indienne comme celles d\u2019une secte quelconque. Il aura \u00e9t\u00e9 impossible aux bouddhistes m\u00eame les plus fervents de submerger de leurs textes sacr\u00e9s le corpus hindou ou de le d\u00e9truire.<\/p>\n<div><a title=\"\u00a7 20 La r\u00e9f\u00e9rence\" href=\"http:\/\/mail.agoratheque.3zcom.com\/?page_id=1018\">Suite<\/a><\/div>\n<div id=\"ftn1\">\n<p><a id=\"note-1\" href=\"#ref-1\">1<\/a> Charles S. Braden, <em>Les livres sacr\u00e9s de l\u2019humanit\u00e9<\/em> (traduction de H. E. Del Medico), Paris, Payot, 1955, p. 165. <a id=\"note-1\" href=\"#ref-1\">1<\/a><\/p>\n<\/div>\n<div class=\"edit-link\"><a class=\"post-edit-link\" href=\"\">modifier<\/a><\/div>","protected":false},"excerpt":{"rendered":"<p>\u00a0\u00a0\u00a0\u00a0\u00a0\u00a0\u00a0\u00a0\u00a0\u00a0\u00a0 On sait que plusieurs peuples am\u00e9ricains ou africains ont \u00e9t\u00e9 convertis au christianisme apr\u00e8s l\u2019arriv\u00e9e des Europ\u00e9ens entre le XVe et le XIXe si\u00e8cles. Les textes de r\u00e9f\u00e9rence des chr\u00e9tiens, qui sont essentiellement les textes bibliques et un certain nombre de textes&#8230;<\/p>\n","protected":false},"author":1,"featured_media":0,"parent":994,"menu_order":19,"comment_status":"open","ping_status":"open","template":"","meta":[],"tags":[],"_links":{"self":[{"href":"http:\/\/agoratheque.3zcom.com\/index.php?rest_route=\/wp\/v2\/pages\/1009"}],"collection":[{"href":"http:\/\/agoratheque.3zcom.com\/index.php?rest_route=\/wp\/v2\/pages"}],"about":[{"href":"http:\/\/agoratheque.3zcom.com\/index.php?rest_route=\/wp\/v2\/types\/page"}],"author":[{"embeddable":true,"href":"http:\/\/agoratheque.3zcom.com\/index.php?rest_route=\/wp\/v2\/users\/1"}],"replies":[{"embeddable":true,"href":"http:\/\/agoratheque.3zcom.com\/index.php?rest_route=%2Fwp%2Fv2%2Fcomments&post=1009"}],"version-history":[{"count":7,"href":"http:\/\/agoratheque.3zcom.com\/index.php?rest_route=\/wp\/v2\/pages\/1009\/revisions"}],"predecessor-version":[{"id":1022,"href":"http:\/\/agoratheque.3zcom.com\/index.php?rest_route=\/wp\/v2\/pages\/1009\/revisions\/1022"}],"up":[{"embeddable":true,"href":"http:\/\/agoratheque.3zcom.com\/index.php?rest_route=\/wp\/v2\/pages\/994"}],"wp:attachment":[{"href":"http:\/\/agoratheque.3zcom.com\/index.php?rest_route=%2Fwp%2Fv2%2Fmedia&parent=1009"}],"wp:term":[{"taxonomy":"post_tag","embeddable":true,"href":"http:\/\/agoratheque.3zcom.com\/index.php?rest_route=%2Fwp%2Fv2%2Ftags&post=1009"}],"curies":[{"name":"wp","href":"https:\/\/api.w.org\/{rel}","templated":true}]}}