{"id":1045,"date":"2011-07-05T11:03:56","date_gmt":"2011-07-05T15:03:56","guid":{"rendered":"http:\/\/agoratheque.yprovencal.ep.profweb.qc.ca\/?page_id=1045"},"modified":"2011-07-05T16:16:38","modified_gmt":"2011-07-05T20:16:38","slug":"%c2%a7-24-la-mainmise-sur-la-referentialite","status":"publish","type":"page","link":"http:\/\/agoratheque.3zcom.com\/?page_id=1045","title":{"rendered":"\u00a7 24   La mainmise sur la r\u00e9f\u00e9rentialit\u00e9"},"content":{"rendered":"<div>\n<p>\u00a0\u00a0\u00a0\u00a0\u00a0\u00a0\u00a0\u00a0\u00a0\u00a0\u00a0 Selon l\u2019interpr\u00e9tation r\u00e9f\u00e9rentielle, il faut tenir compte des d\u00e9formations de l\u2019image des groupes par les groupes. Dans le cas de l\u2019Ancien Testament, il s\u2019agit pr\u00e9cis\u00e9ment du texte produit et re\u00e7u par un groupe identifiable\u00a0: le peuple juif. Son Livre sacr\u00e9 ne le pr\u00e9sente pas comme \u00e9tant particuli\u00e8rement dominateur ni ill\u00e9gitime. On pr\u00e9f\u00e9rera le pr\u00e9senter l\u00e0 comme victime et s\u2019il use de violence envers d\u2019autres peuples, cette violence sera pr\u00e9sent\u00e9e comme\u00a0voulue par Dieu, donc l\u00e9gitime. C\u2019est un sch\u00e8me tout \u00e0 fait classique, qui s\u2019applique \u00e0 tout groupe. \u00ab\u00a0Nous\u00a0\u00bb sommes \u00ab\u00a0vrais\u00a0\u00bb, \u00ab\u00a0authentiques\u00a0\u00bb\u00a0; \u00ab\u00a0nous\u00a0\u00bb avons des droits que l\u2019autre n\u2019a pas, \u00ab\u00a0nos valeurs\u00a0\u00bb sont les bonnes, etc. L\u2019Ancien Testament n\u2019exprime qu\u2019un point de vue, celui du peuple d\u2019Isra\u00ebl \u2014 ou celui de son Dieu, ce qui revient au m\u00eame. Le point de vue de ses victimes, notamment \u2014 car il y en a eu s\u00fbrement \u2014 ne trouve nulle part son expression propre. Dans ce cas, m\u00eame les livres modernes d\u2019histoire ne les mentionnent que par r\u00e9f\u00e9rence au texte biblique.\u00a0<\/p>\n<p>\u00a0\u00a0\u00a0\u00a0\u00a0\u00a0\u00a0\u00a0\u00a0\u00a0\u00a0 Isra\u00ebl \u00e9tait certes un petit peuple, mais il n\u2019\u00e9tait pas le moins puissant. Surtout, il aura eu un avantage sur tous les autres\u00a0: il a domin\u00e9 la r\u00e9f\u00e9rentialit\u00e9 pendant des si\u00e8cles. C\u2019est sans doute pourquoi, encore aujourd\u2019hui, la plupart des auteurs tendent \u00e0 croire qu\u2019en substance, Isra\u00ebl a \u00e9t\u00e9 davantage pers\u00e9cut\u00e9 que pers\u00e9cuteur. Il ne s\u2019agit pas ici de faire para\u00eetre Isra\u00ebl pire qu\u2019il n\u2019a \u00e9t\u00e9. Il n\u2019a \u00e9t\u00e9, sans doute, ni meilleur ni pire que l\u2019un ou l\u2019autre des peuples de la r\u00e9gion du Croissant fertile. Et il est fort probable que n\u2019importe quel groupe qui serait pass\u00e9 \u00e0 l\u2019histoire comme le peuple \u00e0 l\u2019origine de \u00ab\u00a0la religion du Livre\u00a0\u00bb aurait projet\u00e9 une image de lui-m\u00eame au moins aussi favorable.\u00a0<\/p>\n<p>Par ailleurs, le texte biblique charge souvent Isra\u00ebl de faiblesses et de trahisons. Les textes dits proph\u00e9tiques, en particulier, l\u2019ont souvent culpabilis\u00e9. Et, m\u00eame s\u2019il s\u2019agit essentiellement de p\u00e9ch\u00e9s commis contre son Dieu, non contre celui des autres, il demeure que le texte biblique peut aussi \u00eatre lu et compris comme repr\u00e9sentant, non le point de vue d\u2019un peuple en particulier, mais celui du faible en g\u00e9n\u00e9ral. Le texte biblique, repr\u00e9sentant le point de vue d\u2019un groupe relativement faible, se trouve, plus ou moins consciemment, \u00e0 sympathiser avec toutes les victimes de s\u00e9vices perp\u00e9tr\u00e9s par les groupes les plus puissants de l\u2019histoire.<\/p>\n<p><a title=\"\u00a7 25 Le proph\u00e9tisme\" href=\"http:\/\/mail.agoratheque.3zcom.com\/?page_id=1050\">Suite<\/a><\/p>\n<\/div>\n<div class=\"edit-link\"><a class=\"post-edit-link\" href=\"\">modifier<\/a><\/div>","protected":false},"excerpt":{"rendered":"<p>\u00a0\u00a0\u00a0\u00a0\u00a0\u00a0\u00a0\u00a0\u00a0\u00a0\u00a0 Selon l\u2019interpr\u00e9tation r\u00e9f\u00e9rentielle, il faut tenir compte des d\u00e9formations de l\u2019image des groupes par les groupes. Dans le cas de l\u2019Ancien Testament, il s\u2019agit pr\u00e9cis\u00e9ment du texte produit et re\u00e7u par un groupe identifiable\u00a0: le peuple juif. Son Livre sacr\u00e9 ne le&#8230;<\/p>\n","protected":false},"author":1,"featured_media":0,"parent":994,"menu_order":24,"comment_status":"open","ping_status":"open","template":"","meta":[],"tags":[],"_links":{"self":[{"href":"http:\/\/agoratheque.3zcom.com\/index.php?rest_route=\/wp\/v2\/pages\/1045"}],"collection":[{"href":"http:\/\/agoratheque.3zcom.com\/index.php?rest_route=\/wp\/v2\/pages"}],"about":[{"href":"http:\/\/agoratheque.3zcom.com\/index.php?rest_route=\/wp\/v2\/types\/page"}],"author":[{"embeddable":true,"href":"http:\/\/agoratheque.3zcom.com\/index.php?rest_route=\/wp\/v2\/users\/1"}],"replies":[{"embeddable":true,"href":"http:\/\/agoratheque.3zcom.com\/index.php?rest_route=%2Fwp%2Fv2%2Fcomments&post=1045"}],"version-history":[{"count":2,"href":"http:\/\/agoratheque.3zcom.com\/index.php?rest_route=\/wp\/v2\/pages\/1045\/revisions"}],"predecessor-version":[{"id":1052,"href":"http:\/\/agoratheque.3zcom.com\/index.php?rest_route=\/wp\/v2\/pages\/1045\/revisions\/1052"}],"up":[{"embeddable":true,"href":"http:\/\/agoratheque.3zcom.com\/index.php?rest_route=\/wp\/v2\/pages\/994"}],"wp:attachment":[{"href":"http:\/\/agoratheque.3zcom.com\/index.php?rest_route=%2Fwp%2Fv2%2Fmedia&parent=1045"}],"wp:term":[{"taxonomy":"post_tag","embeddable":true,"href":"http:\/\/agoratheque.3zcom.com\/index.php?rest_route=%2Fwp%2Fv2%2Ftags&post=1045"}],"curies":[{"name":"wp","href":"https:\/\/api.w.org\/{rel}","templated":true}]}}