{"id":1089,"date":"2011-07-06T09:52:12","date_gmt":"2011-07-06T13:52:12","guid":{"rendered":"http:\/\/agoratheque.yprovencal.ep.profweb.qc.ca\/?page_id=1089"},"modified":"2011-07-06T11:08:12","modified_gmt":"2011-07-06T15:08:12","slug":"%c2%a7-30-la-%c2%ab-normalite-%c2%bb-selon-dieu","status":"publish","type":"page","link":"http:\/\/agoratheque.3zcom.com\/?page_id=1089","title":{"rendered":"\u00a7 30   La \u00ab normalit\u00e9 \u00bb selon Dieu"},"content":{"rendered":"<p>\u00a0\u00a0\u00a0\u00a0\u00a0\u00a0\u00a0\u00a0\u00a0\u00a0\u00a0 Dieu (le \u00ab\u00a0vrai\u00a0\u00bb, s\u2019il existe) ne tient pas n\u00e9cessairement \u00e0 ce que les humains demeurent fid\u00e8les \u00e0 un groupe religieux (ou \u00e0 un groupe national, etc.). Il ne tient pas n\u00e9cessairement \u00e0 ce que nous ayons la foi en la divinit\u00e9 d\u2019un groupe plut\u00f4t que celle de tout autre. Au contraire, un Dieu qui aurait cr\u00e9\u00e9 l\u2019humanit\u00e9, donc tous les groupes humains, les consid\u00e8rerait tous pour ce qu\u2019ils sont, des groupes qui cherchent \u00e0 survivre et qui cherchent \u00e0 se d\u00e9velopper, en concurrence les uns avec les autres, et qui ont chacun une repr\u00e9sentation de la divinit\u00e9 ou de la r\u00e9alit\u00e9 supr\u00eame.\u00a0<\/p>\n<p>\u00a0\u00a0\u00a0\u00a0\u00a0\u00a0\u00a0\u00a0\u00a0\u00a0\u00a0 Ce qu\u2019on a appel\u00e9 \u00ab\u00a0p\u00e9ch\u00e9\u00a0\u00bb constitue, dans les pires cas, des fautes morales contre le groupe religieux ou contre ses membres. Certes, il est possible que Dieu (s\u2019il existe et s\u2019il est bon) soit contrari\u00e9 du fait qu\u2019un tort soit commis contre un groupe humain. Cependant, puisqu\u2019il est tr\u00e8s difficile de croire qu\u2019il serait partisan d\u2019un groupe contre un autre groupe, sans doute lui importerait-il plut\u00f4t que l\u2019humanit\u00e9 se d\u00e9veloppe dans son ensemble. Nous pouvons croire qu\u2019il souhaite que tous les individus et tous les groupes puissent se d\u00e9velopper <em>normalement<\/em>. Nous devons toutefois reconna\u00eetre qu\u2019il nous est difficile de savoir ce que Dieu consid\u00e9rerait comme \u00ab\u00a0normal\u00a0\u00bb et que nous devrons nous contenter de faire l\u00e0-dessus certaines hypoth\u00e8ses.\u00a0<\/p>\n<p>Il semble ainsi fort probable que la dissidence ne contrarie nullement Dieu. Peut-\u00eatre m\u00eame y verrait-il un signe de d\u00e9veloppement humain tr\u00e8s positif. Les ph\u00e9nom\u00e8nes de dissidence sont plut\u00f4t nombreux dans l\u2019histoire. Il est fort possible qu\u2019\u00e0 l\u2019instar du petit groupe dissident des premiers bouddhistes ou des premiers chr\u00e9tiens, la plupart des groupes religieux soient issus d\u2019une dissidence \u00e0 partir d\u2019un groupe plus ancien. Il semble bien que les ph\u00e9nom\u00e8nes de dissidence puissent \u00eatre consid\u00e9r\u00e9s comme normaux.\u00a0\u00a0<\/p>\n<p>\u00a0\u00a0\u00a0\u00a0\u00a0\u00a0\u00a0\u00a0\u00a0\u00a0\u00a0 Si la divinit\u00e9 a souvent \u00e9t\u00e9 repr\u00e9sent\u00e9e sous les traits du Dieu jaloux, vengeur ou justicier, c\u2019est qu\u2019il s\u2019agissait de la d\u00e9it\u00e9 du groupe <a id=\"ref-1\" href=\"#note-1\"><sup>1<\/sup><\/a>. Cette image n\u2019a en soi rien \u00e0 voir avec le Dieu cr\u00e9ateur comme tel. Il \u00e9mane de l\u2019esprit immature de la collectivit\u00e9 et il est probable qu\u2019on peut en retrouver l\u2019\u00e9quivalent dans toutes les cultures. Elle est ce qu\u2019on pourrait appeler un st\u00e9r\u00e9otype historico-socio-culturel.<\/p>\n<div><a title=\"\u00a7 31 La r\u00e9probation\" href=\"http:\/\/mail.agoratheque.3zcom.com\/?page_id=1095\">Suite<\/a><\/div>\n<div id=\"ftn1\">\n<p><a id=\"note-1\" href=\"#ref-1\">1<\/a>\u00a0Voir <a title=\"\u00a7 6 Aspects politiques de la religion\" href=\"http:\/\/mail.agoratheque.3zcom.com\/?page_id=900\" target=\"_blank\">\u00a7 6<\/a>. <a id=\"note-1\" href=\"#ref-1\">1<\/a><\/p>\n<\/div>\n<div class=\"edit-link\"><a class=\"post-edit-link\" href=\"\">modifier<\/a><\/div>","protected":false},"excerpt":{"rendered":"<p>\u00a0\u00a0\u00a0\u00a0\u00a0\u00a0\u00a0\u00a0\u00a0\u00a0\u00a0 Dieu (le \u00ab\u00a0vrai\u00a0\u00bb, s\u2019il existe) ne tient pas n\u00e9cessairement \u00e0 ce que les humains demeurent fid\u00e8les \u00e0 un groupe religieux (ou \u00e0 un groupe national, etc.). Il ne tient pas n\u00e9cessairement \u00e0 ce que nous ayons la foi en la divinit\u00e9 d\u2019un&#8230;<\/p>\n","protected":false},"author":1,"featured_media":0,"parent":1075,"menu_order":30,"comment_status":"open","ping_status":"open","template":"","meta":[],"tags":[],"_links":{"self":[{"href":"http:\/\/agoratheque.3zcom.com\/index.php?rest_route=\/wp\/v2\/pages\/1089"}],"collection":[{"href":"http:\/\/agoratheque.3zcom.com\/index.php?rest_route=\/wp\/v2\/pages"}],"about":[{"href":"http:\/\/agoratheque.3zcom.com\/index.php?rest_route=\/wp\/v2\/types\/page"}],"author":[{"embeddable":true,"href":"http:\/\/agoratheque.3zcom.com\/index.php?rest_route=\/wp\/v2\/users\/1"}],"replies":[{"embeddable":true,"href":"http:\/\/agoratheque.3zcom.com\/index.php?rest_route=%2Fwp%2Fv2%2Fcomments&post=1089"}],"version-history":[{"count":4,"href":"http:\/\/agoratheque.3zcom.com\/index.php?rest_route=\/wp\/v2\/pages\/1089\/revisions"}],"predecessor-version":[{"id":1098,"href":"http:\/\/agoratheque.3zcom.com\/index.php?rest_route=\/wp\/v2\/pages\/1089\/revisions\/1098"}],"up":[{"embeddable":true,"href":"http:\/\/agoratheque.3zcom.com\/index.php?rest_route=\/wp\/v2\/pages\/1075"}],"wp:attachment":[{"href":"http:\/\/agoratheque.3zcom.com\/index.php?rest_route=%2Fwp%2Fv2%2Fmedia&parent=1089"}],"wp:term":[{"taxonomy":"post_tag","embeddable":true,"href":"http:\/\/agoratheque.3zcom.com\/index.php?rest_route=%2Fwp%2Fv2%2Ftags&post=1089"}],"curies":[{"name":"wp","href":"https:\/\/api.w.org\/{rel}","templated":true}]}}