{"id":122,"date":"2011-06-09T10:01:18","date_gmt":"2011-06-09T14:01:18","guid":{"rendered":"http:\/\/agoratheque.yprovencal.ep.profweb.qc.ca\/?page_id=122"},"modified":"2011-06-09T10:01:18","modified_gmt":"2011-06-09T14:01:18","slug":"le-respect-des-personnes-et-des-groupes-1","status":"publish","type":"page","link":"http:\/\/agoratheque.3zcom.com\/?page_id=122","title":{"rendered":"Le respect des personnes et des groupes (1)"},"content":{"rendered":"<p>Note\u00a0: Les noms des personnages de ce forum sont fictifs. Toute co\u00efncidence n\u2019est attribuable qu\u2019au hasard bien qu\u2019il soit possible que les pr\u00e9noms\u00a0et les noms de famille reproduisent ceux d\u2019\u00e9tudiants r\u00e9els.\u00a0<\/p>\n<p><em>Plusieurs \u00e9tudiants s\u2019efforcent ici d\u2019\u00e9lucider le concept de respect des personnes et des groupes\u00a0; l\u2019\u00e9change de propos concerne d\u2019abord le respect des groupes ou des cultures et, en particulier, de la culture qu\u00e9b\u00e9coise, pour d\u00e9boucher sur un questionnement quant \u00e0 l\u2019avenir de fran\u00e7ais au Qu\u00e9bec et dans le monde.<\/em>\u00a0<\/p>\n<p>Sonya Plourde\u00a0:<\/p>\n<p>\u00a0\u00a0\u00a0\u00a0\u00a0\u00a0\u00a0\u00a0\u00a0\u00a0\u00a0 Je propose que nous tirions au clair ce qu\u2019est le respect des personnes et des groupes en nous basant sur la Charte du respect que le professeur nous a montr\u00e9e en classe. La voici\u00a0:\u00a0<\/p>\n<p><strong>\u00ab\u00a0<em>Charte des forums actifs en philosophie (en classe ou sur Internet)<\/em>\u00a0\u00bb<\/strong><\/p>\n<p>Les participants doivent se respecter mutuellement d\u2019apr\u00e8s les trois points suivants\u00a0:<\/p>\n<p>\u00a0\u2022\u00a0\u00a0 ils respectent l\u2019opinion exprim\u00e9e par les autres, quelle que soit cette opinion\u00a0;<\/p>\n<p>\u00a0 \u2022\u00a0\u00a0 ils peuvent critiquer ces opinions \u2014 et ils sont m\u00eame invit\u00e9s \u00e0 le faire \u2014, \u00e9tant entendu que toute critique doit \u00eatre faite dans le respect de celui dont on critique l\u2019opinion, c\u2019est-\u00e0-dire dans la recherche commune d\u2019un terrain d\u2019entente\u00a0;<\/p>\n<p>\u00a0\u2022\u00a0\u00a0 ils ne doivent\u00a0chercher \u00e0\u00a0d\u00e9nigrer qui que ce soit\u00a0ni quelque groupe que ce soit.<\/p>\n<p>Charles Lacasse\u00a0:<\/p>\n<p>\u00a0\u00a0\u00a0\u00a0\u00a0\u00a0\u00a0\u00a0\u00a0\u00a0\u00a0 D\u2019accord, Sonya. J\u2019ai d\u00e9j\u00e0 une id\u00e9e de ce qu\u2019est le respect des personnes et cela s\u2019accorde avec la Charte, mais comment voir ce qu\u2019est le respect des groupes d\u2019apr\u00e8s cette m\u00eame Charte\u00a0?<\/p>\n<p>Sonya P.\u00a0:<\/p>\n<p>\u00a0\u00a0\u00a0\u00a0\u00a0\u00a0\u00a0\u00a0\u00a0\u00a0\u00a0 Je vais t\u2019expliquer comment j\u2019y vois un rapport avec le respect des groupes. Au premier point de cette Charte, il est stipul\u00e9 qu\u2019il faut respecter l\u2019opinion exprim\u00e9e par les autres, <em>quelle que soit cette opinion<\/em>. Cela signifie qu\u2019un Qu\u00e9b\u00e9cois souverainiste ou un Canadien f\u00e9d\u00e9raliste ont \u00e9galement droit au respect de leur opinion. Et il en va de m\u00eame, par exemple, pour un Mohawk ou un Cri.<\/p>\n<p>Charles L.\u00a0:<\/p>\n<p>\u00a0\u00a0\u00a0\u00a0\u00a0\u00a0\u00a0\u00a0\u00a0\u00a0\u00a0 Concr\u00e8tement qu\u2019est-ce que cela signifie\u00a0? D\u2019apr\u00e8s ce que j\u2019en comprends, voici un exemple qui me para\u00eet pertinent. L\u2019un d\u2019eux pourrait \u00eatre un membre d\u2019une nation am\u00e9rindienne\u00a0; il pourrait tr\u00e8s bien d\u00e9clarer qu\u2019il n\u2019est pas un Qu\u00e9b\u00e9cois m\u00eame s\u2019il habite sur le territoire qu\u00e9b\u00e9cois depuis sa naissance.<\/p>\n<p>Sonya P.\u00a0:<\/p>\n<p>\u00a0\u00a0\u00a0\u00a0\u00a0\u00a0\u00a0\u00a0\u00a0\u00a0\u00a0 C\u2019est un bon exemple.\u00a0Beaucoup de\u00a0Qu\u00e9b\u00e9cois qui entendraient cela pourrait \u00eatre contrari\u00e9s parce que, selon eux, tous ceux qui ont leur lieu de r\u00e9sidence normal au Qu\u00e9bec font partie des Qu\u00e9b\u00e9cois. Ils auraient l\u2019impression que leur culture est rejet\u00e9e et que leur groupe risque de s\u2019affaiblir au profit d\u2019un groupe rival, le Canada par exemple. Les Qu\u00e9b\u00e9cois devraient donc accepter d\u2019entendre ce que ce dissident veut dire en tant que membre d\u2019une autre nation vivant sur le territoire qu\u00e9b\u00e9cois.<\/p>\n<p>Charles L.\u00a0:<\/p>\n<p>\u00a0\u00a0\u00a0\u00a0\u00a0\u00a0\u00a0\u00a0\u00a0\u00a0\u00a0 Oui. D\u00e9j\u00e0 si cet Am\u00e9rindien \u00e9tait anglophone et ne souhaite pas apprendre le fran\u00e7ais, il serait vu par plusieurs comme un tra\u00eetre, surtout si d\u2019autres membres de sa nation parlent fran\u00e7ais depuis des g\u00e9n\u00e9rations.<\/p>\n<p>Mathieu Plourde\u00a0:<\/p>\n<p>\u00a0\u00a0\u00a0\u00a0\u00a0\u00a0\u00a0\u00a0\u00a0\u00a0\u00a0 Je n\u2019ai rien contre les Am\u00e9rindiens, mais je consid\u00e8re qu\u2019ils devraient parler fran\u00e7ais s\u2019ils vivent au Qu\u00e9bec. Il est tout \u00e0 fait normal que ceux qui habitent au Qu\u00e9bec parlent fran\u00e7ais, comme dans tout pays du monde. Si on va vivre aux \u00c9tats-Unis, on parle anglais\u00a0; si c\u2019est en Italie, on parle italien et ainsi de suite.<\/p>\n<p>Sonya P.\u00a0:<\/p>\n<p>\u00a0\u00a0\u00a0\u00a0\u00a0\u00a0\u00a0\u00a0\u00a0\u00a0\u00a0 Ta position, Mathieu, est critiquable sur plusieurs points. D\u2019abord le Qu\u00e9bec n\u2019est pas exactement dans la m\u00eame situation que la France ou l\u2019Italie. Ces pays sont souverains m\u00eame en tant que membres de l\u2019Union europ\u00e9enne. Le Qu\u00e9bec n\u2019est pas un pays souverain puisque le non l\u2019a emport\u00e9 dans les deux r\u00e9f\u00e9rendums qui ont \u00e9t\u00e9 tenus sur cette question.<\/p>\n<p>Mathieu P.\u00a0:<\/p>\n<p>\u00a0\u00a0\u00a0\u00a0\u00a0\u00a0\u00a0\u00a0\u00a0\u00a0\u00a0 En fait, c\u2019est vrai que le Qu\u00e9bec n\u2019est pas encore un pays souverain. Je pense toutefois qu\u2019il devrait en principe \u00eatre reconnu comme d\u2019autres pays souverains m\u00eame s\u2019il ne l\u2019est pas en pratique. En supposant qu\u2019il s\u2019agisse d\u2019un \u00c9tat souverain, tu m\u2019accordes qu\u2019il serait tout \u00e0 fait normal qu\u2019on y parle fran\u00e7ais partout\u00a0?<\/p>\n<p>Sonya P.\u00a0:<\/p>\n<p>\u00a0\u00a0\u00a0\u00a0\u00a0\u00a0\u00a0\u00a0\u00a0\u00a0\u00a0 Ce serait en effet une situation normale. Par exemple, si quelqu\u2019un vient s\u2019exprimer en anglais dans ce forum, il sera correct de lui demander de le faire en fran\u00e7ais ou alors d\u2019aller sur des sites anglophones. Il a le choix.<\/p>\n<p>Charles L.\u00a0:<\/p>\n<p>\u00a0\u00a0\u00a0\u00a0\u00a0\u00a0\u00a0\u00a0\u00a0\u00a0\u00a0 Pour ma part, voici comment je vois la question. Il s\u2019agit en fait de savoir si quelqu\u2019un a droit au respect s\u2019il vit au Qu\u00e9bec en anglais quel que soit le statut du Qu\u00e9bec en tant qu\u2019\u00c9tat autonome. Je crois que oui et que, si on n\u2019est en d\u00e9saccord avec son choix, il faut discuter avec lui de fa\u00e7on respectueuse, c\u2019est-\u00e0-dire chercher sinc\u00e8rement un terrain d\u2019entente.<\/p>\n<p>Sonya P.\u00a0:<\/p>\n<p>\u00a0\u00a0\u00a0\u00a0\u00a0\u00a0\u00a0\u00a0\u00a0\u00a0\u00a0 Justement, si c\u2019est vraiment normal de parler fran\u00e7ais au Qu\u00e9bec comme on le fait en France ou comme on parle anglais aux \u00c9tats-Unis, on devrait arriver \u00e0 un terrain d\u2019entente sur ce point sans se d\u00e9nigrer mutuellement.<\/p>\n<p>Charles L.\u00a0:<\/p>\n<p>\u00a0\u00a0\u00a0\u00a0\u00a0\u00a0\u00a0\u00a0\u00a0\u00a0\u00a0 Il resterait par exemple \u00e0 voir si ce qui est normal est juste. Si jamais il se produit un jour une \u00e9volution des m\u0153urs vers plus de libert\u00e9 ou de diversit\u00e9 quant aux langues normalement parl\u00e9es dans un endroit donn\u00e9, alors on devra\u00a0remettre en question cette normalit\u00e9. Apr\u00e8s tout, il \u00e9tait normal dans l\u2019Empire romain de parler latin. Cela ne veut \u00e9videmment pas dire que tout le monde devrait aujourd\u2019hui parler latin en Italie ou en France, par exemple.<\/p>\n<p>Mathieu P.\u00a0:<\/p>\n<p>\u00a0\u00a0\u00a0\u00a0\u00a0\u00a0\u00a0\u00a0\u00a0\u00a0\u00a0 Veux-tu sugg\u00e9rer, Charles, qu\u2019un jour on ne parlera plus fran\u00e7ais au Qu\u00e9bec ou m\u00eame nulle part, et que le fran\u00e7ais pourrait devenir une langue morte\u00a0?<\/p>\n<p>Maril\u00e8ne Saint-Onge\u00a0:<\/p>\n<p>\u00a0\u00a0\u00a0\u00a0\u00a0\u00a0\u00a0\u00a0\u00a0\u00a0\u00a0 Je trouve cette discussion int\u00e9ressante (merci, Charles d\u2019avoir attir\u00e9 mon attention). En fait, nous ignorons ce que r\u00e9serve l\u2019avenir \u00e0 nos descendants. Toutes sortes de possibilit\u00e9s sont envisageables. Par exemple, j\u2019imagine que le fran\u00e7ais pourrait demeurer une langue de culture importante, un peu comme le grec ancien ou le latin.<\/p>\n<p>Mathieu P.\u00a0:<\/p>\n<p>\u00a0\u00a0\u00a0\u00a0\u00a0\u00a0\u00a0\u00a0\u00a0\u00a0\u00a0 Tu accepterais, toi, que le fran\u00e7ais devienne une langue morte\u00a0comme le latin ou le grec ?<\/p>\n<p>Maril\u00e8ne S.\u00a0:<\/p>\n<p>\u00a0\u00a0\u00a0\u00a0\u00a0\u00a0\u00a0\u00a0\u00a0\u00a0\u00a0 Je te ferai d\u2019abord remarquer que le grec ancien n\u2019est pas vraiment une langue morte, mais une langue de culture, ce qui est tr\u00e8s diff\u00e9rent. J\u2019ai appris en classe r\u00e9cemment que l\u2019expression langue de culture d\u00e9signe une langue dans laquelle des \u0153uvres prestigieuses ont \u00e9t\u00e9 \u00e9crites. Le fran\u00e7ais est ind\u00e9niablement une grande langue de culture. Pour moi, ce n\u2019est pas du tout une langue morte parce qu\u2019elle int\u00e9resse encore beaucoup de personnes plus ou moins cultiv\u00e9es. Il me semble que ce serait tr\u00e8s bien si le fran\u00e7ais \u00e9tait utilis\u00e9 encore longtemps comme une langue de culture.<\/p>\n<p>Mathieu P.\u00a0:<\/p>\n<p>\u00a0\u00a0\u00a0\u00a0\u00a0\u00a0\u00a0\u00a0\u00a0\u00a0\u00a0 Mais si le monde ordinaire cesse de parler fran\u00e7ais, je veux dire, si le fran\u00e7ais n\u2019est plus une langue d\u2019usage ordinaire, qu\u2019est-ce que nous deviendrons, les Qu\u00e9b\u00e9cois (ou les autres francophones)\u00a0? Je vois mal comment une culture qu\u00e9b\u00e9coise pourrait \u00eatre maintenue dans ce cas.<\/p>\n<p>Maril\u00e8ne S.\u00a0:<\/p>\n<p>\u00a0\u00a0\u00a0\u00a0\u00a0\u00a0\u00a0\u00a0\u00a0\u00a0\u00a0 Je veux bien me faire comprendre. Je ne dis pas que je me r\u00e9jouirais \u00e0 l\u2019id\u00e9e que le fran\u00e7ais ne soit plus une langue d\u2019usage ordinaire, mais que si le fran\u00e7ais survivait en tant que langue de culture, un peu comme le latin ou le grec l\u2019ont fait longtemps dans les \u00e9coles, ce ne serait pas une mauvaise chose. C\u2019est peut-\u00eatre le plus beau destin d\u2019une langue.<\/p>\n<p>Charles L.\u00a0:<\/p>\n<p>\u00a0\u00a0\u00a0\u00a0\u00a0\u00a0\u00a0\u00a0\u00a0\u00a0\u00a0 Crois-tu Maril\u00e8ne que, si un jour le fran\u00e7ais n\u2019est plus une langue d\u2019usage ordinaire mais qu\u2019il demeure une langue de culture, cela voudrait dire que le fran\u00e7ais resterait une langue fig\u00e9e\u00a0? parce que, si c\u2019est le cas, je crois qu\u2019elle sera alors morte.<\/p>\n<p>Maril\u00e8ne S.\u00a0:<\/p>\n<p>\u00a0\u00a0\u00a0\u00a0\u00a0\u00a0\u00a0\u00a0\u00a0\u00a0\u00a0 En fait, Charles, je crois qu\u2019une langue de culture vit encore et peut vivre encore de fa\u00e7on productive \u00e0 travers les auteurs qui \u00e9criront encore dans cette langue. Elle demeurera donc vivante.\u00a0<\/p>\n<p><em>Une suite est donn\u00e9e \u00e0 cette discussion dans un <a href=\"https:\/\/lms2.decclic.qc.ca\/Pub\/F38E337E-4AB4-4459-8A51-E3429AA48AD9\/5F9D0125-B534-4591-9F4F-326A724AE641\" target=\"_blank\">second<\/a>\u00a0et un <a href=\"https:\/\/lms2.decclic.qc.ca\/Pub\/F38E337E-4AB4-4459-8A51-E3429AA48AD9\/73EAD5CF-2BD9-4699-853D-FC2CB7E1C8F8\" target=\"_blank\">troisi\u00e8me<\/a> forums sur le respect. Le lecteur pourra alors voir que d\u2019autres probl\u00e8mes parmi les plus difficiles seront trait\u00e9s par des \u00e9tudiants en ce qui concerne le respect des groupes.<\/em><\/p>\n<div class=\"edit-link\"><a class=\"post-edit-link\" href=\"\">modifier<\/a><\/div>","protected":false},"excerpt":{"rendered":"<p>Note\u00a0: Les noms des personnages de ce forum sont fictifs. Toute co\u00efncidence n\u2019est attribuable qu\u2019au hasard bien qu\u2019il soit possible que les pr\u00e9noms\u00a0et les noms de famille reproduisent ceux d\u2019\u00e9tudiants r\u00e9els.\u00a0 Plusieurs \u00e9tudiants s\u2019efforcent ici d\u2019\u00e9lucider le concept de respect des personnes et&#8230;<\/p>\n","protected":false},"author":3,"featured_media":0,"parent":76,"menu_order":0,"comment_status":"open","ping_status":"open","template":"","meta":[],"tags":[],"_links":{"self":[{"href":"http:\/\/agoratheque.3zcom.com\/index.php?rest_route=\/wp\/v2\/pages\/122"}],"collection":[{"href":"http:\/\/agoratheque.3zcom.com\/index.php?rest_route=\/wp\/v2\/pages"}],"about":[{"href":"http:\/\/agoratheque.3zcom.com\/index.php?rest_route=\/wp\/v2\/types\/page"}],"author":[{"embeddable":true,"href":"http:\/\/agoratheque.3zcom.com\/index.php?rest_route=\/wp\/v2\/users\/3"}],"replies":[{"embeddable":true,"href":"http:\/\/agoratheque.3zcom.com\/index.php?rest_route=%2Fwp%2Fv2%2Fcomments&post=122"}],"version-history":[{"count":1,"href":"http:\/\/agoratheque.3zcom.com\/index.php?rest_route=\/wp\/v2\/pages\/122\/revisions"}],"predecessor-version":[{"id":123,"href":"http:\/\/agoratheque.3zcom.com\/index.php?rest_route=\/wp\/v2\/pages\/122\/revisions\/123"}],"up":[{"embeddable":true,"href":"http:\/\/agoratheque.3zcom.com\/index.php?rest_route=\/wp\/v2\/pages\/76"}],"wp:attachment":[{"href":"http:\/\/agoratheque.3zcom.com\/index.php?rest_route=%2Fwp%2Fv2%2Fmedia&parent=122"}],"wp:term":[{"taxonomy":"post_tag","embeddable":true,"href":"http:\/\/agoratheque.3zcom.com\/index.php?rest_route=%2Fwp%2Fv2%2Ftags&post=122"}],"curies":[{"name":"wp","href":"https:\/\/api.w.org\/{rel}","templated":true}]}}