{"id":1223,"date":"2011-07-08T16:12:18","date_gmt":"2011-07-08T20:12:18","guid":{"rendered":"http:\/\/agoratheque.yprovencal.ep.profweb.qc.ca\/?page_id=1223"},"modified":"2013-07-15T19:05:37","modified_gmt":"2013-07-15T23:05:37","slug":"%c2%a7-48-le-probleme-du-mal","status":"publish","type":"page","link":"http:\/\/agoratheque.3zcom.com\/?page_id=1223","title":{"rendered":"\u00a7  48   Le probl\u00e8me du mal"},"content":{"rendered":"<div>\n<p>\u00a0\u00a0\u00a0\u00a0\u00a0\u00a0\u00a0\u00a0\u00a0\u00a0\u00a0 Le probl\u00e8me du mal est le probl\u00e8me de savoir comment un Dieu omniscient, omnipotent et parfaitement bon a pu cr\u00e9er un monde dans lequel le mal existe. Comment Dieu a-t-il pu juger bon de cr\u00e9er le monde sachant tout le mal qu\u2019il y aurait l\u00e0 ? Comment peut-il laisser exister le mal s\u2019il est capable de l\u2019\u00e9liminer ? On en fait souvent un argument en faveur de l\u2019ath\u00e9isme\u00a0: l\u2019existence m\u00eame du mal rend l\u2019existence de Dieu impossible. Ce qu\u2019on appelle le mal inclut habituellement les souffrances d\u2019ordre physique, psychologique ou moral. Parfois on y inclut les souffrances du vivant en g\u00e9n\u00e9ral. Le mal est comme tel compris objectivement et, \u00e0 ce titre, il englobe la mort, la destruction ou la d\u00e9gradation des \u00eatres. L\u2019existence de la douleur comme telle pose \u00e9galement probl\u00e8me, qu\u2019elle soit comprise objectivement ou subjectivement.<\/p>\n<p>L\u2019existence du mal ne rend-t-elle pas <em>toute id\u00e9e<\/em> de Dieu cr\u00e9ateur impossible? En effet, m\u00eame si on rectifie l\u2019id\u00e9e de Dieu en soustrayant de sa d\u00e9finition l\u2019omniscience et l\u2019omnipotence, il demeure que Dieu aurait cr\u00e9\u00e9 le monde avec tout le mal que celui-ci comporte. Comment un \u00catre bon aurait-il pu jou\u00e9 un r\u00f4le si d\u00e9terminant dans un tel processus ? Pouvons-nous admettre que Dieu est bon mais peu responsable, voire irresponsable ? Ce serait encore une contradiction. C\u2019est ce que nous appellerons ici le <em>probl\u00e8me radical du mal<\/em>. On n\u2019y suppose m\u00eame plus l\u2019omnipotence ou l\u2019omniscience divines, mais seulement une puissance et une connaissance sup\u00e9rieure \u00e0 celles de l\u2019humain. Cela devrait \u00e0 premi\u00e8re vue simplifier le probl\u00e8me. En fait, il le rend encore plus aigu et, en apparence, encore plus insoluble.<\/p>\n<p><a title=\"\u00a7  49   Une th\u00e9odic\u00e9e\" href=\"http:\/\/mail.agoratheque.3zcom.com\/?page_id=1227\">Suite<\/a><\/p>\n<\/div>\n<div class=\"edit-link\"><a class=\"post-edit-link\" href=\"\">modifier<\/a><\/div>","protected":false},"excerpt":{"rendered":"<p>\u00a0\u00a0\u00a0\u00a0\u00a0\u00a0\u00a0\u00a0\u00a0\u00a0\u00a0 Le probl\u00e8me du mal est le probl\u00e8me de savoir comment un Dieu omniscient, omnipotent et parfaitement bon a pu cr\u00e9er un monde dans lequel le mal existe. Comment Dieu a-t-il pu juger bon de cr\u00e9er le monde sachant tout le mal qu\u2019il&#8230;<\/p>\n","protected":false},"author":1,"featured_media":0,"parent":1133,"menu_order":48,"comment_status":"open","ping_status":"open","template":"","meta":[],"tags":[],"_links":{"self":[{"href":"http:\/\/agoratheque.3zcom.com\/index.php?rest_route=\/wp\/v2\/pages\/1223"}],"collection":[{"href":"http:\/\/agoratheque.3zcom.com\/index.php?rest_route=\/wp\/v2\/pages"}],"about":[{"href":"http:\/\/agoratheque.3zcom.com\/index.php?rest_route=\/wp\/v2\/types\/page"}],"author":[{"embeddable":true,"href":"http:\/\/agoratheque.3zcom.com\/index.php?rest_route=\/wp\/v2\/users\/1"}],"replies":[{"embeddable":true,"href":"http:\/\/agoratheque.3zcom.com\/index.php?rest_route=%2Fwp%2Fv2%2Fcomments&post=1223"}],"version-history":[{"count":2,"href":"http:\/\/agoratheque.3zcom.com\/index.php?rest_route=\/wp\/v2\/pages\/1223\/revisions"}],"predecessor-version":[{"id":3575,"href":"http:\/\/agoratheque.3zcom.com\/index.php?rest_route=\/wp\/v2\/pages\/1223\/revisions\/3575"}],"up":[{"embeddable":true,"href":"http:\/\/agoratheque.3zcom.com\/index.php?rest_route=\/wp\/v2\/pages\/1133"}],"wp:attachment":[{"href":"http:\/\/agoratheque.3zcom.com\/index.php?rest_route=%2Fwp%2Fv2%2Fmedia&parent=1223"}],"wp:term":[{"taxonomy":"post_tag","embeddable":true,"href":"http:\/\/agoratheque.3zcom.com\/index.php?rest_route=%2Fwp%2Fv2%2Ftags&post=1223"}],"curies":[{"name":"wp","href":"https:\/\/api.w.org\/{rel}","templated":true}]}}