{"id":1246,"date":"2011-07-09T11:34:41","date_gmt":"2011-07-09T15:34:41","guid":{"rendered":"http:\/\/agoratheque.yprovencal.ep.profweb.qc.ca\/?page_id=1246"},"modified":"2011-07-09T12:55:21","modified_gmt":"2011-07-09T16:55:21","slug":"%c2%a7-52-autres-elements-de-solution","status":"publish","type":"page","link":"http:\/\/agoratheque.3zcom.com\/?page_id=1246","title":{"rendered":"\u00a7  52   Autres \u00e9l\u00e9ments de solution"},"content":{"rendered":"<div>\n<p>\u00a0\u00a0\u00a0\u00a0\u00a0\u00a0\u00a0\u00a0\u00a0\u00a0\u00a0 Le mod\u00e8le parental offre des \u00e9l\u00e9ments de solution possible, non parce qu\u2019il donne une preuve de l\u2019existence d\u2019un Dieu bon, mais parce qu\u2019il montre que l\u2019id\u00e9e d\u2019un Dieu qui a cr\u00e9\u00e9\u00a0ce monde n\u2019est pas absolument contradictoire avec l\u2019id\u00e9e que ce Dieu est bon.\u00a0\u00a0<\/p>\n<p>\u00a0\u00a0\u00a0\u00a0\u00a0\u00a0\u00a0\u00a0\u00a0\u00a0\u00a0 En effet, lorsqu\u2019un homme et une femme d\u00e9cident librement de mettre un enfant au monde, on ne pense pas d\u2019eux qu\u2019ils sont m\u00e9chants, ni qu\u2019ils sont irresponsables. Pourtant ils savent, ou devraient savoir, que l\u2019enfant aura \u00e0 souffrir, d\u2019abord en tant qu\u2019enfant, puis en tant qu\u2019adulte. Il aura \u00e0 supporter les souffrances normales de la croissance, avec tous les d\u00e9sagr\u00e9ments que la vie comporte, sous la forme de besoins inassouvis ou de d\u00e9sirs insatisfaits, de frustrations de toutes sortes et, en outre, de malaises, de maladies et d\u2019accidents et, in\u00e9vitablement, de la mort au bout du compte. Mais ce n\u2019est pas tout. Les parents assument le risque que leur enfant connaisse des difficult\u00e9s d\u2019aspect improbable mais, au fond, assez courantes dans le monde, telles que des infirmit\u00e9s, des incapacit\u00e9s ou des m\u00e9saventures plus ou moins graves. Les parents peuvent-ils \u00eatre raisonnablement s\u00fbrs que leur enfant conna\u00eetra une vie qui, au total, aura valu la peine d\u2019\u00eatre v\u00e9cue? Quelle que soit la r\u00e9ponse qu\u2019on pense devoir faire \u00e0 une telle question, il faut admettre qu\u2019on ne peut que difficilement conclure que l\u2019homme et la femme qui d\u00e9cident, malgr\u00e9 tout, de procr\u00e9er m\u00e9ritent d\u2019en \u00eatre bl\u00e2m\u00e9s.\u00a0\u00a0<\/p>\n<p>\u00a0\u00a0\u00a0\u00a0\u00a0\u00a0\u00a0\u00a0\u00a0\u00a0\u00a0 Cela nous permet, \u00e0 tout le moins, de penser que, si un Dieu nous a cr\u00e9\u00e9s, il a pu consciemment envisager d\u2019abord la probabilit\u00e9 \u00e9lev\u00e9e du mal dans l\u2019histoire humaine sans que cela ne le dissuade d\u2019aller de l\u2019avant. \u00c9tait-il convaincu que nous saurions comprendre son point de vue ? Sans doute, tout comme un p\u00e8re ou une m\u00e8re peuvent esp\u00e9rer que leur enfant sera, en d\u00e9finitive, plut\u00f4t content d\u2019avoir exist\u00e9.\u00a0<\/p>\n<p>\u00a0\u00a0\u00a0\u00a0\u00a0\u00a0\u00a0\u00a0\u00a0\u00a0\u00a0 Cependant, comme un p\u00e8re ou une m\u00e8re \u00e0 l\u2019\u00e9gard de leur prog\u00e9niture, Dieu a pu envisager \u00e9galement que sa cr\u00e9ature ne comprenne pas tout de suite les al\u00e9as et les douleurs normales de l\u2019existence. Comme pour les parents humains \u00e0 l\u2019\u00e9gard d\u2019un enfant en bas \u00e2ge, Dieu peut ne pas \u00eatre en mesure de faire comprendre ce qu\u2019il faudrait faire comprendre \u00e0 sa cr\u00e9ature pour que celle-ci puisse accepter les souffrances, parfois intol\u00e9rables, que ses tout d\u00e9buts dans la vie comportent.<\/p>\n<p><a title=\"\u00a7 53 L\u2019id\u00e9e de religion radicale\" href=\"http:\/\/mail.agoratheque.3zcom.com\/?page_id=1250\">Suite<\/a><\/p>\n<\/div>\n<div class=\"edit-link\"><a class=\"post-edit-link\" href=\"\">modifier<\/a><\/div>","protected":false},"excerpt":{"rendered":"<p>\u00a0\u00a0\u00a0\u00a0\u00a0\u00a0\u00a0\u00a0\u00a0\u00a0\u00a0 Le mod\u00e8le parental offre des \u00e9l\u00e9ments de solution possible, non parce qu\u2019il donne une preuve de l\u2019existence d\u2019un Dieu bon, mais parce qu\u2019il montre que l\u2019id\u00e9e d\u2019un Dieu qui a cr\u00e9\u00e9\u00a0ce monde n\u2019est pas absolument contradictoire avec l\u2019id\u00e9e que ce Dieu est&#8230;<\/p>\n","protected":false},"author":1,"featured_media":0,"parent":1133,"menu_order":52,"comment_status":"open","ping_status":"open","template":"","meta":[],"tags":[],"_links":{"self":[{"href":"http:\/\/agoratheque.3zcom.com\/index.php?rest_route=\/wp\/v2\/pages\/1246"}],"collection":[{"href":"http:\/\/agoratheque.3zcom.com\/index.php?rest_route=\/wp\/v2\/pages"}],"about":[{"href":"http:\/\/agoratheque.3zcom.com\/index.php?rest_route=\/wp\/v2\/types\/page"}],"author":[{"embeddable":true,"href":"http:\/\/agoratheque.3zcom.com\/index.php?rest_route=\/wp\/v2\/users\/1"}],"replies":[{"embeddable":true,"href":"http:\/\/agoratheque.3zcom.com\/index.php?rest_route=%2Fwp%2Fv2%2Fcomments&post=1246"}],"version-history":[{"count":3,"href":"http:\/\/agoratheque.3zcom.com\/index.php?rest_route=\/wp\/v2\/pages\/1246\/revisions"}],"predecessor-version":[{"id":1257,"href":"http:\/\/agoratheque.3zcom.com\/index.php?rest_route=\/wp\/v2\/pages\/1246\/revisions\/1257"}],"up":[{"embeddable":true,"href":"http:\/\/agoratheque.3zcom.com\/index.php?rest_route=\/wp\/v2\/pages\/1133"}],"wp:attachment":[{"href":"http:\/\/agoratheque.3zcom.com\/index.php?rest_route=%2Fwp%2Fv2%2Fmedia&parent=1246"}],"wp:term":[{"taxonomy":"post_tag","embeddable":true,"href":"http:\/\/agoratheque.3zcom.com\/index.php?rest_route=%2Fwp%2Fv2%2Ftags&post=1246"}],"curies":[{"name":"wp","href":"https:\/\/api.w.org\/{rel}","templated":true}]}}