{"id":1295,"date":"2011-07-11T05:40:39","date_gmt":"2011-07-11T09:40:39","guid":{"rendered":"http:\/\/agoratheque.yprovencal.ep.profweb.qc.ca\/?page_id=1295"},"modified":"2011-07-11T05:40:39","modified_gmt":"2011-07-11T09:40:39","slug":"un-besoin-de-l%e2%80%99humanite","status":"publish","type":"page","link":"http:\/\/agoratheque.3zcom.com\/?page_id=1295","title":{"rendered":"Un besoin de l\u2019humanit\u00e9"},"content":{"rendered":"<p>Hardi, provocateur certes, ce <em>manifeste<\/em> est tr\u00e8s stimulant pour des esprits critiques et cr\u00e9ateurs. Voici ce que j\u2019en retire :<\/p>\n<p>o\u00a0\u00a0 Nous avons ici l\u2019orientation et les bases d\u2019un manifeste qui r\u00e9pond \u00e0 un besoin de l\u2019humanit\u00e9.<\/p>\n<p>o\u00a0\u00a0 Assez \u00e9loquent pour provoquer l\u2019adh\u00e9sion d\u2019un grand nombre de personnes de partout dans le monde, ce projet deviendra \u00e0 long terme un outil politique de regroupement des forces vives de tous les groupes progressistes de la plan\u00e8te.<\/p>\n<p>o\u00a0\u00a0 Situant la r\u00e9flexion au-del\u00e0 des champs disciplinaires, lib\u00e9rateur de ce fait, ce texte laisse place \u00e0 l\u2019imaginaire collectif et \u00e0 la cr\u00e9ativit\u00e9 individuelle.<\/p>\n<p>o\u00a0\u00a0 En se d\u00e9finissant comme un projet \u00e0 long terme, ce manifeste me lib\u00e8re de l\u2019urgence st\u00e9rilisante et du pompi\u00e9risme d\u00e9solant.<\/p>\n<p>o\u00a0\u00a0 Pour le progressiste que je crois \u00eatre, le fait de r\u00e9fl\u00e9chir sur du long terme est un moyen de m\u2019attaquer \u00e0 des probl\u00e8mes profonds de l\u2019humanit\u00e9, bien plus qu\u2019un outil pour r\u00e9gler les probl\u00e8mes des g\u00e9n\u00e9rations futures.\u00a0\u00a0<\/p>\n<p>Florian Ouellet\u00a0<\/p>\n<p>Saint-Lambert, Qu\u00e9bec<\/p>\n<div class=\"edit-link\"><a class=\"post-edit-link\" href=\"\">modifier<\/a><\/div>","protected":false},"excerpt":{"rendered":"<p>Hardi, provocateur certes, ce manifeste est tr\u00e8s stimulant pour des esprits critiques et cr\u00e9ateurs. Voici ce que j\u2019en retire : o\u00a0\u00a0 Nous avons ici l\u2019orientation et les bases d\u2019un manifeste qui r\u00e9pond \u00e0 un besoin de l\u2019humanit\u00e9. o\u00a0\u00a0 Assez \u00e9loquent pour provoquer l\u2019adh\u00e9sion&#8230;<\/p>\n","protected":false},"author":1,"featured_media":0,"parent":415,"menu_order":0,"comment_status":"open","ping_status":"open","template":"","meta":[],"tags":[],"_links":{"self":[{"href":"http:\/\/agoratheque.3zcom.com\/index.php?rest_route=\/wp\/v2\/pages\/1295"}],"collection":[{"href":"http:\/\/agoratheque.3zcom.com\/index.php?rest_route=\/wp\/v2\/pages"}],"about":[{"href":"http:\/\/agoratheque.3zcom.com\/index.php?rest_route=\/wp\/v2\/types\/page"}],"author":[{"embeddable":true,"href":"http:\/\/agoratheque.3zcom.com\/index.php?rest_route=\/wp\/v2\/users\/1"}],"replies":[{"embeddable":true,"href":"http:\/\/agoratheque.3zcom.com\/index.php?rest_route=%2Fwp%2Fv2%2Fcomments&post=1295"}],"version-history":[{"count":1,"href":"http:\/\/agoratheque.3zcom.com\/index.php?rest_route=\/wp\/v2\/pages\/1295\/revisions"}],"predecessor-version":[{"id":1296,"href":"http:\/\/agoratheque.3zcom.com\/index.php?rest_route=\/wp\/v2\/pages\/1295\/revisions\/1296"}],"up":[{"embeddable":true,"href":"http:\/\/agoratheque.3zcom.com\/index.php?rest_route=\/wp\/v2\/pages\/415"}],"wp:attachment":[{"href":"http:\/\/agoratheque.3zcom.com\/index.php?rest_route=%2Fwp%2Fv2%2Fmedia&parent=1295"}],"wp:term":[{"taxonomy":"post_tag","embeddable":true,"href":"http:\/\/agoratheque.3zcom.com\/index.php?rest_route=%2Fwp%2Fv2%2Ftags&post=1295"}],"curies":[{"name":"wp","href":"https:\/\/api.w.org\/{rel}","templated":true}]}}