{"id":1298,"date":"2011-07-11T06:27:08","date_gmt":"2011-07-11T10:27:08","guid":{"rendered":"http:\/\/agoratheque.yprovencal.ep.profweb.qc.ca\/?page_id=1298"},"modified":"2014-10-01T18:07:44","modified_gmt":"2014-10-01T22:07:44","slug":"un-projet-denvergure","status":"publish","type":"page","link":"http:\/\/agoratheque.3zcom.com\/?page_id=1298","title":{"rendered":"Un projet d&rsquo;envergure"},"content":{"rendered":"<div>\n<div id=\"attachment_4504\" style=\"width: 170px\" class=\"wp-caption alignnone\"><a href=\"http:\/\/mail.agoratheque.3zcom.com\/wp-content\/uploads\/2011\/07\/Louise-Provencal-dans-son-jardin1.jpg\"><img aria-describedby=\"caption-attachment-4504\" decoding=\"async\" loading=\"lazy\" class=\"size-full wp-image-4504\" src=\"http:\/\/mail.agoratheque.3zcom.com\/wp-content\/uploads\/2011\/07\/Louise-Provencal-dans-son-jardin1.jpg\" alt=\"Louise Proven\u00e7al\" width=\"160\" height=\"160\" srcset=\"http:\/\/agoratheque.3zcom.com\/wp-content\/uploads\/2011\/07\/Louise-Provencal-dans-son-jardin1.jpg 160w, http:\/\/agoratheque.3zcom.com\/wp-content\/uploads\/2011\/07\/Louise-Provencal-dans-son-jardin1-150x150.jpg 150w\" sizes=\"(max-width: 160px) 100vw, 160px\" \/><\/a><p id=\"caption-attachment-4504\" class=\"wp-caption-text\">Louise Proven\u00e7al<\/p><\/div>\n<p>Enfin, mon philosophe de fr\u00e8re, tu passes \u00e0 l\u2019action. Tu ne te contentes plus d\u2019exprimer des id\u00e9es abstraites, tu veux trouver des solutions aux graves probl\u00e8mes qui affectent l\u2019humanit\u00e9 et tu prends des moyens originaux pour y parvenir.<\/p>\n<p>Si je t\u2019ai bien compris, tu veux identifier des probl\u00e8mes fondamentaux susceptibles de bloquer l\u2019\u00e9volution de l\u2019humain, voire de provoquer la d\u00e9cadence des civilisations du monde \u00e0 plus ou moins long terme. Ces probl\u00e8mes \u00e9tant profonds, ils exigent des solutions d\u2019envergure historique, voire anthropologique, des solutions qui ne peuvent \u00eatre mises en application qu\u2019\u00e0 la faveur d\u2019une \u00e9ch\u00e9ance pouvant s\u2019\u00e9tendre sur des si\u00e8cles, tout en commen\u00e7ant d\u00e8s maintenant. Si tu me permets une m\u00e9taphore, je dirais ceci pour r\u00e9sumer ton argumentaire\u00a0: plus le pli du tissus est dur, plus il faut de temps et d\u2019efforts pour l\u2019\u00e9liminer. Ici, les plis sont des id\u00e9ologies, des valeurs, des int\u00e9r\u00eats, des pr\u00e9jug\u00e9s, des mythes, des th\u00e9ories et m\u00eame des lois fondamentales sur lesquelles sont fond\u00e9s des pays et des organisations internationales et supranationales.<\/p>\n<p>Ton projet exigera la participation de millions de personnes provenant de toutes les contr\u00e9es du monde. Je pense que jamais un humain n\u2019a entrepris un projet d\u2019une telle envergure, un projet comportant autant de difficult\u00e9s et cr\u00e9ant autant d\u2019espoir. La beaut\u00e9 de la chose, c\u2019est que la r\u00e9ussite de ton aventure exige de tous les int\u00e9ress\u00e9s qu\u2019ils consid\u00e8rent les humains dans ce qu\u2019ils ont de plus beau et de plus \u00e9lev\u00e9. Le po\u00e8te Baudelaire n\u2019a-t-il pas \u00e9crit\u00a0: \u00ab\u00a0Tous les probl\u00e8mes de l\u2019homme viennent de ce qu\u2019il ne se borne pas \u00e0 ce qu\u2019il conna\u00eet de plus \u00e9lev\u00e9\u00a0\u00bb?<\/p>\n<p>Ton id\u00e9e de manifeste est g\u00e9n\u00e9reuse, courageuse et fascinante. Permet-moi de te f\u00e9liciter et de t\u2019encourager de mon humble contribution. Pourvu qu\u2019un ou deux millions de citoyens engag\u00e9s dans l\u2019actualisation des potentialit\u00e9s humaines en fassent autant.<\/p>\n<p>Louise Proven\u00e7al<\/p>\n<\/div>\n<div class=\"edit-link\"><a class=\"post-edit-link\" href=\"\">modifier<\/a><\/div>","protected":false},"excerpt":{"rendered":"<p>Enfin, mon philosophe de fr\u00e8re, tu passes \u00e0 l\u2019action. Tu ne te contentes plus d\u2019exprimer des id\u00e9es abstraites, tu veux trouver des solutions aux graves probl\u00e8mes qui affectent l\u2019humanit\u00e9 et tu prends des moyens originaux pour y parvenir. Si je t\u2019ai bien compris,&#8230;<\/p>\n","protected":false},"author":1,"featured_media":0,"parent":415,"menu_order":0,"comment_status":"open","ping_status":"open","template":"","meta":[],"tags":[],"_links":{"self":[{"href":"http:\/\/agoratheque.3zcom.com\/index.php?rest_route=\/wp\/v2\/pages\/1298"}],"collection":[{"href":"http:\/\/agoratheque.3zcom.com\/index.php?rest_route=\/wp\/v2\/pages"}],"about":[{"href":"http:\/\/agoratheque.3zcom.com\/index.php?rest_route=\/wp\/v2\/types\/page"}],"author":[{"embeddable":true,"href":"http:\/\/agoratheque.3zcom.com\/index.php?rest_route=\/wp\/v2\/users\/1"}],"replies":[{"embeddable":true,"href":"http:\/\/agoratheque.3zcom.com\/index.php?rest_route=%2Fwp%2Fv2%2Fcomments&post=1298"}],"version-history":[{"count":4,"href":"http:\/\/agoratheque.3zcom.com\/index.php?rest_route=\/wp\/v2\/pages\/1298\/revisions"}],"predecessor-version":[{"id":4506,"href":"http:\/\/agoratheque.3zcom.com\/index.php?rest_route=\/wp\/v2\/pages\/1298\/revisions\/4506"}],"up":[{"embeddable":true,"href":"http:\/\/agoratheque.3zcom.com\/index.php?rest_route=\/wp\/v2\/pages\/415"}],"wp:attachment":[{"href":"http:\/\/agoratheque.3zcom.com\/index.php?rest_route=%2Fwp%2Fv2%2Fmedia&parent=1298"}],"wp:term":[{"taxonomy":"post_tag","embeddable":true,"href":"http:\/\/agoratheque.3zcom.com\/index.php?rest_route=%2Fwp%2Fv2%2Ftags&post=1298"}],"curies":[{"name":"wp","href":"https:\/\/api.w.org\/{rel}","templated":true}]}}