{"id":1343,"date":"2011-07-13T11:32:15","date_gmt":"2011-07-13T15:32:15","guid":{"rendered":"http:\/\/agoratheque.yprovencal.ep.profweb.qc.ca\/?page_id=1343"},"modified":"2011-07-31T09:16:22","modified_gmt":"2011-07-31T13:16:22","slug":"4-l%e2%80%99evolution","status":"publish","type":"page","link":"http:\/\/agoratheque.3zcom.com\/?page_id=1343","title":{"rendered":"4. L\u2019\u00e9volution"},"content":{"rendered":"<div>\n<p><em>Rien en biologie n\u2019a de sens sans la lumi\u00e8re de l\u2019\u00e9volution<\/em>\u00a0\u00a0<\/p>\n<p>Theodosius Dobzhansky (1973)<strong>\u00a0\u00a0\u00a0\u00a0\u00a0\u00a0\u00a0\u00a0 <\/strong><\/p>\n<p><strong>\u00a0\u00a0\u00a0\u00a0\u00a0\u00a0\u00a0\u00a0 <\/strong>L\u2019emploi du concept de potentiel r\u00e9el biologique et la globalisation de la perspective ont pour effet de modifier profond\u00e9ment la logique de l\u2019\u00e9volution. Il en d\u00e9coulera que la th\u00e9orie de l\u2019\u00e9volution ne concerne pas seulement les biologistes mais la science dans son ensemble o\u00f9, en paraphrasant Dobzhansky, nous pourrons conclure que rien n\u2019a de sens sans la lumi\u00e8re de l\u2019\u00e9volution.<\/p>\n<p><a title=\"4.1 Le potentiel biologique\" href=\"http:\/\/mail.agoratheque.3zcom.com\/?page_id=1856\">Suite<\/a><\/p>\n<\/div>\n<div class=\"edit-link\"><a class=\"post-edit-link\" href=\"\">modifier<\/a><\/div>","protected":false},"excerpt":{"rendered":"<p>Rien en biologie n\u2019a de sens sans la lumi\u00e8re de l\u2019\u00e9volution\u00a0\u00a0 Theodosius Dobzhansky (1973)\u00a0\u00a0\u00a0\u00a0\u00a0\u00a0\u00a0\u00a0 \u00a0\u00a0\u00a0\u00a0\u00a0\u00a0\u00a0\u00a0 L\u2019emploi du concept de potentiel r\u00e9el biologique et la globalisation de la perspective ont pour effet de modifier profond\u00e9ment la logique de l\u2019\u00e9volution. Il en d\u00e9coulera que la&#8230;<\/p>\n","protected":false},"author":1,"featured_media":0,"parent":382,"menu_order":40,"comment_status":"open","ping_status":"open","template":"","meta":[],"tags":[],"_links":{"self":[{"href":"http:\/\/agoratheque.3zcom.com\/index.php?rest_route=\/wp\/v2\/pages\/1343"}],"collection":[{"href":"http:\/\/agoratheque.3zcom.com\/index.php?rest_route=\/wp\/v2\/pages"}],"about":[{"href":"http:\/\/agoratheque.3zcom.com\/index.php?rest_route=\/wp\/v2\/types\/page"}],"author":[{"embeddable":true,"href":"http:\/\/agoratheque.3zcom.com\/index.php?rest_route=\/wp\/v2\/users\/1"}],"replies":[{"embeddable":true,"href":"http:\/\/agoratheque.3zcom.com\/index.php?rest_route=%2Fwp%2Fv2%2Fcomments&post=1343"}],"version-history":[{"count":4,"href":"http:\/\/agoratheque.3zcom.com\/index.php?rest_route=\/wp\/v2\/pages\/1343\/revisions"}],"predecessor-version":[{"id":1346,"href":"http:\/\/agoratheque.3zcom.com\/index.php?rest_route=\/wp\/v2\/pages\/1343\/revisions\/1346"}],"up":[{"embeddable":true,"href":"http:\/\/agoratheque.3zcom.com\/index.php?rest_route=\/wp\/v2\/pages\/382"}],"wp:attachment":[{"href":"http:\/\/agoratheque.3zcom.com\/index.php?rest_route=%2Fwp%2Fv2%2Fmedia&parent=1343"}],"wp:term":[{"taxonomy":"post_tag","embeddable":true,"href":"http:\/\/agoratheque.3zcom.com\/index.php?rest_route=%2Fwp%2Fv2%2Ftags&post=1343"}],"curies":[{"name":"wp","href":"https:\/\/api.w.org\/{rel}","templated":true}]}}