{"id":1349,"date":"2011-07-13T12:53:21","date_gmt":"2011-07-13T16:53:21","guid":{"rendered":"http:\/\/agoratheque.yprovencal.ep.profweb.qc.ca\/?page_id=1349"},"modified":"2011-08-05T14:01:23","modified_gmt":"2011-08-05T18:01:23","slug":"5-la-place-de-l%e2%80%99humain-dans-la-nature","status":"publish","type":"page","link":"http:\/\/agoratheque.3zcom.com\/?page_id=1349","title":{"rendered":"5- La place de l\u2019humain dans la nature"},"content":{"rendered":"<div>\n<p>\u00a0\u00a0\u00a0\u00a0\u00a0\u00a0\u00a0\u00a0\u00a0\u00a0\u00a0 La critique moderne tend \u00e0 d\u00e9pr\u00e9cier la place de l\u2019humain dans la nature. L\u2019esp\u00e8ce humaine est en effet insignifiante au regard de l\u2019immensit\u00e9 du potentiel r\u00e9el de la nature. L\u2019humain repr\u00e9sente n\u00e9anmoins une r\u00e9alit\u00e9 qui en un sens pr\u00e9cis n\u2019est pas n\u00e9gligeable, au contraire. C\u2019est ce qu\u2019une critique renouvel\u00e9e, recentr\u00e9e, permettra d\u2019appr\u00e9cier. Il semble probable, toutefois, que ce n\u2019est qu\u2019\u00e0 long terme dans le futur que cette r\u00e9alit\u00e9 capitale de l\u2019humain pourra se manifester.<\/p>\n<p><a title=\"5.1 Une progression biologique ?\" href=\"http:\/\/mail.agoratheque.3zcom.com\/?page_id=2016\">Suite<\/a><\/p>\n<\/div>\n<div class=\"edit-link\"><a class=\"post-edit-link\" href=\"\">modifier<\/a><\/div>","protected":false},"excerpt":{"rendered":"<p>\u00a0\u00a0\u00a0\u00a0\u00a0\u00a0\u00a0\u00a0\u00a0\u00a0\u00a0 La critique moderne tend \u00e0 d\u00e9pr\u00e9cier la place de l\u2019humain dans la nature. L\u2019esp\u00e8ce humaine est en effet insignifiante au regard de l\u2019immensit\u00e9 du potentiel r\u00e9el de la nature. L\u2019humain repr\u00e9sente n\u00e9anmoins une r\u00e9alit\u00e9 qui en un sens pr\u00e9cis n\u2019est pas n\u00e9gligeable,&#8230;<\/p>\n","protected":false},"author":1,"featured_media":0,"parent":382,"menu_order":50,"comment_status":"open","ping_status":"open","template":"","meta":[],"tags":[],"_links":{"self":[{"href":"http:\/\/agoratheque.3zcom.com\/index.php?rest_route=\/wp\/v2\/pages\/1349"}],"collection":[{"href":"http:\/\/agoratheque.3zcom.com\/index.php?rest_route=\/wp\/v2\/pages"}],"about":[{"href":"http:\/\/agoratheque.3zcom.com\/index.php?rest_route=\/wp\/v2\/types\/page"}],"author":[{"embeddable":true,"href":"http:\/\/agoratheque.3zcom.com\/index.php?rest_route=\/wp\/v2\/users\/1"}],"replies":[{"embeddable":true,"href":"http:\/\/agoratheque.3zcom.com\/index.php?rest_route=%2Fwp%2Fv2%2Fcomments&post=1349"}],"version-history":[{"count":3,"href":"http:\/\/agoratheque.3zcom.com\/index.php?rest_route=\/wp\/v2\/pages\/1349\/revisions"}],"predecessor-version":[{"id":2021,"href":"http:\/\/agoratheque.3zcom.com\/index.php?rest_route=\/wp\/v2\/pages\/1349\/revisions\/2021"}],"up":[{"embeddable":true,"href":"http:\/\/agoratheque.3zcom.com\/index.php?rest_route=\/wp\/v2\/pages\/382"}],"wp:attachment":[{"href":"http:\/\/agoratheque.3zcom.com\/index.php?rest_route=%2Fwp%2Fv2%2Fmedia&parent=1349"}],"wp:term":[{"taxonomy":"post_tag","embeddable":true,"href":"http:\/\/agoratheque.3zcom.com\/index.php?rest_route=%2Fwp%2Fv2%2Ftags&post=1349"}],"curies":[{"name":"wp","href":"https:\/\/api.w.org\/{rel}","templated":true}]}}