{"id":135,"date":"2011-06-09T11:24:37","date_gmt":"2011-06-09T15:24:37","guid":{"rendered":"http:\/\/agoratheque.yprovencal.ep.profweb.qc.ca\/?page_id=135"},"modified":"2011-07-20T09:09:44","modified_gmt":"2011-07-20T13:09:44","slug":"le-potentiel-humain","status":"publish","type":"page","link":"http:\/\/agoratheque.3zcom.com\/?page_id=135","title":{"rendered":"Le potentiel humain"},"content":{"rendered":"<div>\n<p>Note\u00a0: Les noms des personnages de ce forum sont fictifs. Toute co\u00efncidence n\u2019est attribuable qu\u2019au hasard bien qu\u2019il soit possible que les pr\u00e9noms\u00a0et les noms de famille reproduisent ceux d\u2019\u00e9tudiants r\u00e9els.\u00a0<\/p>\n<p><em>\u00a0\u00a0\u00a0\u00a0\u00a0\u00a0<em>Le concept de potentiel humain peut servir \u00e0 d\u00e9finir l\u2019humain mieux que tout autre concept. C\u2019est ce qu\u2019entreprend de montrer un \u00e9tudiant.<\/em><\/em><\/p>\n<p><em><\/em>Charles Langelier\u00a0:\u00a0\u00a0<\/p>\n<p>\u00a0\u00a0\u00a0\u00a0\u00a0\u00a0\u00a0\u00a0\u00a0\u00a0\u00a0 Je voudrais discuter ici du potentiel humain. Je m\u2019int\u00e9resse en particulier aux points suivants\u00a0:<\/p>\n<p>\u00b7\u00a0\u00a0\u00a0\u00a0\u00a0\u00a0\u00a0\u00a0\u00a0Quelle est la plus grande diff\u00e9rence qui permet de distinguer l\u2019humain\u00a0des animaux\u00a0? \u00c0 mon avis, il s&rsquo;agit du potentiel de l&rsquo;humain. \u00cates-vous d&rsquo;accord ?<\/p>\n<p>\u00b7\u00a0\u00a0\u00a0\u00a0\u00a0\u00a0\u00a0\u00a0 Est-il possible d\u2019\u00e9valuer la grandeur du potentiel humain\u00a0?<\/p>\n<p>\u00b7\u00a0\u00a0\u00a0\u00a0\u00a0\u00a0\u00a0\u00a0 Est-ce que l\u2019immensit\u00e9 de son potentiel est ce qui donne une valeur \u00e9thique \u00e0 l\u2019\u00eatre humain\u00a0?\u00a0<\/p>\n<p>Catherine Talbot-Marcoux\u00a0:\u00a0<\/p>\n<p>\u00a0\u00a0\u00a0\u00a0\u00a0\u00a0\u00a0\u00a0\u00a0\u00a0\u00a0 Tes questions, Charles, sont tr\u00e8s int\u00e9ressantes. J\u2019attaquerai tout de suite la premi\u00e8re en essayant de d\u00e9fendre l\u2019id\u00e9e que l\u2019humain n\u2019est qu\u2019une esp\u00e8ce animale parmi d\u2019autres et que, s\u2019il poss\u00e8de quelque chose de sp\u00e9cial comme un potentiel, c\u2019est surtout un potentiel de destruction.\u00a0<\/p>\n<p>Charles L.\u00a0:\u00a0<\/p>\n<p>\u00a0\u00a0\u00a0\u00a0\u00a0\u00a0\u00a0\u00a0\u00a0\u00a0\u00a0 Il est vrai, Catherine, que l\u2019\u00eatre humain a un grand potentiel de destruction, mais je crois que son potentiel de construction est plus important.\u00a0Par exemple, il a construit\u00a0les sept merveilles du monde ou bien, par exemple, la Grande Muraille de Chine.\u00a0<\/p>\n<p>Catherine T.-M.\u00a0:\u00a0<\/p>\n<p>\u00a0\u00a0\u00a0\u00a0\u00a0\u00a0\u00a0\u00a0\u00a0\u00a0\u00a0 Oui, et il y a aussi la Tour Eifel et le stade Taillibert\u00a0! Ce n\u2019est pas tr\u00e8s s\u00e9rieux, Charles, lorsqu\u2019on pense \u00e0 tous les m\u00e9faits du soi-disant g\u00e9nie de l\u2019homme. Voici quelques-unes de ses \u00ab\u00a0r\u00e9alisations\u00a0\u00bb les plus spectaculaires\u00a0: la bombe atomique et son utilisation sur Hiroshima,\u00a0les camps de la mort et l\u2019Holocauste, Tchernobyl, le Sida, la thalidomide. Y a-t-il une autre forme de vie qui s\u2019est r\u00e9v\u00e9l\u00e9e plus destructrice\u00a0?\u00a0<\/p>\n<p>Charles L.\u00a0:\u00a0<\/p>\n<p>\u00a0\u00a0\u00a0\u00a0\u00a0\u00a0\u00a0\u00a0\u00a0\u00a0\u00a0 Aucun animal n\u2019est capable de l\u2019\u00e9galer en destruction, mais aucun non plus en cr\u00e9ation. J\u2019en conclurais que l\u2019\u00eatre humain est capable du meilleur comme du pire.\u00a0\u00a0<\/p>\n<p>St\u00e9phanie Th\u00e9riault\u00a0:\u00a0<\/p>\n<p>\u00a0\u00a0\u00a0\u00a0\u00a0\u00a0\u00a0\u00a0\u00a0\u00a0\u00a0 Personnellement, je prendrai la d\u00e9fense de l\u2019humain dans ce d\u00e9bat. J\u2019accorde \u00e0 Catherine que l\u2019humain est capable de provoquer de grandes catastrophes. Cependant sa capacit\u00e9 cr\u00e9atrice est nettement plus originale. La nature est encore plus destructrice que l\u2019humain avec ses \u00e9ruptions volcaniques, ses tremblements de terre, ses tsunamis, etc. Par contre, la capacit\u00e9 cr\u00e9atrice de l\u2019humain d\u00e9passe tout ce que la nature est capable de faire. Qui pourrait pr\u00e9tendre que la nature est capable d\u2019\u00e9galer les chefs-d\u2019\u0153uvre de l\u2019art ou de la musique\u00a0?<\/p>\n<p>Charles L.\u00a0:<\/p>\n<p>\u00a0\u00a0\u00a0\u00a0\u00a0\u00a0\u00a0\u00a0\u00a0\u00a0\u00a0 St\u00e9phanie, tu es g\u00e9niale\u00a0! Je pense que tu viens de r\u00e9pondre magnifiquement \u00e0 l\u2019objection de Catherine.<\/p>\n<p>Catherine T.-M.\u00a0:<\/p>\n<p>\u00a0\u00a0\u00a0\u00a0\u00a0\u00a0\u00a0\u00a0\u00a0\u00a0\u00a0 Pas si vite. La nature n\u2019a jamais \u00e9gal\u00e9 en horreur l\u2019Holocauste, par exemple, qui a fait des millions de morts.<\/p>\n<p>Charles L.\u00a0:<\/p>\n<p>\u00a0\u00a0\u00a0\u00a0\u00a0\u00a0\u00a0\u00a0\u00a0\u00a0\u00a0 Oui, pourtant, puisque certaines maladies infectieuses comme la grippe espagnole ont fait encore plus de victimes.<\/p>\n<p>Catherine T.-M.\u00a0:<\/p>\n<p>\u00a0\u00a0\u00a0\u00a0\u00a0\u00a0\u00a0\u00a0\u00a0\u00a0\u00a0 Et tu pourrais, Charles, aussi bien citer le Sida, qui a fait plus de victimes encore. Mais toutes les maladies du monde ne pourront \u00e9galer en m\u00e9chancet\u00e9 celle des nazis. La violence de la nature est aveugle\u00a0; celle de l\u2019\u00eatre humain est m\u00e9chante, sadique m\u00eame.<\/p>\n<p>Charles L.\u00a0:<\/p>\n<p>\u00a0\u00a0\u00a0\u00a0\u00a0\u00a0\u00a0\u00a0\u00a0\u00a0\u00a0 L\u2019\u00eatre humain a \u00e9videmment le g\u00e9nie du mal tout comme du bien.<\/p>\n<p>St\u00e9phanie T.\u00a0:<\/p>\n<p>\u00a0\u00a0\u00a0\u00a0\u00a0\u00a0\u00a0\u00a0\u00a0\u00a0\u00a0 Je soutiens encore que l\u2019humain est au total meilleur que la nature. Les plus belles \u0153uvres du g\u00e9nie humain ont \u00e9t\u00e9 voulues pleinement. Par contre, on ne peut dire que les humains qui commettent des crimes le veulent vraiment. Je dirais que l\u2019\u00eatre humain qui fait du mal croit souvent au contraire faire du bien.<\/p>\n<p>Catherine T.-M.\u00a0:<\/p>\n<p>\u00a0\u00a0\u00a0\u00a0\u00a0\u00a0\u00a0\u00a0\u00a0\u00a0\u00a0 Je ne comprends pas ta derni\u00e8re phrase, St\u00e9phanie. Pourrais-tu t\u2019expliquer\u00a0?<\/p>\n<p>St\u00e9phanie T.\u00a0:<\/p>\n<p>\u00a0\u00a0\u00a0\u00a0\u00a0\u00a0\u00a0\u00a0\u00a0\u00a0\u00a0 Ce que je voulais dire est que l\u2019humain qui d\u00e9cide de s\u2019en prendre \u00e0 quelqu\u2019un d\u2019autre est souvent convaincu que celui-ci l\u2019a m\u00e9rit\u00e9. C\u2019\u00e9tait typiquement le cas d\u2019Hitler. Il croyait dur comme fer que les juifs m\u00e9ritaient d\u2019\u00eatre d\u00e9truits. Par cons\u00e9quent, il a fait du mal en croyant faire du bien <a id=\"ref-1\" href=\"#note-1\"><sup>1<\/sup><\/a>.<\/p>\n<p>(\u2026)<\/p>\n<p>Charles L.\u00a0:<\/p>\n<p>\u00a0\u00a0\u00a0\u00a0\u00a0\u00a0\u00a0\u00a0\u00a0\u00a0\u00a0 Je reviens \u00e0 mes questions de d\u00e9part. L\u2019humain a s\u00fbrement un grand potentiel d\u2019\u0153uvres. Comment pourrions-nous \u00e9valuer ce potentiel\u00a0?<\/p>\n<p>Antoine Vaillancourt\u00a0:<\/p>\n<p>\u00a0\u00a0\u00a0\u00a0\u00a0\u00a0\u00a0\u00a0\u00a0\u00a0\u00a0 Ta question n\u2019a pas de sens, Charles. Comment \u00e9valuer l\u2019infini\u00a0?<\/p>\n<p>Charles L.\u00a0:<\/p>\n<p>\u00a0\u00a0\u00a0\u00a0\u00a0\u00a0\u00a0\u00a0\u00a0\u00a0\u00a0 La question est de savoir, par exemple, si le potentiel humain est infini et, s\u2019il ne l\u2019est pas, quelle pourrait \u00eatre la grandeur de son contenu.<\/p>\n<p><strong><em>La question de\u00a0Charles d\u00e9bouche sur celle\u00a0de la libert\u00e9 humaine<\/em><\/strong><\/p>\n<p>Maude Blouin\u00a0:<\/p>\n<p>\u00a0\u00a0\u00a0\u00a0\u00a0\u00a0\u00a0\u00a0\u00a0\u00a0\u00a0 J\u2019ai lu tout ce qui pr\u00e9c\u00e8de, dans ce forum de discussion, et il me semble que le point de d\u00e9part lui-m\u00eame est vide de sens. Si on admet qu\u2019un \u00eatre humain est libre, alors il peut faire <em>n\u2019importe quoi<\/em>. Je veux dire qu\u2019il n\u2019y a pas de limite.<\/p>\n<p>Charles L.\u00a0:<\/p>\n<p>\u00a0\u00a0\u00a0\u00a0\u00a0\u00a0\u00a0\u00a0\u00a0\u00a0\u00a0 D\u2019accord, Maude, c\u2019est d\u2019abord un point \u00e0 clarifier. Justement, l\u2019humain est-il libre de faire n\u2019importe quoi ou est-il limit\u00e9 d\u2019une fa\u00e7on ou d\u2019une autre\u00a0?<\/p>\n<p>(\u2026)<\/p>\n<p>Gabriel Dumas-Murillo\u00a0:<\/p>\n<p>\u00a0\u00a0\u00a0\u00a0\u00a0\u00a0\u00a0\u00a0\u00a0\u00a0\u00a0 Il est assez facile de r\u00e9pondre \u00e0 ta derni\u00e8re question, Charles. Il est \u00e9vident que l\u2019\u00eatre humain est limit\u00e9 de plusieurs fa\u00e7ons. Il est soumis aux lois de la physique (pesanteur, etc.) et il d\u00e9pend de son g\u00e9notype. Il est \u00e9vident qu\u2019il ne peut faire n\u2019importe quoi.<\/p>\n<p>Maude B.\u00a0:<\/p>\n<p>\u00a0\u00a0\u00a0\u00a0\u00a0\u00a0\u00a0\u00a0\u00a0\u00a0\u00a0 Ce n\u2019est vrai, Gabriel, que si on suppose que les th\u00e9ories de la physique ou du g\u00e9notype (la g\u00e9n\u00e9tique) sont valables. Un jour, l\u2019\u00eatre humain r\u00e9ussira peut-\u00eatre \u00e0 trouver d\u2019autres th\u00e9ories. Il reste libre de le faire, non\u00a0?<\/p>\n<p>Gabriel D.-M.\u00a0:<\/p>\n<p>\u00a0\u00a0\u00a0\u00a0\u00a0\u00a0\u00a0\u00a0\u00a0\u00a0\u00a0 On voit bien que tu ne connais pas la science. Les lois de la pesanteur ou de la g\u00e9n\u00e9tique ont \u00e9t\u00e9 prouv\u00e9es. Donc, l\u2019\u00eatre humain n\u2019en trouvera pas d\u2019autres meilleures.<\/p>\n<p>Maude B.\u00a0:<\/p>\n<p>\u00a0\u00a0\u00a0\u00a0\u00a0\u00a0\u00a0\u00a0\u00a0\u00a0\u00a0 J\u2019ai lu (probablement dans un livre philosophique) que les th\u00e9ories scientifiques actuelles n\u2019ont pas \u00e9t\u00e9 compl\u00e8tement prouv\u00e9es.<\/p>\n<p>Charles L.\u00a0:<\/p>\n<p>\u00a0\u00a0\u00a0\u00a0\u00a0\u00a0\u00a0\u00a0\u00a0\u00a0\u00a0 Je pense que tu as raison, Maude. Ces th\u00e9ories pourraient \u00eatre remises en question. Cependant il demeure plut\u00f4t probable que des contraintes de type physique ou autre continuent de limiter l\u2019\u00eatre humain. \u00a0\u00a0\u00a0\u00a0\u00a0\u00a0\u00a0<\/p>\n<p>Gabriel D.-M.\u00a0:<\/p>\n<p>\u00a0\u00a0\u00a0\u00a0\u00a0\u00a0\u00a0\u00a0\u00a0\u00a0\u00a0 En fait, l\u2019\u00eatre humain est limit\u00e9 dans ses capacit\u00e9s par des contraintes g\u00e9n\u00e9tiques. Par exemple, si l\u2019humain peut apprendre \u00e0 parler, cela d\u00e9coule de sa structure g\u00e9n\u00e9tique, qui est diff\u00e9rente de celles des autres animaux.<\/p>\n<p>Charles L.\u00a0:<\/p>\n<p>\u00a0\u00a0\u00a0\u00a0\u00a0\u00a0\u00a0\u00a0\u00a0\u00a0\u00a0 Il serait donc possible que le potentiel humain soit limit\u00e9 par les lois de la g\u00e9n\u00e9tique.<\/p>\n<p>Maude B.\u00a0:\u00a0<\/p>\n<p>\u00a0\u00a0\u00a0\u00a0\u00a0\u00a0\u00a0\u00a0\u00a0\u00a0\u00a0 Je reviens \u00e0 mon point. Comment l\u2019\u00eatre humain peut-il \u00eatre limit\u00e9 par la g\u00e9n\u00e9tique, une th\u00e9orie qu\u2019il a lui-m\u00eame cr\u00e9\u00e9e\u00a0?\u00a0<\/p>\n<p>(\u2026)\u00a0<\/p>\n<p>Charles L.\u00a0:\u00a0<\/p>\n<p>\u00a0\u00a0\u00a0\u00a0\u00a0\u00a0\u00a0\u00a0\u00a0\u00a0\u00a0 Apr\u00e8s avoir r\u00e9fl\u00e9chi \u00e0 ta question, Maude, je suis arriv\u00e9 \u00e0 ce qui me semble la meilleure r\u00e9ponse. On ne sait pas si les lois g\u00e9n\u00e9tiques limitent vraiment l\u2019humain puisqu\u2019il pourrait un jour trouver une autre th\u00e9orie qui expliquerait l\u2019h\u00e9r\u00e9dit\u00e9 d\u2019une autre fa\u00e7on. Cependant il est probable que la th\u00e9orie g\u00e9n\u00e9tique soit une th\u00e9orie qui restera valable en partie. Ce que je veux dire est que, si un jour on arrive \u00e0 trouver une meilleure th\u00e9orie, on continuera \u00e0 trouver que la g\u00e9n\u00e9tique donnait d\u00e9j\u00e0 une certaine compr\u00e9hension partielle des limites de l\u2019\u00eatre humain.\u00a0<\/p>\n<p>Maude B.\u00a0:\u00a0<\/p>\n<p>\u00a0\u00a0\u00a0\u00a0\u00a0\u00a0\u00a0\u00a0\u00a0\u00a0\u00a0 D\u2019accord, Charles, mais nous ne le savons pas. Nous ne pouvons donc pas affirmer que l\u2019\u00eatre humain est limit\u00e9.\u00a0<\/p>\n<p>Charles L.\u00a0:\u00a0<\/p>\n<p>\u00a0\u00a0\u00a0\u00a0\u00a0\u00a0\u00a0\u00a0\u00a0\u00a0\u00a0 Nous ne pouvons affirmer non plus que l\u2019humain n\u2019est pas limit\u00e9. Il reste \u00e0 voir ce qui est le plus probable. L\u00e0-dessus, je crois que le potentiel humain est limit\u00e9 mais qu\u2019on ne sait pas encore exactement comment, qu\u2019on a seulement des indications sur ce qui le limite.<\/p>\n<div>\u00a0\u00a0\u00a0\u00a0\u00a0\u00a0<em>Faute de temps, la discussion s&rsquo;est termin\u00e9e ici.<\/em><\/div>\n<div>\u00a0<\/div>\n<div><a id=\"note-1\" href=\"#ref-1\">1<\/a> Le lecteur qui s\u2019int\u00e9resse \u00e0 la question de la responsabilit\u00e9\u00a0des nazis sur le plan \u00e9thique devrait lire l\u2019agora \u00ab\u00a0<a title=\"La diabolisation des nazis\" href=\"http:\/\/mail.agoratheque.3zcom.com\/?page_id=116\" target=\"_blank\">La diabolisation des nazis<\/a>\u00a0\u00bb. Retour <a id=\"note-1\" href=\"#ref-1\">1<\/a><\/div>\n<\/div>\n<div class=\"edit-link\"><a class=\"post-edit-link\" href=\"\">modifier<\/a><\/div>","protected":false},"excerpt":{"rendered":"<p>Note\u00a0: Les noms des personnages de ce forum sont fictifs. Toute co\u00efncidence n\u2019est attribuable qu\u2019au hasard bien qu\u2019il soit possible que les pr\u00e9noms\u00a0et les noms de famille reproduisent ceux d\u2019\u00e9tudiants r\u00e9els.\u00a0 \u00a0\u00a0\u00a0\u00a0\u00a0\u00a0Le concept de potentiel humain peut servir \u00e0 d\u00e9finir l\u2019humain mieux que&#8230;<\/p>\n","protected":false},"author":3,"featured_media":0,"parent":70,"menu_order":0,"comment_status":"open","ping_status":"open","template":"","meta":[],"tags":[7,8],"_links":{"self":[{"href":"http:\/\/agoratheque.3zcom.com\/index.php?rest_route=\/wp\/v2\/pages\/135"}],"collection":[{"href":"http:\/\/agoratheque.3zcom.com\/index.php?rest_route=\/wp\/v2\/pages"}],"about":[{"href":"http:\/\/agoratheque.3zcom.com\/index.php?rest_route=\/wp\/v2\/types\/page"}],"author":[{"embeddable":true,"href":"http:\/\/agoratheque.3zcom.com\/index.php?rest_route=\/wp\/v2\/users\/3"}],"replies":[{"embeddable":true,"href":"http:\/\/agoratheque.3zcom.com\/index.php?rest_route=%2Fwp%2Fv2%2Fcomments&post=135"}],"version-history":[{"count":4,"href":"http:\/\/agoratheque.3zcom.com\/index.php?rest_route=\/wp\/v2\/pages\/135\/revisions"}],"predecessor-version":[{"id":1470,"href":"http:\/\/agoratheque.3zcom.com\/index.php?rest_route=\/wp\/v2\/pages\/135\/revisions\/1470"}],"up":[{"embeddable":true,"href":"http:\/\/agoratheque.3zcom.com\/index.php?rest_route=\/wp\/v2\/pages\/70"}],"wp:attachment":[{"href":"http:\/\/agoratheque.3zcom.com\/index.php?rest_route=%2Fwp%2Fv2%2Fmedia&parent=135"}],"wp:term":[{"taxonomy":"post_tag","embeddable":true,"href":"http:\/\/agoratheque.3zcom.com\/index.php?rest_route=%2Fwp%2Fv2%2Ftags&post=135"}],"curies":[{"name":"wp","href":"https:\/\/api.w.org\/{rel}","templated":true}]}}