{"id":1356,"date":"2011-07-13T16:42:58","date_gmt":"2011-07-13T20:42:58","guid":{"rendered":"http:\/\/agoratheque.yprovencal.ep.profweb.qc.ca\/?page_id=1356"},"modified":"2011-08-26T16:55:14","modified_gmt":"2011-08-26T20:55:14","slug":"7-le-potentiel-humain","status":"publish","type":"page","link":"http:\/\/agoratheque.3zcom.com\/?page_id=1356","title":{"rendered":"7. Le potentiel humain"},"content":{"rendered":"<p>\u00a0\u00a0\u00a0\u00a0\u00a0\u00a0\u00a0\u00a0\u00a0\u00a0\u00a0 Il n\u2019existe pas encore de concept reconnu de potentiel humain dans les sciences. On ne le trouve qu&rsquo;en philosophie de l\u2019\u00e9ducation ou du d\u00e9veloppement humain <a id=\"ref-1\" href=\"#note-1\"><sup>1<\/sup><\/a> et dans le marxisme <a id=\"ref-2\" href=\"#note-2\"><sup>2<\/sup><\/a>. \u00c0 partir des concepts utilis\u00e9s dans les pages qui pr\u00e9c\u00e8dent, il est possible de d\u00e9finir un nouveau concept de potentiel humain et, m\u00eame, d\u2019esquisser une th\u00e9orie du potentiel humain. Nous verrons que ce concept peut jouer un r\u00f4le essentiel en ce qui concerne notre compr\u00e9hension de l\u2019humain, dans son \u00eatre m\u00eame et chaque fois qu\u2019il d\u00e9veloppe de nouvelles connaissances.\u00a0<\/p>\n<p>\u00a0\u00a0\u00a0\u00a0\u00a0\u00a0\u00a0\u00a0\u00a0\u00a0\u00a0 Le potentiel humain peut \u00eatre envisag\u00e9 comme un cas particulier du potentiel originel global de la nature. \u00c0 ce titre, il en est m\u00eame une part importante en termes d\u2019apports en nouveaut\u00e9s ou en cr\u00e9ations originales, dans le prolongement des objets, entit\u00e9s ou processus nouveaux qui sont apparus depuis le d\u00e9but de l\u2019Univers. Les concepts de potentiel r\u00e9el, de r\u00e9duction effective du potentiel, de graphe en arbre et de cat\u00e9gories physico-cognitives sont tous pertinents \u00e0 poser au fondement th\u00e9orique du potentiel humain.<\/p>\n<div><a title=\"7.1 Le concept radical de potentiel humain\" href=\"http:\/\/mail.agoratheque.3zcom.com\/?page_id=2494\">Suite<\/a><\/div>\n<p><a id=\"note-1\" href=\"#ref-1\">1<\/a> Un concept de potentiel humain\u00a0a \u00e9t\u00e9\u00a0d\u00e9fini par Israel Scheffler dans son livre <em>Of Human Potential. <\/em><em>An Essay in the philosophy of Education<\/em> (Londres, Routledge &amp; Kegan Paul, 1985). <a id=\"note-1\" href=\"#ref-1\">1<\/a><\/p>\n<div id=\"ftn2\">\n<p><a id=\"note-2\" href=\"#ref-2\">2<\/a> Lucien S\u00e8ve a d\u00e9velopp\u00e9 une remarquable conception du potentiel humain \u00e0 partir de sa lecture de Marx. Voir en particulier de S\u00e8ve <em>Penser avec Marx aujourd\u2019hui, <\/em>Tome II, <em>\u00ab\u00a0L\u2019homme\u00a0\u00bb<\/em>, La Dispute, 2008. <a id=\"note-2\" href=\"#ref-2\">2<\/a><\/p>\n<\/div>\n<div class=\"edit-link\"><a class=\"post-edit-link\" href=\"\">modifier<\/a><\/div>","protected":false},"excerpt":{"rendered":"<p>\u00a0\u00a0\u00a0\u00a0\u00a0\u00a0\u00a0\u00a0\u00a0\u00a0\u00a0 Il n\u2019existe pas encore de concept reconnu de potentiel humain dans les sciences. On ne le trouve qu&rsquo;en philosophie de l\u2019\u00e9ducation ou du d\u00e9veloppement humain 1 et dans le marxisme 2. \u00c0 partir des concepts utilis\u00e9s dans les pages qui pr\u00e9c\u00e8dent, il&#8230;<\/p>\n","protected":false},"author":1,"featured_media":0,"parent":382,"menu_order":70,"comment_status":"open","ping_status":"open","template":"","meta":[],"tags":[7,8],"_links":{"self":[{"href":"http:\/\/agoratheque.3zcom.com\/index.php?rest_route=\/wp\/v2\/pages\/1356"}],"collection":[{"href":"http:\/\/agoratheque.3zcom.com\/index.php?rest_route=\/wp\/v2\/pages"}],"about":[{"href":"http:\/\/agoratheque.3zcom.com\/index.php?rest_route=\/wp\/v2\/types\/page"}],"author":[{"embeddable":true,"href":"http:\/\/agoratheque.3zcom.com\/index.php?rest_route=\/wp\/v2\/users\/1"}],"replies":[{"embeddable":true,"href":"http:\/\/agoratheque.3zcom.com\/index.php?rest_route=%2Fwp%2Fv2%2Fcomments&post=1356"}],"version-history":[{"count":6,"href":"http:\/\/agoratheque.3zcom.com\/index.php?rest_route=\/wp\/v2\/pages\/1356\/revisions"}],"predecessor-version":[{"id":1363,"href":"http:\/\/agoratheque.3zcom.com\/index.php?rest_route=\/wp\/v2\/pages\/1356\/revisions\/1363"}],"up":[{"embeddable":true,"href":"http:\/\/agoratheque.3zcom.com\/index.php?rest_route=\/wp\/v2\/pages\/382"}],"wp:attachment":[{"href":"http:\/\/agoratheque.3zcom.com\/index.php?rest_route=%2Fwp%2Fv2%2Fmedia&parent=1356"}],"wp:term":[{"taxonomy":"post_tag","embeddable":true,"href":"http:\/\/agoratheque.3zcom.com\/index.php?rest_route=%2Fwp%2Fv2%2Ftags&post=1356"}],"curies":[{"name":"wp","href":"https:\/\/api.w.org\/{rel}","templated":true}]}}