{"id":146,"date":"2011-06-09T11:45:28","date_gmt":"2011-06-09T15:45:28","guid":{"rendered":"http:\/\/agoratheque.yprovencal.ep.profweb.qc.ca\/?page_id=146"},"modified":"2011-12-25T11:34:23","modified_gmt":"2011-12-25T15:34:23","slug":"le-projet-respect","status":"publish","type":"page","link":"http:\/\/agoratheque.3zcom.com\/?page_id=146","title":{"rendered":"Le Projet Respect"},"content":{"rendered":"<p><em><img decoding=\"async\" loading=\"lazy\" class=\"alignleft\" src=\"https:\/\/lms2.decclic.qc.ca\/Pub\/F38E337E-4AB4-4459-8A51-E3429AA48AD9\/scan.jpg\" alt=\"\" width=\"214\" height=\"322\" \/>Projet Respect. Critique de la morale et des moeurs politiques,<\/em> par Yvon Proven\u00e7al, Qu\u00e9bec, <a title=\"Presses Inter Universitaires\" href=\"http:\/\/mail.agoratheque.3zcom.com\/?page_id=573\" target=\"_blank\">Presses Inter Universitaires<\/a>, 2000<em>.<\/em><\/p>\n<p>Le Projet Respect est\u00a0l&rsquo;expos\u00e9 d&rsquo;un projet original de type \u00e9thique. L&rsquo;auteur y traite des probl\u00e8mes \u00e9thiques de la soci\u00e9t\u00e9 contemporaine tout en pr\u00e9sentant, entre autres, les deux grands courants de pens\u00e9e issus de la philosophie d&rsquo;Emmanuel Kant et de l&rsquo;utilitarisme. L&rsquo;originalit\u00e9 du Projet Respect r\u00e9side dans son caract\u00e8re de \u00ab\u00a0grand projet global\u00a0\u00bb qui s&rsquo;adresse \u00e0 toute l&rsquo;humanit\u00e9 et qui tente d&rsquo;apporter une r\u00e9ponse \u00e0 certains probl\u00e8mes suscit\u00e9s par la mondialisation: comment pouvons-nous, aujourd&rsquo;hui, concilier les exigences de l&rsquo;\u00e9thique\u00a0\u2014 au sens le plus fort de ce terme\u00a0\u2014 avec les implications des ph\u00e9nom\u00e8nes plan\u00e9taires qui affectent tous les groupes humains dans leurs d\u00e9veloppements propres et leurs relations mutuelles?<\/p>\n<div class=\"edit-link\"><a class=\"post-edit-link\" href=\"\">modifier<\/a><\/div>","protected":false},"excerpt":{"rendered":"<p>Projet Respect. Critique de la morale et des moeurs politiques, par Yvon Proven\u00e7al, Qu\u00e9bec, Presses Inter Universitaires, 2000. Le Projet Respect est\u00a0l&rsquo;expos\u00e9 d&rsquo;un projet original de type \u00e9thique. L&rsquo;auteur y traite des probl\u00e8mes \u00e9thiques de la soci\u00e9t\u00e9 contemporaine tout en pr\u00e9sentant, entre autres,&#8230;<\/p>\n","protected":false},"author":3,"featured_media":0,"parent":70,"menu_order":0,"comment_status":"open","ping_status":"open","template":"","meta":[],"tags":[],"_links":{"self":[{"href":"http:\/\/agoratheque.3zcom.com\/index.php?rest_route=\/wp\/v2\/pages\/146"}],"collection":[{"href":"http:\/\/agoratheque.3zcom.com\/index.php?rest_route=\/wp\/v2\/pages"}],"about":[{"href":"http:\/\/agoratheque.3zcom.com\/index.php?rest_route=\/wp\/v2\/types\/page"}],"author":[{"embeddable":true,"href":"http:\/\/agoratheque.3zcom.com\/index.php?rest_route=\/wp\/v2\/users\/3"}],"replies":[{"embeddable":true,"href":"http:\/\/agoratheque.3zcom.com\/index.php?rest_route=%2Fwp%2Fv2%2Fcomments&post=146"}],"version-history":[{"count":7,"href":"http:\/\/agoratheque.3zcom.com\/index.php?rest_route=\/wp\/v2\/pages\/146\/revisions"}],"predecessor-version":[{"id":3165,"href":"http:\/\/agoratheque.3zcom.com\/index.php?rest_route=\/wp\/v2\/pages\/146\/revisions\/3165"}],"up":[{"embeddable":true,"href":"http:\/\/agoratheque.3zcom.com\/index.php?rest_route=\/wp\/v2\/pages\/70"}],"wp:attachment":[{"href":"http:\/\/agoratheque.3zcom.com\/index.php?rest_route=%2Fwp%2Fv2%2Fmedia&parent=146"}],"wp:term":[{"taxonomy":"post_tag","embeddable":true,"href":"http:\/\/agoratheque.3zcom.com\/index.php?rest_route=%2Fwp%2Fv2%2Ftags&post=146"}],"curies":[{"name":"wp","href":"https:\/\/api.w.org\/{rel}","templated":true}]}}