{"id":1478,"date":"2011-07-20T14:09:02","date_gmt":"2011-07-20T18:09:02","guid":{"rendered":"http:\/\/agoratheque.yprovencal.ep.profweb.qc.ca\/?page_id=1478"},"modified":"2011-07-20T14:10:09","modified_gmt":"2011-07-20T18:10:09","slug":"theme-la-dissidence","status":"publish","type":"page","link":"http:\/\/agoratheque.3zcom.com\/?page_id=1478","title":{"rendered":"Th\u00e8me: la dissidence"},"content":{"rendered":"<p><a title=\"La voix d\u2019un dissident\" href=\"http:\/\/mail.agoratheque.3zcom.com\/?page_id=133\">La voix d&rsquo;un dissident<\/a><\/p>\n<p><em>\u00a0\u00a0\u00a0Un \u00e9tudiant a demand\u00e9 de constituer\u00a0un forum dans lequel il d\u00e9fendrait son droit \u00e0 la dissidence. <\/em><\/p>\n<p><em>\u00a0<\/em><\/p>\n<p><a title=\"Critique de la condamnation morale\" href=\"http:\/\/mail.agoratheque.3zcom.com\/?page_id=114\">Critique de la condamnation morale\u00a0<\/a><\/p>\n<div><em><em>\u00a0\u00a0\u00a0\u00a0\u00a0\u00a0Des \u00e9tudiants essaient de comprendre comment le concept de condamnation morale a \u00e9t\u00e9 utilis\u00e9 en fait pour contrer la dissidence.<\/em><\/em><\/div>\n<p><em><\/em><a title=\"Le respect des groupes marginaux\" href=\"http:\/\/mail.agoratheque.3zcom.com\/?page_id=120\" target=\"_blank\">Le respect des groupes marginaux<\/a><\/p>\n<p><em>\u00a0\u00a0\u00a0\u00a0\u00a0\u00a0Deux \u00e9tudiants ont entrepris avec courage de d\u00e9crire l\u2019irrespect dont font l\u2019objet certains groupes marginaux de la part de la soci\u00e9t\u00e9 dominante, qui est ici la soci\u00e9t\u00e9 qu\u00e9b\u00e9coise\u00a0; ils envisagent en particulier le cas de certains groupes de motards criminalis\u00e9s<\/em><\/p>\n<div class=\"edit-link\"><a class=\"post-edit-link\" href=\"\">modifier<\/a><\/div>","protected":false},"excerpt":{"rendered":"<p>La voix d&rsquo;un dissident \u00a0\u00a0\u00a0Un \u00e9tudiant a demand\u00e9 de constituer\u00a0un forum dans lequel il d\u00e9fendrait son droit \u00e0 la dissidence. \u00a0 Critique de la condamnation morale\u00a0 \u00a0\u00a0\u00a0\u00a0\u00a0\u00a0Des \u00e9tudiants essaient de comprendre comment le concept de condamnation morale a \u00e9t\u00e9 utilis\u00e9 en fait pour&#8230;<\/p>\n","protected":false},"author":1,"featured_media":0,"parent":70,"menu_order":0,"comment_status":"open","ping_status":"open","template":"","meta":[],"tags":[],"_links":{"self":[{"href":"http:\/\/agoratheque.3zcom.com\/index.php?rest_route=\/wp\/v2\/pages\/1478"}],"collection":[{"href":"http:\/\/agoratheque.3zcom.com\/index.php?rest_route=\/wp\/v2\/pages"}],"about":[{"href":"http:\/\/agoratheque.3zcom.com\/index.php?rest_route=\/wp\/v2\/types\/page"}],"author":[{"embeddable":true,"href":"http:\/\/agoratheque.3zcom.com\/index.php?rest_route=\/wp\/v2\/users\/1"}],"replies":[{"embeddable":true,"href":"http:\/\/agoratheque.3zcom.com\/index.php?rest_route=%2Fwp%2Fv2%2Fcomments&post=1478"}],"version-history":[{"count":3,"href":"http:\/\/agoratheque.3zcom.com\/index.php?rest_route=\/wp\/v2\/pages\/1478\/revisions"}],"predecessor-version":[{"id":1480,"href":"http:\/\/agoratheque.3zcom.com\/index.php?rest_route=\/wp\/v2\/pages\/1478\/revisions\/1480"}],"up":[{"embeddable":true,"href":"http:\/\/agoratheque.3zcom.com\/index.php?rest_route=\/wp\/v2\/pages\/70"}],"wp:attachment":[{"href":"http:\/\/agoratheque.3zcom.com\/index.php?rest_route=%2Fwp%2Fv2%2Fmedia&parent=1478"}],"wp:term":[{"taxonomy":"post_tag","embeddable":true,"href":"http:\/\/agoratheque.3zcom.com\/index.php?rest_route=%2Fwp%2Fv2%2Ftags&post=1478"}],"curies":[{"name":"wp","href":"https:\/\/api.w.org\/{rel}","templated":true}]}}