{"id":1498,"date":"2011-07-21T07:27:10","date_gmt":"2011-07-21T11:27:10","guid":{"rendered":"http:\/\/agoratheque.yprovencal.ep.profweb.qc.ca\/?page_id=1498"},"modified":"2011-07-21T12:51:52","modified_gmt":"2011-07-21T16:51:52","slug":"theme-lirrespect-entre-les-groupes-humains","status":"publish","type":"page","link":"http:\/\/agoratheque.3zcom.com\/?page_id=1498","title":{"rendered":"Th\u00e8me : l&rsquo;irrespect entre les groupes humains"},"content":{"rendered":"<div>\n<div>\n<p><span style=\"color: #800080;\"><a title=\"Qu\u2019est-ce que la situation g\u00e9n\u00e9rale d\u2019irrespect?\" href=\"http:\/\/mail.agoratheque.3zcom.com\/?page_id=105\">Qu&rsquo;est-ce que la situation g\u00e9n\u00e9rale d&rsquo;irrespect?<\/a><\/span>\u00a0<\/p>\n<p><em>\u00a0\u00a0\u00a0\u00a0\u00a0\u00a0Toutes les nations,\u00a0tous les groupes religieux\u00a0connus, bref, tous les groupes connus tendent \u00e0 adopter des attitudes \u00e9gotistes envers les autres groupes. Il semble m\u00eame qu\u2019aucun des \u00c9tats-nations existants ne se soit \u00e9tabli de fa\u00e7on l\u00e9gitime, au sens \u00e9thique de ce terme. Des \u00e9tudiants avancent dans leur compr\u00e9hension de cet \u00e9tat du monde.<\/em><\/p>\n<p><a title=\"L\u2019\u00e9thocentrisme\" href=\"http:\/\/mail.agoratheque.3zcom.com\/?page_id=108\">L&rsquo;\u00e9thocentrisme<\/a><\/p>\n<p><em>\u00a0\u00a0\u00a0\u00a0\u00a0\u00a0Le concept d\u2019\u00e9thocentrisme, qu&rsquo;il ne faut pas confondre avec celui d&rsquo;ethnocentrisme,\u00a0est important pour comprendre la\u00a0<\/em><em>situation g\u00e9n\u00e9rale d\u2019irrespect;\u00a0il <\/em><em>fait ici l\u2019objet\u00a0d\u2019une\u00a0clarification par une \u00e9tudiante.<\/em>\u00a0<\/p>\n<p><a title=\"L\u2019ind\u00e9pendance du Qu\u00e9bec\" href=\"http:\/\/mail.agoratheque.3zcom.com\/?page_id=110\" target=\"_blank\">L&rsquo;ind\u00e9pendance du Qu\u00e9bec<\/a><\/p>\n<p>\u00a0\u00a0\u00a0\u00a0\u00a0\u00a0\u00a0<em>Un \u00e9tudiant souverainiste parvient\u00a0\u00e0 convaincre un autre \u00e9tudiant qui\u00a0\u00e9tait d&rsquo;abord\u00a0f\u00e9d\u00e9raliste, mais en aboutissant \u00e0 un r\u00e9sultat inattendu.<\/em>\u00a0<\/p>\n<p><a title=\"Critique de la condamnation morale\" href=\"http:\/\/mail.agoratheque.3zcom.com\/?page_id=114\">Critique de la condamnation morale<\/a><\/p>\n<p><em>\u00a0\u00a0\u00a0\u00a0\u00a0\u00a0La critique de l\u2019irrespect entre les groupes conduit \u00e0 celle de la condamnation morale en g\u00e9n\u00e9ral. Une \u00e9tudiante \u00e9labore ici une forte critique en ce sens.<\/em><\/p>\n<p><span style=\"font-family: Times New Roman; font-size: small;\"><a title=\"Jeunes et moins jeunes contrevenants\" href=\"http:\/\/mail.agoratheque.3zcom.com\/?page_id=112\">Jeunes et moins jeunes contrevenants <\/a><\/span><\/p>\n<p><span style=\"font-family: Times New Roman; font-size: small;\"><em>\u00a0\u00a0\u00a0\u00a0\u00a0\u00a0<em>Un \u00e9tudiant se porte ici \u00e0 la d\u00e9fense des jeunes et m\u00eame des moins jeunes contrevenants. La soci\u00e9t\u00e9 les traiterait tous de fa\u00e7on peu respectueuse.<\/em><\/em><\/span><\/p>\n<p><span style=\"font-family: Times New Roman; font-size: small;\"><em>\u00a0<\/em><\/span><span style=\"font-size: small;\"><span style=\"font-size: small;\"><a title=\"La diabolisation des nazis\" href=\"http:\/\/mail.agoratheque.3zcom.com\/?page_id=116\">La diabolisation des nazis<\/a><\/span><\/span><\/p>\n<p><em>\u00a0\u00a0\u00a0\u00a0\u00a0\u00a0La diabolisation est une forme d\u2019irrespect envers l\u2019humain. Un \u00e9tudiant tente de montrer la validit\u00e9 d\u2019un tel \u00e9nonc\u00e9 g\u00e9n\u00e9ral mais dans le cas des nazis en particulier. Cet \u00e9tudiant a \u00e9t\u00e9 averti qu&rsquo;il s&rsquo;agissait d&rsquo;un cas des plus difficiles.<\/em><\/p>\n<p><span style=\"font-size: small;\"><span style=\"font-size: small;\"><a title=\"La voix d\u2019un dissident\" href=\"http:\/\/mail.agoratheque.3zcom.com\/?page_id=133\" target=\"_blank\">La voix d&rsquo;un dissident<\/a><\/span><\/span>\u00a0<\/p>\n<p><em>\u00a0\u00a0\u00a0\u00a0\u00a0\u00a0L\u2019une des formes les plus violentes de l\u2019irrespect est celle qu\u2019on a manifest\u00e9e envers les dissidents. Un \u00e9tudiant tente ici tout de m\u00eame de faire valoir son droit \u00e9thique \u00e0 la dissidence.<\/em><\/p>\n<p><a title=\"Le respect des groupes marginaux\" href=\"http:\/\/mail.agoratheque.3zcom.com\/?page_id=120\" target=\"_blank\">Le respect des groupes marginaux<\/a><\/p>\n<p><em>\u00a0\u00a0\u00a0\u00a0\u00a0\u00a0Deux \u00e9tudiants ont entrepris avec courage de d\u00e9crire l\u2019irrespect dont font l\u2019objet certains groupes marginaux de la part de la soci\u00e9t\u00e9 dominante, qui est ici la soci\u00e9t\u00e9 qu\u00e9b\u00e9coise\u00a0; ils envisagent en particulier le cas de certains groupes de motards criminalis\u00e9s.<\/em>\u00a0<\/p>\n<p><a title=\"Le respect des personnes et des groupes (1)\" href=\"http:\/\/mail.agoratheque.3zcom.com\/?page_id=122\" target=\"_blank\">Le respect des personnes et des groupes (1)<\/a><\/p>\n<p><em>\u00a0\u00a0\u00a0\u00a0\u00a0\u00a0Plusieurs \u00e9tudiants s\u2019efforcent\u00a0d\u2019\u00e9lucider le concept de respect des personnes et des groupes\u00a0; l\u2019\u00e9change de propos concerne d\u2019abord le respect des groupes ou des cultures et, en particulier, de la culture qu\u00e9b\u00e9coise, pour d\u00e9boucher sur un questionnement quant \u00e0 l\u2019avenir de fran\u00e7ais au Qu\u00e9bec et dans le monde.<\/em>\u00a0<\/p>\n<p><a title=\"Le respect des personnes et des groupes (2)\" href=\"http:\/\/mail.agoratheque.3zcom.com\/?page_id=124\" target=\"_blank\">Le respect des personnes et des groupes (2)<\/a><\/p>\n<p><em>\u00a0\u00a0\u00a0\u00a0\u00a0\u00a0Les \u00e9tudiants poursuivent leur discussion sur le respect des personnes et des groupes\u00a0; l\u2019\u00e9change de propos concerne plus particuli\u00e8rement le respect des groupes ou des cultures et, en particulier, des groupes criminalis\u00e9s.\u00a0Ils constatent que l\u2019id\u00e9e m\u00eame de respect des groupes\u00a0pose des probl\u00e8mes tr\u00e8s difficiles qu&rsquo;ils arrivent n\u00e9anmoins \u00e0 surmonter en partie.<\/em>\u00a0<\/p>\n<p><a title=\"Le respect des personnes et des groupes (3)\" href=\"http:\/\/mail.agoratheque.3zcom.com\/?page_id=126\" target=\"_blank\">Le respect des personnes et des groupes (3)<\/a><\/p>\n<p><em>\u00a0\u00a0\u00a0\u00a0\u00a0\u00a0Toujours en\u00a0poursuivant leur discussion sur le respect des personnes et des groupes, les \u00e9tudiants\u00a0s\u2019attaquent \u00e0 la question\u00a0: Faut-il censurer les propos dits haineux\u00a0?<\/em><\/p>\n<\/div>\n<\/div>\n<div class=\"edit-link\"><a class=\"post-edit-link\" href=\"\">modifier<\/a><\/div>","protected":false},"excerpt":{"rendered":"<p>Qu&rsquo;est-ce que la situation g\u00e9n\u00e9rale d&rsquo;irrespect?\u00a0 \u00a0\u00a0\u00a0\u00a0\u00a0\u00a0Toutes les nations,\u00a0tous les groupes religieux\u00a0connus, bref, tous les groupes connus tendent \u00e0 adopter des attitudes \u00e9gotistes envers les autres groupes. Il semble m\u00eame qu\u2019aucun des \u00c9tats-nations existants ne se soit \u00e9tabli de fa\u00e7on l\u00e9gitime, au sens&#8230;<\/p>\n","protected":false},"author":1,"featured_media":0,"parent":70,"menu_order":0,"comment_status":"open","ping_status":"open","template":"","meta":[],"tags":[],"_links":{"self":[{"href":"http:\/\/agoratheque.3zcom.com\/index.php?rest_route=\/wp\/v2\/pages\/1498"}],"collection":[{"href":"http:\/\/agoratheque.3zcom.com\/index.php?rest_route=\/wp\/v2\/pages"}],"about":[{"href":"http:\/\/agoratheque.3zcom.com\/index.php?rest_route=\/wp\/v2\/types\/page"}],"author":[{"embeddable":true,"href":"http:\/\/agoratheque.3zcom.com\/index.php?rest_route=\/wp\/v2\/users\/1"}],"replies":[{"embeddable":true,"href":"http:\/\/agoratheque.3zcom.com\/index.php?rest_route=%2Fwp%2Fv2%2Fcomments&post=1498"}],"version-history":[{"count":11,"href":"http:\/\/agoratheque.3zcom.com\/index.php?rest_route=\/wp\/v2\/pages\/1498\/revisions"}],"predecessor-version":[{"id":1500,"href":"http:\/\/agoratheque.3zcom.com\/index.php?rest_route=\/wp\/v2\/pages\/1498\/revisions\/1500"}],"up":[{"embeddable":true,"href":"http:\/\/agoratheque.3zcom.com\/index.php?rest_route=\/wp\/v2\/pages\/70"}],"wp:attachment":[{"href":"http:\/\/agoratheque.3zcom.com\/index.php?rest_route=%2Fwp%2Fv2%2Fmedia&parent=1498"}],"wp:term":[{"taxonomy":"post_tag","embeddable":true,"href":"http:\/\/agoratheque.3zcom.com\/index.php?rest_route=%2Fwp%2Fv2%2Ftags&post=1498"}],"curies":[{"name":"wp","href":"https:\/\/api.w.org\/{rel}","templated":true}]}}