{"id":150,"date":"2011-06-09T11:46:55","date_gmt":"2011-06-09T15:46:55","guid":{"rendered":"http:\/\/agoratheque.yprovencal.ep.profweb.qc.ca\/?page_id=150"},"modified":"2011-06-21T14:11:16","modified_gmt":"2011-06-21T18:11:16","slug":"l%e2%80%99integration-des-forums-de-discussion-dans-l%e2%80%99enseignement-superieur","status":"publish","type":"page","link":"http:\/\/agoratheque.3zcom.com\/?page_id=150","title":{"rendered":"L\u2019int\u00e9gration des forums de discussion dans l\u2019enseignement sup\u00e9rieur"},"content":{"rendered":"<p><em><img decoding=\"async\" loading=\"lazy\" class=\"alignleft\" src=\"https:\/\/lms2.decclic.qc.ca\/Pub\/F38E337E-4AB4-4459-8A51-E3429AA48AD9\/campos.jpg\" alt=\"\" width=\"235\" height=\"322\" \/>L&rsquo;int\u00e9gration des forums de discussion dans l&rsquo;enseignement sup\u00e9rieur<\/em>, par Milton N. Campos, Montr\u00e9al, Presses de l&rsquo;Universit\u00e9 de Montr\u00e9al, 2004.<\/p>\n<div class=\"edit-link\"><a class=\"post-edit-link\" href=\"\">modifier<\/a><\/div>","protected":false},"excerpt":{"rendered":"<p>L&rsquo;int\u00e9gration des forums de discussion dans l&rsquo;enseignement sup\u00e9rieur, par Milton N. Campos, Montr\u00e9al, Presses de l&rsquo;Universit\u00e9 de Montr\u00e9al, 2004. modifier<\/p>\n","protected":false},"author":3,"featured_media":0,"parent":70,"menu_order":0,"comment_status":"open","ping_status":"open","template":"","meta":[],"tags":[6],"_links":{"self":[{"href":"http:\/\/agoratheque.3zcom.com\/index.php?rest_route=\/wp\/v2\/pages\/150"}],"collection":[{"href":"http:\/\/agoratheque.3zcom.com\/index.php?rest_route=\/wp\/v2\/pages"}],"about":[{"href":"http:\/\/agoratheque.3zcom.com\/index.php?rest_route=\/wp\/v2\/types\/page"}],"author":[{"embeddable":true,"href":"http:\/\/agoratheque.3zcom.com\/index.php?rest_route=\/wp\/v2\/users\/3"}],"replies":[{"embeddable":true,"href":"http:\/\/agoratheque.3zcom.com\/index.php?rest_route=%2Fwp%2Fv2%2Fcomments&post=150"}],"version-history":[{"count":4,"href":"http:\/\/agoratheque.3zcom.com\/index.php?rest_route=\/wp\/v2\/pages\/150\/revisions"}],"predecessor-version":[{"id":450,"href":"http:\/\/agoratheque.3zcom.com\/index.php?rest_route=\/wp\/v2\/pages\/150\/revisions\/450"}],"up":[{"embeddable":true,"href":"http:\/\/agoratheque.3zcom.com\/index.php?rest_route=\/wp\/v2\/pages\/70"}],"wp:attachment":[{"href":"http:\/\/agoratheque.3zcom.com\/index.php?rest_route=%2Fwp%2Fv2%2Fmedia&parent=150"}],"wp:term":[{"taxonomy":"post_tag","embeddable":true,"href":"http:\/\/agoratheque.3zcom.com\/index.php?rest_route=%2Fwp%2Fv2%2Ftags&post=150"}],"curies":[{"name":"wp","href":"https:\/\/api.w.org\/{rel}","templated":true}]}}