{"id":1511,"date":"2011-07-21T13:42:21","date_gmt":"2011-07-21T17:42:21","guid":{"rendered":"http:\/\/agoratheque.yprovencal.ep.profweb.qc.ca\/?page_id=1511"},"modified":"2011-07-21T13:45:23","modified_gmt":"2011-07-21T17:45:23","slug":"theme-la-logique","status":"publish","type":"page","link":"http:\/\/agoratheque.3zcom.com\/?page_id=1511","title":{"rendered":"Th\u00e8me: la logique"},"content":{"rendered":"<div>\n<p><a title=\"\u00c0 quoi sert la logique de l\u2019argumentation (1) ?\" href=\"http:\/\/mail.agoratheque.3zcom.com\/?page_id=84\">\u00c0 quoi sert la logique de l&rsquo;argumentation (1)\u00a0?<\/a><\/p>\n<p><em>\u00a0\u00a0\u00a0\u00a0\u00a0\u00a0Une \u00e9tudiante d\u00e9fend une position originale qui pourrait surprendre bien des enseignants. Selon elle, la logique de l\u2019argumentation ne tient qu\u2019un r\u00f4le mineur dans ce qui rend un discours int\u00e9ressant et valable\u2026 Nous verrons qu\u2019elle devra r\u00e9viser son jugement, mais pour aboutir \u00e0 une conclusion \u00e9tonnante.<\/em><\/p>\n<p><a title=\"\u00c0 quoi sert la logique de l\u2019argumentation (2) ?\" href=\"http:\/\/mail.agoratheque.3zcom.com\/?page_id=86\">\u00c0 quoi sert la logique de l&rsquo;argumentation (2)\u00a0?<\/a><\/p>\n<p><em>\u00a0\u00a0\u00a0\u00a0\u00a0\u00a0La logique de l&rsquo;argumentation favorise-t-elle les\u00a0id\u00e9es nouvelles ou leur fait-elle obstacle ?<\/em><\/p>\n<\/div>\n<div class=\"edit-link\"><a class=\"post-edit-link\" href=\"\">modifier<\/a><\/div>","protected":false},"excerpt":{"rendered":"<p>\u00c0 quoi sert la logique de l&rsquo;argumentation (1)\u00a0? \u00a0\u00a0\u00a0\u00a0\u00a0\u00a0Une \u00e9tudiante d\u00e9fend une position originale qui pourrait surprendre bien des enseignants. Selon elle, la logique de l\u2019argumentation ne tient qu\u2019un r\u00f4le mineur dans ce qui rend un discours int\u00e9ressant et valable\u2026 Nous verrons qu\u2019elle&#8230;<\/p>\n","protected":false},"author":1,"featured_media":0,"parent":70,"menu_order":0,"comment_status":"open","ping_status":"open","template":"","meta":[],"tags":[],"_links":{"self":[{"href":"http:\/\/agoratheque.3zcom.com\/index.php?rest_route=\/wp\/v2\/pages\/1511"}],"collection":[{"href":"http:\/\/agoratheque.3zcom.com\/index.php?rest_route=\/wp\/v2\/pages"}],"about":[{"href":"http:\/\/agoratheque.3zcom.com\/index.php?rest_route=\/wp\/v2\/types\/page"}],"author":[{"embeddable":true,"href":"http:\/\/agoratheque.3zcom.com\/index.php?rest_route=\/wp\/v2\/users\/1"}],"replies":[{"embeddable":true,"href":"http:\/\/agoratheque.3zcom.com\/index.php?rest_route=%2Fwp%2Fv2%2Fcomments&post=1511"}],"version-history":[{"count":3,"href":"http:\/\/agoratheque.3zcom.com\/index.php?rest_route=\/wp\/v2\/pages\/1511\/revisions"}],"predecessor-version":[{"id":1513,"href":"http:\/\/agoratheque.3zcom.com\/index.php?rest_route=\/wp\/v2\/pages\/1511\/revisions\/1513"}],"up":[{"embeddable":true,"href":"http:\/\/agoratheque.3zcom.com\/index.php?rest_route=\/wp\/v2\/pages\/70"}],"wp:attachment":[{"href":"http:\/\/agoratheque.3zcom.com\/index.php?rest_route=%2Fwp%2Fv2%2Fmedia&parent=1511"}],"wp:term":[{"taxonomy":"post_tag","embeddable":true,"href":"http:\/\/agoratheque.3zcom.com\/index.php?rest_route=%2Fwp%2Fv2%2Ftags&post=1511"}],"curies":[{"name":"wp","href":"https:\/\/api.w.org\/{rel}","templated":true}]}}