{"id":152,"date":"2011-06-09T11:47:39","date_gmt":"2011-06-09T15:47:39","guid":{"rendered":"http:\/\/agoratheque.yprovencal.ep.profweb.qc.ca\/?page_id=152"},"modified":"2011-07-22T14:02:33","modified_gmt":"2011-07-22T18:02:33","slug":"sujets-sensibles","status":"publish","type":"page","link":"http:\/\/agoratheque.3zcom.com\/?page_id=152","title":{"rendered":"Sujets sensibles"},"content":{"rendered":"<p><strong><em>Avertissement<\/em><\/strong><\/p>\n<p><em>\u00a0\u00a0\u00a0\u00a0\u00a0\u00a0Chacun des sujets suivants est d\u00e9licat, voire dangereux, \u00e0 traiter. Il s\u2019agit de questions qui comportent un fond politique plus ou moins clair. Dans certains cas, plusieurs lecteurs risquent d\u2019\u00eatre d\u00e9rang\u00e9s par les propos qui sont tenus.<\/em>\u00a0<em>Les sujets sensibles sont ceux qui sont le plus susceptibles de faire avancer vers des pistes de solution si, du moins, l\u2019\u00e9change\u00a0se veut\u00a0une discussion de fond, ce qui semble\u00a0\u00eatre le cas dans chacun des forums suivants. <\/em><\/p>\n<p><em>\u00a0<\/em><\/p>\n<p>\u2022 <span style=\"font-size: small;\"><span style=\"font-size: small;\"><a title=\"La diabolisation des nazis\" href=\"http:\/\/mail.agoratheque.3zcom.com\/?page_id=116\" target=\"_blank\">La diabolisation des nazis<\/a><\/span><\/span><\/p>\n<p><span style=\"font-size: small;\"><span style=\"font-size: small;\"><em>\u00a0\u00a0\u00a0\u00a0\u00a0\u00a0\u00a0La diabolisation est une forme d\u2019irrespect envers l\u2019humain. Un \u00e9tudiant tente de montrer la validit\u00e9 d\u2019un tel \u00e9nonc\u00e9\u00a0g\u00e9n\u00e9ral mais dans le cas des nazis en particulier. Cet \u00e9tudiant a \u00e9t\u00e9 averti qu&rsquo;il s&rsquo;agissait d&rsquo;un cas des plus difficiles.<\/em><\/span><\/span><\/p>\n<p><span style=\"font-size: small;\"><span style=\"font-size: small;\">\u00a0<\/span><\/span><span style=\"font-size: small;\"><span style=\"font-size: small;\"><em>\u00a0<\/em><\/span><\/span><\/p>\n<p><span style=\"font-size: small;\"><span style=\"font-size: small;\"><em><span style=\"font-size: small;\"><span style=\"font-size: small;\"><em>\u2022<\/em><\/span><\/span> <\/em><\/span><\/span><span style=\"font-size: small;\"><span style=\"font-size: small;\"><a title=\"Le respect des groupes marginaux\" href=\"http:\/\/mail.agoratheque.3zcom.com\/?page_id=120\" target=\"_blank\">Le respect des groupes marginaux<\/a><\/span><\/span>\u00a0<\/p>\n<div><span style=\"font-size: small;\"><span style=\"font-size: small;\"><em>\u00a0\u00a0\u00a0\u00a0\u00a0\u00a0 Deux \u00e9tudiants ont entrepris avec courage de d\u00e9crire l\u2019irrespect dont font l\u2019objet certains groupes marginaux de la part de la soci\u00e9t\u00e9 dominante, qui est ici la soci\u00e9t\u00e9 qu\u00e9b\u00e9coise\u00a0; ils envisagent en particulier le cas de certains groupes de motards criminalis\u00e9s.<\/em>\u00a0<\/span><\/span><\/div>\n<div><span style=\"font-size: small;\"><span style=\"font-size: small;\">\u00a0<\/span><\/span><\/div>\n<div><span style=\"font-size: small;\"><span style=\"font-size: small;\">\u00a0<\/span><\/span><\/div>\n<div><span style=\"font-size: small;\"><span style=\"font-size: small;\">\u00a0<\/span><\/span><span style=\"font-size: small;\"><span style=\"font-size: small;\">\u00a0<\/span><\/span><span style=\"font-size: small;\"><span style=\"font-size: small;\">\u00a0<\/span><\/span>\u2022 <a title=\"Les droits humains en Chine\" href=\"http:\/\/mail.agoratheque.3zcom.com\/?page_id=118\" target=\"_blank\">Les droits humains en Chine<\/a><\/div>\n<p><em>\u00a0\u00a0\u00a0\u00a0\u00a0\u00a0Deux \u00e9tudiants qui militent dans le mouvement Amnistie Internationale veulent convaincre les autres \u00e9tudiants de signer une p\u00e9tition en faveur de dissidents en Chine. La complexit\u00e9 de la situation rend la question difficile.<\/em><\/p>\n<p>\u2022\u00a0<a title=\"L\u2019ind\u00e9pendance du Qu\u00e9bec\" href=\"http:\/\/mail.agoratheque.3zcom.com\/?page_id=110\" target=\"_blank\">L&rsquo;ind\u00e9pendance du Qu\u00e9bec<\/a><\/p>\n<p><em>\u00a0\u00a0\u00a0\u00a0\u00a0\u00a0Un \u00e9tudiant souverainiste parvient\u00a0\u00e0 convaincre un autre \u00e9tudiant qui est f\u00e9d\u00e9raliste, mais en aboutissant \u00e0 un r\u00e9sultat inattendu. Il\u00a0s&rsquo;agit-l\u00e0 d&rsquo;un sujet sensible \u00e9tant donn\u00e9e l&rsquo;incertitude sur les enjeux du monde actuel.<\/em>\u00a0<\/p>\n<p><a title=\"Le respect des personnes et des groupes (1)\" href=\"http:\/\/mail.agoratheque.3zcom.com\/?page_id=122\" target=\"_blank\">\u2022 Le respect des personnes et des groupes (1)<\/a><\/p>\n<p><em>\u00a0\u00a0\u00a0\u00a0\u00a0\u00a0Plusieurs \u00e9tudiants s\u2019efforcent ici d\u2019\u00e9lucider le concept de respect des personnes et des groupes\u00a0; l\u2019\u00e9change de propos concerne d\u2019abord le respect des groupes ou des cultures et, en particulier, de la culture qu\u00e9b\u00e9coise, pour d\u00e9boucher sur un questionnement quant \u00e0 l\u2019avenir du fran\u00e7ais au Qu\u00e9bec et dans le monde.<\/em>\u00a0\u00a0\u00a0\u00a0\u00a0\u00a0\u00a0\u00a0\u00a0\u00a0\u00a0\u00a0\u00a0\u00a0\u00a0\u00a0\u00a0\u00a0\u00a0\u00a0\u00a0\u00a0\u00a0\u00a0\u00a0<\/p>\n<p><a title=\"Critique de la condamnation morale\" href=\"http:\/\/mail.agoratheque.3zcom.com\/?page_id=114\" target=\"_blank\">\u2022 Critique de la condamnation morale<\/a>\u00a0<\/p>\n<p>\u00a0\u00a0\u00a0<em>\u00a0\u00a0\u00a0La critique de l\u2019irrespect entre les groupes conduit \u00e0 celle de la condamnation morale en g\u00e9n\u00e9ral. Une \u00e9tudiante \u00e9labore ici une forte critique en ce sens.<\/em><\/p>\n<p><span style=\"font-family: Times New Roman; font-size: small;\">\u00a0<\/span><\/p>\n<p><span style=\"font-family: Times New Roman; font-size: small;\"><a title=\"Jeunes et moins jeunes contrevenants\" href=\"http:\/\/mail.agoratheque.3zcom.com\/?page_id=112\" target=\"_blank\">\u2022 Jeunes et moins jeunes contrevenants <\/a><\/span><\/p>\n<p><span style=\"font-family: Times New Roman; font-size: small;\"><em>\u00a0\u00a0\u00a0\u00a0\u00a0\u00a0\u00a0\u00a0 <em>Un \u00e9tudiant se porte ici \u00e0 la d\u00e9fense des jeunes et m\u00eame des moins jeunes contrevenants. La soci\u00e9t\u00e9 les traiterait tous de fa\u00e7on peu respectueuse.<\/em><\/em><\/span><\/p>\n<div><span style=\"font-size: small;\">\u00a0<\/span>\u00a0<\/div>\n<div><span style=\"font-size: small;\"><span style=\"font-size: small;\"><a title=\"Le respect des personnes et des groupes (2)\" href=\"http:\/\/mail.agoratheque.3zcom.com\/?page_id=124\" target=\"_blank\">\u2022 Le respect des personnes et des groupes (2)<\/a><\/span><\/span><\/div>\n<div><span style=\"font-size: small;\"><span style=\"font-size: small;\">\u00a0<\/span><\/span><\/div>\n<div><span style=\"font-size: small;\"><span style=\"font-size: small;\"><em><em>\u00a0\u00a0\u00a0\u00a0\u00a0\u00a0Des \u00e9tudiants poursuivent leur discussion sur le respect des personnes et des groupes\u00a0; l\u2019\u00e9change de propos concerne plus particuli\u00e8rement le respect des groupes ou des cultures et, en particulier, des groupes criminalis\u00e9s. On constate que l\u2019id\u00e9e m\u00eame de respect des groupes\u00a0pose des probl\u00e8mes tr\u00e8s difficiles qu&rsquo;on arrive n\u00e9anmoins \u00e0 surmonter en partie.<\/em>\u00a0<\/em><\/span><\/span><\/div>\n<div><em>\u00a0<\/em><\/div>\n<div><em><a title=\"Le respect des personnes et des groupes (3)\" href=\"http:\/\/mail.agoratheque.3zcom.com\/?page_id=126\" target=\"_blank\">\u2022 Le respect des personnes et des groupes (3)<\/a><\/em><\/div>\n<div><span style=\"font-size: small;\"><span style=\"font-size: small;\"><em>\u00a0<\/em><\/span><\/span><em><\/em><\/div>\n<div><em><em>\u00a0\u00a0\u00a0\u00a0\u00a0\u00a0Plusieurs \u00e9tudiants poursuivent leur discussion sur le respect des personnes et des groupes\u00a0; ils s\u2019attaquent \u00e0 la question\u00a0: <\/em>faut-il censurer les propos dits haineux\u00a0?<\/em><\/div>\n<div><em>\u00a0<\/em><\/div>\n<div class=\"edit-link\"><a class=\"post-edit-link\" href=\"\">modifier<\/a><\/div>","protected":false},"excerpt":{"rendered":"<p>Avertissement \u00a0\u00a0\u00a0\u00a0\u00a0\u00a0Chacun des sujets suivants est d\u00e9licat, voire dangereux, \u00e0 traiter. Il s\u2019agit de questions qui comportent un fond politique plus ou moins clair. Dans certains cas, plusieurs lecteurs risquent d\u2019\u00eatre d\u00e9rang\u00e9s par les propos qui sont tenus.\u00a0Les sujets sensibles sont ceux qui&#8230;<\/p>\n","protected":false},"author":3,"featured_media":0,"parent":70,"menu_order":0,"comment_status":"open","ping_status":"open","template":"","meta":[],"tags":[10],"_links":{"self":[{"href":"http:\/\/agoratheque.3zcom.com\/index.php?rest_route=\/wp\/v2\/pages\/152"}],"collection":[{"href":"http:\/\/agoratheque.3zcom.com\/index.php?rest_route=\/wp\/v2\/pages"}],"about":[{"href":"http:\/\/agoratheque.3zcom.com\/index.php?rest_route=\/wp\/v2\/types\/page"}],"author":[{"embeddable":true,"href":"http:\/\/agoratheque.3zcom.com\/index.php?rest_route=\/wp\/v2\/users\/3"}],"replies":[{"embeddable":true,"href":"http:\/\/agoratheque.3zcom.com\/index.php?rest_route=%2Fwp%2Fv2%2Fcomments&post=152"}],"version-history":[{"count":7,"href":"http:\/\/agoratheque.3zcom.com\/index.php?rest_route=\/wp\/v2\/pages\/152\/revisions"}],"predecessor-version":[{"id":261,"href":"http:\/\/agoratheque.3zcom.com\/index.php?rest_route=\/wp\/v2\/pages\/152\/revisions\/261"}],"up":[{"embeddable":true,"href":"http:\/\/agoratheque.3zcom.com\/index.php?rest_route=\/wp\/v2\/pages\/70"}],"wp:attachment":[{"href":"http:\/\/agoratheque.3zcom.com\/index.php?rest_route=%2Fwp%2Fv2%2Fmedia&parent=152"}],"wp:term":[{"taxonomy":"post_tag","embeddable":true,"href":"http:\/\/agoratheque.3zcom.com\/index.php?rest_route=%2Fwp%2Fv2%2Ftags&post=152"}],"curies":[{"name":"wp","href":"https:\/\/api.w.org\/{rel}","templated":true}]}}