{"id":1523,"date":"2011-07-21T16:51:54","date_gmt":"2011-07-21T20:51:54","guid":{"rendered":"http:\/\/agoratheque.yprovencal.ep.profweb.qc.ca\/?page_id=1523"},"modified":"2011-07-21T16:58:53","modified_gmt":"2011-07-21T20:58:53","slug":"theme-la-politique","status":"publish","type":"page","link":"http:\/\/agoratheque.3zcom.com\/?page_id=1523","title":{"rendered":"Th\u00e8me: la politique"},"content":{"rendered":"<p><a title=\"L\u2019ind\u00e9pendance du Qu\u00e9bec\" href=\"http:\/\/mail.agoratheque.3zcom.com\/?page_id=110\">L&rsquo;ind\u00e9pendance du Qu\u00e9bec<\/a><\/p>\n<p>\u00a0\u00a0\u00a0\u00a0\u00a0\u00a0<em>Un \u00e9tudiant souverainiste parvient\u00a0\u00e0 convaincre un autre \u00e9tudiant qui\u00a0\u00e9tait d&rsquo;abord\u00a0f\u00e9d\u00e9raliste, mais en aboutissant \u00e0 un r\u00e9sultat inattendu.<\/em>\u00a0<\/p>\n<p><a title=\"Critique de l\u2019\u00e9ducation\" href=\"http:\/\/mail.agoratheque.3zcom.com\/?page_id=92\">Critique de l&rsquo;\u00e9ducation<\/a><\/p>\n<p><em>\u00a0\u00a0\u00a0\u00a0\u00a0\u00a0L\u2019\u00e9ducation, et l\u2019\u00e9ducation coll\u00e9giale en particulier, sont-elles au service de certains pouvoirs politiques\u00a0? Y aurait-il une sorte de grand syst\u00e8me qui nous asservirait \u00e0 ses fins propres\u00a0?<\/em><\/p>\n<p><a title=\"La voix d\u2019un dissident\" href=\"http:\/\/mail.agoratheque.3zcom.com\/?page_id=133\" target=\"_blank\">La voix d&rsquo;un dissident<\/a><\/p>\n<p><em>\u00a0\u00a0\u00a0\u00a0\u00a0\u00a0Un \u00e9tudiant se d\u00e9clare dissident. Ce faisant, il se trouve \u00e0 d\u00e9fier le pouvoir politique d\u2019une soci\u00e9t\u00e9. Il tente de montrer que sa dissidence ne comporte aucune violence.<\/em><\/p>\n<p><a title=\"L\u2019\u00e9thocentrisme\" href=\"http:\/\/mail.agoratheque.3zcom.com\/?page_id=108\" target=\"_blank\">L&rsquo;\u00e9thocentrisme<\/a><\/p>\n<p><em>\u00a0\u00a0\u00a0\u00a0\u00a0\u00a0Une \u00e9tudiante s\u2019est donn\u00e9 la t\u00e2che d\u2019\u00e9claircir la signification du terme \u00e9thocentrisme. En particulier, elle montre comment la distinction doit \u00eatre faite avec le terme voisin d\u2019ethnocentrisme.<\/em><\/p>\n<p><a title=\"Qu\u2019est-ce que la situation g\u00e9n\u00e9rale d\u2019irrespect?\" href=\"http:\/\/mail.agoratheque.3zcom.com\/?page_id=105\" target=\"_blank\">Qu&rsquo;est-ce que la situation g\u00e9n\u00e9rale d&rsquo;irrespect ?<\/a><\/p>\n<p><em>\u00a0\u00a0\u00a0\u00a0\u00a0\u00a0Il semble qu\u2019aucun des \u00c9tats-nations existants ne se soit \u00e9tabli de fa\u00e7on l\u00e9gitime, au sens \u00e9thique de ce terme. Des \u00e9tudiants tentent de comprendre ce que cela implique pour notre compr\u00e9hension actuelle du monde.<\/em><\/p>\n<p><a title=\"Le respect des personnes et des groupes (1)\" href=\"http:\/\/mail.agoratheque.3zcom.com\/?page_id=122\" target=\"_blank\">Le respect des personnes et des groupes (1)<\/a><\/p>\n<p><em>\u00a0\u00a0\u00a0\u00a0\u00a0\u00a0Plusieurs \u00e9tudiants s\u2019efforcent ici d\u2019\u00e9lucider le concept de respect des personnes et des groupes\u00a0; l\u2019\u00e9change de propos concerne d\u2019abord le respect des groupes ou des cultures et, en particulier, de la culture qu\u00e9b\u00e9coise, pour d\u00e9boucher sur un questionnement quant \u00e0 l\u2019avenir de fran\u00e7ais au Qu\u00e9bec et dans le monde.<\/em>\u00a0\u00a0\u00a0\u00a0\u00a0\u00a0\u00a0\u00a0\u00a0\u00a0\u00a0\u00a0\u00a0\u00a0\u00a0\u00a0\u00a0\u00a0\u00a0\u00a0\u00a0\u00a0\u00a0\u00a0\u00a0<\/p>\n<p><a title=\"La diabolisation des nazis\" href=\"http:\/\/mail.agoratheque.3zcom.com\/?page_id=116\" target=\"_blank\">La diabolisation des nazis<\/a><\/p>\n<p><em>\u00a0\u00a0\u00a0\u00a0\u00a0\u00a0La diabolisation comporte une importante dimension politique. Un \u00e9tudiant tente de le montrer\u00a0dans le cas particuli\u00e8rement difficile des nazis.<\/em><\/p>\n<p><a title=\"Le respect des groupes marginaux\" href=\"http:\/\/mail.agoratheque.3zcom.com\/?page_id=120\" target=\"_blank\">Le respect des groupes marginaux<\/a><\/p>\n<p><em>\u00a0\u00a0\u00a0\u00a0\u00a0\u00a0Deux \u00e9tudiants ont entrepris avec courage de d\u00e9crire l\u2019irrespect dont font l\u2019objet certains groupes marginaux de la part de la soci\u00e9t\u00e9 dominante, qui est ici la soci\u00e9t\u00e9 qu\u00e9b\u00e9coise\u00a0; ils envisagent en particulier le cas de certains groupes de motards criminalis\u00e9s.<\/em>\u00a0<\/p>\n<p><a title=\"Le respect des personnes et des groupes (2)\" href=\"http:\/\/mail.agoratheque.3zcom.com\/?page_id=124\" target=\"_blank\">Le respect des personnes et des groupes (2)<\/a><\/p>\n<p><em><em>\u00a0\u00a0\u00a0\u00a0\u00a0\u00a0Des \u00e9tudiants poursuivent leur discussion sur le respect des personnes et des groupes\u00a0; l\u2019\u00e9change de propos concerne plus particuli\u00e8rement le respect des groupes ou des cultures et, en particulier, des groupes criminalis\u00e9s. On constate que l\u2019id\u00e9e m\u00eame de respect des groupes\u00a0pose des probl\u00e8mes tr\u00e8s difficiles qu&rsquo;on arrive n\u00e9anmoins \u00e0 surmonter en partie.<\/em>\u00a0<\/em><\/p>\n<p><a title=\"Le respect des personnes et des groupes (3)\" href=\"http:\/\/mail.agoratheque.3zcom.com\/?page_id=126\" target=\"_blank\">Le respect des personnes et des groupes (3)<\/a><\/p>\n<p><em>\u00a0\u00a0\u00a0\u00a0\u00a0\u00a0Plusieurs \u00e9tudiants poursuivent leur discussion sur le respect des personnes et des groupes\u00a0; ils s\u2019attaquent \u00e0 la question\u00a0: <\/em>Faut-il censurer les propos dits haineux\u00a0?\u00a0<\/p>\n<p><a title=\"L\u2019avenir de la pens\u00e9e critique\" href=\"http:\/\/mail.agoratheque.3zcom.com\/?page_id=129\" target=\"_blank\">L&rsquo;avenir de la pens\u00e9e critique<\/a><\/p>\n<p><em>\u00a0\u00a0\u00a0\u00a0\u00a0\u00a0Quatre \u00e9tudiants de philosophie qui partagent un int\u00e9r\u00eat particulier pour la science ont con\u00e7u un projet tr\u00e8s ambitieux. Ils ont demand\u00e9 de former un groupe de recherche sur le d\u00e9veloppement de la pens\u00e9e critique \u00e0 partir des Pr\u00e9socratiques. Apr\u00e8s s\u2019\u00eatre document\u00e9 sur l\u2019histoire de la science,\u00a0l&rsquo;un d&rsquo;eux\u00a0propose une hypoth\u00e8se \u00e0 propos de l\u2019avenir de la pens\u00e9e critique.<\/em><\/p>\n<div class=\"edit-link\"><a class=\"post-edit-link\" href=\"\">modifier<\/a><\/div>","protected":false},"excerpt":{"rendered":"<p>L&rsquo;ind\u00e9pendance du Qu\u00e9bec \u00a0\u00a0\u00a0\u00a0\u00a0\u00a0Un \u00e9tudiant souverainiste parvient\u00a0\u00e0 convaincre un autre \u00e9tudiant qui\u00a0\u00e9tait d&rsquo;abord\u00a0f\u00e9d\u00e9raliste, mais en aboutissant \u00e0 un r\u00e9sultat inattendu.\u00a0 Critique de l&rsquo;\u00e9ducation \u00a0\u00a0\u00a0\u00a0\u00a0\u00a0L\u2019\u00e9ducation, et l\u2019\u00e9ducation coll\u00e9giale en particulier, sont-elles au service de certains pouvoirs politiques\u00a0? Y aurait-il une sorte de grand syst\u00e8me&#8230;<\/p>\n","protected":false},"author":1,"featured_media":0,"parent":70,"menu_order":0,"comment_status":"open","ping_status":"open","template":"","meta":[],"tags":[],"_links":{"self":[{"href":"http:\/\/agoratheque.3zcom.com\/index.php?rest_route=\/wp\/v2\/pages\/1523"}],"collection":[{"href":"http:\/\/agoratheque.3zcom.com\/index.php?rest_route=\/wp\/v2\/pages"}],"about":[{"href":"http:\/\/agoratheque.3zcom.com\/index.php?rest_route=\/wp\/v2\/types\/page"}],"author":[{"embeddable":true,"href":"http:\/\/agoratheque.3zcom.com\/index.php?rest_route=\/wp\/v2\/users\/1"}],"replies":[{"embeddable":true,"href":"http:\/\/agoratheque.3zcom.com\/index.php?rest_route=%2Fwp%2Fv2%2Fcomments&post=1523"}],"version-history":[{"count":5,"href":"http:\/\/agoratheque.3zcom.com\/index.php?rest_route=\/wp\/v2\/pages\/1523\/revisions"}],"predecessor-version":[{"id":1525,"href":"http:\/\/agoratheque.3zcom.com\/index.php?rest_route=\/wp\/v2\/pages\/1523\/revisions\/1525"}],"up":[{"embeddable":true,"href":"http:\/\/agoratheque.3zcom.com\/index.php?rest_route=\/wp\/v2\/pages\/70"}],"wp:attachment":[{"href":"http:\/\/agoratheque.3zcom.com\/index.php?rest_route=%2Fwp%2Fv2%2Fmedia&parent=1523"}],"wp:term":[{"taxonomy":"post_tag","embeddable":true,"href":"http:\/\/agoratheque.3zcom.com\/index.php?rest_route=%2Fwp%2Fv2%2Ftags&post=1523"}],"curies":[{"name":"wp","href":"https:\/\/api.w.org\/{rel}","templated":true}]}}