{"id":1535,"date":"2011-07-22T09:16:41","date_gmt":"2011-07-22T13:16:41","guid":{"rendered":"http:\/\/agoratheque.yprovencal.ep.profweb.qc.ca\/?page_id=1535"},"modified":"2011-07-22T09:20:19","modified_gmt":"2011-07-22T13:20:19","slug":"theme-la-rationalite","status":"publish","type":"page","link":"http:\/\/agoratheque.3zcom.com\/?page_id=1535","title":{"rendered":"Th\u00e8me: la rationalit\u00e9"},"content":{"rendered":"<p><a title=\"\u00c0 quoi sert la logique de l\u2019argumentation (1) ?\" href=\"http:\/\/mail.agoratheque.3zcom.com\/?page_id=84\">\u00c0 quoi sert la logique de l&rsquo;argumentation (1) ?<\/a><\/p>\n<p><em>\u00a0\u00a0\u00a0\u00a0\u00a0\u00a0Une \u00e9tudiante veut montrer que la logique de l\u2019argumentation ne tient qu\u2019un r\u00f4le mineur dans ce qui rend un discours int\u00e9ressant et valable. Cependant nous verrons qu\u2019elle devra r\u00e9viser son jugement, mais pour aboutir \u00e0 une conclusion \u00e9tonnante.<\/em><\/p>\n<p><a title=\"\u00c0 quoi sert la logique de l\u2019argumentation (2) ?\" href=\"http:\/\/mail.agoratheque.3zcom.com\/?page_id=86\">\u00c0 quoi sert la logique de l&rsquo;argumentation (2)\u00a0?<\/a><\/p>\n<p>\u00a0\u00a0\u00a0\u00a0\u00a0\u00a0<em>Une \u00e9tudiante soutient que la logique de l\u2019argumentation\u00a0n&rsquo;a pas jou\u00e9 un r\u00f4le\u00a0positif dans l&rsquo;histoire des id\u00e9es; au lieu de favoriser l&rsquo;avancement des id\u00e9es, elle aurait servi \u00e0 leur faire obstacle; apr\u00e8s discussion avec d&rsquo;autres \u00e9tudiants, elle modifiera son jugement.<\/em><\/p>\n<p><a title=\"L\u2019avenir de la pens\u00e9e critique\" href=\"http:\/\/mail.agoratheque.3zcom.com\/?page_id=129\" target=\"_blank\">L&rsquo;avenir de la pens\u00e9e\u00a0critique<\/a><\/p>\n<p><em>\u00a0\u00a0\u00a0\u00a0\u00a0\u00a0Quatre \u00e9tudiants de philosophie qui partagent un int\u00e9r\u00eat particulier pour la science ont con\u00e7u un projet tr\u00e8s ambitieux. Ils ont demand\u00e9 de former un groupe de recherche sur le d\u00e9veloppement de la pens\u00e9e rationnelle et critique \u00e0 partir des Pr\u00e9socratiques. Apr\u00e8s s\u2019\u00eatre document\u00e9 sur l\u2019histoire de la science,\u00a0l&rsquo;un d&rsquo;eux\u00a0propose une hypoth\u00e8se \u00e0 propos d&rsquo;une importante \u00e9volution \u00e0 venir de la pens\u00e9e critique.<\/em><\/p>\n<p><a title=\"Les pseudosciences\" href=\"http:\/\/mail.agoratheque.3zcom.com\/?page_id=131\" target=\"_blank\">Les pseudosciences<\/a><\/p>\n<p><em>\u00a0\u00a0\u00a0\u00a0\u00a0\u00a0Des \u00e9tudiantes discutent de la question\u00a0de savoir s&rsquo;il est\u00a0rationnel de croire en l&rsquo;astrologie. Elles sont amen\u00e9es ainsi \u00e0 mieux comprendre la fa\u00e7on dont la science \u00e9volue.<\/em><\/p>\n<div class=\"edit-link\"><a class=\"post-edit-link\" href=\"\">modifier<\/a><\/div>","protected":false},"excerpt":{"rendered":"<p>\u00c0 quoi sert la logique de l&rsquo;argumentation (1) ? \u00a0\u00a0\u00a0\u00a0\u00a0\u00a0Une \u00e9tudiante veut montrer que la logique de l\u2019argumentation ne tient qu\u2019un r\u00f4le mineur dans ce qui rend un discours int\u00e9ressant et valable. Cependant nous verrons qu\u2019elle devra r\u00e9viser son jugement, mais pour aboutir&#8230;<\/p>\n","protected":false},"author":1,"featured_media":0,"parent":70,"menu_order":0,"comment_status":"open","ping_status":"open","template":"","meta":[],"tags":[],"_links":{"self":[{"href":"http:\/\/agoratheque.3zcom.com\/index.php?rest_route=\/wp\/v2\/pages\/1535"}],"collection":[{"href":"http:\/\/agoratheque.3zcom.com\/index.php?rest_route=\/wp\/v2\/pages"}],"about":[{"href":"http:\/\/agoratheque.3zcom.com\/index.php?rest_route=\/wp\/v2\/types\/page"}],"author":[{"embeddable":true,"href":"http:\/\/agoratheque.3zcom.com\/index.php?rest_route=\/wp\/v2\/users\/1"}],"replies":[{"embeddable":true,"href":"http:\/\/agoratheque.3zcom.com\/index.php?rest_route=%2Fwp%2Fv2%2Fcomments&post=1535"}],"version-history":[{"count":4,"href":"http:\/\/agoratheque.3zcom.com\/index.php?rest_route=\/wp\/v2\/pages\/1535\/revisions"}],"predecessor-version":[{"id":1539,"href":"http:\/\/agoratheque.3zcom.com\/index.php?rest_route=\/wp\/v2\/pages\/1535\/revisions\/1539"}],"up":[{"embeddable":true,"href":"http:\/\/agoratheque.3zcom.com\/index.php?rest_route=\/wp\/v2\/pages\/70"}],"wp:attachment":[{"href":"http:\/\/agoratheque.3zcom.com\/index.php?rest_route=%2Fwp%2Fv2%2Fmedia&parent=1535"}],"wp:term":[{"taxonomy":"post_tag","embeddable":true,"href":"http:\/\/agoratheque.3zcom.com\/index.php?rest_route=%2Fwp%2Fv2%2Ftags&post=1535"}],"curies":[{"name":"wp","href":"https:\/\/api.w.org\/{rel}","templated":true}]}}