{"id":1541,"date":"2011-07-22T10:34:55","date_gmt":"2011-07-22T14:34:55","guid":{"rendered":"http:\/\/agoratheque.yprovencal.ep.profweb.qc.ca\/?page_id=1541"},"modified":"2011-07-22T10:35:54","modified_gmt":"2011-07-22T14:35:54","slug":"theme-la-religion","status":"publish","type":"page","link":"http:\/\/agoratheque.3zcom.com\/?page_id=1541","title":{"rendered":"Th\u00e8me: la religion"},"content":{"rendered":"<p><a title=\"\u00c0 la recherche de Dieu (premi\u00e8re partie)\" href=\"http:\/\/mail.agoratheque.3zcom.com\/?page_id=101\">\u00c0 la recherche de Dieu (premi\u00e8re partie)<\/a><\/p>\n<p><em>\u00a0\u00a0\u00a0\u00a0\u00a0\u00a0Deux \u00e9tudiants ont demand\u00e9 de faire un forum dont le th\u00e8me g\u00e9n\u00e9ral serait l\u2019avenir de la religion et de la croyance en Dieu. L\u2019un croit en Dieu et se veut chr\u00e9tien d\u2019abord et avant tout. L\u2019autre est ind\u00e9cis. En fait, il voit aussi bien des raisons d\u2019\u00eatre ath\u00e9e, qu\u2019agnostique ou m\u00eame croyant. Leur but est d\u2019arriver \u00e0 une fa\u00e7on commune de comprendre Dieu et la religion. <\/em><\/p>\n<p><a title=\"\u00c0 la recherche de Dieu (deuxi\u00e8me partie)\" href=\"http:\/\/mail.agoratheque.3zcom.com\/?page_id=103\">\u00c0 la recherche de Dieu (deuxi\u00e8me partie)<\/a><\/p>\n<p><em>\u00a0\u00a0\u00a0\u00a0\u00a0\u00a0Les deux m\u00eames \u00e9tudiants\u00a0ont demand\u00e9 de faire un second forum sur le m\u00eame th\u00e8me g\u00e9n\u00e9ral de l\u2019avenir de la religion et de la croyance en Dieu. Leur but\u00a0est d&rsquo;arriver \u00e0 une fa\u00e7on commune de\u00a0comprendre Dieu et la religion mieux qu&rsquo;on ne l&rsquo;a fait jusqu&rsquo;\u00e0 pr\u00e9sent.<\/em><\/p>\n<div class=\"edit-link\"><a class=\"post-edit-link\" href=\"\">modifier<\/a><\/div>","protected":false},"excerpt":{"rendered":"<p>\u00c0 la recherche de Dieu (premi\u00e8re partie) \u00a0\u00a0\u00a0\u00a0\u00a0\u00a0Deux \u00e9tudiants ont demand\u00e9 de faire un forum dont le th\u00e8me g\u00e9n\u00e9ral serait l\u2019avenir de la religion et de la croyance en Dieu. L\u2019un croit en Dieu et se veut chr\u00e9tien d\u2019abord et avant tout. L\u2019autre&#8230;<\/p>\n","protected":false},"author":1,"featured_media":0,"parent":70,"menu_order":0,"comment_status":"open","ping_status":"open","template":"","meta":[],"tags":[],"_links":{"self":[{"href":"http:\/\/agoratheque.3zcom.com\/index.php?rest_route=\/wp\/v2\/pages\/1541"}],"collection":[{"href":"http:\/\/agoratheque.3zcom.com\/index.php?rest_route=\/wp\/v2\/pages"}],"about":[{"href":"http:\/\/agoratheque.3zcom.com\/index.php?rest_route=\/wp\/v2\/types\/page"}],"author":[{"embeddable":true,"href":"http:\/\/agoratheque.3zcom.com\/index.php?rest_route=\/wp\/v2\/users\/1"}],"replies":[{"embeddable":true,"href":"http:\/\/agoratheque.3zcom.com\/index.php?rest_route=%2Fwp%2Fv2%2Fcomments&post=1541"}],"version-history":[{"count":2,"href":"http:\/\/agoratheque.3zcom.com\/index.php?rest_route=\/wp\/v2\/pages\/1541\/revisions"}],"predecessor-version":[{"id":1543,"href":"http:\/\/agoratheque.3zcom.com\/index.php?rest_route=\/wp\/v2\/pages\/1541\/revisions\/1543"}],"up":[{"embeddable":true,"href":"http:\/\/agoratheque.3zcom.com\/index.php?rest_route=\/wp\/v2\/pages\/70"}],"wp:attachment":[{"href":"http:\/\/agoratheque.3zcom.com\/index.php?rest_route=%2Fwp%2Fv2%2Fmedia&parent=1541"}],"wp:term":[{"taxonomy":"post_tag","embeddable":true,"href":"http:\/\/agoratheque.3zcom.com\/index.php?rest_route=%2Fwp%2Fv2%2Ftags&post=1541"}],"curies":[{"name":"wp","href":"https:\/\/api.w.org\/{rel}","templated":true}]}}