{"id":1631,"date":"2011-07-25T09:20:15","date_gmt":"2011-07-25T13:20:15","guid":{"rendered":"http:\/\/agoratheque.yprovencal.ep.profweb.qc.ca\/?page_id=1631"},"modified":"2011-07-27T16:55:25","modified_gmt":"2011-07-27T20:55:25","slug":"1-3-3-sur-une-remarque-de-jacques-monod-a-propos-des-conditions-initiales","status":"publish","type":"page","link":"http:\/\/agoratheque.3zcom.com\/?page_id=1631","title":{"rendered":"1.3.3 Sur une remarque de Jacques Monod \u00e0 propos des conditions initiales"},"content":{"rendered":"<div>\n<p>\u00a0\u00a0\u00a0\u00a0\u00a0\u00a0\u00a0\u00a0\u00a0\u00a0\u00a0 Cependant l\u2019ensemble des conditions initiales d\u2019un d\u00e9veloppement embryonnaire est en g\u00e9n\u00e9ral notablement plus grand que le sous-ensemble des seules conditions initiales li\u00e9es au g\u00e9notype, ou au g\u00e9nome, de cet embryon. Ce fait se trouve exprim\u00e9 en partie par ce qui suit. La th\u00e9orie biologique moderne a \u00e9t\u00e9 critiqu\u00e9e en raison d\u2019une contradiction qui appara\u00eet dans le fait de dire que le g\u00e9nome d\u00e9finit enti\u00e8rement la fonction d\u2019une prot\u00e9ine. On voit, par exemple, dans le d\u00e9veloppement \u00e9pig\u00e9n\u00e9tique des structures (macroscopiques) des \u00eatres vivants un ph\u00e9nom\u00e8ne physique inexplicable, en raison de l\u2019enrichissement sans cause dont il para\u00eet t\u00e9moigner<a id=\"ref-1\" href=\"#note-1\"><sup>1<\/sup><\/a>. Pour sa part, Monod estime que c\u2019est un \u00ab\u00a0faux paradoxe\u00a0\u00bb parce que l\u2019information g\u00e9n\u00e9tique\u00a0\u00a0<\/p>\n<p>\u00ab\u00a0s\u2019exprime en fait dans des conditions initiales bien d\u00e9finies (en phase aqueuse, entre certaines limites, \u00e9troites, de temp\u00e9rature, composition ionique, etc.) [\u2026] <span style=\"text-decoration: underline;\">Les conditions initiales, par cons\u00e9quent, contribuent \u00e0 l\u2019information finalement enferm\u00e9e dans la structure globulaire, sans pour autant la sp\u00e9cifier <\/span>[\u2026] \u00c0 chacune des \u00ab\u00a0\u00e9tapes des structures d\u2019ordre sup\u00e9rieur\u00a0[\u2026et\u2026]\u00a0des fonctions nouvelles\u00a0[\u2026se\u2026] r\u00e9v\u00e8lent les <span style=\"text-decoration: underline;\">potentialit\u00e9s latentes<\/span> des niveaux ant\u00e9rieurs\u00a0\u00bb, des prot\u00e9ines aux organites cellulaires aux tissus et organes. \u00bb\u2026 \u00ab\u00a0\u00a0la quantit\u00e9 d\u2019information qui serait n\u00e9cessaire pour sp\u00e9cifier enti\u00e8rement la structure tridimensionnelle d\u2019une prot\u00e9ine est <em>beaucoup plus grande<\/em> que l\u2019information d\u00e9finie par la s\u00e9quence elle-m\u00eame\u00a0\u00bb<a id=\"ref-2\" href=\"#note-2\"><sup>2<\/sup><\/a>.\u00a0<\/p>\n<p>Monod fait donc ici allusion, sans le dire explicitement, au fait que le g\u00e9nome peut \u00eatre consid\u00e9r\u00e9 comme une partie des conditions initiales. Ce n\u2019est pas tr\u00e8s clair puisqu\u2019en disant que l\u2019information (g\u00e9n\u00e9tique) \u00ab\u00a0s\u2019exprime\u00a0\u00bb dans des conditions initiales, il semble dissocier cette information des conditions initiales. Cependant il aurait sans doute admis qu\u2019en un sens physique, le g\u00e9nome \u00e9quivaut \u00e0 des conditions initiales qui, \u00e0 elles seules, ne suffisent pas \u00e0 d\u00e9terminer certaines \u00ab\u00a0potentialit\u00e9s latentes\u00a0\u00bb. Il ne pr\u00e9cise pas le statut de ces potentialit\u00e9s, qu\u2019il para\u00eet en gros associer aux combinaisons mol\u00e9culaires a priori possibles.\u00a0<\/p>\n<p>\u00a0\u00a0\u00a0\u00a0\u00a0\u00a0\u00a0\u00a0\u00a0\u00a0\u00a0 La quantit\u00e9 d\u2019information qui est n\u00e9cessaire afin de sp\u00e9cifier la structure de la prot\u00e9ine peut provenir de deux sources qui sont les lois physiques de base et les conditions initiales. On peut pr\u00e9ciser que celles-ci \u00e9quivalent aux conditions pr\u00e9alables de tout syst\u00e8me physique qui inclut cette prot\u00e9ine. Ce sera le cas, notamment, du syst\u00e8me physique constitu\u00e9 par la cellule vivante. Cette distinction peut \u00eatre d\u00e9crite comme la diff\u00e9rence entre les lois fondamentales de la physique et \u00ab\u00a0l\u2019histoire\u00a0\u00bb du syst\u00e8me consid\u00e9r\u00e9. Selon Murray Gell-Mann, le contenu d\u2019information li\u00e9 \u00e0 chacune des histoires est \u00ab\u00a0gigantesque\u00a0\u00bb et provient des \u00ab\u00a0accidents quantiques qui surviennent en cours de route<a id=\"ref-3\" href=\"#note-3\"><sup>3<\/sup><\/a>\u00a0\u00bb.\u00a0\u00a0<\/p>\n<p>Les conditions initiales compl\u00e8tes du syst\u00e8me consid\u00e9r\u00e9 peuvent \u00eatre d\u00e9finies de diff\u00e9rentes fa\u00e7ons qui sont plus ou moins \u00e9quivalentes entre elles. On pourrait, de fa\u00e7on approximative, consid\u00e9rer un milieu restreint comme l\u2019environnement proche de la premi\u00e8re forme de vie ou encore l\u2019environnement constitu\u00e9 par la Terre \u00e0 ce moment. Cependant, il est \u00e9vident que, plus le syst\u00e8me pris en compte est restreint, plus l\u2019approximation sera grossi\u00e8re. En principe, il nous faut consid\u00e9rer le syst\u00e8me que constitue notre Univers lui-m\u00eame. Les conditions initiales de l\u2019Univers peuvent \u00eatre fix\u00e9es \u00e0 l\u2019un quelconque des moments pass\u00e9s qui ont suivi l\u2019\u00e9v\u00e9nement primordial du Big Bang. Par exemple, ce pourrait \u00eatre les conditions caract\u00e9risant l\u2019information li\u00e9e \u00e0 l\u2019ensemble des premi\u00e8res particules, ou encore le moment o\u00f9 les galaxies se sont form\u00e9es. Tout \u00e9tat subs\u00e9quent peut \u00eatre consid\u00e9r\u00e9 comme comprenant la t\u00e9l\u00e9onomie (probabiliste) de l\u2019Univers. Il serait donc souvent plus logique, dans plusieurs de ces cas, de parler de <em>conditions pr\u00e9alables<\/em> plut\u00f4t que de conditions initiales. Les conditions pr\u00e9alables de l\u2019Univers, combin\u00e9es aux lois et principes de base, apparaissent aptes \u00e0 faire \u00e9merger de nouveaux environnements locaux, qui \u00e0 leur tour apparaissent aptes \u00e0 faire \u00e9merger de nouvelles formes plus complexes. Celles-ci constituent ensuite d\u2019autres conditions pr\u00e9alables pour de nouveaux d\u00e9veloppements.\u00a0<\/p>\n<p>\u00a0\u00a0\u00a0\u00a0\u00a0\u00a0\u00a0\u00a0\u00a0\u00a0\u00a0 L\u2019ADN, ou le code g\u00e9n\u00e9tique, est un type de condition pr\u00e9alable agissant comme un g\u00e9n\u00e9rateur de nouvelles conditions pr\u00e9alables pour de nouvelles formes qui, de fa\u00e7on r\u00e9currente, sont aptes \u00e0 susciter encore d\u2019autres conditions pr\u00e9alables diff\u00e9rentes, souvent plus complexes et ainsi de suite. L\u2019embryon, en tant qu\u2019\u0153uf, est apte \u00e0 puiser en lui-m\u00eame l\u2019essentiel de ce qui rend effective sa <em>tendance probabilitaire<a id=\"ref-4\" href=\"#note-4\"><sup>4<\/sup><\/a><\/em> \u00e0 la complexification. L\u2019Univers appara\u00eet comme une sorte sp\u00e9ciale d\u2019\u0153uf qui a engendr\u00e9 avec le temps d\u2019autres sortes d\u2019\u0153ufs. Il a comport\u00e9 un d\u00e9veloppement de type embryonnaire particuli\u00e8rement complexe.<\/p>\n<p><a title=\"1.3.4 L\u2019hypoth\u00e8se Tia\" href=\"http:\/\/mail.agoratheque.3zcom.com\/?page_id=1635\">Suite<\/a><\/p>\n<p><a id=\"note-1\" href=\"#ref-1\">1<\/a> Le physicien Walter M. Elsasser (<em>Reflections on a Theory of Organisms. <\/em><em>Holism in Biology<\/em> (1987), Pergamon Press, Londres, 1998) est de ceux qui ont fait une telle objection (cit\u00e9 par Jacques Monod dont je reprends ici l\u2019interpr\u00e9tation, dans <em>Le hasard et la n\u00e9cessit\u00e9<\/em><em>. Essai sur la philosophie naturelle de la biologie moderne<\/em>, Paris, Seuil, 1970, p. 108). <a id=\"note-1\" href=\"#ref-1\">1<\/a><\/p>\n<div>\n<div id=\"ftn1\">\n<p>N.B.\u00a0: Il est l\u00e9gitime, d\u2019un point de vue adisciplinaire, d\u2019utiliser une source bibliographique comme celle qui pr\u00e9c\u00e8de m\u00eame s\u2019il s\u2019agit d\u2019un ouvrage destin\u00e9 au grand public. Ce type de source, en effet, n\u2019est pas seulement destin\u00e9 au public des non-sp\u00e9cialistes, mais en outre aux sp\u00e9cialistes des autres disciplines de recherche en g\u00e9n\u00e9ral. Il faut toutefois prendre garde aux contresens possibles des interpr\u00e9tations auxquelles peuvent donner lieu une lecture inattentive.<\/p>\n<\/div>\n<div id=\"ftn2\">\n<p><a id=\"note-2\" href=\"#ref-2\">2<\/a> Jacques Monod, <em>Le hasard et la n\u00e9cessit\u00e9<\/em>, <em>op. cit.<\/em>, p. 108 (Monod a mis en italiques certains passages, tels qu\u2019indiqu\u00e9s ici, et j\u2019en ai soulign\u00e9s d\u2019autres). <a id=\"note-2\" href=\"#ref-2\">2<\/a><\/p>\n<\/div>\n<div id=\"ftn3\">\n<p><a id=\"note-3\" href=\"#ref-3\">3<\/a> Murray Gell-Mann, <em>Le quark et le jaguar. Voyage au c\u0153ur du simple et du complexe<\/em> (<em>The Quark and the jaguar. <\/em><em>Adventures in the simple and the complex<\/em>, 1994; traduction par Gilles Minot), Paris, Flammarion, 1997, p. 136 et 157. Voir la remarque de la note 23. <a id=\"note-3\" href=\"#ref-3\">3<\/a><\/p>\n<\/div>\n<div id=\"ftn4\">\n<p><a id=\"note-4\" href=\"#ref-4\">4<\/a> L\u2019expression de tendance probabilitaire\u00a0sera utilis\u00e9e pour caract\u00e9riser un processus tel qu\u2019on puisse en droit assigner une probabilit\u00e9 \u00e0 l\u2019un ou l\u2019autre de ses r\u00e9sultats. On notera que l\u2019existence d\u2019une tendance probabilitaire ne signifie pas que le r\u00e9sultat soit probable. Dans le cas d\u2019un embryon, on peut, sur une base empirique, assigner une probabilit\u00e9 \u00e0 son aboutissement \u00e0 l\u2019\u00e9tat d\u2019adulte. De m\u00eame, le <em>ph\u00e9nom\u00e8ne probabilitaire<\/em> est un ph\u00e9nom\u00e8ne auquel on peut assigner une probabilit\u00e9 calculable en droit. <a id=\"note-4\" href=\"#ref-4\">4<\/a><\/p>\n<\/div>\n<\/div>\n<\/div>\n<div class=\"edit-link\"><a class=\"post-edit-link\" href=\"\">modifier<\/a><\/div>","protected":false},"excerpt":{"rendered":"<p>\u00a0\u00a0\u00a0\u00a0\u00a0\u00a0\u00a0\u00a0\u00a0\u00a0\u00a0 Cependant l\u2019ensemble des conditions initiales d\u2019un d\u00e9veloppement embryonnaire est en g\u00e9n\u00e9ral notablement plus grand que le sous-ensemble des seules conditions initiales li\u00e9es au g\u00e9notype, ou au g\u00e9nome, de cet embryon. Ce fait se trouve exprim\u00e9 en partie par ce qui suit. La&#8230;<\/p>\n","protected":false},"author":1,"featured_media":0,"parent":1317,"menu_order":33,"comment_status":"open","ping_status":"open","template":"","meta":[],"tags":[],"_links":{"self":[{"href":"http:\/\/agoratheque.3zcom.com\/index.php?rest_route=\/wp\/v2\/pages\/1631"}],"collection":[{"href":"http:\/\/agoratheque.3zcom.com\/index.php?rest_route=\/wp\/v2\/pages"}],"about":[{"href":"http:\/\/agoratheque.3zcom.com\/index.php?rest_route=\/wp\/v2\/types\/page"}],"author":[{"embeddable":true,"href":"http:\/\/agoratheque.3zcom.com\/index.php?rest_route=\/wp\/v2\/users\/1"}],"replies":[{"embeddable":true,"href":"http:\/\/agoratheque.3zcom.com\/index.php?rest_route=%2Fwp%2Fv2%2Fcomments&post=1631"}],"version-history":[{"count":4,"href":"http:\/\/agoratheque.3zcom.com\/index.php?rest_route=\/wp\/v2\/pages\/1631\/revisions"}],"predecessor-version":[{"id":1633,"href":"http:\/\/agoratheque.3zcom.com\/index.php?rest_route=\/wp\/v2\/pages\/1631\/revisions\/1633"}],"up":[{"embeddable":true,"href":"http:\/\/agoratheque.3zcom.com\/index.php?rest_route=\/wp\/v2\/pages\/1317"}],"wp:attachment":[{"href":"http:\/\/agoratheque.3zcom.com\/index.php?rest_route=%2Fwp%2Fv2%2Fmedia&parent=1631"}],"wp:term":[{"taxonomy":"post_tag","embeddable":true,"href":"http:\/\/agoratheque.3zcom.com\/index.php?rest_route=%2Fwp%2Fv2%2Ftags&post=1631"}],"curies":[{"name":"wp","href":"https:\/\/api.w.org\/{rel}","templated":true}]}}