{"id":1690,"date":"2011-07-27T16:58:03","date_gmt":"2011-07-27T20:58:03","guid":{"rendered":"http:\/\/agoratheque.yprovencal.ep.profweb.qc.ca\/?page_id=1690"},"modified":"2011-07-28T05:35:41","modified_gmt":"2011-07-28T09:35:41","slug":"2-2-l%e2%80%99evaluation-du-degre-de-precision-des-theories-en-general","status":"publish","type":"page","link":"http:\/\/agoratheque.3zcom.com\/?page_id=1690","title":{"rendered":"2.2  L\u2019\u00e9valuation du degr\u00e9 de pr\u00e9cision des th\u00e9ories en g\u00e9n\u00e9ral"},"content":{"rendered":"<div>\n<p>\u00a0\u00a0\u00a0\u00a0 \u00a0\u00a0\u00a0\u00a0\u00a0\u00a0 Comme on fait ci-dessus la distinction entre ce qui peut \u00eatre valid\u00e9 \u00e0 court ou \u00e0 long terme, il faudra consid\u00e9rer un temps court et un temps long de la recherche \u00e0 venir. Le <em>temps court<\/em> sera d\u00e9fini, en premi\u00e8re analyse, comme celui qui est requis pour produire une exp\u00e9rimentation avec des moyens qui existent d\u00e9j\u00e0 ou qui sont sur le point d\u2019exister. Cela peut repr\u00e9senter quelques ann\u00e9es ou quelques d\u00e9cennies. On distinguera parfois, par commodit\u00e9, un temps court, de quelques ann\u00e9es, et un temps moyen, d\u2019une ou plusieurs d\u00e9cennies. On conviendra ici que le <em>temps long<\/em> repr\u00e9sente le d\u00e9lai pour innover ou pour produire de tout nouveaux instruments ou m\u00e9thodes, de tout nouveaux outils exp\u00e9rimentaux ou th\u00e9oriques, lorsque leur degr\u00e9 de nouveaut\u00e9 ou d\u2019originalit\u00e9 est tel qu\u2019on n\u2019est pas en mesure d\u2019en pr\u00e9voir encore l\u2019utilisation et, dans certains cas, la possibilit\u00e9 m\u00eame de leur utilisation. Cela peut repr\u00e9senter une p\u00e9riode de temps relativement longue, allant jusqu\u2019\u00e0 un si\u00e8cle ou plus. Cette distinction entre temps court et temps long est pos\u00e9e ici de fa\u00e7on intuitive et peu formelle. On pr\u00e9cisera cette distinction et son utilit\u00e9 appara\u00eetra progressivement dans ce qui suit.\u00a0<\/p>\n<p>\u00a0\u00a0\u00a0\u00a0 On conviendra qu\u2019un <em>moment<\/em>\u00a0de la recherche historique \u00e9quivaut \u00e0 une \u00e9poque qui peut elle-m\u00eame \u00eatre d\u00e9finie comme une p\u00e9riode de temps moyenne ou longue.<\/p>\n<p><a title=\"2.2 A. Capacit\u00e9s effectives et capacit\u00e9s potentielles du chercheur en g\u00e9n\u00e9ral\" href=\"http:\/\/mail.agoratheque.3zcom.com\/?page_id=1694\">Suite<\/a><\/p>\n<\/div>\n<div class=\"edit-link\"><a class=\"post-edit-link\" href=\"\">modifier<\/a><\/div>","protected":false},"excerpt":{"rendered":"<p>\u00a0\u00a0\u00a0\u00a0 \u00a0\u00a0\u00a0\u00a0\u00a0\u00a0 Comme on fait ci-dessus la distinction entre ce qui peut \u00eatre valid\u00e9 \u00e0 court ou \u00e0 long terme, il faudra consid\u00e9rer un temps court et un temps long de la recherche \u00e0 venir. Le temps court sera d\u00e9fini, en premi\u00e8re analyse,&#8230;<\/p>\n","protected":false},"author":1,"featured_media":0,"parent":1326,"menu_order":20,"comment_status":"open","ping_status":"open","template":"","meta":[],"tags":[],"_links":{"self":[{"href":"http:\/\/agoratheque.3zcom.com\/index.php?rest_route=\/wp\/v2\/pages\/1690"}],"collection":[{"href":"http:\/\/agoratheque.3zcom.com\/index.php?rest_route=\/wp\/v2\/pages"}],"about":[{"href":"http:\/\/agoratheque.3zcom.com\/index.php?rest_route=\/wp\/v2\/types\/page"}],"author":[{"embeddable":true,"href":"http:\/\/agoratheque.3zcom.com\/index.php?rest_route=\/wp\/v2\/users\/1"}],"replies":[{"embeddable":true,"href":"http:\/\/agoratheque.3zcom.com\/index.php?rest_route=%2Fwp%2Fv2%2Fcomments&post=1690"}],"version-history":[{"count":3,"href":"http:\/\/agoratheque.3zcom.com\/index.php?rest_route=\/wp\/v2\/pages\/1690\/revisions"}],"predecessor-version":[{"id":1697,"href":"http:\/\/agoratheque.3zcom.com\/index.php?rest_route=\/wp\/v2\/pages\/1690\/revisions\/1697"}],"up":[{"embeddable":true,"href":"http:\/\/agoratheque.3zcom.com\/index.php?rest_route=\/wp\/v2\/pages\/1326"}],"wp:attachment":[{"href":"http:\/\/agoratheque.3zcom.com\/index.php?rest_route=%2Fwp%2Fv2%2Fmedia&parent=1690"}],"wp:term":[{"taxonomy":"post_tag","embeddable":true,"href":"http:\/\/agoratheque.3zcom.com\/index.php?rest_route=%2Fwp%2Fv2%2Ftags&post=1690"}],"curies":[{"name":"wp","href":"https:\/\/api.w.org\/{rel}","templated":true}]}}