{"id":1694,"date":"2011-07-27T18:59:10","date_gmt":"2011-07-27T22:59:10","guid":{"rendered":"http:\/\/agoratheque.yprovencal.ep.profweb.qc.ca\/?page_id=1694"},"modified":"2014-04-04T16:22:52","modified_gmt":"2014-04-04T20:22:52","slug":"2-2-a-capacites-effectives-et-capacites-potentielles-du-chercheur-en-general","status":"publish","type":"page","link":"http:\/\/agoratheque.3zcom.com\/?page_id=1694","title":{"rendered":"2.2 A. Capacit\u00e9s effectives et capacit\u00e9s potentielles du chercheur en g\u00e9n\u00e9ral"},"content":{"rendered":"<div>\n<p>\u00a0\u00a0\u00a0\u00a0\u00a0\u00a0\u00a0\u00a0\u00a0\u00a0 Il s\u2019agit de distinguer, pour un moment donn\u00e9 du d\u00e9veloppement de la science, entre ce qui est <em>effectif<\/em>, c\u2019est-\u00e0-dire r\u00e9alisable avec les moyens exp\u00e9rimentaux ou th\u00e9oriques existants, ou qui apparaissent comme susceptibles de devenir disponibles \u00e0 court ou moyen terme, et ce qui est <em>potentiel<\/em>, c\u2019est-\u00e0-dire r\u00e9alisable avec des moyens qui n\u2019existent pas encore mais qui pourront devenir disponibles \u00e0 long terme.\u00a0<\/p>\n<p>\u00a0\u00a0\u00a0 \u00a0\u00a0\u00a0\u00a0\u00a0\u00a0\u00a0 Par exemple, la longueur et le temps sont consid\u00e9r\u00e9s en physique comme des quantit\u00e9s fondamentales et des \u00e9talons sont \u00e9tablis afin de pouvoir les mesurer. Pour ce faire, des \u00e9talons id\u00e9aux sont invariables et d\u00e9termin\u00e9s de fa\u00e7on telle qu\u2019ils sont accessibles. Les physiciens savent ce que veulent dire ces termes. Ils savent en particulier qu\u2019un \u00e9talon accessible en est un qui est effectivement, et non seulement potentiellement, utilisable. Ils admettront facilement, en outre, que des \u00e9talons futurs, non encore effectivement utilisables, peuvent le devenir et qu\u2019ils le sont donc potentiellement.\u00a0<\/p>\n<p>\u00a0\u00a0\u00a0\u00a0 \u00a0\u00a0\u00a0\u00a0\u00a0\u00a0 Afin de conceptualiser le potentiel de d\u00e9veloppement scientifique \u00e0 venir, les deux d\u00e9finitions suivantes joueront un r\u00f4le important. On distinguera entre les capacit\u00e9s<em> effectives<\/em> et les capacit\u00e9s <em>potentielles<\/em> en ce qui concerne la production de concepts th\u00e9oriques et d\u2019outils exp\u00e9rimentaux. Par d\u00e9finition, les capacit\u00e9s <em>effectives<\/em> sont celles qui, \u00e0 toute \u00e9poque de l\u2019histoire de la recherche, sont en mesure de s\u2019actualiser \u00e0 l\u2019\u00e9poque m\u00eame, soit \u00e0 court terme ou moyen terme, alors que les capacit\u00e9s <em>potentielles<\/em> sont celles qui deviendront effectives \u00e0 court, moyen ou long terme dans le temps historique de la recherche. Il faut pr\u00e9ciser que ces capacit\u00e9s sont celles d\u2019individus ou de groupes de chercheurs, qu\u2019on peut en principe assimiler \u00e0 l\u2019humanit\u00e9 en tant que consid\u00e9r\u00e9e \u00e0 un moment de l\u2019histoire de la recherche scientifique.\u00a0\u00a0<\/p>\n<p>\u00a0\u00a0\u00a0\u00a0 \u00a0\u00a0\u00a0\u00a0\u00a0\u00a0 Ainsi, par exemple, Newton \u2013 comme d\u2019autres de ses contemporains \u2013 avait la capacit\u00e9 <em>effective<\/em> de d\u00e9velopper le calcul infinit\u00e9simal qui, comme on le sait, a \u00e9t\u00e9 l\u2019outil math\u00e9matique qui a permis \u00e0 la dynamique classique et \u00e0 la m\u00e9canique c\u00e9leste d\u2019\u00e9merger. Cependant lui et ses contemporains n\u2019avaient sans doute pas la capacit\u00e9 <em>effective<\/em> de concevoir la th\u00e9orie de la relativit\u00e9 g\u00e9n\u00e9rale ni la cosmologie moderne. Il leur manquait notamment pour ce faire plusieurs bases math\u00e9matiques essentielles (par exemple, la th\u00e9orie des groupes et le calcul tensoriel) et plusieurs r\u00e9sultats exp\u00e9rimentaux (par exemple, ceux apport\u00e9s par les grands t\u00e9lescopes et la radioastronomie). En revanche, il serait juste de dire que l\u2019humanit\u00e9 du XVII<sup>e<\/sup> si\u00e8cle avait la capacit\u00e9 <em>potentielle<\/em> de se d\u00e9velopper de fa\u00e7on \u00e0 ce que la cosmologie moderne devienne effectivement r\u00e9alisable par la suite.\u00a0\u00a0<\/p>\n<p>\u00a0\u00a0\u00a0\u00a0 \u00a0\u00a0\u00a0\u00a0\u00a0\u00a0 Ainsi on peut voir que la distinction, faite plus haut, entre temps court et temps long correspond \u00e0 la distinction entre les capacit\u00e9s effectives et les capacit\u00e9s potentielles. D\u2019ailleurs, les physiciens ont d\u00e9j\u00e0 pris l\u2019habitude de ce type de distinction, par exemple, lorsqu\u2019ils distinguent entre une th\u00e9orie <em>classique<\/em> et une th\u00e9orie <em>moderne<\/em>. Ainsi la th\u00e9orie quantique sous sa forme connue de nos jours n\u2019existait qu\u2019\u00e0 l\u2019\u00e9tat potentiel dans la recherche, \u00e0 l\u2019\u00e9poque o\u00f9 dominaient encore les conceptions classiques de continuit\u00e9 de l\u2019\u00e9nergie ou de l\u2019action.\u00a0<\/p>\n<p>\u00a0\u00a0\u00a0\u00a0\u00a0\u00a0\u00a0\u00a0\u00a0\u00a0 Il n\u2019existe \u00e9videmment pas encore de th\u00e9orie math\u00e9matique de la complexification historique de la recherche math\u00e9matique et scientifique. Cependant, comme une accumulation d\u2019acquis durables s\u2019est produite au cours des si\u00e8cles et continuera vraisemblablement de le faire encore sur le long terme, on peut admettre la pertinence d\u2019un concept formel de diff\u00e9rence entre ce qui, \u00e0 une \u00e9poque donn\u00e9e, est effectivement disponible et ce qui ne l\u2019est que potentiellement.\u00a0<\/p>\n<p>\u00a0\u00a0\u00a0\u00a0 \u00a0\u00a0\u00a0\u00a0\u00a0\u00a0 D\u2019apr\u00e8s l\u2019<a href=\"https:\/\/lms2.decclic.qc.ca\/Pub\/F38E337E-4AB4-4459-8A51-E3429AA48AD9\/1A91CF31-98EE-4DDF-90B2-AC50A4D22A62\" target=\"_blank\">IP<\/a>, les th\u00e9ories de base sont appel\u00e9es \u00ab\u00a0th\u00e9ories fondamentales\u00a0\u00bb et ne sont ordinairement pas consid\u00e9r\u00e9es comme \u00ab\u00a0potentiellement\u00a0\u00bb r\u00e9futables, au sens donn\u00e9 ici, mais seulement, disons, comme \u00ab\u00a0pouvant \u00eatre en principe r\u00e9fut\u00e9es\u00a0\u00bb, ce que l\u2019on comprend comme signifiant qu\u2019elles doivent \u00eatre parfaitement exactes jusqu\u2019\u00e0 preuve du contraire. L\u2019<a title=\"2- L\u2019interpr\u00e9tation non pythagoricienne des lois physiques\" href=\"http:\/\/mail.agoratheque.3zcom.com\/?page_id=1326\" target=\"_blank\">INP<\/a> fait voir, au contraire, que les th\u00e9ories de base sont r\u00e9futables, en principe et en pratique, et qu\u2019il est tout \u00e0 fait envisageable qu\u2019elles soient r\u00e9fut\u00e9es dans la recherche \u00e0 long terme.<\/p>\n<p><a title=\"2.2 B. Les principes de limitation\" href=\"http:\/\/mail.agoratheque.3zcom.com\/?page_id=1700\">Suite<\/a><\/p>\n<\/div>\n<div class=\"edit-link\"><a class=\"post-edit-link\" href=\"\">modifier<\/a><\/div>","protected":false},"excerpt":{"rendered":"<p>\u00a0\u00a0\u00a0\u00a0\u00a0\u00a0\u00a0\u00a0\u00a0\u00a0 Il s\u2019agit de distinguer, pour un moment donn\u00e9 du d\u00e9veloppement de la science, entre ce qui est effectif, c\u2019est-\u00e0-dire r\u00e9alisable avec les moyens exp\u00e9rimentaux ou th\u00e9oriques existants, ou qui apparaissent comme susceptibles de devenir disponibles \u00e0 court ou moyen terme, et ce&#8230;<\/p>\n","protected":false},"author":1,"featured_media":0,"parent":1690,"menu_order":0,"comment_status":"open","ping_status":"open","template":"","meta":[],"tags":[],"_links":{"self":[{"href":"http:\/\/agoratheque.3zcom.com\/index.php?rest_route=\/wp\/v2\/pages\/1694"}],"collection":[{"href":"http:\/\/agoratheque.3zcom.com\/index.php?rest_route=\/wp\/v2\/pages"}],"about":[{"href":"http:\/\/agoratheque.3zcom.com\/index.php?rest_route=\/wp\/v2\/types\/page"}],"author":[{"embeddable":true,"href":"http:\/\/agoratheque.3zcom.com\/index.php?rest_route=\/wp\/v2\/users\/1"}],"replies":[{"embeddable":true,"href":"http:\/\/agoratheque.3zcom.com\/index.php?rest_route=%2Fwp%2Fv2%2Fcomments&post=1694"}],"version-history":[{"count":7,"href":"http:\/\/agoratheque.3zcom.com\/index.php?rest_route=\/wp\/v2\/pages\/1694\/revisions"}],"predecessor-version":[{"id":3738,"href":"http:\/\/agoratheque.3zcom.com\/index.php?rest_route=\/wp\/v2\/pages\/1694\/revisions\/3738"}],"up":[{"embeddable":true,"href":"http:\/\/agoratheque.3zcom.com\/index.php?rest_route=\/wp\/v2\/pages\/1690"}],"wp:attachment":[{"href":"http:\/\/agoratheque.3zcom.com\/index.php?rest_route=%2Fwp%2Fv2%2Fmedia&parent=1694"}],"wp:term":[{"taxonomy":"post_tag","embeddable":true,"href":"http:\/\/agoratheque.3zcom.com\/index.php?rest_route=%2Fwp%2Fv2%2Ftags&post=1694"}],"curies":[{"name":"wp","href":"https:\/\/api.w.org\/{rel}","templated":true}]}}