{"id":1735,"date":"2011-07-28T14:07:02","date_gmt":"2011-07-28T18:07:02","guid":{"rendered":"http:\/\/agoratheque.yprovencal.ep.profweb.qc.ca\/?page_id=1735"},"modified":"2014-04-05T14:54:06","modified_gmt":"2014-04-05T18:54:06","slug":"2-3-a-les-developpements-observationnels-et-les-avancees-de-la-ligne-de-refutabilite","status":"publish","type":"page","link":"http:\/\/agoratheque.3zcom.com\/?page_id=1735","title":{"rendered":"2.3  A. Les d\u00e9veloppements observationnels et les avanc\u00e9es de la ligne de r\u00e9futabilit\u00e9"},"content":{"rendered":"<div>\n<p>\u00a0\u00a0\u00a0\u00a0\u00a0\u00a0\u00a0\u00a0\u00a0\u00a0\u00a0 Lorsque la limite d\u2019observabilit\u00e9 effective progresse, cela peut avoir pour effet de r\u00e9futer des th\u00e9ories, mais cela peut aussi, en revanche, avoir pour effet de favoriser une nouvelle hypoth\u00e8se. Les Grecs avaient d\u00e9j\u00e0 constat\u00e9 ce fait. Les observations des mouvements plan\u00e9taires, des variations d\u2019\u00e9clat, de m\u00eame que des \u00e9clipses annulaires du Soleil, qui \u00e9taient au d\u00e9part moins bien \u00e9tablies que d\u2019autres observations, telles que les \u00e9clipses ordinaires ou les phases lunaires, semblaient valider la th\u00e9orie des d\u00e9f\u00e9rents et des \u00e9picycles au d\u00e9triment de celle des homocentriques. Cette situation montre que la d\u00e9couverte de nouveaux ph\u00e9nom\u00e8nes (ou leur nouvelle prise en compte) peut avoir pour effet de favoriser une hypoth\u00e8se au d\u00e9triment d\u2019une autre sans que l\u2019hypoth\u00e8se favoris\u00e9e ne soit elle-m\u00eame v\u00e9ridique.\u00a0<\/p>\n<p>\u00a0\u00a0\u00a0\u00a0 \u00a0\u00a0\u00a0\u00a0\u00a0\u00a0 Les th\u00e9ories de la physique classique ont d\u2019abord tr\u00e8s bien r\u00e9pondu aux d\u00e9couvertes exp\u00e9rimentales, qu\u2019elles ont m\u00eame stimul\u00e9es surtout jusque vers la fin du XIX<sup>\u00e8me<\/sup> si\u00e8cle. Cela signifie que la ligne de r\u00e9futabilit\u00e9 potentielle des th\u00e9ories classiques \u00e9tait d\u2019abord situ\u00e9e nettement au-del\u00e0 de la limite d\u2019observabilit\u00e9 effective. Cependant celle-ci a progress\u00e9 de telle fa\u00e7on qu\u2019on en est venu \u00e0 constater des d\u00e9passements locaux, qu\u2019on a essay\u00e9 en premier lieu de solutionner avec les ressources th\u00e9oriques acquises, qui avaient \u00e9t\u00e9 tellement profitables jusqu\u2019alors. C\u2019est par exemple ce qui s\u2019est pass\u00e9 la premi\u00e8re fois qu\u2019on a voulu expliquer l\u2019avance anormale du p\u00e9rih\u00e9lie de Mercure\u00a0; on a fait intervenir les perturbations d\u2019une plan\u00e8te inconnue<a id=\"ref-1\" href=\"#note-1\"><sup>1<\/sup><\/a>. Cet \u00e9cart entre la th\u00e9orie et l\u2019observation semble n\u2019avoir pu \u00eatre consid\u00e9r\u00e9 comme un d\u00e9faut de la th\u00e9orie newtonienne que lorsqu\u2019une autre th\u00e9orie, plus g\u00e9n\u00e9rale et math\u00e9matiquement plus sophistiqu\u00e9e, a \u00e9t\u00e9 en mesure d\u2019en rendre compte. La conclusion tir\u00e9e, \u00e0 savoir la preuve de la validit\u00e9 de cette th\u00e9orie nouvelle, la relativit\u00e9 g\u00e9n\u00e9rale, semble bien \u00eatre motiv\u00e9e par des causes analogues ou r\u00e9currentes de circonstances, c\u2019est-\u00e0-dire par le fait qu\u2019on ne disposait pas encore d\u2019une meilleure th\u00e9orie dans le m\u00eame domaine et qu\u2019on n\u00e9gligeait les d\u00e9veloppements potentiels de nouveaux outils th\u00e9oriques.\u00a0<\/p>\n<p>\u00a0\u00a0\u00a0\u00a0 \u00a0\u00a0\u00a0\u00a0\u00a0\u00a0 Il r\u00e9sulte de l\u2019interpr\u00e9tation pythagoricienne implicite des chercheurs que ceux-ci, \u00e0 toute \u00e9poque, ont eu et ont encore fortement tendance \u00e0 croire que la meilleure th\u00e9orie disponible doit \u00eatre compl\u00e8tement exacte. Ils tendent \u00e0 croire avoir con\u00e7u la th\u00e9orie d\u00e9finitive en d\u00e9pit du fait que plusieurs ph\u00e9nom\u00e8nes restent inexpliqu\u00e9s ou que les explications th\u00e9oriques restent mal int\u00e9gr\u00e9es. Ainsi, les meilleurs mod\u00e8les des chercheurs grecs ne parvenaient pas \u00e0 rendre compte de l\u2019observation des com\u00e8tes. La th\u00e9orie classique a pu expliquer le retour p\u00e9riodique des com\u00e8tes gr\u00e2ce au concept de l\u2019excentricit\u00e9 des orbites elliptiques<a id=\"ref-2\" href=\"#note-2\"><sup>2<\/sup><\/a>. Bien s\u00fbr, d\u2019autres recherches \u00e9taient encore \u00e0 faire pour comprendre l\u2019origine des com\u00e8tes. Les situations de ce type se sont reproduites r\u00e9guli\u00e8rement au cours du d\u00e9veloppement conjoint de la recherche. \u00c0 l\u2019\u00e9poque actuelle, des mod\u00e8les expliquent en partie l\u2019origine des com\u00e8tes, mais, par exemple, encore aucun mod\u00e8le n\u2019explique bien l\u2019existence des rayons cosmiques, qui ont \u00e9t\u00e9 d\u00e9couverts dans les ann\u00e9es 1910, et particuli\u00e8rement ceux qui sont de plus haute \u00e9nergie. Et, dans le cas des ph\u00e9nom\u00e8nes th\u00e9oris\u00e9s mais encore \u00e0 int\u00e9grer en une th\u00e9orie commune, Newton, puis Maxwell, par exemple, ont fait faire de grands progr\u00e8s \u00e0 la science. Cependant il manque encore un cadre th\u00e9orique commun aux quatre interactions dites fondamentales. Ces faits montrent que la situation des modernes pr\u00e9sente\u00a0plusieurs traits formels de similitude avec celles du pass\u00e9 qui d\u00e9coulent de fa\u00e7on significative du pr\u00e9suppos\u00e9 pythagoricien.<\/p>\n<div><a title=\"2.3 B. L\u2019id\u00e9e de simplicit\u00e9 th\u00e9orique\" href=\"http:\/\/mail.agoratheque.3zcom.com\/?page_id=1740\">Suite<\/a><\/div>\n<div id=\"ftn1\">\n<p><a id=\"note-1\" href=\"#ref-1\">1<\/a> Au XIX<sup>\u00e8me<\/sup> si\u00e8cle, Urbain Le Verrier fit l\u2019hypoth\u00e8se qu\u2019une petite plan\u00e8te, qu\u2019il nomma \u00ab\u00a0Vulcain\u00a0\u00bb, \u00e9tait responsable de l\u2019avance du p\u00e9rih\u00e9lie de Mercure. Voir <em>Discovering the Universe. A History of Astronomy<\/em>, par Colin A. Ronan (London, Heinemann Educational Books Ltd, p. 158). <a id=\"note-1\" href=\"#ref-1\">1<\/a><\/p>\n<\/div>\n<div id=\"ftn2\">\n<p><a id=\"note-2\" href=\"#ref-2\">2<\/a> Isaac Newton trouva une base th\u00e9orique pour expliquer les trajets des com\u00e8tes. Il montra que les orbites elliptiques de grande excentricit\u00e9 pouvaient, sur la partie visible de leur parcours, \u00eatre d\u00e9crites de fa\u00e7on approch\u00e9e par une trajectoire parabolique. En 1716, Edmund Halley s\u2019est ensuite bas\u00e9 sur cette th\u00e9orie pour pr\u00e9dire le retour de la com\u00e8te portant son nom. <em>Cf.<\/em> A. Pannekoek, <em>op. cit.<\/em>, p. 268-269. <a id=\"note-2\" href=\"#ref-2\">2<\/a><\/p>\n<\/div>\n<\/div>\n<div class=\"edit-link\"><a class=\"post-edit-link\" href=\"\">modifier<\/a><\/div>","protected":false},"excerpt":{"rendered":"<p>\u00a0\u00a0\u00a0\u00a0\u00a0\u00a0\u00a0\u00a0\u00a0\u00a0\u00a0 Lorsque la limite d\u2019observabilit\u00e9 effective progresse, cela peut avoir pour effet de r\u00e9futer des th\u00e9ories, mais cela peut aussi, en revanche, avoir pour effet de favoriser une nouvelle hypoth\u00e8se. Les Grecs avaient d\u00e9j\u00e0 constat\u00e9 ce fait. Les observations des mouvements plan\u00e9taires, des&#8230;<\/p>\n","protected":false},"author":1,"featured_media":0,"parent":1729,"menu_order":1,"comment_status":"open","ping_status":"open","template":"","meta":[],"tags":[],"_links":{"self":[{"href":"http:\/\/agoratheque.3zcom.com\/index.php?rest_route=\/wp\/v2\/pages\/1735"}],"collection":[{"href":"http:\/\/agoratheque.3zcom.com\/index.php?rest_route=\/wp\/v2\/pages"}],"about":[{"href":"http:\/\/agoratheque.3zcom.com\/index.php?rest_route=\/wp\/v2\/types\/page"}],"author":[{"embeddable":true,"href":"http:\/\/agoratheque.3zcom.com\/index.php?rest_route=\/wp\/v2\/users\/1"}],"replies":[{"embeddable":true,"href":"http:\/\/agoratheque.3zcom.com\/index.php?rest_route=%2Fwp%2Fv2%2Fcomments&post=1735"}],"version-history":[{"count":6,"href":"http:\/\/agoratheque.3zcom.com\/index.php?rest_route=\/wp\/v2\/pages\/1735\/revisions"}],"predecessor-version":[{"id":1737,"href":"http:\/\/agoratheque.3zcom.com\/index.php?rest_route=\/wp\/v2\/pages\/1735\/revisions\/1737"}],"up":[{"embeddable":true,"href":"http:\/\/agoratheque.3zcom.com\/index.php?rest_route=\/wp\/v2\/pages\/1729"}],"wp:attachment":[{"href":"http:\/\/agoratheque.3zcom.com\/index.php?rest_route=%2Fwp%2Fv2%2Fmedia&parent=1735"}],"wp:term":[{"taxonomy":"post_tag","embeddable":true,"href":"http:\/\/agoratheque.3zcom.com\/index.php?rest_route=%2Fwp%2Fv2%2Ftags&post=1735"}],"curies":[{"name":"wp","href":"https:\/\/api.w.org\/{rel}","templated":true}]}}