{"id":1813,"date":"2011-07-30T14:03:09","date_gmt":"2011-07-30T18:03:09","guid":{"rendered":"http:\/\/agoratheque.yprovencal.ep.profweb.qc.ca\/?page_id=1813"},"modified":"2011-07-30T17:38:40","modified_gmt":"2011-07-30T21:38:40","slug":"3-7-6-1-application-au-%c2%ab-chat-de-schrodinger-%c2%bb","status":"publish","type":"page","link":"http:\/\/agoratheque.3zcom.com\/?page_id=1813","title":{"rendered":"3.7.6.1 Application au \u00ab chat de Schr\u00f6dinger \u00bb"},"content":{"rendered":"<div>\n<p>\u00a0\u00a0\u00a0\u00a0\u00a0\u00a0\u00a0\u00a0\u00a0\u00a0\u00a0 L\u2019observation ne provoque pas, non plus, la r\u00e9duction de l\u2019\u00e9tat quantique dans le cas du \u00ab\u00a0chat\u00a0\u00bb. En outre, s\u2019il semble y avoir une sorte d\u2019\u00a0\u00ab\u00a0effondrement\u00a0\u00bb d\u2019un des deux \u00e9tats superpos\u00e9s, il s\u2019agit d\u2019un \u00ab\u00a0effet physico-cognitif\u00a0\u00bb, qui reste inexpliqu\u00e9 par le formalisme math\u00e9matique de la m\u00e9canique quantique. Cependant cet effet s\u2019explique de fa\u00e7on simple si nous convenons de le d\u00e9finir au moyen des cat\u00e9gories physico-cognitives. Il y a en effet deux possibilit\u00e9s r\u00e9elles qui s\u2019excluent mutuellement puisque un seul de ces \u00e9tats est ensuite l\u2019\u00e9tat pr\u00e9sent. L\u2019autre \u00e9tat devient un \u00e9tat potentiel pass\u00e9. Il n\u2019y a donc rien d\u2019\u00e9tonnant \u00e0 ce que la r\u00e9alisation de l\u2019une d\u2019elles fasse automatiquement s\u2019\u00e9vanouir l\u2019autre.\u00a0\u00a0<\/p>\n<p>\u00a0\u00a0\u00a0\u00a0\u00a0\u00a0\u00a0\u00a0\u00a0\u00a0\u00a0 Si la situation semble d\u00e9concertante, c\u2019est en raison du caract\u00e8re r\u00e9el de ces possibilit\u00e9s. Les deux \u00e9tats possibles du \u00ab\u00a0chat\u00a0\u00bb sont bien r\u00e9els, bien que non effectifs avant l\u2019observation. Ce n\u2019est pas en soi nouveau puisque, depuis Newton, les th\u00e9ories scientifiques pr\u00e9voyaient essentiellement des possibilit\u00e9s r\u00e9elles plut\u00f4t que des \u00e9v\u00e9nements effectifs et singuliers. La correspondance entre la th\u00e9orie et les effets r\u00e9els \u00e9tait d\u00e9j\u00e0 probl\u00e9matique. On convenait des r\u00e8gles de correspondance qui \u00e9taient requises, mais rien dans la th\u00e9orie ne permettait d\u2019expliquer ou de justifier ces r\u00e8gles<a id=\"ref-1\" href=\"#note-1\"><sup>1<\/sup><\/a>. L\u2019arriv\u00e9e de la m\u00e9canique quantique aura en fait permis de mieux \u00e9clairer la situation en permettant d\u2019\u00e9tablir la diff\u00e9rence de r\u00e9alit\u00e9 entre le potentiel et l\u2019effectif.\u00a0<\/p>\n<p>\u00a0\u00a0\u00a0\u00a0\u00a0\u00a0\u00a0\u00a0 <img decoding=\"async\" src=\"https:\/\/lms2.decclic.qc.ca\/Pub\/F38E337E-4AB4-4459-8A51-E3429AA48AD9\/CB_RA_3_7_8.jpg\" alt=\"\" \/>\u00a0<\/p>\n<div><a title=\"3.7.6.2 Application \u00e0 \u00ab l\u2019ami de Wigner \u00bb\" href=\"http:\/\/mail.agoratheque.3zcom.com\/?page_id=1819\">Suite<\/a><\/div>\n<div><a id=\"note-1\" href=\"#ref-1\">1<\/a> Sur ce point, la th\u00e9orie de la relativit\u00e9 est sur le m\u00eame plan que la th\u00e9orie newtonienne. D\u2019ailleurs, Einstein ne croyait pas au \u00ab\u00a0maintenant\u00a0\u00bb qu\u2019il tenait pour une simple impression subjective. Il est facile de voir qu\u2019Einstein aurait rejet\u00e9 le concept m\u00eame de processus physico-cognitif. Cf. Albert Einstein, <em>\u0152uvres choisies. 5. Science, \u00e9thique, philosophie<\/em> (textes choisis et pr\u00e9sent\u00e9s par Jacques Merleau-Ponty et Fran\u00e7oise Balibar, Paris, Seuil, CNRS, 1991, p. 115-116). <a id=\"note-1\" href=\"#ref-1\">1<\/a><\/div>\n<\/div>\n<div class=\"edit-link\"><a class=\"post-edit-link\" href=\"\">modifier<\/a><\/div>","protected":false},"excerpt":{"rendered":"<p>\u00a0\u00a0\u00a0\u00a0\u00a0\u00a0\u00a0\u00a0\u00a0\u00a0\u00a0 L\u2019observation ne provoque pas, non plus, la r\u00e9duction de l\u2019\u00e9tat quantique dans le cas du \u00ab\u00a0chat\u00a0\u00bb. En outre, s\u2019il semble y avoir une sorte d\u2019\u00a0\u00ab\u00a0effondrement\u00a0\u00bb d\u2019un des deux \u00e9tats superpos\u00e9s, il s\u2019agit d\u2019un \u00ab\u00a0effet physico-cognitif\u00a0\u00bb, qui reste inexpliqu\u00e9 par le formalisme math\u00e9matique&#8230;<\/p>\n","protected":false},"author":1,"featured_media":0,"parent":1775,"menu_order":376,"comment_status":"open","ping_status":"open","template":"","meta":[],"tags":[],"_links":{"self":[{"href":"http:\/\/agoratheque.3zcom.com\/index.php?rest_route=\/wp\/v2\/pages\/1813"}],"collection":[{"href":"http:\/\/agoratheque.3zcom.com\/index.php?rest_route=\/wp\/v2\/pages"}],"about":[{"href":"http:\/\/agoratheque.3zcom.com\/index.php?rest_route=\/wp\/v2\/types\/page"}],"author":[{"embeddable":true,"href":"http:\/\/agoratheque.3zcom.com\/index.php?rest_route=\/wp\/v2\/users\/1"}],"replies":[{"embeddable":true,"href":"http:\/\/agoratheque.3zcom.com\/index.php?rest_route=%2Fwp%2Fv2%2Fcomments&post=1813"}],"version-history":[{"count":4,"href":"http:\/\/agoratheque.3zcom.com\/index.php?rest_route=\/wp\/v2\/pages\/1813\/revisions"}],"predecessor-version":[{"id":1815,"href":"http:\/\/agoratheque.3zcom.com\/index.php?rest_route=\/wp\/v2\/pages\/1813\/revisions\/1815"}],"up":[{"embeddable":true,"href":"http:\/\/agoratheque.3zcom.com\/index.php?rest_route=\/wp\/v2\/pages\/1775"}],"wp:attachment":[{"href":"http:\/\/agoratheque.3zcom.com\/index.php?rest_route=%2Fwp%2Fv2%2Fmedia&parent=1813"}],"wp:term":[{"taxonomy":"post_tag","embeddable":true,"href":"http:\/\/agoratheque.3zcom.com\/index.php?rest_route=%2Fwp%2Fv2%2Ftags&post=1813"}],"curies":[{"name":"wp","href":"https:\/\/api.w.org\/{rel}","templated":true}]}}