{"id":1874,"date":"2011-07-31T19:02:35","date_gmt":"2011-07-31T23:02:35","guid":{"rendered":"http:\/\/agoratheque.yprovencal.ep.profweb.qc.ca\/?page_id=1874"},"modified":"2016-05-19T08:17:16","modified_gmt":"2016-05-19T12:17:16","slug":"4-1-3-les-structures-pygmaliennes","status":"publish","type":"page","link":"http:\/\/agoratheque.3zcom.com\/?page_id=1874","title":{"rendered":"4.1.3 Les structures pygmaliennes"},"content":{"rendered":"<div>\n<p>\u00a0\u00a0\u00a0\u00a0\u00a0\u00a0\u00a0\u00a0\u00a0\u00a0\u00a0 Certaines recherches consistent \u00e0 mod\u00e9liser des processus \u00e9volutifs par ordinateur afin de mieux comprendre l\u2019\u00e9volution. On appelle \u00ab\u00a0vie artificielle\u00a0\u00bb cette extension du champ de la biologie. Thomas S. Ray, qui en est un des chercheurs les plus connus, g\u00e9n\u00e9ralise le concept d\u2019\u00e9volution en posant qu\u2019elle est un type de processus qui ne se d\u00e9roule pas seulement sur la Terre, mais qui peut aussi s\u2019op\u00e9rer dans d\u2019autres milieux, tel le milieu du calcul num\u00e9rique<a href=\"https:\/\/lms2.decclic.qc.ca\/Pub\/F38E337E-4AB4-4459-8A51-E3429AA48AD9\/9EBE3DCD-AF54-4F4F-BAD7-361F3AC26419#_ftn1\" name=\"_ftnref1\">[1]<\/a>. Il fait ainsi la diff\u00e9rence entre une \u00e9volution naturelle et une \u00e9volution artificielle. Le hasard intervient aussi bien en faisant \u00ab\u00a0muter\u00a0\u00bb des chiffres de fa\u00e7on al\u00e9atoire, ou encore en intervertissant des segments dans le d\u00e9veloppement d\u2019un algorithme, qu\u2019en modifiant les g\u00e9notypes d\u2019organismes vivants par mutation ou par recombinaison. Diff\u00e9rentes s\u00e9quences d\u2019instructions machine peuvent s\u2019autor\u00e9pliquer. Une s\u00e9lection \u00ab\u00a0naturelle\u00a0\u00bb permet d\u2019am\u00e9liorer le code. Une comp\u00e9tition entre ces s\u00e9quences a lieu pour l\u2019espace m\u00e9moire de l\u2019ordinateur et pour le temps dans l\u2019unit\u00e9 centrale de traitement. On a donn\u00e9 le nom de \u00ab\u00a0Tierra\u00a0\u00bb \u00e0 ce programme qui mod\u00e9lise l\u2019\u00e9volution. Pour ce faire, un ordinateur virtuel a \u00e9t\u00e9 cr\u00e9\u00e9 qui, d\u2019une certaine fa\u00e7on, mod\u00e9lise notre Univers<a href=\"https:\/\/lms2.decclic.qc.ca\/Pub\/F38E337E-4AB4-4459-8A51-E3429AA48AD9\/9EBE3DCD-AF54-4F4F-BAD7-361F3AC26419#_ftn2\" name=\"_ftnref2\">[2]<\/a>. Entre autres r\u00e9sultats int\u00e9ressants, ce programme a fait \u00e9merger une sorte de sexualit\u00e9.<\/p>\n<p>Il y a, \u00e0 la base de ce type d\u2019exp\u00e9rience, ce que nous pouvons consid\u00e9rer comme un potentiel math\u00e9matique dont la loi d\u2019\u00e9volution a \u00e9t\u00e9 pos\u00e9e et les conditions initiales s\u00e9lectionn\u00e9es de fa\u00e7on <em>ad hoc<\/em>. Un graphe arborescent pourrait \u00eatre \u00e9labor\u00e9 qui en d\u00e9crit tous les r\u00e9sultats \u00ab\u00a0r\u00e9ellement possibles\u00a0\u00bb, c\u2019est-\u00e0-dire tous les r\u00e9sultats qui peuvent math\u00e9matiquement \u00eatre calcul\u00e9s \u00e0 partir de l\u2019\u00e9tat initial du programme. Il suffit, pour \u00e9tablir ce graphe, d\u2019indiquer les diff\u00e9rents \u00e9tats qui peuvent \u00eatre successivement obtenus \u00e0 partir de l\u2019\u00e9tat initial, et puis de tracer les diff\u00e9rents arcs correspondant \u00e0 ces \u00e9tats.<\/p>\n<p>Si nous consid\u00e9rons cette \u00e9volution comme \u00e9tant bas\u00e9e sur le d\u00e9terminisme en droit associ\u00e9 aux lois de base, les processus de type Tierra sont formellement du m\u00eame type que celui de l\u2019\u00e9volution globale de l\u2019Univers tel que d\u00e9crit par la science actuelle. Cet Univers se comporte exactement comme un logiciel qui cr\u00e9erait une vie artificielle. La seule diff\u00e9rence essentielle r\u00e9side dans le fait que, dans le cas de l\u2019Univers, il s\u2019applique en plus un principe de r\u00e9duction du potentiel r\u00e9el qui correspond, dans le cas de la vie artificielle, au proc\u00e9d\u00e9 de g\u00e9n\u00e9ration de nombres pos\u00e9s comme al\u00e9atoires par un ordinateur r\u00e9el. La loi de base n\u2019est pas la m\u00eame, mais les cat\u00e9gories physico-cognitives s\u2019y retrouvent telles quelles du simple fait qu\u2019il s\u2019agit d\u2019un ordinateur r\u00e9el.<\/p>\n<p><strong><em>La puissance des lois de base combin\u00e9es aux conditions initiales<\/em><\/strong><strong><em>\u00a0<\/em><\/strong><\/p>\n<p>Certains chercheurs ont utilis\u00e9 l\u2019ordinateur pour simuler l\u2019\u00e9volution d\u2019un organe particulier. Par exemple, Daniel Nilsson et Suzanne Pelzer ont mod\u00e9lis\u00e9 l\u2019\u00e9volution de l\u2019\u0153il \u00e0 partir d\u2019une couche de pigments recouverte d\u2019une couche protectrice transparente. Ce dispositif pouvait subir des mutations al\u00e9atoires qui faisaient varier l\u2019indice de r\u00e9fraction de la couche transparente. Ils ont impos\u00e9 une contrainte <em>ad hoc<\/em>. Chacune des variations devait rester assez petite et repr\u00e9senter une am\u00e9lioration progressive. Des r\u00e9sultats furent ainsi obtenus de fa\u00e7on rapide et concluante<a href=\"https:\/\/lms2.decclic.qc.ca\/Pub\/F38E337E-4AB4-4459-8A51-E3429AA48AD9\/9EBE3DCD-AF54-4F4F-BAD7-361F3AC26419#_ftn3\" name=\"_ftnref3\">[3]<\/a>.<\/p>\n<p>Ce mod\u00e8le ne peut donner de r\u00e9sultats positifs que si le syst\u00e8me initial a le potentiel r\u00e9el de se transformer de la sorte. Il faut donc supposer que les premiers vert\u00e9br\u00e9s, et aussi leurs anc\u00eatres, y compris les plus lointains, avaient bel et bien un tel potentiel r\u00e9el en eux-m\u00eames, c\u2019est-\u00e0-dire un tel potentiel du fait des lois de base et des conditions initiales de l\u2019exp\u00e9rience.<\/p>\n<p>Nilsson et Pelzer ont fait une hypoth\u00e8se implicite qu\u2019on peut qualifier d\u2019optimiste quant \u00e0 l\u2019existence d\u2019un potentiel r\u00e9el de formation d\u2019un \u0153il \u00e0 partir d\u2019une surface pigment\u00e9e<a href=\"https:\/\/lms2.decclic.qc.ca\/Pub\/F38E337E-4AB4-4459-8A51-E3429AA48AD9\/9EBE3DCD-AF54-4F4F-BAD7-361F3AC26419#_ftn4\" name=\"_ftnref4\">[4]<\/a>. Leur programme simulait en fait une \u00e9volution t\u00e9l\u00e9onomique dans la mesure o\u00f9 la probabilit\u00e9 de transformation de leur dispositif \u00e9tait appr\u00e9ciable, compte tenu du temps pris par la simulation. Ils ont ainsi constitu\u00e9 l\u2019\u00e9quivalent d\u2019un processus de complexification. Il est \u00e9vident que d\u2019autres dispositifs initiaux n\u2019auraient pas pu produire le m\u00eame r\u00e9sultat et ce, m\u00eame en lui faisant effectuer des variations diversifi\u00e9es et en allouant une dur\u00e9e tr\u00e8s longue. Il fallait bien que le dispositif initial, consid\u00e9r\u00e9 avec son environnement (num\u00e9rique), comporte un potentiel r\u00e9el appropri\u00e9. Cette exp\u00e9rience de simulation constitue la r\u00e9alisation d\u2019un d\u00e9veloppement embryonnaire au sens g\u00e9n\u00e9ralis\u00e9 qui a \u00e9t\u00e9 donn\u00e9 plus haut (voir <a href=\"https:\/\/lms2.decclic.qc.ca\/Pub\/F38E337E-4AB4-4459-8A51-E3429AA48AD9\/008973ED-00CE-4326-BB84-AF2979FBCE57\" target=\"_blank\">section 1.3<\/a>).<\/p>\n<p>En outre, ce type de mod\u00e8le peut \u00eatre vu comme repr\u00e9sentant un syst\u00e8me gouvern\u00e9 par des lois de type physico-math\u00e9matique, c\u2019est-\u00e0-dire aptes \u00e0 engendrer un graphe des potentialit\u00e9s r\u00e9elles. Le principe de r\u00e9duction du potentiel y est \u00e9galement inclus du simple fait que les exp\u00e9rimentateurs et l\u2019ordinateur qu\u2019ils ont utilis\u00e9 sont eux-m\u00eames des agents qui transmettent en quelque sorte l\u2019effet physico-cognitif dans ce petit univers mod\u00e9lis\u00e9.<\/p>\n<div id=\"attachment_4161\" style=\"width: 156px\" class=\"wp-caption alignnone\"><a href=\"http:\/\/mail.agoratheque.3zcom.com\/wp-content\/uploads\/2011\/07\/pygmalion-et-Galat\u00e9e-de-Falconet.jpg\"><img aria-describedby=\"caption-attachment-4161\" decoding=\"async\" loading=\"lazy\" class=\" wp-image-4161\" src=\"http:\/\/mail.agoratheque.3zcom.com\/wp-content\/uploads\/2011\/07\/pygmalion-et-Galat\u00e9e-de-Falconet.jpg\" alt=\"Pygmalion et Galat\u00e9e\" width=\"146\" height=\"219\" \/><\/a><p id=\"caption-attachment-4161\" class=\"wp-caption-text\">Pygmalion et Galat\u00e9e, \u00c9tienne Maurice Falconet<\/p><\/div>\n<p>Passons maintenant \u00e0 un nouveau type d\u2019exp\u00e9rience de pens\u00e9e que nous d\u00e9signerons par le nom de <em>Pygmalion<\/em><a href=\"https:\/\/lms2.decclic.qc.ca\/Pub\/F38E337E-4AB4-4459-8A51-E3429AA48AD9\/9EBE3DCD-AF54-4F4F-BAD7-361F3AC26419#_ftn5\" name=\"_ftnref5\">[5]<\/a>.Supposons qu\u2019on programme un ordinateur ultrarapide et ultrapuissant de fa\u00e7on \u00e0 ce qu\u2019il d\u00e9veloppe it\u00e9rativement une certaine fonction math\u00e9matique bien choisie. Supposons en outre qu\u2019apr\u00e8s un certain temps &#8211; quelques jours ou quelques semaines &#8211; l\u2019ordinateur se mette \u00e0 produire des ph\u00e9nom\u00e8nes extraordinaires qu\u2019on pourrait d\u2019une certaine fa\u00e7on qualifier de \u00ab\u00a0vivants\u00a0\u00bb ou, m\u00eame, de \u00ab\u00a0pensants\u00a0\u00bb. L\u2019exp\u00e9rience de pens\u00e9e Pygmalion consiste \u00e0 imaginer un programme informatique dont le d\u00e9roulement simulerait un ou plusieurs trajets particuliers dans un graphe de potentiel global, de l\u2019origine \u00e0 l\u2019intelligence avanc\u00e9e.<\/p>\n<p>On pourrait objecter que, si on devait un jour rapporter un r\u00e9sultat de la sorte, il faudrait d\u2019abord penser qu\u2019il s\u2019agit d\u2019une supercherie, d\u2019un habile coup mont\u00e9. Cependant, y aurait-il l\u00e0 quelque chose d\u2019essentiellement diff\u00e9rent de ce que les scientifiques eux-m\u00eames d\u00e9crivent lorsqu\u2019ils racontent comment notre Univers a commenc\u00e9 et comment son \u00e9volution s\u2019est poursuivie\u00a0? Eux aussi se basent sur l\u2019id\u00e9e qu\u2019une description fond\u00e9e sur les math\u00e9matiques est susceptible de d\u00e9crire exactement la r\u00e9alit\u00e9. L\u2019Univers tel que compris implicitement par la science actuelle &#8211; non seulement la physique, mais \u00e9galement la biologie et les autres disciplines &#8211; est en droit une structure pygmalienne<a href=\"https:\/\/lms2.decclic.qc.ca\/Pub\/F38E337E-4AB4-4459-8A51-E3429AA48AD9\/9EBE3DCD-AF54-4F4F-BAD7-361F3AC26419#_ftn6\" name=\"_ftnref6\">[6]<\/a>.<\/p>\n<p>Rien n\u2019emp\u00eache de reformuler l\u2019exp\u00e9rience Pygmalion de fa\u00e7on qu\u2019elle comporte des \u00e9l\u00e9ments al\u00e9atoires et diff\u00e9rents sc\u00e9narios possibles, ainsi qu\u2019on l\u2019a fait dans le cas du programme Tierra. On peut en interpr\u00e9ter les r\u00e9sultats num\u00e9riques comme l\u2019expression d\u2019une possibilit\u00e9<em> \u00ab\u00a0r\u00e9elle\u00a0\u00bb<\/em> dans un espace du type math\u00e9matique appropri\u00e9.<\/p>\n<p>Cette exp\u00e9rience de pens\u00e9e peut \u00e9galement \u00eatre pr\u00e9sent\u00e9e comme celle d\u2019une recherche purement math\u00e9matique. Il n\u2019y a l\u00e0 aucune effectuation intrins\u00e8que. Toutefois, si on supposait que cet output pouvait \u00eatre incorpor\u00e9 \u00e0 un syst\u00e8me mat\u00e9riel de notre Univers, comme dans le cas de Tierra, lequel se trouve incorpor\u00e9 dans le logiciel d\u2019un ordinateur r\u00e9el, on pourrait lui donner vie r\u00e9ellement, c\u2019est-\u00e0-dire <em>effectivement<\/em> dans <em>notre<\/em> r\u00e9alit\u00e9.<\/p>\n<p>Par ailleurs, et de fa\u00e7on r\u00e9ciproque, si on suppose parfaitement exactes les lois de base de la physique, alors, par d\u00e9finition, la structure math\u00e9matique fondamentale de l\u2019Univers, d\u2019apr\u00e8s la physique actuelle, constitue une v\u00e9ritable structure pygmalienne.<\/p>\n<p>Ces structures apparaissent comme un type in\u00e9dit de structures math\u00e9matiques, qui ont la propri\u00e9t\u00e9 de se d\u00e9velopper comme un potentiel de mati\u00e8re et de vie en \u00e9volution vers plus de complexit\u00e9. C\u2019est une nouvelle conception de la cosmologie, qui ne rel\u00e8ve alors plus simplement de la cosmologie physique, mais \u00e9galement de la biologie et, m\u00eame, des sciences cognitives. Une structure pygmalienne est un cas particulier de celle du graphe arborescent en tant que structure d\u2019un potentiel r\u00e9el.<\/p>\n<p><strong><em>Structure pygmalienne et intelligence artificielle\u00a0<\/em><\/strong><\/p>\n<p>On pourra peut-\u00eatre red\u00e9finir le probl\u00e8me g\u00e9n\u00e9ral de l\u2019intelligence artificielle comme se ramenant \u00e0 trouver une structure d\u2019un type voisin de celui de\u00a0la structure pygmalienne, et \u00e0 mettre en \u0153uvre cette structure. Si tel devait \u00eatre le cas, il n\u2019y aurait toutefois plus gu\u00e8re de raison de consid\u00e9rer cette intelligence comme \u00ab\u00a0artificielle\u00a0\u00bb. Elle serait plut\u00f4t cr\u00e9\u00e9e, en quelque sorte, <em>naturellement<\/em> par une\u00a0<a href=\"http:\/\/mail.agoratheque.3zcom.com\/?page_id=2105\">intelligence avanc\u00e9e<\/a>\u00a0qui serait dans le prolongement de l\u2019intelligence humaine actuelle.<\/p>\n<p>Le r\u00f4le si important des math\u00e9matiques dans le comportement du monde physique appara\u00eet sous un nouveau jour. On serait en effet confondu par les potentialit\u00e9s effarantes d\u2019une telle structure math\u00e9matique, surtout en ce qui touche la vie et la conscience. Toutefois un tel constat signifierait que nous avions bien mal pos\u00e9 le probl\u00e8me. Ce qui est \u00e9tonnant n\u2019est pas qu\u2019un sous-produit de l\u2019esprit humain \u2014 les math\u00e9matiques \u2014 soit si f\u00e9cond et si productif, mais bien plut\u00f4t que nous serions tenus de consid\u00e9rer ces math\u00e9matiques comme quelque chose qui ne peut tout simplement pas \u00eatre sorti de l\u2019esprit humain. Il nous faudrait plut\u00f4t les consid\u00e9rer comme l\u2019expression d\u2019une super-r\u00e9alit\u00e9 englobante. Le probl\u00e8me de fond consiste pr\u00e9cis\u00e9ment dans notre incapacit\u00e9 de bien comprendre en quoi consiste l\u2019effectivit\u00e9 du vivant et, surtout, du vivant pensant.<\/p>\n<div><a title=\"4.1.4. Le concept de ph\u00e9nom\u00e8ne probabilitaire\" href=\"http:\/\/mail.agoratheque.3zcom.com\/?page_id=1880\">Suite<\/a><\/div>\n<hr size=\"1\" \/>\n<p><a href=\"https:\/\/lms2.decclic.qc.ca\/Pub\/F38E337E-4AB4-4459-8A51-E3429AA48AD9\/9EBE3DCD-AF54-4F4F-BAD7-361F3AC26419#_ftnref1\" name=\"_ftn1\">[1]<\/a> Thomas S. Ray a poursuivi ces recherches au Santa Fe Institute (Nouveau-Mexique). Murray Gell-Mann les d\u00e9crit dans son ouvrage <em>Le quark et le jaguar. Voyage au c\u0153ur du simple et du complexe<\/em> (<em>The Quark and the jaguar. <\/em><em>Adventures in the simple and the complex<\/em>, 1994; traduction de Gilles Minot), Paris, Flammarion, 1997, p. 348 et suivantes.<\/p>\n<div id=\"ftn2\">\n<p><a href=\"https:\/\/lms2.decclic.qc.ca\/Pub\/F38E337E-4AB4-4459-8A51-E3429AA48AD9\/9EBE3DCD-AF54-4F4F-BAD7-361F3AC26419#_ftnref2\" name=\"_ftn2\">[2]<\/a> On appelle <em>ordinateur virtuel <\/em>(<em>virtual computer<\/em>) un ordinateur dont le comportement est simul\u00e9 par le fonctionnement, r\u00e9el celui-l\u00e0, d\u2019un autre ordinateur.<\/p>\n<\/div>\n<div id=\"ftn3\">\n<p><a href=\"https:\/\/lms2.decclic.qc.ca\/Pub\/F38E337E-4AB4-4459-8A51-E3429AA48AD9\/9EBE3DCD-AF54-4F4F-BAD7-361F3AC26419#_ftnref3\" name=\"_ftn3\">[3]<\/a> D. Nilsson et S. Pelzer, \u201cA pessimistic Estimate of the Time Required for an Eye to Evolve\u201d, <em>Proceedings of the Royal Society of London<\/em>, B, 1994. Nilsson et Pelzer ont suppos\u00e9 une h\u00e9ritabilit\u00e9 de 50%, ce qui est selon eux une hypoth\u00e8se \u00ab\u00a0pessimiste\u00a0\u00bb parce que 70% serait plus r\u00e9aliste. Cela renforce leur th\u00e8se. Ils ont calcul\u00e9 que le temps requis pour qu\u2019un \u0153il de poisson se forme ainsi est de 400\u00a0000 g\u00e9n\u00e9rations, ce qui \u00e9quivaut \u00e0 environ\u00a0400\u00a0000 ans. Le temps \u00e9coul\u00e9 depuis aurait \u00a0donc \u00e9t\u00e9 suffisant pour recommencer 1000 fois. Richard Dawkins, qui a d\u00e9crit cette exp\u00e9rience dans l\u2019un de ses ouvrages, a exprim\u00e9 son \u00e9tonnement devant ces r\u00e9sultats\u00a0: \u00ab\u00a0presque comme par magie, une fraction de cette substance de remplissage transparente se condensa localement en une sous-r\u00e9gion sph\u00e9rique d\u2019indice de r\u00e9fraction plus \u00e9lev\u00e9[3]\u00a0\u00bb (R. Dawkins, <em>Qu\u2019est-ce que l\u2019\u00e9volution\u00a0? Le fleuve de la vie<\/em>, <em>op. cit.<\/em>, p. 97 et suivantes).<\/p>\n<\/div>\n<div id=\"ftn4\">\n<p><a href=\"https:\/\/lms2.decclic.qc.ca\/Pub\/F38E337E-4AB4-4459-8A51-E3429AA48AD9\/9EBE3DCD-AF54-4F4F-BAD7-361F3AC26419#_ftnref4\" name=\"_ftn4\">[4]<\/a> En effet, m\u00eame si l\u2019hypoth\u00e8se de Nilsson et Pelzer quant \u00e0 l\u2019h\u00e9ritabilit\u00e9 \u00e9tait, comme ils l\u2019ont indiqu\u00e9, pessimiste (voir la note pr\u00e9c\u00e9dente), il n\u2019en demeure pas moins qu\u2019ils ont choisi les conditions initiales de leur syst\u00e8me de fa\u00e7on \u00e0 ce que le r\u00e9sultat voulu se r\u00e9alise.<\/p>\n<\/div>\n<div id=\"ftn5\">\n<p><a href=\"https:\/\/lms2.decclic.qc.ca\/Pub\/F38E337E-4AB4-4459-8A51-E3429AA48AD9\/9EBE3DCD-AF54-4F4F-BAD7-361F3AC26419#_ftnref5\" name=\"_ftn5\">[5]<\/a> Pygmalion est le nom d\u2019un roi l\u00e9gendaire de Chypre.\u00a0D\u2019apr\u00e8s la mythologie, ce roi avait sculpt\u00e9 une statue dont il devint amoureux. Cette histoire inspira les <em>M\u00e9tamorphoses <\/em>d\u2019Ovide, po\u00e8me en quinze livres \u00e9crit au tout d\u00e9but de l\u2019\u00e8re chr\u00e9tienne. Plus tard, George Bernard Shaw s\u2019en inspira sur le mode ironique pour son <em>Pygmalion<\/em> (1913), puis Alan Jay Lerner et Frederick Loewe, en 1956, firent de m\u00eame pour leur com\u00e9die musicale <em>My Fair Lady<\/em>.<\/p>\n<\/div>\n<div id=\"ftn6\">\n<p><a href=\"https:\/\/lms2.decclic.qc.ca\/Pub\/F38E337E-4AB4-4459-8A51-E3429AA48AD9\/9EBE3DCD-AF54-4F4F-BAD7-361F3AC26419#_ftnref6\" name=\"_ftn6\">[6]<\/a> Plus pr\u00e9cis\u00e9ment, cette situation d\u00e9coule du droit scientifique actuel tel qu\u2019extrapol\u00e9 afin d\u2019assurer une coh\u00e9rence \u00e0 la recherche scientifique. Voir la <a title=\"1.2 Une \u00e9volution globale\" href=\"http:\/\/mail.agoratheque.3zcom.com\/?page_id=1624\" target=\"_blank\">section 1.2, note 6<\/a>.<\/p>\n<\/div>\n<\/div>\n<div class=\"edit-link\"><a class=\"post-edit-link\" href=\"\">modifier<\/a><\/div>","protected":false},"excerpt":{"rendered":"<p>\u00a0\u00a0\u00a0\u00a0\u00a0\u00a0\u00a0\u00a0\u00a0\u00a0\u00a0 Certaines recherches consistent \u00e0 mod\u00e9liser des processus \u00e9volutifs par ordinateur afin de mieux comprendre l\u2019\u00e9volution. On appelle \u00ab\u00a0vie artificielle\u00a0\u00bb cette extension du champ de la biologie. Thomas S. Ray, qui en est un des chercheurs les plus connus, g\u00e9n\u00e9ralise le concept d\u2019\u00e9volution&#8230;<\/p>\n","protected":false},"author":1,"featured_media":0,"parent":1856,"menu_order":413,"comment_status":"open","ping_status":"open","template":"","meta":[],"tags":[],"_links":{"self":[{"href":"http:\/\/agoratheque.3zcom.com\/index.php?rest_route=\/wp\/v2\/pages\/1874"}],"collection":[{"href":"http:\/\/agoratheque.3zcom.com\/index.php?rest_route=\/wp\/v2\/pages"}],"about":[{"href":"http:\/\/agoratheque.3zcom.com\/index.php?rest_route=\/wp\/v2\/types\/page"}],"author":[{"embeddable":true,"href":"http:\/\/agoratheque.3zcom.com\/index.php?rest_route=\/wp\/v2\/users\/1"}],"replies":[{"embeddable":true,"href":"http:\/\/agoratheque.3zcom.com\/index.php?rest_route=%2Fwp%2Fv2%2Fcomments&post=1874"}],"version-history":[{"count":8,"href":"http:\/\/agoratheque.3zcom.com\/index.php?rest_route=\/wp\/v2\/pages\/1874\/revisions"}],"predecessor-version":[{"id":5411,"href":"http:\/\/agoratheque.3zcom.com\/index.php?rest_route=\/wp\/v2\/pages\/1874\/revisions\/5411"}],"up":[{"embeddable":true,"href":"http:\/\/agoratheque.3zcom.com\/index.php?rest_route=\/wp\/v2\/pages\/1856"}],"wp:attachment":[{"href":"http:\/\/agoratheque.3zcom.com\/index.php?rest_route=%2Fwp%2Fv2%2Fmedia&parent=1874"}],"wp:term":[{"taxonomy":"post_tag","embeddable":true,"href":"http:\/\/agoratheque.3zcom.com\/index.php?rest_route=%2Fwp%2Fv2%2Ftags&post=1874"}],"curies":[{"name":"wp","href":"https:\/\/api.w.org\/{rel}","templated":true}]}}