{"id":1880,"date":"2011-08-01T10:39:52","date_gmt":"2011-08-01T14:39:52","guid":{"rendered":"http:\/\/agoratheque.yprovencal.ep.profweb.qc.ca\/?page_id=1880"},"modified":"2011-08-01T10:46:00","modified_gmt":"2011-08-01T14:46:00","slug":"4-1-4-le-concept-de-phenomene-probabilitaire","status":"publish","type":"page","link":"http:\/\/agoratheque.3zcom.com\/?page_id=1880","title":{"rendered":"4.1.4. Le concept de ph\u00e9nom\u00e8ne probabilitaire"},"content":{"rendered":"<p>Admettons donc que certaines sortes de r\u00e9alit\u00e9 qui sont r\u00e9ellement possibles dans notre Univers ont une certaine probabilit\u00e9 r\u00e9elle de s\u2019y r\u00e9aliser sous certaines conditions. Cette probabilit\u00e9, qui peut \u00eatre faible, est donc calculable en droit et il est l\u00e9gitime, d\u2019apr\u00e8s la science actuelle, d\u2019en poser le concept dans le cadre de la recherche. En g\u00e9n\u00e9ral, nous ignorons cette probabilit\u00e9. Par exemple, le concept d\u2019une \u00e9volution <em>probabilitaire<\/em> vers un t\u00e9los, se borne \u00e0 signifier qu\u2019une certaine probabilit\u00e9 appr\u00e9ciable \u2014 ce qui ne signifie pas qu\u2019elle \u00e9tait \u00e9lev\u00e9e \u2014 existait au d\u00e9but de l\u2019Univers pour que certains <em>types<\/em> d\u2019\u00e9v\u00e9nements se produisent, tels que la formation de lieux propices \u00e0 la vie intelligente, l\u2019apparition de formes de vie susceptibles de se d\u00e9velopper par la suite et l\u2019apparition d\u2019un type d\u2019intelligence avanc\u00e9e, c\u2019est-\u00e0-dire susceptible, par exemple, de d\u00e9velopper une pens\u00e9e scientifique.\u00a0<\/p>\n<p>De prime abord, plusieurs biologistes actuels tendraient \u00e0 s\u2019opposer \u00e0 une telle conception. Pour eux, il n\u2019y a pas eu de tendance significative \u00e0 une complexit\u00e9 d\u2019aucune sorte. Ainsi Gould, par exemple, affirme que \u00ab\u00a0le principe essentiel\u00a0\u00bb du darwinisme\u00a0est la s\u00e9lection naturelle. Dans ses termes,\u00a0\u00a0<\/p>\n<p>\u00ab\u00a0la s\u00e9lection est <em>la<\/em> force cr\u00e9atrice de l\u2019\u00e9volution\u00a0[et la] variation al\u00e9atoire, ou non dirig\u00e9e,\u00a0[y joue] un r\u00f4le capital [\u2026]\u00a0en garantissant que le <em>changement<\/em> \u00e9volutionniste ne peut \u00eatre attribu\u00e9 \u00e0 la variation elle-m\u00eame [parce que celle-ci] n\u2019est qu\u2019une donn\u00e9e brute. Elle se manifeste dans toutes les directions, ou du moins n\u2019est pas ordonn\u00e9e d\u2019une certaine fa\u00e7on plut\u00f4t que d\u2019une autre dans des voies adaptatives<a id=\"ref-1\" href=\"#note-1\"><sup>1<\/sup><\/a>\u00bb.\u00a0<\/p>\n<p>Selon une interpr\u00e9tation possible, Gould exprime ici un pr\u00e9suppos\u00e9 de neutralit\u00e9 absolue. Ce pr\u00e9suppos\u00e9 est contestable puisqu\u2019on peut, au contraire, faire l\u2019hypoth\u00e8se que certaines formes adaptatives sont en l\u2019occurrence plus probables que d\u2019autres, les forces dues \u00e0 la s\u00e9lection naturelle \u00e9tant \u00e9gales par ailleurs. Cette <em>hypoth\u00e8se de neutralit\u00e9<\/em> est elle-m\u00eame en principe r\u00e9futable. Seulement l\u2019observation d\u2019un nombre suffisant d\u2019\u00e9volutions biotiques plan\u00e9taires serait en pratique susceptible de la confirmer, tout comme elle serait susceptible de l\u2019infirmer.\u00a0\u00a0<\/p>\n<p>L\u2019intention de Gould, comme celle d\u2019autres biologistes, est de contester le finalisme classique, selon lequel une seule direction \u00e9tait possible, mais il s\u2019enferme dans un faux dilemme\u00a0: un seul choix possible ou bien tous les choix exactement aussi probables les uns que les autres. L\u2019option retenue par Gould serait une hypoth\u00e8se aussi invraisemblable que celle qu\u2019il tient \u00e0 rejeter.\u00a0\u00a0<\/p>\n<p>Toutefois, selon une autre interpr\u00e9tation, plus g\u00e9n\u00e9reuse, ce que les biologistes qui s\u2019expriment de la sorte veulent dire, au fond, n\u2019est pas qu\u2019il doive y avoir \u00e9quiprobabilit\u00e9 en soi des directions possibles, mais seulement que l\u2019on ne peut conna\u00eetre les probabilit\u00e9s de base et que, de ce fait, on n\u2019a aucune raison de favoriser une direction particuli\u00e8re. Ainsi ce que Gould veut vraiment dire lorsqu\u2019il \u00e9crit que la variation \u00ab\u00a0n\u2019est pas ordonn\u00e9e d\u2019une certaine fa\u00e7on plut\u00f4t que d\u2019une autre\u00a0\u00bb est que la variation n\u2019est pas ordonn\u00e9e \u00ab\u00a0ind\u00e9pendamment des lois physiques de base\u00a0\u00bb. Et lorsqu\u2019il affirme ensuite que la direction est donc impos\u00e9e par la s\u00e9lection naturelle, il sous-entend encore 1) que la seule direction dont <em>le m\u00e9canisme est enti\u00e8rement<\/em> <em>connaissable<\/em> est celle impos\u00e9e par la s\u00e9lection naturelle et 2) que les lois de base continuent, bien s\u00fbr, de s\u2019appliquer, et qu\u2019elles impriment peut-\u00eatre certaines directions en soi plus probables, quoique encore inconnues, aux variations.<\/p>\n<div><a title=\"4.1.5 Une m\u00e9tonymie dans le discours biologique\" href=\"http:\/\/mail.agoratheque.3zcom.com\/?page_id=1885\">Suite<\/a><\/div>\n<p><a id=\"note-1\" href=\"#ref-1\">1<\/a> Stephen J. Gould, <em>Quand les poules auront des dents<\/em>, <em>op. cit.<\/em>, p. 159-160. <a id=\"note-1\" href=\"#ref-1\">1<\/a><\/p>\n<div class=\"edit-link\"><a class=\"post-edit-link\" href=\"\">modifier<\/a><\/div>","protected":false},"excerpt":{"rendered":"<p>Admettons donc que certaines sortes de r\u00e9alit\u00e9 qui sont r\u00e9ellement possibles dans notre Univers ont une certaine probabilit\u00e9 r\u00e9elle de s\u2019y r\u00e9aliser sous certaines conditions. Cette probabilit\u00e9, qui peut \u00eatre faible, est donc calculable en droit et il est l\u00e9gitime, d\u2019apr\u00e8s la science&#8230;<\/p>\n","protected":false},"author":1,"featured_media":0,"parent":1856,"menu_order":414,"comment_status":"open","ping_status":"open","template":"","meta":[],"tags":[],"_links":{"self":[{"href":"http:\/\/agoratheque.3zcom.com\/index.php?rest_route=\/wp\/v2\/pages\/1880"}],"collection":[{"href":"http:\/\/agoratheque.3zcom.com\/index.php?rest_route=\/wp\/v2\/pages"}],"about":[{"href":"http:\/\/agoratheque.3zcom.com\/index.php?rest_route=\/wp\/v2\/types\/page"}],"author":[{"embeddable":true,"href":"http:\/\/agoratheque.3zcom.com\/index.php?rest_route=\/wp\/v2\/users\/1"}],"replies":[{"embeddable":true,"href":"http:\/\/agoratheque.3zcom.com\/index.php?rest_route=%2Fwp%2Fv2%2Fcomments&post=1880"}],"version-history":[{"count":4,"href":"http:\/\/agoratheque.3zcom.com\/index.php?rest_route=\/wp\/v2\/pages\/1880\/revisions"}],"predecessor-version":[{"id":1889,"href":"http:\/\/agoratheque.3zcom.com\/index.php?rest_route=\/wp\/v2\/pages\/1880\/revisions\/1889"}],"up":[{"embeddable":true,"href":"http:\/\/agoratheque.3zcom.com\/index.php?rest_route=\/wp\/v2\/pages\/1856"}],"wp:attachment":[{"href":"http:\/\/agoratheque.3zcom.com\/index.php?rest_route=%2Fwp%2Fv2%2Fmedia&parent=1880"}],"wp:term":[{"taxonomy":"post_tag","embeddable":true,"href":"http:\/\/agoratheque.3zcom.com\/index.php?rest_route=%2Fwp%2Fv2%2Ftags&post=1880"}],"curies":[{"name":"wp","href":"https:\/\/api.w.org\/{rel}","templated":true}]}}