{"id":1913,"date":"2011-08-02T13:54:04","date_gmt":"2011-08-02T17:54:04","guid":{"rendered":"http:\/\/agoratheque.yprovencal.ep.profweb.qc.ca\/?page_id=1913"},"modified":"2011-08-02T14:01:53","modified_gmt":"2011-08-02T18:01:53","slug":"4-2-5-le-gene-evolutif","status":"publish","type":"page","link":"http:\/\/agoratheque.3zcom.com\/?page_id=1913","title":{"rendered":"4.2.5 Le g\u00e8ne \u00e9volutif"},"content":{"rendered":"<p>\u00a0\u00a0\u00a0\u00a0\u00a0\u00a0\u00a0\u00a0\u00a0\u00a0\u00a0\u00a0 Le <em>g\u00e8ne \u00e9volutif<\/em> sera d\u00e9fini comme un g\u00e8ne qui, individuellement ou en groupe, poss\u00e8de les caract\u00e9ristiques qui permettent \u00e0 une \u00e9volution biosph\u00e9rique longue de se produire.\u00a0\u00a0<\/p>\n<p>\u00a0\u00a0\u00a0\u00a0\u00a0\u00a0\u00a0\u00a0\u00a0\u00a0 Le g\u00e8ne \u00e9volutif est donc le g\u00e8ne que l\u2019on consid\u00e8re non seulement, ainsi qu\u2019on le fait d\u2019habitude, selon son potentiel effectif, mais \u00e9galement selon son potentiel r\u00e9el. Par exemple, les g\u00e8nes directement li\u00e9s \u00e0 la mort et \u00e0 la sexualit\u00e9 sont clairement \u00e9volutifs. Le concept de g\u00e8ne \u00e9volutif permet d\u2019expliquer la mort programm\u00e9e g\u00e9n\u00e9tiquement. Le fait que des individus meurent favorise la descendance, quelle qu\u2019elle soit, que celle-ci se soit transform\u00e9e g\u00e9n\u00e9tiquement ou non. La sexualit\u00e9 aide \u00e0 produire, par recombinaison g\u00e9n\u00e9tique, la diversit\u00e9 et la complexit\u00e9. La diversit\u00e9 du vivant implique la diversit\u00e9 des adaptations possibles, donc aide \u00e0 produire de nouvelles formes de vie.\u00a0\u00a0<\/p>\n<p>\u00a0\u00a0\u00a0\u00a0\u00a0\u00a0\u00a0\u00a0\u00a0\u00a0\u00a0 La s\u00e9lection naturelle n\u2019implique de fa\u00e7on n\u00e9cessaire aucune tendance vers la complexit\u00e9. L\u2019image du g\u00e8ne \u00e9go\u00efste en repr\u00e9sente pleinement le m\u00e9canisme. L\u2019int\u00e9r\u00eat du principe darwinien de la s\u00e9lection naturelle a \u00e9t\u00e9 n\u00e9anmoins mis en \u00e9vidence par l\u2019existence de la complexit\u00e9, c\u2019est-\u00e0-dire de formes de vie d\u00e9j\u00e0 diversifi\u00e9es et \u00e9labor\u00e9es, dont l\u2019existence s\u2019explique en partie au moyen de ce principe. En un sens, tout l\u2019ADN des formes de vie issues de la sexualit\u00e9 est un \u00ab\u00a0surplus\u00a0\u00bb par rapport \u00e0 ce qui \u00e9tait d\u00e9j\u00e0 la pleine r\u00e9alisation du \u00ab\u00a0g\u00e8ne \u00e9go\u00efste\u00a0\u00bb, soit les bact\u00e9ries.\u00a0\u00a0<\/p>\n<p>\u00a0\u00a0\u00a0\u00a0\u00a0\u00a0\u00a0\u00a0\u00a0\u00a0\u00a0 Une notion pivot du darwinisme est celle selon laquelle l\u2019\u00e9volution se d\u00e9roule sans plan et sans direction<a id=\"ref-1\" href=\"#note-1\"><sup>1<\/sup><\/a>. Admettons que cela se comprend dans le sens qu\u2019il ne saurait y avoir d\u2019autre direction \u00e0 l\u2019\u00e9volution que celle que lui imprime la s\u00e9lection naturelle ou, dans la mesure o\u00f9 c\u2019est pertinent, celle que pourraient lui conf\u00e9rer les lois physiques, notamment celles qui d\u00e9terminent fondamentalement les forces et les mouvements. La science rejette normalement l\u2019id\u00e9e d\u2019un plan quelconque qui serait surajout\u00e9 aux lois et les principes de base.<\/p>\n<p>La plupart\u00a0des chercheurs accorderaient, aujourd\u2019hui, que les lois de base ont cependant imprim\u00e9 une certaine direction \u00e0 l\u2019Univers depuis le moment initial du Big Bang.<\/p>\n<div><a title=\"4.2.6 La s\u00e9lection naturelle et la loi de l\u2019entropie\" href=\"http:\/\/mail.agoratheque.3zcom.com\/?page_id=1917\">Suite<\/a><\/div>\n<div><a id=\"note-1\" href=\"#ref-1\">1<\/a> Stephen J. Gould, par exemple, l\u2019affirme en de tels termes\u00a0: pas de plan ni de direction, mais essentiellement le hasard. Cf. <em>Le pouce du panda<\/em>, <em>op. cit.<\/em>, p. 39. <a id=\"note-1\" href=\"#ref-1\">1<\/a><\/div>\n<div class=\"edit-link\"><a class=\"post-edit-link\" href=\"\">modifier<\/a><\/div>","protected":false},"excerpt":{"rendered":"<p>\u00a0\u00a0\u00a0\u00a0\u00a0\u00a0\u00a0\u00a0\u00a0\u00a0\u00a0\u00a0 Le g\u00e8ne \u00e9volutif sera d\u00e9fini comme un g\u00e8ne qui, individuellement ou en groupe, poss\u00e8de les caract\u00e9ristiques qui permettent \u00e0 une \u00e9volution biosph\u00e9rique longue de se produire.\u00a0\u00a0 \u00a0\u00a0\u00a0\u00a0\u00a0\u00a0\u00a0\u00a0\u00a0\u00a0 Le g\u00e8ne \u00e9volutif est donc le g\u00e8ne que l\u2019on consid\u00e8re non seulement, ainsi qu\u2019on le&#8230;<\/p>\n","protected":false},"author":1,"featured_media":0,"parent":1890,"menu_order":425,"comment_status":"open","ping_status":"open","template":"","meta":[],"tags":[],"_links":{"self":[{"href":"http:\/\/agoratheque.3zcom.com\/index.php?rest_route=\/wp\/v2\/pages\/1913"}],"collection":[{"href":"http:\/\/agoratheque.3zcom.com\/index.php?rest_route=\/wp\/v2\/pages"}],"about":[{"href":"http:\/\/agoratheque.3zcom.com\/index.php?rest_route=\/wp\/v2\/types\/page"}],"author":[{"embeddable":true,"href":"http:\/\/agoratheque.3zcom.com\/index.php?rest_route=\/wp\/v2\/users\/1"}],"replies":[{"embeddable":true,"href":"http:\/\/agoratheque.3zcom.com\/index.php?rest_route=%2Fwp%2Fv2%2Fcomments&post=1913"}],"version-history":[{"count":4,"href":"http:\/\/agoratheque.3zcom.com\/index.php?rest_route=\/wp\/v2\/pages\/1913\/revisions"}],"predecessor-version":[{"id":1922,"href":"http:\/\/agoratheque.3zcom.com\/index.php?rest_route=\/wp\/v2\/pages\/1913\/revisions\/1922"}],"up":[{"embeddable":true,"href":"http:\/\/agoratheque.3zcom.com\/index.php?rest_route=\/wp\/v2\/pages\/1890"}],"wp:attachment":[{"href":"http:\/\/agoratheque.3zcom.com\/index.php?rest_route=%2Fwp%2Fv2%2Fmedia&parent=1913"}],"wp:term":[{"taxonomy":"post_tag","embeddable":true,"href":"http:\/\/agoratheque.3zcom.com\/index.php?rest_route=%2Fwp%2Fv2%2Ftags&post=1913"}],"curies":[{"name":"wp","href":"https:\/\/api.w.org\/{rel}","templated":true}]}}