{"id":1937,"date":"2011-08-02T15:30:45","date_gmt":"2011-08-02T19:30:45","guid":{"rendered":"http:\/\/agoratheque.yprovencal.ep.profweb.qc.ca\/?page_id=1937"},"modified":"2016-12-24T17:37:58","modified_gmt":"2016-12-24T21:37:58","slug":"4-2-7-1-l%e2%80%99apparition-du-mimetisme-grace-aux-essais-et-aux-erreurs","status":"publish","type":"page","link":"http:\/\/agoratheque.3zcom.com\/?page_id=1937","title":{"rendered":"4.2.7.1 L\u2019apparition du mim\u00e9tisme gr\u00e2ce aux essais et aux erreurs"},"content":{"rendered":"<div id=\"attachment_4175\" style=\"width: 137px\" class=\"wp-caption alignnone\"><a href=\"http:\/\/mail.agoratheque.3zcom.com\/wp-content\/uploads\/2011\/08\/mim\u00e9tisme-oiseau.jpg\"><img aria-describedby=\"caption-attachment-4175\" decoding=\"async\" loading=\"lazy\" class=\" wp-image-4175\" src=\"http:\/\/mail.agoratheque.3zcom.com\/wp-content\/uploads\/2011\/08\/mim\u00e9tisme-oiseau.jpg\" alt=\"Mim\u00e9tisme: oiseau\" width=\"127\" height=\"87\" \/><\/a><p id=\"caption-attachment-4175\" class=\"wp-caption-text\">Mim\u00e9tisme: oiseau<\/p><\/div>\n<div id=\"attachment_4173\" style=\"width: 140px\" class=\"wp-caption alignright\"><a href=\"http:\/\/mail.agoratheque.3zcom.com\/wp-content\/uploads\/2011\/08\/mim\u00e9tisme-insecte.jpg\"><img aria-describedby=\"caption-attachment-4173\" decoding=\"async\" loading=\"lazy\" class=\" wp-image-4173\" src=\"http:\/\/mail.agoratheque.3zcom.com\/wp-content\/uploads\/2011\/08\/mim\u00e9tisme-insecte.jpg\" alt=\"Mim\u00e9tisme: insecte\" width=\"130\" height=\"97\" \/><\/a><p id=\"caption-attachment-4173\" class=\"wp-caption-text\">Mim\u00e9tisme: insecte<\/p><\/div>\n<p>Les humains et, sans doute, plusieurs esp\u00e8ces animales sont souvent tromp\u00e9s par la ressemblance quasi parfaite de certains insectes avec une brindille ou une feuille morte, ou encore par le stratag\u00e8me ing\u00e9nieux d\u2019une orchid\u00e9e qui, par ses formes et ses couleurs, reproduit l\u2019aspect un insecte. Le mim\u00e9tisme peut s\u2019expliquer sommairement au moyen de la th\u00e9orie de l\u2019\u00e9volution. Il tire son origine d\u2019une l\u00e9g\u00e8re ressemblance qui est d\u2019abord purement fortuite, puis la pr\u00e9cision s\u2019am\u00e9liore de fa\u00e7on progressive en relativement peu de temps du fait de la s\u00e9lection naturelle<a href=\"https:\/\/lms2.decclic.qc.ca\/Pub\/F38E337E-4AB4-4459-8A51-E3429AA48AD9\/A30C53E3-8457-475B-AEAE-53F5872CD029#_ftn1\" name=\"_ftnref1\">[1]<\/a>.<\/p>\n<div id=\"attachment_4176\" style=\"width: 221px\" class=\"wp-caption alignnone\"><a href=\"http:\/\/mail.agoratheque.3zcom.com\/wp-content\/uploads\/2011\/08\/mim\u00e9tisme-poulpe.jpg\"><img aria-describedby=\"caption-attachment-4176\" decoding=\"async\" loading=\"lazy\" class=\" wp-image-4176\" src=\"http:\/\/mail.agoratheque.3zcom.com\/wp-content\/uploads\/2011\/08\/mim\u00e9tisme-poulpe.jpg\" alt=\"Mim\u00e9tisme: poulpe\" width=\"211\" height=\"118\" \/><\/a><p id=\"caption-attachment-4176\" class=\"wp-caption-text\">Mim\u00e9tisme: poulpe<\/p><\/div>\n<p>Ce processus \u00e9volutif\u00a0est en fait un ajustement progressif par essais et erreurs \u00e0 partir d\u2019une amorce d\u00e9cisive due au potentiel r\u00e9el. Celui-ci aura continu\u00e9 ensuite de fournir des \u00ab\u00a0essais\u00a0\u00bb diversifi\u00e9s. Les meilleurs essais se sont trouv\u00e9s \u00e0 simuler les formes perceptuelles inscrites dans l\u2019organisme de ceux qu\u2019il s\u2019agissait de tromper. S\u2019il s\u2019agissait de tromper des vert\u00e9br\u00e9s, par exemple, il y aura eu comp\u00e9tition entre la facult\u00e9 mim\u00e9tique de tromper et la facult\u00e9 mentale permettant de prendre en d\u00e9faut le stratag\u00e8me. Ce processus de co\u00e9volution se sera d\u00e9velopp\u00e9 au point o\u00f9 la ressemblance est devenue saisissante. C\u2019est ce qui est apparu logiquement, en particulier, au \u00ab\u00a0pr\u00e9dateur\u00a0\u00bb potentiel qu\u2019est l\u2019humain lui-m\u00eame. La s\u00e9lection permet d\u2019ajuster le m\u00e9canisme, mais le potentiel r\u00e9el de produire le m\u00e9canisme et les variantes est n\u00e9cessairement pr\u00e9suppos\u00e9. Nous constatons que, dans ce cas, le t\u00e9los du processus de d\u00e9veloppement \u00e9volutif prend un double aspect, soit l\u2019efficacit\u00e9 de la tromperie, d\u2019une part, et la capacit\u00e9 c\u00e9r\u00e9brale d\u2019une esp\u00e8ce \u00e9volu\u00e9e qui avance vers plus d\u2019intelligence.<\/p>\n<div><a title=\"4.3 L\u2019\u00e9volution naturelle globale\" href=\"http:\/\/mail.agoratheque.3zcom.com\/?page_id=1942\">Suite<\/a><\/div>\n<hr size=\"1\" \/>\n<p><a href=\"https:\/\/lms2.decclic.qc.ca\/Pub\/F38E337E-4AB4-4459-8A51-E3429AA48AD9\/A30C53E3-8457-475B-AEAE-53F5872CD029#_ftnref1\" name=\"_ftn1\">[1]<\/a> Cf. par exemple, Stephen Jay Gould, <em>La foire aux dinosaures<\/em>, <em>op. cit.<\/em>, p. 280.<\/p>\n<div class=\"edit-link\"><a class=\"post-edit-link\" href=\"\">modifier<\/a><\/div>","protected":false},"excerpt":{"rendered":"<p>Les humains et, sans doute, plusieurs esp\u00e8ces animales sont souvent tromp\u00e9s par la ressemblance quasi parfaite de certains insectes avec une brindille ou une feuille morte, ou encore par le stratag\u00e8me ing\u00e9nieux d\u2019une orchid\u00e9e qui, par ses formes et ses couleurs, reproduit l\u2019aspect&#8230;<\/p>\n","protected":false},"author":1,"featured_media":0,"parent":1934,"menu_order":427,"comment_status":"open","ping_status":"open","template":"","meta":[],"tags":[],"_links":{"self":[{"href":"http:\/\/agoratheque.3zcom.com\/index.php?rest_route=\/wp\/v2\/pages\/1937"}],"collection":[{"href":"http:\/\/agoratheque.3zcom.com\/index.php?rest_route=\/wp\/v2\/pages"}],"about":[{"href":"http:\/\/agoratheque.3zcom.com\/index.php?rest_route=\/wp\/v2\/types\/page"}],"author":[{"embeddable":true,"href":"http:\/\/agoratheque.3zcom.com\/index.php?rest_route=\/wp\/v2\/users\/1"}],"replies":[{"embeddable":true,"href":"http:\/\/agoratheque.3zcom.com\/index.php?rest_route=%2Fwp%2Fv2%2Fcomments&post=1937"}],"version-history":[{"count":5,"href":"http:\/\/agoratheque.3zcom.com\/index.php?rest_route=\/wp\/v2\/pages\/1937\/revisions"}],"predecessor-version":[{"id":5470,"href":"http:\/\/agoratheque.3zcom.com\/index.php?rest_route=\/wp\/v2\/pages\/1937\/revisions\/5470"}],"up":[{"embeddable":true,"href":"http:\/\/agoratheque.3zcom.com\/index.php?rest_route=\/wp\/v2\/pages\/1934"}],"wp:attachment":[{"href":"http:\/\/agoratheque.3zcom.com\/index.php?rest_route=%2Fwp%2Fv2%2Fmedia&parent=1937"}],"wp:term":[{"taxonomy":"post_tag","embeddable":true,"href":"http:\/\/agoratheque.3zcom.com\/index.php?rest_route=%2Fwp%2Fv2%2Ftags&post=1937"}],"curies":[{"name":"wp","href":"https:\/\/api.w.org\/{rel}","templated":true}]}}