{"id":1946,"date":"2011-08-02T16:56:17","date_gmt":"2011-08-02T20:56:17","guid":{"rendered":"http:\/\/agoratheque.yprovencal.ep.profweb.qc.ca\/?page_id=1946"},"modified":"2011-09-23T15:24:42","modified_gmt":"2011-09-23T19:24:42","slug":"4-3-1-l%e2%80%99evolution-physique","status":"publish","type":"page","link":"http:\/\/agoratheque.3zcom.com\/?page_id=1946","title":{"rendered":"4.3.1 L\u2019\u00e9volution physique"},"content":{"rendered":"<p>\u00a0\u00a0\u00a0\u00a0\u00a0\u00a0\u00a0\u00a0\u00a0\u00a0\u00a0 Les lois et les principes de base de la physique, en y incluant ceux de la m\u00e9canique quantique et de la th\u00e9orie de la relativit\u00e9, d\u00e9crivent les interactions gravitationnelles, \u00e9lectromagn\u00e9tiques, nucl\u00e9aires et faibles. Chacun de ces types d\u2019interaction a jou\u00e9 un r\u00f4le essentiel dans l\u2019\u00e9volution globale.\u00a0\u00a0<\/p>\n<p>1)\u00a0\u00a0 La force gravitationnelle a jou\u00e9 un r\u00f4le constitutif dans la formation des galaxies, des \u00e9toiles et des plan\u00e8tes.<\/p>\n<p>2)\u00a0\u00a0\u00a0La force \u00e9lectromagn\u00e9tique\u00a0a jou\u00e9 un r\u00f4le constitutif dans la formation des mol\u00e9cules et des atomes d\u2019hydrog\u00e8ne. Elle est impliqu\u00e9e directement dans la formation des acides amin\u00e9s et des prot\u00e9ines.<\/p>\n<p>3)\u00a0\u00a0\u00a0La force nucl\u00e9aire\u00a0a jou\u00e9 un r\u00f4le constitutif dans la formation des noyaux lourds, notamment du carbone, de l\u2019azote et de l\u2019oxyg\u00e8ne.\u00a0La force nucl\u00e9aire est telle que ces \u00e9l\u00e9ments ont pu jouer leur r\u00f4le constitutif dans les processus du vivant<a id=\"ref-1\" href=\"#note-1\"><sup>1<\/sup><\/a>.<\/p>\n<p>4)\u00a0\u00a0\u00a0\u00a0La force dite faible\u00a0a jou\u00e9 un r\u00f4le constitutif dans la dispersion des noyaux lourds dans l\u2019espace, par le m\u00e9canisme d\u2019\u00e9jection de mati\u00e8re des supernovae<a id=\"ref-2\" href=\"#note-2\"><sup>2<\/sup><\/a>.\u00a0\u00a0<\/p>\n<p>\u00a0\u00a0\u00a0\u00a0\u00a0\u00a0\u00a0\u00a0\u00a0\u00a0\u00a0 Qu\u2019il s\u2019agisse de mati\u00e8re organique ou non, les propri\u00e9t\u00e9s de la mati\u00e8re d\u00e9pendent de l\u2019action combin\u00e9e de ces quatre forces de base. Pr\u00e9cisons cependant que, dans les quatre points ci-dessus, l\u2019expression \u00ab\u00a0a jou\u00e9 un r\u00f4le constitutif\u00a0\u00bb ne signifie pas que les forces ou principes impliqu\u00e9s doivent tous \u00eatre consid\u00e9r\u00e9s comme irr\u00e9ductibles \u00e0 d\u2019autres principes plus fondamentaux.\u00a0\u00a0<\/p>\n<p>\u00a0\u00a0\u00a0\u00a0\u00a0\u00a0\u00a0\u00a0\u00a0\u00a0\u00a0\u00a0Et, comme les \u00e9volutions biologique et no\u00e9tique font partie de l\u2019\u00e9volution globale, il conviendra d\u2019ajouter \u00e0 ce tableau que la s\u00e9lection naturelle darwinienne\u00a0a jou\u00e9 un r\u00f4le important pour la compr\u00e9hension de la fa\u00e7on dont se sont <em>effectivement<\/em> form\u00e9s les organismes complexes. D\u2019autres principes ou th\u00e9ories biologiques auront permis de mieux comprendre les potentialit\u00e9s r\u00e9elles de cette \u00e9volution. Ils l\u2019ont toutefois fait en termes d\u2019organisation g\u00e9n\u00e9tique et d\u2019organisation du vivant en g\u00e9n\u00e9ral, plut\u00f4t qu\u2019en termes de lois et de principes de base des processus r\u00e9els en g\u00e9n\u00e9ral. En outre,\u00a0les sciences humaines ou sociales, en plus de la philosophie, ont permis d\u2019avancer dans la compr\u00e9hension de la fa\u00e7on sont se sont form\u00e9s les traits et les objets culturels, et dans la compr\u00e9hension de la fa\u00e7on dont se sont constitu\u00e9s les textes et les id\u00e9es dans l\u2019\u00e9volution historique humaine. Et, bien s\u00fbr, ces disciplines n\u2019ont pas encore permis d\u2019exprimer les d\u00e9veloppements no\u00e9tiques de fa\u00e7on globale, au moyen de concept adisciplinaires. Ces d\u00e9veloppements demeurent la chasse gard\u00e9e de disciplines particuli\u00e8res, qu\u2019on n\u2019envisage que rarement de comprendre en rapport avec les autres disciplines de la recherche.\u00a0<\/p>\n<p>\u00a0\u00a0\u00a0\u00a0\u00a0\u00a0\u00a0\u00a0\u00a0\u00a0\u00a0 Les diff\u00e9rentes entit\u00e9s r\u00e9elles sont apparues et se sont d\u00e9velopp\u00e9es de fa\u00e7on tr\u00e8s al\u00e9atoire, c\u2019est-\u00e0-dire probabiliste. Dans chacun des types d\u2019interaction, la contingence physico-cognitive a toujours jou\u00e9 un r\u00f4le d\u00e9terminant en ce qui concerne l\u2019effectivit\u00e9 des r\u00e9sultats.<\/p>\n<div><a title=\"4.3.1.1 Le r\u00f4le des mutations dans l\u2019\u00e9volution\" href=\"http:\/\/mail.agoratheque.3zcom.com\/?page_id=1952\">Suite<\/a><\/div>\n<p><a id=\"note-1\" href=\"#ref-1\">1<\/a> La force nucl\u00e9aire semble m\u00eame \u00ab\u00a0ajust\u00e9e\u00a0\u00bb, c\u2019est-\u00e0-dire ni trop faible ni trop forte, pour que ces processus biologiques aient lieu. Cette remarque nous renvoie \u00e0 la probl\u00e9matique dite du principe anthropique. Nous reviendrons l\u00e0-dessus, notamment dans\u00a0la <a title=\"7.9.4 Les conditions fondamentales d\u2019une libert\u00e9 humaine\" href=\"http:\/\/mail.agoratheque.3zcom.com\/?page_id=2762\" target=\"_blank\">sous-section 7.9.4<\/a>. <a id=\"note-1\" href=\"#ref-1\">1<\/a><\/p>\n<div id=\"ftn2\">\n<p><a id=\"note-2\" href=\"#ref-2\">2<\/a> La force dite\u00a0faible (appel\u00e9e d\u2019abord force de Fermi)\u00a0se manifeste dans la transformation du neutron en proton, ce qui produit un neutrino, et parfois dans la transformation inverse. Les neutrinos jouent un r\u00f4le cl\u00e9 dans ce qui provoque l\u2019explosion des supernovae, de pair avec l\u2019\u00e9jection des noyaux lourds dans l\u2019espace. Ce m\u00e9canisme est essentiel pour la formation ult\u00e9rieure de plan\u00e8tes de type terrestre. La force faible est juste assez grande pour lui permettre de jouer ce r\u00f4le. De plus,\u00a0elle est juste assez faible pour que les \u00e9toiles G (type solaire) aient une dur\u00e9e de vie d\u2019une dizaine de milliards d\u2019ann\u00e9es environ, ce qui est peut-\u00eatre l\u2019ordre de grandeur du temps requis pour une \u00e9volution ayant de bonnes chances de produire l\u2019intelligence avanc\u00e9e. <a id=\"note-2\" href=\"#ref-2\">2<\/a><\/p>\n<\/div>\n<div class=\"edit-link\"><a class=\"post-edit-link\" href=\"\">modifier<\/a><\/div>","protected":false},"excerpt":{"rendered":"<p>\u00a0\u00a0\u00a0\u00a0\u00a0\u00a0\u00a0\u00a0\u00a0\u00a0\u00a0 Les lois et les principes de base de la physique, en y incluant ceux de la m\u00e9canique quantique et de la th\u00e9orie de la relativit\u00e9, d\u00e9crivent les interactions gravitationnelles, \u00e9lectromagn\u00e9tiques, nucl\u00e9aires et faibles. Chacun de ces types d\u2019interaction a jou\u00e9 un r\u00f4le&#8230;<\/p>\n","protected":false},"author":1,"featured_media":0,"parent":1942,"menu_order":431,"comment_status":"open","ping_status":"open","template":"","meta":[],"tags":[],"_links":{"self":[{"href":"http:\/\/agoratheque.3zcom.com\/index.php?rest_route=\/wp\/v2\/pages\/1946"}],"collection":[{"href":"http:\/\/agoratheque.3zcom.com\/index.php?rest_route=\/wp\/v2\/pages"}],"about":[{"href":"http:\/\/agoratheque.3zcom.com\/index.php?rest_route=\/wp\/v2\/types\/page"}],"author":[{"embeddable":true,"href":"http:\/\/agoratheque.3zcom.com\/index.php?rest_route=\/wp\/v2\/users\/1"}],"replies":[{"embeddable":true,"href":"http:\/\/agoratheque.3zcom.com\/index.php?rest_route=%2Fwp%2Fv2%2Fcomments&post=1946"}],"version-history":[{"count":5,"href":"http:\/\/agoratheque.3zcom.com\/index.php?rest_route=\/wp\/v2\/pages\/1946\/revisions"}],"predecessor-version":[{"id":1948,"href":"http:\/\/agoratheque.3zcom.com\/index.php?rest_route=\/wp\/v2\/pages\/1946\/revisions\/1948"}],"up":[{"embeddable":true,"href":"http:\/\/agoratheque.3zcom.com\/index.php?rest_route=\/wp\/v2\/pages\/1942"}],"wp:attachment":[{"href":"http:\/\/agoratheque.3zcom.com\/index.php?rest_route=%2Fwp%2Fv2%2Fmedia&parent=1946"}],"wp:term":[{"taxonomy":"post_tag","embeddable":true,"href":"http:\/\/agoratheque.3zcom.com\/index.php?rest_route=%2Fwp%2Fv2%2Ftags&post=1946"}],"curies":[{"name":"wp","href":"https:\/\/api.w.org\/{rel}","templated":true}]}}