{"id":1963,"date":"2011-08-03T13:54:00","date_gmt":"2011-08-03T17:54:00","guid":{"rendered":"http:\/\/agoratheque.yprovencal.ep.profweb.qc.ca\/?page_id=1963"},"modified":"2011-08-04T07:23:47","modified_gmt":"2011-08-04T11:23:47","slug":"4-3-3-la-selection-naturelle-conjointe-la-symbiose-globale","status":"publish","type":"page","link":"http:\/\/agoratheque.3zcom.com\/?page_id=1963","title":{"rendered":"4.3.3 La s\u00e9lection naturelle conjointe : la symbiose globale"},"content":{"rendered":"<p>\u00a0\u00a0\u00a0\u00a0\u00a0\u00a0\u00a0\u00a0\u00a0\u00a0\u00a0 Les relations de symbiose\u00a0sont fr\u00e9quentes chez les animaux et les plantes, ou d\u2019autres organismes. Un exemple bien connu est celui du lichen, symbiose d\u2019un champignon et d\u2019une algue qui ne peuvent vivre s\u00e9par\u00e9ment l\u2019un de l\u2019autre. Richard Dawkins a propos\u00e9 l\u2019id\u00e9e que les \u00eatres vivants sont des \u00ab\u00a0colonies de symbioses de g\u00e8nes<a id=\"ref-1\" href=\"#note-1\"><sup>1<\/sup><\/a>\u00a0\u00bb. L\u2019id\u00e9e de symbiose va de pair, essentiellement, avec celle d\u2019une association \u00e9troite de diff\u00e9rents \u00e9l\u00e9ments vivants ou mol\u00e9culaires. Dans ce qui suit, cette id\u00e9e sera exploit\u00e9e plus \u00e0 fond. Nous consid\u00e9rerons l\u2019existence d\u2019une <em>symbiose globale<\/em> qui inclurait non seulement les diff\u00e9rentes formes de vie, mais aussi les lign\u00e9es \u00e9volutives elles-m\u00eames, avec tous les \u00e9l\u00e9ments naturels qui participent \u00e0 leur \u00e9volution. On peut, en effet, constater que l\u2019\u00e9volution ne se r\u00e9duit pas \u00e0 constituer des individus vivants ou des esp\u00e8ces. Celles-ci font partie de lign\u00e9es qui se d\u00e9veloppent sur de longues dur\u00e9es. Or, certaines de ces lign\u00e9es entretiennent mutuellement d\u2019\u00e9troites relations qui sont susceptibles de rendre compte de l\u2019\u00e9volution de certains caract\u00e8res des esp\u00e8ces impliqu\u00e9es.\u00a0<\/p>\n<p>\u00a0\u00a0\u00a0\u00a0\u00a0\u00a0\u00a0\u00a0\u00a0\u00a0\u00a0 La symbiose en son sens le plus habituel peut \u00eatre d\u00e9crite comme une coop\u00e9ration entre des individus ou entre des esp\u00e8ces. Par d\u00e9finition, la <em>symbiose globale<\/em> est la r\u00e9union de tout ce qui participe \u00e0 l\u2019\u00e9volution globale. Elle peut \u00eatre d\u00e9crite comme une association qui est g\u00e9n\u00e9ralement avantageuse \u00e0 la survie des organismes qui jouent un r\u00f4le d\u2019une fa\u00e7on ou d\u2019une autre dans cette \u00e9volution. Dans certains cas, l\u2019association globale permettra \u00e0 l\u2019organisme d\u2019appara\u00eetre et de survivre longtemps dans un environnement fixe ou variable. Dans d\u2019autres cas, l\u2019association globale permettra \u00e0 un organisme d\u2019appara\u00eetre et de survivre assez longtemps pour jouer un r\u00f4le d\u2019\u00e9l\u00e9ment transitoire entre des formes \u00e9volutives.\u00a0\u00a0<\/p>\n<p>\u00a0\u00a0\u00a0\u00a0\u00a0\u00a0\u00a0\u00a0\u00a0\u00a0 D\u2019apr\u00e8s\u00a0l\u2019hypoth\u00e8se <em>T<sub>ia<\/sub><\/em>, il existe une symbiose globale, c\u2019est-\u00e0-dire cosmique, qui permet avec une probabilit\u00e9 appr\u00e9ciable \u00e0 une forme intelligente d\u2019appara\u00eetre et de se d\u00e9velopper de fa\u00e7on \u00e0 devenir une intelligence avanc\u00e9e. En comparaison avec les th\u00e9ories et les interpr\u00e9tations biologiques actuelles, cette hypoth\u00e8se rend mieux compte de faits tels que la grande diversit\u00e9 du vivant, l\u2019\u00e9volution pass\u00e9e vers la complexit\u00e9 (notamment des soci\u00e9t\u00e9s d\u2019ordres multiples \u00e0 partir des mol\u00e9cules d\u2019ADN, comme les bact\u00e9ries, les protistes, les m\u00e9tazoaires, etc., puis aux soci\u00e9t\u00e9s animales jusqu\u2019\u00e0 la noosph\u00e8re humaine). La symbiose globale comporte l\u2019\u00e9volution physique, l\u2019\u00e9volution biosph\u00e9rique et l\u2019\u00e9volution noosph\u00e9rique. Dans le cadre scientifique actuel, tous ces faits restent simplement attribu\u00e9s au hasard. Souvent, on ne cherche pas m\u00eame \u00e0 en rendre compte.\u00a0<\/p>\n<p>\u00a0\u00a0\u00a0\u00a0\u00a0\u00a0\u00a0\u00a0\u00a0\u00a0 Le concept de symbiose globale servira de base pour d\u00e9finir en plus la nouvelle conception de l\u2019<em>adaptation globale<\/em>. Celle-ci comporte plusieurs niveaux distincts comme, par exemple, les niveaux individuel et sp\u00e9cifique, lesquels correspondent \u00e0 la conception habituelle de l\u2019adaptation. Il est cependant important de d\u00e9finir aussi l\u2019adaptation des lign\u00e9es d\u2019esp\u00e8ces. L\u2019adaptation globale est en quelque sorte l\u2019adaptation de la vie et de son \u00e9volution au cadre global du Cosmos.\u00a0<\/p>\n<p>\u00a0\u00a0\u00a0\u00a0\u00a0\u00a0\u00a0\u00a0\u00a0 La symbiose globale<em>\u00a0<\/em>est une sorte de coop\u00e9ration de degr\u00e9 sup\u00e9rieur, entre des entit\u00e9s ou des processus. Elle va de pair avec l\u2019id\u00e9e d\u2019une coop\u00e9ration vitale entre des lign\u00e9es \u00e9volutives pourtant d\u2019aspect antagoniste. Ainsi, en un certain sens, les carnivores \u00ab\u00a0coop\u00e8rent\u00a0\u00bb avec leurs proies, les herbivores, en ne les exterminant pas\u00a0; ils contribuent \u00e0 r\u00e9guler leurs populations. On pourra ainsi constater que l\u2019\u00e9volution des carnivores et celle des herbivores sont \u00e9troitement li\u00e9es l\u2019une \u00e0 l\u2019autre. Plus globalement encore, on pourra constater l\u2019existence d\u2019une coop\u00e9ration de degr\u00e9 sup\u00e9rieur selon laquelle certains objets physiques autres que ceux qui se trouvent dans l\u2019environnement terrestre ont de fa\u00e7on importante partie li\u00e9e avec l\u2019\u00e9volution de la biosph\u00e8re terrestre. C\u2019est \u00e9videmment le cas, notamment du Soleil, mais aussi, par exemple, de la Lune et d\u2019autres corps c\u00e9lestes<a id=\"ref-2\" href=\"#note-2\"><sup>2<\/sup><\/a>.<\/p>\n<div><a title=\"4.3.3.1 L\u2019association des lign\u00e9es \u00e9volutives\" href=\"http:\/\/mail.agoratheque.3zcom.com\/?page_id=1968\">Suite<\/a><\/div>\n<p><a id=\"note-1\" href=\"#ref-1\">1<\/a>\u00a0Selon Dawkins, les virus pourraient \u00eatre des \u00ab\u00a0g\u00e8nes rebelles\u00a0\u00bb qui se sont lib\u00e9r\u00e9s de telles colonies<\/p>\n<div id=\"ftn1\">\n<p>(Richard Dawkins, <em>Le <\/em><em>nouvel esprit biologique<\/em>, <em>op. cit<\/em>., p. 254). <a id=\"note-1\" href=\"#ref-1\">1<\/a><\/p>\n<p><a id=\"note-2\" href=\"#ref-2\">2<\/a>\u00a0Il est bien connu que la Lune et le Soleil causent ensemble les mar\u00e9es sur la Terre. De plus, il para\u00eet probable que la Lune ait jou\u00e9 un r\u00f4le important dans les mouvements de l\u2019axe de rotation de la Terre et, donc, dans la stabilit\u00e9 requise par l\u2019\u00e9volution longue. <a id=\"note-2\" href=\"#ref-2\">2<\/a><\/p>\n<\/div>\n<div class=\"edit-link\"><a class=\"post-edit-link\" href=\"\">modifier<\/a><\/div>","protected":false},"excerpt":{"rendered":"<p>\u00a0\u00a0\u00a0\u00a0\u00a0\u00a0\u00a0\u00a0\u00a0\u00a0\u00a0 Les relations de symbiose\u00a0sont fr\u00e9quentes chez les animaux et les plantes, ou d\u2019autres organismes. Un exemple bien connu est celui du lichen, symbiose d\u2019un champignon et d\u2019une algue qui ne peuvent vivre s\u00e9par\u00e9ment l\u2019un de l\u2019autre. Richard Dawkins a propos\u00e9 l\u2019id\u00e9e que&#8230;<\/p>\n","protected":false},"author":1,"featured_media":0,"parent":1942,"menu_order":433,"comment_status":"open","ping_status":"open","template":"","meta":[],"tags":[],"_links":{"self":[{"href":"http:\/\/agoratheque.3zcom.com\/index.php?rest_route=\/wp\/v2\/pages\/1963"}],"collection":[{"href":"http:\/\/agoratheque.3zcom.com\/index.php?rest_route=\/wp\/v2\/pages"}],"about":[{"href":"http:\/\/agoratheque.3zcom.com\/index.php?rest_route=\/wp\/v2\/types\/page"}],"author":[{"embeddable":true,"href":"http:\/\/agoratheque.3zcom.com\/index.php?rest_route=\/wp\/v2\/users\/1"}],"replies":[{"embeddable":true,"href":"http:\/\/agoratheque.3zcom.com\/index.php?rest_route=%2Fwp%2Fv2%2Fcomments&post=1963"}],"version-history":[{"count":4,"href":"http:\/\/agoratheque.3zcom.com\/index.php?rest_route=\/wp\/v2\/pages\/1963\/revisions"}],"predecessor-version":[{"id":1972,"href":"http:\/\/agoratheque.3zcom.com\/index.php?rest_route=\/wp\/v2\/pages\/1963\/revisions\/1972"}],"up":[{"embeddable":true,"href":"http:\/\/agoratheque.3zcom.com\/index.php?rest_route=\/wp\/v2\/pages\/1942"}],"wp:attachment":[{"href":"http:\/\/agoratheque.3zcom.com\/index.php?rest_route=%2Fwp%2Fv2%2Fmedia&parent=1963"}],"wp:term":[{"taxonomy":"post_tag","embeddable":true,"href":"http:\/\/agoratheque.3zcom.com\/index.php?rest_route=%2Fwp%2Fv2%2Ftags&post=1963"}],"curies":[{"name":"wp","href":"https:\/\/api.w.org\/{rel}","templated":true}]}}