{"id":1968,"date":"2011-08-04T07:19:39","date_gmt":"2011-08-04T11:19:39","guid":{"rendered":"http:\/\/agoratheque.yprovencal.ep.profweb.qc.ca\/?page_id=1968"},"modified":"2016-05-19T11:15:21","modified_gmt":"2016-05-19T15:15:21","slug":"4-3-3-1-l%e2%80%99association-des-lignees-evolutives","status":"publish","type":"page","link":"http:\/\/agoratheque.3zcom.com\/?page_id=1968","title":{"rendered":"4.3.3.1 L\u2019association des lign\u00e9es \u00e9volutives"},"content":{"rendered":"<div>\n<p>\u00a0\u00a0\u00a0\u00a0\u00a0\u00a0\u00a0\u00a0 Le gu\u00e9pard est adapt\u00e9 \u00e0 la course de fa\u00e7on \u00e0 pourchasser les antilopes\u00a0et \u00e0 s\u2019en nourrir. Et, corr\u00e9lativement, les antilopes sont adapt\u00e9es \u00e0 la course de fa\u00e7on \u00e0 pouvoir \u00e9chapper au rapide gu\u00e9pard, du moins, la plupart du temps. Comme cette situation existe depuis des millions d\u2019ann\u00e9es, il s\u2019agit, dans les deux cas, de strat\u00e9gies profitables pour les lign\u00e9es dans lesquelles s\u2019inscrivent ces esp\u00e8ces. Cette description pourrait s\u2019appliquer avec relativement peu de diff\u00e9rences \u00e0 tous les cas o\u00f9 des carnivores et des herbivores composent un \u00e9quilibre naturel.<\/p>\n<p>D\u2019apr\u00e8s les donn\u00e9es de la pal\u00e9ontologie on peut observer que les carnivores ou d\u2019autres pr\u00e9dateurs ont eu tendance \u00e0 devenir de plus en plus rapides et, dans bien des cas, de plus en plus rus\u00e9s, ou intelligents. Et il en va de m\u00eame pour plusieurs lign\u00e9es d\u2019herbivores. Cette progression conjointe appara\u00eet d\u2019embl\u00e9e explicable par la s\u00e9lection naturelle. En fait, les variations individuelles dans une esp\u00e8ce donn\u00e9e de carnivores auront rendu probable une s\u00e9lection favorisant les plus rapides et les plus intelligents. Plus l\u2019animal \u00e9tait dou\u00e9 pour la course et capable d\u2019organiser\u00a0avec des cong\u00e9n\u00e8res des strat\u00e9gies en groupe, plus il \u00e9tait apte \u00e0 remporter l\u2019\u00e9preuve contre les herbivores auxquels il devait se confronter. De m\u00eame, dans le cas des herbivores, les plus rapides et les plus intelligents ont eu un avantage statistique sur ceux de son esp\u00e8ce qui l\u2019\u00e9taient moins.<\/p>\n<p>Si, toutefois, nous supposions que, dans un \u00e9cosyst\u00e8me donn\u00e9, les carnivores ont eu syst\u00e9matiquement le dessus sur les herbivores, nous devrions en conclure que la situation est instable. Les herbivores se seraient rar\u00e9fi\u00e9s et auraient fini par dispara\u00eetre compl\u00e8tement sauf s\u2019ils avaient en eux le potentiel d\u2019\u00e9voluer vers la capacit\u00e9 de courir plus vite et la capacit\u00e9 c\u00e9r\u00e9brale de contrer les strat\u00e9gies des carnivores. Et, inversement, si des herbivores avaient eu la capacit\u00e9 d\u2019\u00e9chapper syst\u00e9matiquement aux carnivores m\u00eame les plus rapides et les plus rus\u00e9s, ceux-ci se seraient rar\u00e9fi\u00e9s jusqu\u2019\u00e0 dispara\u00eetre compl\u00e8tement. Il est donc n\u00e9cessaire de postuler l\u2019existence conjointe de potentialit\u00e9s r\u00e9elles d\u2019\u00e9voluer vers la rapidit\u00e9 et l\u2019intelligence \u00e0 la fois chez les carnivores et chez les herbivores. Les deux ordres se sont en somme entraid\u00e9s \u00e0 \u00e9voluer. Chez les deux, il s\u2019est produit une co\u00e9volution qui a consist\u00e9 en l\u2019augmentation progressive de la rapidit\u00e9 et de la capacit\u00e9 c\u00e9r\u00e9brale. Celle-ci consistait, en particulier, en des mod\u00e8les de comportement d\u2019autres esp\u00e8ces servant, selon le cas, de proies ou de pr\u00e9dateurs, et au moyen d\u2019y faire face[1].<\/p>\n<p>Les donn\u00e9es en ce sens sont nombreuses. Des syst\u00e8mes nerveux de plus en plus d\u00e9velopp\u00e9s de carnivores et d\u2019herbivores sont observables chez bon nombre de familles. Chez les carnivores et les pr\u00e9dateurs en g\u00e9n\u00e9ral, on observe facilement un tel r\u00e9sultat dans le cas des f\u00e9lins, des canid\u00e9s, des pinnip\u00e8des, de certains primates et de certains c\u00e9tac\u00e9s. Plusieurs herbivores, on observe les cas des antilopes, des proboscidiens, des girafid\u00e9s. D\u2019autres familles ont particip\u00e9 \u00e0 des types semblables de symbioses \u00e9volutives, comme les rongeurs, des mollusques tels que les poulpes et les soci\u00e9t\u00e9s d\u2019insectes.<\/p>\n<p>Force est d\u2019admettre que sur le long terme la nature ne maximise pas la survie de g\u00e9nomes ou de g\u00e9notypes[2]. Il est donc possible d\u2019assigner par hypoth\u00e8se un t\u00e9los \u00e0 l\u2019\u00e9volution globale. Ce qu\u2019on peut savoir de ce t\u00e9los hypoth\u00e9tique est que sa r\u00e9alisation serait pr\u00e9c\u00e9d\u00e9e d\u2019une grande tendance \u00e0 la diversification des formes de vie et d\u2019une certaine tendance \u00e0 produire des lign\u00e9es qui co\u00e9voluent, c\u2019est-\u00e0-dire une <em>co\u00e9volution phyl\u00e9tique<\/em>.<\/p>\n<p><strong><em>\u00a0 Le cas des lign\u00e9es des coucous et d\u2019autres oiseaux<\/em><\/strong><\/p>\n<p>Une telle perspective a pour effet de modifier notablement le regard de la science port\u00e9 sur l\u2019\u00e9volution et sur les \u00eatres vivants en g\u00e9n\u00e9ral. Pour le montrer clairement, prenons un cas bien connu des biologistes. Chez les coucous, la femelle pond ses \u0153ufs dans des nids d\u2019autres esp\u00e8ces d\u2019oiseaux. Lorsque le jeune coucou sort de l\u2019\u0153uf, il rejette les autres oiselets hors du nid et se fait nourrir par leurs parents. Ceux-ci, en g\u00e9n\u00e9ral, ne s\u2019y refusent pas. Ils nourrissent le jeune coucou et ce, m\u00eame si celui-ci est plus gros qu\u2019eux. Certains biologistes sentent le besoin de juger cette situation, un peu comme si une \u00e9thique naturelle \u00e9tait alors d\u00e9savou\u00e9e. Ainsi, S. J. Gould s\u2019est montr\u00e9 contrari\u00e9 par la tricherie du coucou[3].<\/p>\n<p>Pourtant cette situation, qu\u2019on peut qualifier de parasitisme sp\u00e9cifique, r\u00e9v\u00e8le l\u2019<em>association<\/em> des g\u00e8nes intersp\u00e9cifiques\u00a0<em>pour l\u2019\u00e9volution<\/em>. En d\u2019autres termes, les g\u00e8nes sp\u00e9cifiques du coucou se trouvent associ\u00e9s \u00e0 ceux d\u2019une autre esp\u00e8ce d\u2019oiseau d\u2019une fa\u00e7on qui d\u00e9favorise les g\u00e8nes sp\u00e9cifiques de cette esp\u00e8ce. Les parents qui nourrissent le coucou n\u2019ont pas d\u2019int\u00e9r\u00eat individuel ni sp\u00e9cifique d\u2019agir ainsi. En revanche, ils contribuent \u00e0 la vie et \u00e0 l\u2019\u00e9volution globale. Il se manifeste, dans ce cas-l\u00e0, une interaction entre deux lign\u00e9es \u00e9volutives, soit celle des coucous et celle d\u2019une autre esp\u00e8ce d\u2019oiseaux. Il est \u00e9vident que l\u2019esp\u00e8ce coucou a \u00e9volu\u00e9 de telle sorte qu\u2019elle exploite d\u2019autres esp\u00e8ces de cette fa\u00e7on bien particuli\u00e8re.<\/p>\n<p>Cependant il semble tout \u00e0 fait possible que l\u2019esp\u00e8ce ainsi exploit\u00e9e engendre un jour des mutants qui sauront r\u00e9sister \u00e0 la strat\u00e9gie des coucous. Les parents, en quelque sorte, \u00ab\u00a0apprendront\u00a0\u00bb \u00e0 se d\u00e9fendre contre l\u2019intrusion du jeune coucou d\u2019une fa\u00e7on ou d\u2019une autre. Par exemple, ils d\u00e9tecteront l\u2019\u0153uf de coucou et le d\u00e9truiront ou le rejetteront hors du nid avant qu\u2019il n\u2019\u00e9close. Certes, ce type d\u2019apprentissage suppose une modification appropri\u00e9e du g\u00e9nome, ce qui peut demander un laps de temps de l\u2019ordre du million d\u2019ann\u00e9es. L\u2019esp\u00e8ce qui se transformera de la sorte ne survivra peut-\u00eatre pas comme telle, mais sa lign\u00e9e sera pr\u00e9serv\u00e9e. De m\u00eame, pour que leur lign\u00e9e se prolonge, l\u2019esp\u00e8ce coucou devra par la suite se transformer \u00e0 son tour en une autre esp\u00e8ce capable de s\u2019adapter \u00e0 la nouvelle situation.<\/p>\n<p><strong><em>Le cas des lign\u00e9es de pr\u00e9dateurs et de proies<\/em><\/strong><\/p>\n<p>Nous pouvons constater que le comportement des coucous n\u2019est nullement anormal du point de vue de l\u2019\u00e9volution globale. Leur esp\u00e8ce en exploite d\u2019autres, ce qui semble la norme. C\u2019est le cas \u00e9galement des pr\u00e9dateurs en g\u00e9n\u00e9ral, qui se trouvent \u00e0 exploiter d\u2019autres esp\u00e8ces. Ainsi, on peut comprendre que, m\u00eame si des individus servent de proie \u00e0 d\u2019autres, une esp\u00e8ce d\u2019antilope est aid\u00e9e par l\u2019esp\u00e8ce gu\u00e9pard du fait que celle-ci contribue \u00e0 la r\u00e9gulation de sa population. Plus ces antilopes ont \u00e9t\u00e9 rapides \u00e0 la course et habiles dans leurs man\u0153uvres de fuite, plus l\u2019esp\u00e8ce des gu\u00e9pard en auront profit\u00e9 pour produire des individus de plus en plus aptes \u00e0 la chasse, donc de plus en plus v\u00e9loces et rus\u00e9es Cette esp\u00e8ce d\u2019antilope aide \u00e0 la r\u00e9gulation de la population des gu\u00e9pards en ne se laissant pas attraper facilement et ce, m\u00eame si, \u00e0 chaque fois qu\u2019un gu\u00e9pard rate sa proie, il s\u2019affaiblit et risque l\u2019inanition, et que l\u2019esp\u00e8ce est ainsi un peu plus menac\u00e9e de dispara\u00eetre. Ce risque aura \u00e9t\u00e9 surcompens\u00e9 par le b\u00e9n\u00e9fice apport\u00e9 \u00e0 l\u2019esp\u00e8ce.<\/p>\n<p>Ce sont cependant des lign\u00e9es d\u2019esp\u00e8ces qui coop\u00e8rent de la sorte dans le sens qu\u2019elles s\u2019aident mutuellement \u00e0 \u00e9voluer. Cependant l\u2019id\u00e9e d\u2019une aide intersp\u00e9cifique, c\u2019est-\u00e0-dire de symbiose au sens \u00e9largi que nous lui donnons ici, est plus claire si nous faisons intervenir les ordres plut\u00f4t que les esp\u00e8ces ou les lign\u00e9es elles-m\u00eames. Car l\u2019\u00e9volution d\u2019une esp\u00e8ce qui se trouve dans l\u2019ascendance des gu\u00e9pards a \u00e9t\u00e9 favoris\u00e9e par celle d\u2019une esp\u00e8ce anc\u00eatre des antilopes. Ce sont donc plusieurs lign\u00e9es apparent\u00e9es de carnivores et, corr\u00e9lativement, plusieurs lign\u00e9es d\u2019herbivores qui ont \u00e9t\u00e9 ainsi favoris\u00e9es. En somme, l\u2019\u00e9volution vers ce type de caract\u00e9ristique aura \u00e9t\u00e9 soutenue dans une double pluralit\u00e9 de lign\u00e9es \u00e0 la fois, de par leur association \u00e9volutive.<\/p>\n<div><a title=\"4.3.3.2 L\u2019adaptation symbiotique\" href=\"http:\/\/mail.agoratheque.3zcom.com\/?page_id=1973\">Suite<\/a><\/div>\n<p><a id=\"note-1\" href=\"#ref-1\">1<\/a>\u00a0En fait, les g\u00e9nomes ne comportent pas de \u00ab\u00a0mod\u00e8les\u00a0\u00bb au sens d\u2019une partie de ce g\u00e9nome pouvant \u00eatre identifi\u00e9e comme celle qui d\u00e9termine le comportement d\u2019une esp\u00e8ce. Il s\u2019agit de mod\u00e8les potentiels impliqu\u00e9s en droit par les conditions de base.<\/p>\n<div id=\"ftn2\">\n<p><a id=\"note-2\" href=\"#ref-2\">2<\/a>\u00a0Contrairement \u00e0 ce que Richard Dawkins affirme dans <em>Qu\u2019est-ce que l\u2019\u00e9volution\u00a0? Le fleuve de la vie<\/em>, <em>op. cit.<\/em>, p. 124.<\/p>\n<\/div>\n<div id=\"ftn3\">\n<p><a id=\"note-3\" href=\"#ref-3\">3<\/a> Par exemple, Stephen J. Gould avoue sa \u00ab\u00a0col\u00e8re\u00a0\u00bb, \u00e9crit-il \u00e0 ce propos, contre \u00ab\u00a0l\u2019injustice de ce bas monde\u00a0\u00bb et il qualifie le jeune coucou de \u00ab\u00a0parasite piailleur\u00a0\u00bb (S. J. Gould, <em>Quand les poules auront des dents<\/em>, <em>op. cit.<\/em>, p. 48-49).<\/p>\n<\/div>\n<\/div>\n<div class=\"edit-link\"><a class=\"post-edit-link\" href=\"\">modifier<\/a><\/div>","protected":false},"excerpt":{"rendered":"<p>\u00a0\u00a0\u00a0\u00a0\u00a0\u00a0\u00a0\u00a0 Le gu\u00e9pard est adapt\u00e9 \u00e0 la course de fa\u00e7on \u00e0 pourchasser les antilopes\u00a0et \u00e0 s\u2019en nourrir. Et, corr\u00e9lativement, les antilopes sont adapt\u00e9es \u00e0 la course de fa\u00e7on \u00e0 pouvoir \u00e9chapper au rapide gu\u00e9pard, du moins, la plupart du temps. Comme cette situation&#8230;<\/p>\n","protected":false},"author":1,"featured_media":0,"parent":1963,"menu_order":433,"comment_status":"open","ping_status":"open","template":"","meta":[],"tags":[],"_links":{"self":[{"href":"http:\/\/agoratheque.3zcom.com\/index.php?rest_route=\/wp\/v2\/pages\/1968"}],"collection":[{"href":"http:\/\/agoratheque.3zcom.com\/index.php?rest_route=\/wp\/v2\/pages"}],"about":[{"href":"http:\/\/agoratheque.3zcom.com\/index.php?rest_route=\/wp\/v2\/types\/page"}],"author":[{"embeddable":true,"href":"http:\/\/agoratheque.3zcom.com\/index.php?rest_route=\/wp\/v2\/users\/1"}],"replies":[{"embeddable":true,"href":"http:\/\/agoratheque.3zcom.com\/index.php?rest_route=%2Fwp%2Fv2%2Fcomments&post=1968"}],"version-history":[{"count":5,"href":"http:\/\/agoratheque.3zcom.com\/index.php?rest_route=\/wp\/v2\/pages\/1968\/revisions"}],"predecessor-version":[{"id":5412,"href":"http:\/\/agoratheque.3zcom.com\/index.php?rest_route=\/wp\/v2\/pages\/1968\/revisions\/5412"}],"up":[{"embeddable":true,"href":"http:\/\/agoratheque.3zcom.com\/index.php?rest_route=\/wp\/v2\/pages\/1963"}],"wp:attachment":[{"href":"http:\/\/agoratheque.3zcom.com\/index.php?rest_route=%2Fwp%2Fv2%2Fmedia&parent=1968"}],"wp:term":[{"taxonomy":"post_tag","embeddable":true,"href":"http:\/\/agoratheque.3zcom.com\/index.php?rest_route=%2Fwp%2Fv2%2Ftags&post=1968"}],"curies":[{"name":"wp","href":"https:\/\/api.w.org\/{rel}","templated":true}]}}