{"id":1989,"date":"2011-08-04T13:52:49","date_gmt":"2011-08-04T17:52:49","guid":{"rendered":"http:\/\/agoratheque.yprovencal.ep.profweb.qc.ca\/?page_id=1989"},"modified":"2016-05-19T14:47:27","modified_gmt":"2016-05-19T18:47:27","slug":"4-3-4-1-la-selection-paracatastrophique","status":"publish","type":"page","link":"http:\/\/agoratheque.3zcom.com\/?page_id=1989","title":{"rendered":"4.3.4.1 La s\u00e9lection paracatastrophique"},"content":{"rendered":"<p>Certaines esp\u00e8ces passent \u00e0 travers la catastrophe, d\u2019autres non. Nous poserons ici l\u2019hypoth\u00e8se que, lorsqu\u2019une catastrophe se produit, il s\u2019effectue une certaine s\u00e9lection d\u2019esp\u00e8ces ou de lign\u00e9es. Par exemple, plusieurs lign\u00e9es de mammif\u00e8res, dont celle des primates, ont travers\u00e9 la catastrophe du Cr\u00e9tac\u00e9, mais celles des dinosaures et des reptiles volants ne l\u2019ont pas fait. La s\u00e9lection par catastrophe est une sorte de s\u00e9lection naturelle diff\u00e9r\u00e9e, c\u2019est-\u00e0-dire que les esp\u00e8ces ou les lign\u00e9es qui survivent \u00e0 la catastrophe devaient pr\u00e9senter certaines caract\u00e9ristiques qui n\u2019\u00e9taient pas n\u00e9cessairement des atouts majeurs avant que ne se produise la catastrophe \u2014 il s\u2019agissait peut-\u00eatre m\u00eame de handicaps \u2014, mais qui leur auront permis d\u2019\u00eatre retenues, c\u2019est-\u00e0-dire s\u00e9lectionn\u00e9es de fa\u00e7on naturelle, mais non au sens de la s\u00e9lection darwinienne. Celle-ci sera \u00e0 distinguer de ce qui sera appel\u00e9 ici la <em>s\u00e9lection paracatastrophique<\/em>, soit celle qui se fait sp\u00e9cialement par les causes ou les suites de catastrophes qui ont par ailleurs pour effet de d\u00e9truire une ou plusieurs esp\u00e8ces existantes. Nous conviendrons de r\u00e9server la d\u00e9nomination de s\u00e9lection darwinienne aux cas de s\u00e9lection que nous pouvons qualifier de \u00abnormaux\u00bb, c\u2019est-\u00e0-dire qui n\u2019impliquent pas n\u00e9cessairement des \u00e9v\u00e9nements de type catastrophique.<\/p>\n<p>Il s\u2019agit ici de reconna\u00eetre l\u2019existence d\u2019un <em>avantage \u00e9volutif<\/em> de certaines lign\u00e9es ou de certains g\u00e8nes, qui se trouvent favoris\u00e9s dans le cours de l\u2019\u00e9volution longue, en le distinguant de l\u2019avantage adaptatif au sens de la s\u00e9lection darwinienne. Si on accepte de donner \u00e0 l\u2019id\u00e9e d\u2019adaptation un sens plus g\u00e9n\u00e9ral, on peut d\u00e9crire l\u2019avantage \u00e9volutif comme un avantage adaptatif des lign\u00e9es. L\u2019avantage adaptatif au sens habituel aide une forme de vie \u00e0 s\u2019adapter \u00e0 un environnement donn\u00e9, alors que l\u2019avantage adaptatif des lign\u00e9es permet de s\u2019adapter \u00e0 une s\u00e9rie d\u2019environnements diff\u00e9rents. L\u2019avantage \u00e9volutif au sens le plus large, pour sa part, permet d\u2019\u00e9voluer par-del\u00e0 tous les changements d\u2019environnements.<\/p>\n<p>L\u2019adaptation des lign\u00e9es peut \u00eatre comprise en partie comme une pr\u00e9adaptation parce qu\u2019elle est une caract\u00e9ristique en quelque sorte \u00ab\u00a0inn\u00e9e\u00a0\u00bb des lign\u00e9es qui sont issues de la cellule ancestrale et primordiale. Il est cependant fort possible que cette cellule ancestrale soit elle-m\u00eame apparue \u00e0 la faveur d\u2019un type sp\u00e9cial et inconnu de transformation \u00e0 partir d\u2019autres formes de vie qui n\u2019avaient pas cette capacit\u00e9 d\u2019adaptation \u00e0 l\u2019\u00e9volution longue. Ce type sp\u00e9cial de transformation ne pouvait \u00e9quivaloir \u00e0 la mitose ni m\u00eame au processus de mutation d\u2019un fragment d\u2019ADN en un autre fragment. Il s\u2019agirait plut\u00f4t, par exemple, d\u2019une transformation qui aurait produit l\u2019ADN \u00e0 partir d\u2019un autre type de mol\u00e9cule plus ou moins semblable, mais structur\u00e9 de fa\u00e7on diff\u00e9rente. Il nous faudrait donc comprendre l\u2019adaptation \u00e0 l\u2019\u00e9volution longue comme une transformation qui aurait affect\u00e9 la structure mol\u00e9culaire m\u00eame de la vie. Elle serait peut-\u00eatre apparue elle-m\u00eame gr\u00e2ce \u00e0 une ou plusieurs catastrophes tr\u00e8s anciennes qui auraient effac\u00e9 compl\u00e8tement un type ant\u00e9rieur de vie qui \u00e9tait bas\u00e9 sur un type de mol\u00e9cule auto-r\u00e9plicative en quelque sorte \u00ab\u00a0anc\u00eatre\u00a0\u00bb de l\u2019ADN.<\/p>\n<p>La s\u00e9lection paracatastrophique semble mettre en \u0153uvre un principe de s\u00e9lection nettement plus complexe que ne le fait la s\u00e9lection darwinienne. Les esp\u00e8ces retenues pr\u00e9senteraient certaines caract\u00e9ristiques de pr\u00e9adaptation avant qu\u2019une catastrophe se produise et qui s\u2019av\u00e8rent des plus utiles lorsqu\u2019elle survient<a id=\"ref-1\" href=\"#note-1\"><sup>1<\/sup><\/a>. Cette s\u00e9lection para\u00eet donner l\u2019avantage \u00e0 certaines esp\u00e8ces ou, plus g\u00e9n\u00e9ralement, \u00e0 certains regroupements de formes de vivantes ou mol\u00e9culaires qui sont les plus aptes \u00e0 faire face \u00e0 un \u00e9v\u00e9nement de type catastrophique, lequel n\u2019est en g\u00e9n\u00e9ral pas pr\u00e9vu par les m\u00e9canismes adaptatifs de type darwinien. Nous d\u00e9crirons ici ces avantages relatifs comme une <em>souplesse adaptative<\/em>, c\u2019est-\u00e0-dire une plasticit\u00e9 des capacit\u00e9s adaptatives globales qui, par d\u00e9finition, comporte n\u00e9cessairement le potentiel g\u00e9notypique de se transformer plus tard, soit pendant ou apr\u00e8s l\u2019\u00e9v\u00e9nement catastrophique, avec une probabilit\u00e9 appr\u00e9ciable en une ou des esp\u00e8ces qui auront encore de telles caract\u00e9ristiques. Ces capacit\u00e9s particuli\u00e8res peuvent ou non comporter l\u2019aptitude ph\u00e9notypique \u00e0 transformer ses habitudes de vie, au niveau individuel ou collectif. Aucune confrontation ou lutte \u00e0 proprement parler contre d\u2019autres formes de vie n\u2019est alors requise<a id=\"ref-2\" href=\"#note-2\"><sup>2<\/sup><\/a>, mais il faut en tout cas un potentiel r\u00e9el de capacit\u00e9 d\u2019\u00e9voluer, susceptible de devenir effectif au moment appropri\u00e9. Cette souplesse adaptative ne serait pas une lutte pour la survie individuelle, ni pour la reproduction de l\u2019esp\u00e8ce. Sa fonction ne serait pas en vue de maintenir le g\u00e9nome tel quel, mais de le transformer de fa\u00e7on \u00e0 pouvoir prolonger une lign\u00e9e \u00e9volutive.<\/p>\n<div><a title=\"4.3.4.2 Le caract\u00e8re constructif et normal des catastrophes au cours de l\u2019\u00e9volution\" href=\"http:\/\/mail.agoratheque.3zcom.com\/?page_id=1994\">Suite<\/a><\/div>\n<p><a id=\"note-1\" href=\"#ref-1\">1<\/a>\u00a0Nous pourrions utiliser aussi bien le terme d\u2019\u00a0\u00ab\u00a0exaptation\u00a0\u00bb, d\u2019apr\u00e8s Gould et Vrba. <em>Cf.<\/em> S. J. Gould et E. S. Vrba, \u00ab\u00a0Exaptation\u2014a missing term in the science of forms\u00a0\u00bb, <em>Paleobiology<\/em>, 1982, 8(1), p. 4-15. <a id=\"note-1\" href=\"#ref-1\">1<\/a><\/p>\n<div id=\"ftn2\">\n<p><a id=\"note-2\" href=\"#ref-2\">2<\/a>\u00a0Il n\u2019y aurait pas n\u00e9cessairement d\u2019\u00ab\u00a0\u00e9go\u00efsme\u00a0\u00bb au sens de R. Dawkins. <a id=\"note-2\" href=\"#ref-2\">2<\/a><\/p>\n<\/div>\n<div class=\"edit-link\"><a class=\"post-edit-link\" href=\"\">modifier<\/a><\/div>","protected":false},"excerpt":{"rendered":"<p>Certaines esp\u00e8ces passent \u00e0 travers la catastrophe, d\u2019autres non. Nous poserons ici l\u2019hypoth\u00e8se que, lorsqu\u2019une catastrophe se produit, il s\u2019effectue une certaine s\u00e9lection d\u2019esp\u00e8ces ou de lign\u00e9es. Par exemple, plusieurs lign\u00e9es de mammif\u00e8res, dont celle des primates, ont travers\u00e9 la catastrophe du Cr\u00e9tac\u00e9,&#8230;<\/p>\n","protected":false},"author":1,"featured_media":0,"parent":1984,"menu_order":434,"comment_status":"open","ping_status":"open","template":"","meta":[],"tags":[],"_links":{"self":[{"href":"http:\/\/agoratheque.3zcom.com\/index.php?rest_route=\/wp\/v2\/pages\/1989"}],"collection":[{"href":"http:\/\/agoratheque.3zcom.com\/index.php?rest_route=\/wp\/v2\/pages"}],"about":[{"href":"http:\/\/agoratheque.3zcom.com\/index.php?rest_route=\/wp\/v2\/types\/page"}],"author":[{"embeddable":true,"href":"http:\/\/agoratheque.3zcom.com\/index.php?rest_route=\/wp\/v2\/users\/1"}],"replies":[{"embeddable":true,"href":"http:\/\/agoratheque.3zcom.com\/index.php?rest_route=%2Fwp%2Fv2%2Fcomments&post=1989"}],"version-history":[{"count":6,"href":"http:\/\/agoratheque.3zcom.com\/index.php?rest_route=\/wp\/v2\/pages\/1989\/revisions"}],"predecessor-version":[{"id":5414,"href":"http:\/\/agoratheque.3zcom.com\/index.php?rest_route=\/wp\/v2\/pages\/1989\/revisions\/5414"}],"up":[{"embeddable":true,"href":"http:\/\/agoratheque.3zcom.com\/index.php?rest_route=\/wp\/v2\/pages\/1984"}],"wp:attachment":[{"href":"http:\/\/agoratheque.3zcom.com\/index.php?rest_route=%2Fwp%2Fv2%2Fmedia&parent=1989"}],"wp:term":[{"taxonomy":"post_tag","embeddable":true,"href":"http:\/\/agoratheque.3zcom.com\/index.php?rest_route=%2Fwp%2Fv2%2Ftags&post=1989"}],"curies":[{"name":"wp","href":"https:\/\/api.w.org\/{rel}","templated":true}]}}