{"id":2000,"date":"2011-08-04T16:55:48","date_gmt":"2011-08-04T20:55:48","guid":{"rendered":"http:\/\/agoratheque.yprovencal.ep.profweb.qc.ca\/?page_id=2000"},"modified":"2011-08-05T07:24:34","modified_gmt":"2011-08-05T11:24:34","slug":"4-3-4-3-la-capacite-evolutive-des-lignees","status":"publish","type":"page","link":"http:\/\/agoratheque.3zcom.com\/?page_id=2000","title":{"rendered":"4.3.4.3 La capacit\u00e9 \u00e9volutive des lign\u00e9es"},"content":{"rendered":"<p>Les catastrophes r\u00e9v\u00e8lent de fa\u00e7on remarquable la <em>capacit\u00e9 intrins\u00e8que<\/em> des lign\u00e9es \u00e0 \u00e9voluer ind\u00e9pendamment des effets li\u00e9s \u00e0 la s\u00e9lection darwinienne. Celle-ci op\u00e8re \u00e0 chacun des segments de la lign\u00e9e qui correspondent \u00e0 diff\u00e9rentes vies sp\u00e9cifiques. La s\u00e9lection darwinienne est une condition sine qua non de viabilit\u00e9, mais elle n\u2019est pas suffisante pour que la lign\u00e9e se poursuive, surtout lorsqu\u2019elle se prolonge \u00e0 travers les catastrophes qui affectent l\u2019ensemble de la biosph\u00e8re. Le concept de capacit\u00e9 intrins\u00e8que \u00e0 \u00e9voluer permet ensuite de fonder celui d\u2019<em>adaptation de lign\u00e9e<\/em>.<em>\u00a0<\/em>Il s\u2019agit d\u2019une adaptation qui, pour une lign\u00e9e donn\u00e9e, peut rester partielle et latente pendant des millions d\u2019ann\u00e9es, l\u2019organisme faisant partie de cette lign\u00e9e subsistant dans l\u2019ombre d\u2019autres organismes adapt\u00e9s de fa\u00e7on dominante, mais tel qu\u2019il survivra \u00e0 une extinction massive par le moyen de capacit\u00e9s de sp\u00e9ciation, notamment. Dans ce cas, la s\u00e9lection naturelle op\u00e8re de fa\u00e7on diff\u00e9r\u00e9e.\u00a0\u00a0<\/p>\n<p>Par d\u00e9finition, la <em>lign\u00e9e adapt\u00e9e <\/em>est celle dont les esp\u00e8ces peuvent r\u00e9ellement et sur le tr\u00e8s long terme subir des mutations g\u00e9n\u00e9tiques de fa\u00e7on favorable, c\u2019est-\u00e0-dire de telle sorte que la lign\u00e9e se prolonge dans la longue \u00e9volution. D\u2019autres esp\u00e8ces, issues de la m\u00eame lign\u00e9e, seront engendr\u00e9es de telle sorte qu\u2019elles survivront encore et seront encore capables, plus tard, de subir d\u2019autres mutations g\u00e9n\u00e9tiques favorables. Dans cette perspective, l\u2019arriv\u00e9e d\u2019une catastrophe peut seule r\u00e9v\u00e9ler le potentiel des lign\u00e9es adapt\u00e9es au processus \u00e9volutif global.\u00a0\u00a0<\/p>\n<p>L\u2019adaptation des esp\u00e8ces \u00e0 leur milieu ne joue qu\u2019un r\u00f4le mineur lors d\u2019extinctions massives. Les esp\u00e8ces \u00e9limin\u00e9es \u00e9taient dans la plupart des cas tr\u00e8s bien adapt\u00e9es. Les esp\u00e8ces qui les remplacent ne sont pas n\u00e9cessairement mieux adapt\u00e9es au sens darwinien que les pr\u00e9c\u00e9dentes. Le type d\u2019adaptation pertinent, dans ce cas, est l\u2019adaptation des lign\u00e9es. Cela signifie que les esp\u00e8ces avantag\u00e9es avaient un potentiel g\u00e9n\u00e9tique de mutation vers d\u2019autres esp\u00e8ces susceptibles de survivre \u00e0 la catastrophe. Ces esp\u00e8ces devaient d\u2019abord avoir des rejetons, mutants ou non, dot\u00e9s des atouts leur permettant de r\u00e9sister aux effets imm\u00e9diats de la catastrophe. Puis, apr\u00e8s coup, elles devaient engendrer d\u2019autres descendants, ceux-ci \u00e9tant des esp\u00e8ces mutantes capables de profiter des milieux laiss\u00e9s vacants.\u00a0\u00a0<\/p>\n<p>Ainsi, on peut d\u00e9gager une fonction des catastrophes dans l\u2019\u00e9volution biologique globale. Leur r\u00f4le est de favoriser celles des lign\u00e9es qui ont un potentiel adaptatif r\u00e9el, c\u2019est-\u00e0-dire un potentiel d\u2019engendrer de nouvelles esp\u00e8ces par le moyen de mutations g\u00e9n\u00e9tiques, ces esp\u00e8ces \u00e9tant adapt\u00e9es aux changements plus ou moins brusques qui peuvent survenir sur le tr\u00e8s long terme dans l\u2019environnement.\u00a0\u00a0<\/p>\n<p>L\u2019organisme primitif qui est \u00e0 l\u2019origine de toutes les lign\u00e9es existant actuellement devait lui-m\u00eame appartenir \u00e0 une lign\u00e9e ainsi adapt\u00e9e. Car l\u2019ADN anc\u00eatre de tout l\u2019ADN actuel devait r\u00e9sulter d\u2019un processus qui avait \u00e9t\u00e9 capable de traverser plusieurs \u00e9pisodes catastrophiques, qui \u00e9taient sans doute plus fr\u00e9quents sur la Terre primitive. L\u2019adaptation des lign\u00e9es \u00e0 l\u2019\u00e9volution globale et donc \u00e0 la travers\u00e9e de catastrophes \u00e9tait une propri\u00e9t\u00e9 logiquement n\u00e9cessaire de la vie, d\u00e8s le d\u00e9part. L\u2019\u00e9volution de la vie et celle de la Terre devaient \u00eatre adapt\u00e9es l\u2019une \u00e0 l\u2019autre. Plus pr\u00e9cis\u00e9ment, le potentiel r\u00e9el d\u2019\u00e9volution longue de la vie devait \u00eatre adapt\u00e9 au potentiel r\u00e9el d\u2019\u00e9volution longue de l\u2019environnement terrestre. Et cette \u00e9volution biosph\u00e9rique \u00e9tait elle-m\u00eame adapt\u00e9e aux \u00e9v\u00e9nements cosmiques tels que les impacts de corps c\u00e9lestes ou les changements affectant la puissance radiative du Soleil.<\/p>\n<p>\u00a0Il est alors plus simple de parler d\u2019une seule et m\u00eame \u00e9volution longue dans laquelle la vie et l\u2019environnement terrestre, et m\u00eame cosmique, forment un tout indissociable, qui n\u2019est pas exactement une biosph\u00e8re mais plut\u00f4t le Cosmos lui-m\u00eame.\u00a0\u00a0<\/p>\n<p>\u00a0 <strong>Note sur la th\u00e9orie des \u00e9quilibres ponctu\u00e9s<\/strong>\u00a0<\/p>\n<p>En se basant sur sa th\u00e9orie des \u00e9quilibres ponctu\u00e9s, Stephen Jay Gould a apport\u00e9 une importante clarification au concept d\u2019\u00e9volution<a id=\"ref-1\" href=\"#note-1\"><sup>1<\/sup><\/a>. Il a expliqu\u00e9 que le \u00ab\u00a0succ\u00e8s \u00e9volutionniste s\u2019\u00e9value en fait entre les esp\u00e8ces m\u00eames [\u2026] \u2014 et non pas au niveau darwinien classique des organismes qui luttent \u00e0 l\u2019int\u00e9rieur des populations\u00a0\u00bb\u00a0; par exemple, il s\u2019\u00e9value par le \u00ab\u00a0taux de sp\u00e9ciation \u00e9lev\u00e9 et la grande r\u00e9sistance aux extinctions\u00a0[\u2026].\u00a0Quelle que soit la mani\u00e8re dont ils [les organismes] s\u2019adaptent \u00e0 leur environnement en p\u00e9riode normale, ils sont en danger aux moments des catastrophes<a id=\"ref-2\" href=\"#note-2\"><sup>2<\/sup><\/a>\u00a0\u00bb. Quoi qu\u2019en ait dit Gould, qui continuait de pr\u00e9senter sa th\u00e9orie comme darwinienne et d\u2019attribuer la direction de l\u2019\u00e9volution au simple hasard, ces propos indiquent assez clairement l\u2019existence d\u2019un potentiel intrins\u00e8que d\u2019\u00e9volution vers un type de t\u00e9los que le darwinisme n\u2019\u00e9claire que faiblement.<\/p>\n<div><a title=\"5- La place de l\u2019humain dans la nature\" href=\"http:\/\/mail.agoratheque.3zcom.com\/?page_id=1349\">Suite<\/a><\/div>\n<div><a id=\"note-1\" href=\"#ref-1\">1<\/a> Cette th\u00e9orie a \u00e9t\u00e9 pr\u00e9sent\u00e9e par Niles Eldredge et Stephen Jay Gould en 1972. <a id=\"note-1\" href=\"#ref-1\">1<\/a><\/div>\n<div id=\"ftn2\">\n<p><a id=\"note-2\" href=\"#ref-2\">2<\/a>\u00a0Stephen J. Gould, <em>Le sourire du flamant rose<\/em>, <em>op. cit.<\/em>, p. 257-258. <a id=\"note-2\" href=\"#ref-2\">2<\/a><\/p>\n<\/div>\n<div class=\"edit-link\"><a class=\"post-edit-link\" href=\"\">modifier<\/a><\/div>","protected":false},"excerpt":{"rendered":"<p>Les catastrophes r\u00e9v\u00e8lent de fa\u00e7on remarquable la capacit\u00e9 intrins\u00e8que des lign\u00e9es \u00e0 \u00e9voluer ind\u00e9pendamment des effets li\u00e9s \u00e0 la s\u00e9lection darwinienne. Celle-ci op\u00e8re \u00e0 chacun des segments de la lign\u00e9e qui correspondent \u00e0 diff\u00e9rentes vies sp\u00e9cifiques. La s\u00e9lection darwinienne est une condition sine&#8230;<\/p>\n","protected":false},"author":1,"featured_media":0,"parent":1984,"menu_order":434,"comment_status":"open","ping_status":"open","template":"","meta":[],"tags":[],"_links":{"self":[{"href":"http:\/\/agoratheque.3zcom.com\/index.php?rest_route=\/wp\/v2\/pages\/2000"}],"collection":[{"href":"http:\/\/agoratheque.3zcom.com\/index.php?rest_route=\/wp\/v2\/pages"}],"about":[{"href":"http:\/\/agoratheque.3zcom.com\/index.php?rest_route=\/wp\/v2\/types\/page"}],"author":[{"embeddable":true,"href":"http:\/\/agoratheque.3zcom.com\/index.php?rest_route=\/wp\/v2\/users\/1"}],"replies":[{"embeddable":true,"href":"http:\/\/agoratheque.3zcom.com\/index.php?rest_route=%2Fwp%2Fv2%2Fcomments&post=2000"}],"version-history":[{"count":4,"href":"http:\/\/agoratheque.3zcom.com\/index.php?rest_route=\/wp\/v2\/pages\/2000\/revisions"}],"predecessor-version":[{"id":2002,"href":"http:\/\/agoratheque.3zcom.com\/index.php?rest_route=\/wp\/v2\/pages\/2000\/revisions\/2002"}],"up":[{"embeddable":true,"href":"http:\/\/agoratheque.3zcom.com\/index.php?rest_route=\/wp\/v2\/pages\/1984"}],"wp:attachment":[{"href":"http:\/\/agoratheque.3zcom.com\/index.php?rest_route=%2Fwp%2Fv2%2Fmedia&parent=2000"}],"wp:term":[{"taxonomy":"post_tag","embeddable":true,"href":"http:\/\/agoratheque.3zcom.com\/index.php?rest_route=%2Fwp%2Fv2%2Ftags&post=2000"}],"curies":[{"name":"wp","href":"https:\/\/api.w.org\/{rel}","templated":true}]}}