{"id":2016,"date":"2011-08-05T13:55:48","date_gmt":"2011-08-05T17:55:48","guid":{"rendered":"http:\/\/agoratheque.yprovencal.ep.profweb.qc.ca\/?page_id=2016"},"modified":"2016-05-19T16:38:10","modified_gmt":"2016-05-19T20:38:10","slug":"5-1-une-progression-biologique","status":"publish","type":"page","link":"http:\/\/agoratheque.3zcom.com\/?page_id=2016","title":{"rendered":"5.1  Une progression biologique ?"},"content":{"rendered":"<div>\n<p>\u00a0\u00a0\u00a0\u00a0\u00a0\u00a0\u00a0\u00a0\u00a0\u00a0\u00a0 La plupart des biologistes ne reconnaissent aucune direction \u00e0 l\u2019\u00e9volution sauf celle qui d\u00e9coule de la s\u00e9lection naturelle darwinienne. On rejette l\u2019id\u00e9e m\u00eame d\u2019une progression globale. Aucune direction g\u00e9n\u00e9rale n\u2019appara\u00eet \u00e0 l\u2019examen des fossiles. L\u2019apparition des diff\u00e9rentes formes de vie est soumise au hasard. Elles n\u2019apparaissent jamais de fa\u00e7on n\u00e9cessaire. L\u2019esp\u00e8ce humaine, par exemple, \u00e9tait improbable. Elle n\u2019\u00e9tait d\u2019aucune fa\u00e7on un but de l\u2019\u00e9volution. Par commodit\u00e9, cette fa\u00e7on de comprendre l\u2019\u00e9volution sera d\u00e9sign\u00e9e par l\u2019expression de \u00ab mod\u00e8le darwinien\u00a0\u00bb d\u2019interpr\u00e9tation de l\u2019\u00e9volution<a id=\"ref-1\" href=\"#note-1\"><sup>1<\/sup><\/a>.<\/p>\n<p>Le mod\u00e8le embryonnaire (cf. <a title=\"1.3 Le mod\u00e8le embryonnaire\" href=\"http:\/\/mail.agoratheque.3zcom.com\/?page_id=1628\" target=\"_blank\">section 1.3<\/a>) diff\u00e8re du mod\u00e8le darwinien sur plusieurs points. Puisqu\u2019on y interpr\u00e8te l\u2019\u00e9volution comme ayant une direction g\u00e9n\u00e9rale vers un t\u00e9los, il y existe une progression qui est analogue au d\u00e9veloppement d\u2019une entit\u00e9 embryonnaire et qui est donc hautement complexe. Il ne faut pas s\u2019attendre \u00e0 ce que les \u00e9tapes se succ\u00e8dent logiquement de fa\u00e7on claire et transparente. Il faut plut\u00f4t poser que toutes les phases du d\u00e9veloppement d\u00e9coulent des lois de base. Comme celles-ci sont probabilistes, les \u00e9v\u00e9nements s\u2019y produisent de fa\u00e7on incertaine, mais conform\u00e9ment \u00e0 certaines probabilit\u00e9s. Il est possible de voir que le mod\u00e8le embryonnaire ne diff\u00e8re que peu du mod\u00e8le darwinien dans la fa\u00e7on dont il appara\u00eet \u00e0 un observateur.<\/p>\n<p>Pendant les trois premiers milliards d\u2019ann\u00e9es, la vie semble en \u00eatre rest\u00e9e au niveau des unicellulaires les plus simples (bact\u00e9ries ou algues bleues). D\u2019apr\u00e8s les connaissances actuelles il n\u2019y avait pas de sexualit\u00e9 ni de m\u00e9tabolismes complexes. Puis brusquement, un peu avant le cambrien, une explosion de formes diversifi\u00e9es se produisit, dont bon nombre disparurent sans laisser de descendance<a id=\"ref-2\" href=\"#note-2\"><sup>2<\/sup><\/a>. \u00c0 partir du cambrien, l\u2019\u00e9volution a pris globalement la forme d\u2019un arbre g\u00e9n\u00e9alogique dont les branches repr\u00e9sentent les diff\u00e9rentes lign\u00e9es connues du vivant<a id=\"ref-3\" href=\"#note-3\"><sup>3<\/sup><\/a>. Les esp\u00e8ces actuelles y sont repr\u00e9sent\u00e9es par les extr\u00e9mit\u00e9s d\u2019une petite partie des ramilles.<\/p>\n<p>Supposons qu\u2019on examine le d\u00e9veloppement de l\u2019embryon d\u2019un vert\u00e9br\u00e9 et qu\u2019on enregistre certains d\u00e9tails de sa structure tout en notant le moment pr\u00e9cis o\u00f9 chacun des d\u00e9tails est enregistr\u00e9. Comme l\u2019embryon constitue une structure complexe, il est tout \u00e0 fait possible que la mise en s\u00e9quence temporelle des enregistrements n\u2019apparaisse aucunement comme une progression claire et logique. En effet, les structures partielles d\u2019un embryon en train de se d\u00e9velopper peuvent tr\u00e8s bien \u00eatre \u00e9ph\u00e9m\u00e8res, vite remplac\u00e9es par d\u2019autres structures d\u2019aspects tr\u00e8s diff\u00e9rents. La raison n\u2019en est pas que les structures ainsi remplac\u00e9es sont des \u00e9checs, mais plut\u00f4t que leur fonction r\u00e9elle dans le d\u00e9veloppement y est de nature complexe et peu \u00e9vidente. Le mod\u00e8le embryonnaire sugg\u00e8re donc que les diff\u00e9rents moments d\u2019une \u00e9volution complexe peuvent tr\u00e8s bien ne pr\u00e9senter aucune progression apparente. En outre, supposons qu\u2019on repr\u00e9sente comme un arbre l\u2019ensemble des descendants de l\u2019ovule f\u00e9cond\u00e9. Cet arbre peut \u00eatre vu comme un <em>arbre g\u00e9n\u00e9alogique cellulaire<\/em>, c\u2019est-\u00e0-dire figurant tous les liens de parent\u00e9 des diff\u00e9rentes cellules d\u2019un organisme. Or, lorsque l\u2019embryon est parvenu \u00e0 sa maturit\u00e9, chacune de ses cellules peut \u00eatre repr\u00e9sent\u00e9e comme les extr\u00e9mit\u00e9s d\u2019une partie des ramilles de cet arbre. La structure logique de l\u2019embryon est donc analogue \u00e0 l\u2019arbre g\u00e9n\u00e9alogique du vivant<a id=\"ref-4\" href=\"#note-4\"><sup>4<\/sup><\/a>.<\/p>\n<p>Il demeure que la progression biologique n\u2019est qu\u2019une hypoth\u00e8se. C\u2019est \u00e0 ce titre que nous la consid\u00e9rerons ici. En tant que cas particulier d\u2019une \u00e9volution globale, elle se trouve impliqu\u00e9e par l\u2019hypoth\u00e8se <em>T<sub>ia<\/sub><\/em>, d\u2019un t\u00e9los prenant la forme de l\u2019intelligence avanc\u00e9e.<\/p>\n<div><a title=\"5.1.1 Autres arguments concernant l\u2019hypoth\u00e8se de la progression biologique\" href=\"http:\/\/mail.agoratheque.3zcom.com\/?page_id=2024\">Suite<\/a><\/div>\n<div><a id=\"note-1\" href=\"#ref-1\">1<\/a> Il est entendu que l\u2019expression de \u00ab\u00a0mod\u00e8le darwinien\u00a0\u00bb, comme celle d\u2019\u00ab\u00a0\u00e9volution darwinienne\u00a0\u00bb, recouvre aussi bien la th\u00e9orie dite n\u00e9o-darwinienne de m\u00eame, d\u2019ailleurs, que par exemple la th\u00e9orie des \u00e9quilibres ponctu\u00e9s de Gould et Eldredge. <a id=\"note-1\" href=\"#ref-1\">1<\/a><\/div>\n<div><a id=\"note-2\" href=\"#ref-2\">2<\/a>\u00a0Les fossiles de cette \u00e9poque remontent \u00e0 environ 570 millions d\u2019ann\u00e9es. Ils comportent les traces de multiples sch\u00e9mas d\u2019organisation corporelle dont beaucoup appartenaient \u00e0 des phylums aujourd\u2019hui \u00e9teints. Voir Mark McMenamin, \u00ab\u00a0La multiplication des esp\u00e8ces animales\u00a0\u00bb dans <em>Les fossiles, t\u00e9moins de l\u2019\u00c9volution<\/em>, Pour la Science, 1991,\u00a0p. 28. <a id=\"note-2\" href=\"#ref-2\">2<\/a><\/div>\n<div id=\"ftn3\">\n<p><a id=\"note-3\" href=\"#ref-3\">3<\/a>\u00a0On appelle souvent cet arbre l\u2019\u00ab\u00a0arbre de Cu\u00e9not\u00a0\u00bb, d\u2019apr\u00e8s le biologiste fran\u00e7ais Lucien Cu\u00e9not (1866-1951). <a id=\"note-3\" href=\"#ref-3\">3<\/a><\/p>\n<\/div>\n<div id=\"ftn4\">\n<p><a id=\"note-4\" href=\"#ref-4\">4<\/a>\u00a0L\u2019expression d\u2019\u00a0\u00ab\u00a0arbre g\u00e9n\u00e9alogique\u00a0\u00bb est pr\u00e9f\u00e9r\u00e9e ici \u00e0 celle d\u2019\u00a0\u00ab\u00a0arbre phyl\u00e9tique\u00a0\u00bb parce que, dans l\u2019image de l\u2019embryon, il s\u2019agit d\u2019un d\u00e9veloppement et non d\u2019une \u00e9volution. La repr\u00e9sentation de ce mod\u00e8le figure la descendance d\u2019une cellule originelle, comme s\u2019il s\u2019agissait d\u2019une \u00ab\u00a0famille\u00a0\u00bb. <a id=\"note-4\" href=\"#ref-4\">4<\/a><\/p>\n<\/div>\n<\/div>\n<div class=\"edit-link\"><a class=\"post-edit-link\" href=\"\">modifier<\/a><\/div>","protected":false},"excerpt":{"rendered":"<p>\u00a0\u00a0\u00a0\u00a0\u00a0\u00a0\u00a0\u00a0\u00a0\u00a0\u00a0 La plupart des biologistes ne reconnaissent aucune direction \u00e0 l\u2019\u00e9volution sauf celle qui d\u00e9coule de la s\u00e9lection naturelle darwinienne. On rejette l\u2019id\u00e9e m\u00eame d\u2019une progression globale. Aucune direction g\u00e9n\u00e9rale n\u2019appara\u00eet \u00e0 l\u2019examen des fossiles. L\u2019apparition des diff\u00e9rentes formes de vie est soumise&#8230;<\/p>\n","protected":false},"author":1,"featured_media":0,"parent":1349,"menu_order":510,"comment_status":"open","ping_status":"open","template":"","meta":[],"tags":[],"_links":{"self":[{"href":"http:\/\/agoratheque.3zcom.com\/index.php?rest_route=\/wp\/v2\/pages\/2016"}],"collection":[{"href":"http:\/\/agoratheque.3zcom.com\/index.php?rest_route=\/wp\/v2\/pages"}],"about":[{"href":"http:\/\/agoratheque.3zcom.com\/index.php?rest_route=\/wp\/v2\/types\/page"}],"author":[{"embeddable":true,"href":"http:\/\/agoratheque.3zcom.com\/index.php?rest_route=\/wp\/v2\/users\/1"}],"replies":[{"embeddable":true,"href":"http:\/\/agoratheque.3zcom.com\/index.php?rest_route=%2Fwp%2Fv2%2Fcomments&post=2016"}],"version-history":[{"count":7,"href":"http:\/\/agoratheque.3zcom.com\/index.php?rest_route=\/wp\/v2\/pages\/2016\/revisions"}],"predecessor-version":[{"id":5418,"href":"http:\/\/agoratheque.3zcom.com\/index.php?rest_route=\/wp\/v2\/pages\/2016\/revisions\/5418"}],"up":[{"embeddable":true,"href":"http:\/\/agoratheque.3zcom.com\/index.php?rest_route=\/wp\/v2\/pages\/1349"}],"wp:attachment":[{"href":"http:\/\/agoratheque.3zcom.com\/index.php?rest_route=%2Fwp%2Fv2%2Fmedia&parent=2016"}],"wp:term":[{"taxonomy":"post_tag","embeddable":true,"href":"http:\/\/agoratheque.3zcom.com\/index.php?rest_route=%2Fwp%2Fv2%2Ftags&post=2016"}],"curies":[{"name":"wp","href":"https:\/\/api.w.org\/{rel}","templated":true}]}}