{"id":2039,"date":"2011-08-07T09:04:07","date_gmt":"2011-08-07T13:04:07","guid":{"rendered":"http:\/\/agoratheque.yprovencal.ep.profweb.qc.ca\/?page_id=2039"},"modified":"2011-08-07T09:11:52","modified_gmt":"2011-08-07T13:11:52","slug":"5-4-un-bricolage","status":"publish","type":"page","link":"http:\/\/agoratheque.3zcom.com\/?page_id=2039","title":{"rendered":"5.4 Un bricolage ?"},"content":{"rendered":"<p>\u00a0\u00a0\u00a0\u00a0\u00a0\u00a0\u00a0\u00a0\u00a0\u00a0 Les chercheurs \u00e9volutionnistes estiment souvent que l\u2019\u00e9volution ressemble \u00e0 une sorte de bricolage, plut\u00f4t par exemple qu\u2019\u00e0 un travail d\u2019ing\u00e9nierie ou une \u0153uvre d\u2019architecture<a id=\"ref-1\" href=\"#note-1\"><sup>1<\/sup><\/a>. Le bricoleur n\u2019utilise que ce qu\u2019il a sous la main\u00a0; il se contente des mat\u00e9riaux d\u00e9j\u00e0 l\u00e0\u00a0; il improvise. L\u2019ing\u00e9nieur ou l\u2019architecte, au contraire, dispose du mat\u00e9riau qu\u2019il estime le plus appropri\u00e9\u00a0; ils planifient. Nous verrons ici que, si l\u2019\u00e9volution ressemble plut\u00f4t \u00e0 un d\u00e9veloppement embryonnaire, l\u2019image du bricolage est inad\u00e9quate par certains c\u00f4t\u00e9s, aussi bien que celles de l\u2019ing\u00e9nieur ou de l\u2019architecte.\u00a0<\/p>\n<p>\u00a0\u00a0\u00a0\u00a0\u00a0\u00a0\u00a0\u00a0\u00a0 Contrairement au travail de bricolage, l\u2019embryon ne se contente pas d\u2019emprunter des structures toutes faites qui sont d\u00e9j\u00e0 l\u00e0 et, contrairement au travail d\u2019ing\u00e9nierie ou d\u2019architecture, les structures utilis\u00e9es par l\u2019embryon dans son d\u00e9veloppement ne sont pas pr\u00e9fabriqu\u00e9es avant d\u2019\u00eatre int\u00e9gr\u00e9es dans la construction d\u2019ensemble. L\u2019embryon se trouve, d\u2019une certaine fa\u00e7on, \u00e0 cr\u00e9er de toutes pi\u00e8ces les diff\u00e9rentes structures qui se succ\u00e8dent au cours de son d\u00e9veloppement. Le d\u00e9veloppement embryonnaire est donc un mode sp\u00e9cifique d\u2019\u00e9laboration, qui est irr\u00e9ductible au bricolage ou au travail d\u2019un b\u00e2tisseur professionnel.\u00a0<\/p>\n<p>\u00a0\u00a0\u00a0\u00a0\u00a0\u00a0\u00a0\u00a0 Ensuite, m\u00eame si l\u2019\u00e9volution biologique peut \u00eatre comprise comme une longue \u00e9volution qui rel\u00e8ve formellement du mod\u00e8le embryonnaire, cela ne l\u2019emp\u00eache pas de pr\u00e9senter certains points en commun avec un bricolage. La meilleure adaptation possible, id\u00e9alement, n\u2019est jamais r\u00e9alis\u00e9e. Un \u00eatre vivant est toujours sujet \u00e0 l\u2019erreur fatale et, m\u00eame sans ce type d\u2019accident, il demeure vou\u00e9 \u00e0 la mort. Il est tout au plus adapt\u00e9 de fa\u00e7on locale et relative. Il se peut qu\u2019un organisme mieux adapt\u00e9 au m\u00eame type de milieu ait exist\u00e9 auparavant et qu\u2019il soit disparu pour certaines raisons particuli\u00e8res comme, par exemple, une catastrophe d\u2019extinction massive.\u00a0<strong>\u00a0<\/strong><\/p>\n<p><strong>\u00a0\u00a0\u00a0\u00a0\u00a0\u00a0\u00a0\u00a0\u00a0\u00a0\u00a0 <\/strong>Et puis l\u2019aspect bricol\u00e9 des adaptations biologiques refl\u00e8te l\u2019\u00e9tat continuel d\u2019improvisation, comme s\u2019il y avait urgence\u00a0; tout est provisoire, mouvant \u2014 il faut faire vite avec ce qui est imm\u00e9diatement disponible \u2014, car il y a toujours, en comp\u00e9tition, des formes de vie rivales ou r\u00e9fractaires. Mais, \u00e0 l\u2019inverse, les transformations profondes ne sont urgentes que de fa\u00e7on relative, sur le long terme. L\u2019\u00e9volution longue suppose des centaines de millions d\u2019ann\u00e9es. Lorsqu\u2019une forme de vie est suffisamment adapt\u00e9e au milieu existant entre deux catastrophes, elle n\u2019a pas besoin de se transformer dans l\u2019imm\u00e9diat. La comp\u00e9tition ne se fait qu\u2019avec d\u2019autres formes de vie qui ne sont elles-m\u00eames adapt\u00e9es que de fa\u00e7on relative et provisoire.\u00a0<\/p>\n<p>\u00a0\u00a0\u00a0\u00a0\u00a0\u00a0\u00a0\u00a0 \u00c0 la diff\u00e9rence du bricolage, le d\u00e9veloppement \u00e9volutif long requiert la tr\u00e8s longue dur\u00e9e. Les formes de vie ne sont pas simplement command\u00e9es par ce qui est urgent dans l\u2019imm\u00e9diat. Par exemple, les capacit\u00e9s du cerveau humain sont bel et bien d\u2019origine biologique\u00a0; pourtant elles peuvent difficilement r\u00e9sulter d\u2019un simple bricolage. En fait, l\u2019\u00e9volution est pleine d\u2019inventions extraordinaires. L\u2019image du bricolage est utile pour illustrer certaines trouvailles, mais elle est impuissante \u00e0 sugg\u00e9rer l\u2019\u00e9volution prise dans son ensemble. L\u2019\u00e9volution est une longue succession de transformations profondes, qui conservent toujours quelque chose des formes ant\u00e9rieures.\u00a0\u00a0<\/p>\n<p>\u00a0\u00a0\u00a0\u00a0\u00a0\u00a0\u00a0\u00a0\u00a0\u00a0\u00a0 N\u00e9gligeant la longue perspective, le discours des biologistes s\u2019en tient \u00e0 l\u2019image du bricolage. Ainsi, dans l\u2019un de ses ouvrages, Stephen J. Gould consid\u00e8re le pouce du panda comme \u00ab\u00a0un truc, et non un m\u00e9canisme \u00e9l\u00e9gant\u00a0\u00bb, mais qui \u00ab\u00a0atteint le but recherch\u00e9\u00a0\u00bb. Il distingue ce pouce factice du pouce authentique, qui n\u2019existait que chez l\u2019anc\u00eatre du panda. \u00ab\u00a0Le vrai pouce, \u00e9crit-il, avait \u00e9t\u00e9 si sp\u00e9cialis\u00e9 dans son r\u00f4le ancestral au service d\u2019animaux coureurs et carnassiers qu\u2019il ne pouvait plus \u00eatre modifi\u00e9 pour devenir un doigt opposable capable d\u2019attraper les tiges de bambous<a id=\"ref-2\" href=\"#note-2\"><sup>2<\/sup><\/a>\u00bb.\u00a0\u00a0<\/p>\n<p>\u00a0\u00a0\u00a0\u00a0\u00a0\u00a0\u00a0\u00a0\u00a0\u00a0\u00a0 Gould se trouve par le fait m\u00eame \u00e0 supposer implicitement l\u2019existence ant\u00e9rieure d\u2019un potentiel r\u00e9el irr\u00e9versible, dont les probabilit\u00e9s r\u00e9elles d\u00e9pendent des trajets, et qui n\u2019est donc pas simplement al\u00e9atoire. Cependant, de fa\u00e7on plus ou moins coh\u00e9rente, ses jugements laissent supposer que le panda actuel repr\u00e9sente n\u00e9cessairement une forme de vie d\u00e9finitive plut\u00f4t que le r\u00e9sultat temporaire d\u2019un potentiel \u00e9volutif. Son expression de \u00ab\u00a0vrai pouce\u00a0\u00bb trahit l\u2019id\u00e9e d\u2019une sorte d\u2019essence alors qu\u2019il peut s\u2019agir d\u2019une forme transitoire vers un autre organe tout aussi \u00ab\u00a0vrai\u00a0\u00bb que le pouce tout en \u00e9tant dou\u00e9 d\u2019autres fonctions.\u00a0<\/p>\n<p>\u00a0\u00a0\u00a0\u00a0\u00a0\u00a0\u00a0\u00a0\u00a0\u00a0\u00a0 Une perspective globale permet de passer de l\u2019image du bricolage \u00e0 celle du mod\u00e8le embryonnaire. Nous ignorons ce que rec\u00e9lait \u2014 et aussi, bien s\u00fbr, ce que rec\u00e8le encore \u2014 le potentiel biologique r\u00e9el d\u2019\u00e9volution. Aid\u00e9s de cette perspective, faisons l\u2019exp\u00e9rience de pens\u00e9e que l\u2019\u00e9volution biologique se poursuit. Le nouveau pouce du panda pourrait encore se transformer en un organe d\u2019un type peut-\u00eatre inconnu. Les d\u00e9veloppements ant\u00e9rieurs de l\u2019\u00e9volution nous donnent de multiples exemples, tels les os des nageoires de poisson qui sont devenues les os de pattes d\u2019amphibiens et de reptiles capables de ramper, puis de marcher et de courir, les os des pattes ant\u00e9rieures de reptiles qui sont devenus des os d\u2019ailes qui auront permis le vol des oiseaux. Les premi\u00e8res pattes qui sont apparues sur la Terre ressemblaient peut-\u00eatre \u00e0 de fausses nageoires, mais elles \u00e9taient surtout des prototypes de pattes authentiques. Plus que des faux organes bricol\u00e9s, elles \u00e9taient des embryons d\u2019organes d\u2019un type original.\u00a0<\/p>\n<p>\u00a0\u00a0\u00a0\u00a0\u00a0\u00a0\u00a0\u00a0\u00a0\u00a0\u00a0 L\u2019analogie du bricolage est en partie motiv\u00e9e par le pr\u00e9suppos\u00e9 que les r\u00e9sultats actuels de l\u2019\u00e9volution sont d\u00e9finitifs. Le bricolage donne un r\u00e9sultat imm\u00e9diat\u00a0et une sorte d\u2019exp\u00e9dient. Il est donc r\u00e9ducteur d\u2019en faire l\u2019image d\u2019un processus complexe tel que la longue \u00e9volution. Cette image peut toutefois sugg\u00e9rer valablement que les formes existant dans le cours de l\u2019\u00e9volution ne sont que les \u00e9tapes d\u2019un processus inachev\u00e9, donc imparfaites.<\/p>\n<div><a title=\"5.5 Le paradoxe de Wallace\" href=\"http:\/\/mail.agoratheque.3zcom.com\/?page_id=2044\">Suite<\/a><\/div>\n<p><a id=\"note-1\" href=\"#ref-1\">1<\/a>\u00a0Par exemple, Fran\u00e7ois Jacob et Stephen Jay Gould ont compar\u00e9 l\u2019\u00e9volution \u00e0 un bricolage. <a id=\"note-1\" href=\"#ref-1\">1<\/a><\/p>\n<div id=\"ftn2\">\n<p><a id=\"note-2\" href=\"#ref-2\">2<\/a>\u00a0S. J. Gould, <em>Le pouce du panda<\/em>, <em>op. cit.<\/em>, p. 23 et 29. <a id=\"note-2\" href=\"#ref-2\">2<\/a><\/p>\n<\/div>\n<div class=\"edit-link\"><a class=\"post-edit-link\" href=\"\">modifier<\/a><\/div>","protected":false},"excerpt":{"rendered":"<p>\u00a0\u00a0\u00a0\u00a0\u00a0\u00a0\u00a0\u00a0\u00a0\u00a0 Les chercheurs \u00e9volutionnistes estiment souvent que l\u2019\u00e9volution ressemble \u00e0 une sorte de bricolage, plut\u00f4t par exemple qu\u2019\u00e0 un travail d\u2019ing\u00e9nierie ou une \u0153uvre d\u2019architecture1. Le bricoleur n\u2019utilise que ce qu\u2019il a sous la main\u00a0; il se contente des mat\u00e9riaux d\u00e9j\u00e0 l\u00e0\u00a0; il&#8230;<\/p>\n","protected":false},"author":1,"featured_media":0,"parent":1349,"menu_order":540,"comment_status":"open","ping_status":"open","template":"","meta":[],"tags":[],"_links":{"self":[{"href":"http:\/\/agoratheque.3zcom.com\/index.php?rest_route=\/wp\/v2\/pages\/2039"}],"collection":[{"href":"http:\/\/agoratheque.3zcom.com\/index.php?rest_route=\/wp\/v2\/pages"}],"about":[{"href":"http:\/\/agoratheque.3zcom.com\/index.php?rest_route=\/wp\/v2\/types\/page"}],"author":[{"embeddable":true,"href":"http:\/\/agoratheque.3zcom.com\/index.php?rest_route=\/wp\/v2\/users\/1"}],"replies":[{"embeddable":true,"href":"http:\/\/agoratheque.3zcom.com\/index.php?rest_route=%2Fwp%2Fv2%2Fcomments&post=2039"}],"version-history":[{"count":4,"href":"http:\/\/agoratheque.3zcom.com\/index.php?rest_route=\/wp\/v2\/pages\/2039\/revisions"}],"predecessor-version":[{"id":2048,"href":"http:\/\/agoratheque.3zcom.com\/index.php?rest_route=\/wp\/v2\/pages\/2039\/revisions\/2048"}],"up":[{"embeddable":true,"href":"http:\/\/agoratheque.3zcom.com\/index.php?rest_route=\/wp\/v2\/pages\/1349"}],"wp:attachment":[{"href":"http:\/\/agoratheque.3zcom.com\/index.php?rest_route=%2Fwp%2Fv2%2Fmedia&parent=2039"}],"wp:term":[{"taxonomy":"post_tag","embeddable":true,"href":"http:\/\/agoratheque.3zcom.com\/index.php?rest_route=%2Fwp%2Fv2%2Ftags&post=2039"}],"curies":[{"name":"wp","href":"https:\/\/api.w.org\/{rel}","templated":true}]}}