{"id":2050,"date":"2011-08-07T10:33:14","date_gmt":"2011-08-07T14:33:14","guid":{"rendered":"http:\/\/agoratheque.yprovencal.ep.profweb.qc.ca\/?page_id=2050"},"modified":"2011-08-08T09:08:59","modified_gmt":"2011-08-08T13:08:59","slug":"5-5-1-l%e2%80%99argument-de-la-neotenie","status":"publish","type":"page","link":"http:\/\/agoratheque.3zcom.com\/?page_id=2050","title":{"rendered":"5.5.1 L\u2019argument de la n\u00e9ot\u00e9nie"},"content":{"rendered":"<p>\u00a0\u00a0\u00a0\u00a0\u00a0\u00a0\u00a0\u00a0\u00a0\u00a0\u00a0 Gould n\u2019allait pas en rester l\u00e0. Dans le m\u00eame ouvrage, le<em> Pouce du panda<\/em>, il revient sur le probl\u00e8me soulev\u00e9 par Wallace. Il propose que l\u2019acquisition de son gros cerveau par la lign\u00e9e des humains aura \u00e9t\u00e9 relativement facile par rapport, par exemple, \u00e0 celle de la bip\u00e9die. Il invoque comme pr\u00e9misse que les humains sont des \u00ab\u00a0\u00eatres n\u00e9ot\u00e9niques\u00a0\u00bb, ce qui signifie que l\u2019esp\u00e8ce humaine se caract\u00e9rise par une tr\u00e8s longue p\u00e9riode de gestation, une enfance prolong\u00e9e et une long\u00e9vit\u00e9 sup\u00e9rieure \u00e0 celle de tous les autres mammif\u00e8res. De ce fait, l\u2019\u00a0\u00ab\u00a0accroissement de\u00a0la taille de notre cerveau, \u00e9crit-il, est, au moins en partie, d\u00fb au report de la rapide croissance pr\u00e9natale \u00e0 des \u00e2ges plus tardifs. [Cela permet] la transmission de la culture par l\u2019\u00e9ducation<a id=\"ref-1\" href=\"#note-1\"><sup>1<\/sup><\/a>\u00a0\u00bb. Gould pense que l\u2019acquisition de la bip\u00e9die a \u00e9t\u00e9 plus difficile que celle de la c\u00e9r\u00e9bralisation parce que la bip\u00e9die \u00ab\u00a0requiert une restructuration fondamentale de notre anatomie, en particulier du pied et de la hanche<a id=\"ref-2\" href=\"#note-2\"><sup>2<\/sup><\/a>\u00a0\u00bb.\u00a0\u00a0<\/p>\n<p>\u00a0\u00a0\u00a0\u00a0\u00a0\u00a0\u00a0\u00a0\u00a0\u00a0\u00a0 Ce que Gould veut expliquer l\u00e0, c\u2019est en somme qu\u2019il comprend assez bien comment l\u2019organisme anc\u00eatre de l\u2019esp\u00e8ce humaine pouvait avoir la potentialit\u00e9 de d\u00e9velopper ce qui allait \u00eatre le cerveau humain, mais qu\u2019il ne comprend pas aussi bien comment cet anc\u00eatre pouvait avoir le potentiel d\u2019acqu\u00e9rir la bip\u00e9die. En fait, la difficult\u00e9 d\u2019acqu\u00e9rir la bip\u00e9die se sera ajout\u00e9e \u00e0 celle de la c\u00e9r\u00e9bralisation. Comme celle-ci d\u00e9pend de celle-l\u00e0, cela ne nous avance pas si nous voulons comprendre comment la biologie peut expliquer l\u2019apparition de l\u2019humain. Aussi conclut-il ainsi son chapitre\u00a0: \u00ab\u00a0La chose la plus surprenante de tout ceci est peut-\u00eatre cette propri\u00e9t\u00e9 g\u00e9n\u00e9rale des syst\u00e8mes complexes, de notre cerveau en premier lieu, consistant \u00e0 transformer de simples changements structurels qualitatifs en qualit\u00e9s fonctionnelles merveilleusement diff\u00e9rentes<a id=\"ref-3\" href=\"#note-3\"><sup>3<\/sup><\/a>.\u00a0\u00bb<\/p>\n<div><a title=\"5.5.2 G\u00e9n\u00e9raliser le paradoxe\u2026\" href=\"http:\/\/mail.agoratheque.3zcom.com\/?page_id=2056\">Suite<\/a><\/div>\n<p><a id=\"note-1\" href=\"#ref-1\">1<\/a>\u00a0Stephen Jay Gould, <em>Le pouce du panda<\/em>, <em>op. cit.<\/em>, p. 121-122. <a id=\"note-1\" href=\"#ref-1\">1<\/a><\/p>\n<div id=\"ftn2\">\n<p><a id=\"note-2\" href=\"#ref-2\">2<\/a>\u00a0<em>Op. cit.<\/em>, p. 151. <a id=\"note-2\" href=\"#ref-2\">2<\/a><\/p>\n<\/div>\n<div id=\"ftn3\">\n<p><a id=\"note-3\" href=\"#ref-3\">3<\/a> <em>Op. cit.<\/em>, p. 152. <a id=\"note-3\" href=\"#ref-3\">3<\/a><\/p>\n<\/div>\n<div class=\"edit-link\"><a class=\"post-edit-link\" href=\"\">modifier<\/a><\/div>","protected":false},"excerpt":{"rendered":"<p>\u00a0\u00a0\u00a0\u00a0\u00a0\u00a0\u00a0\u00a0\u00a0\u00a0\u00a0 Gould n\u2019allait pas en rester l\u00e0. Dans le m\u00eame ouvrage, le Pouce du panda, il revient sur le probl\u00e8me soulev\u00e9 par Wallace. Il propose que l\u2019acquisition de son gros cerveau par la lign\u00e9e des humains aura \u00e9t\u00e9 relativement facile par rapport, par&#8230;<\/p>\n","protected":false},"author":1,"featured_media":0,"parent":2044,"menu_order":551,"comment_status":"open","ping_status":"open","template":"","meta":[],"tags":[],"_links":{"self":[{"href":"http:\/\/agoratheque.3zcom.com\/index.php?rest_route=\/wp\/v2\/pages\/2050"}],"collection":[{"href":"http:\/\/agoratheque.3zcom.com\/index.php?rest_route=\/wp\/v2\/pages"}],"about":[{"href":"http:\/\/agoratheque.3zcom.com\/index.php?rest_route=\/wp\/v2\/types\/page"}],"author":[{"embeddable":true,"href":"http:\/\/agoratheque.3zcom.com\/index.php?rest_route=\/wp\/v2\/users\/1"}],"replies":[{"embeddable":true,"href":"http:\/\/agoratheque.3zcom.com\/index.php?rest_route=%2Fwp%2Fv2%2Fcomments&post=2050"}],"version-history":[{"count":4,"href":"http:\/\/agoratheque.3zcom.com\/index.php?rest_route=\/wp\/v2\/pages\/2050\/revisions"}],"predecessor-version":[{"id":2052,"href":"http:\/\/agoratheque.3zcom.com\/index.php?rest_route=\/wp\/v2\/pages\/2050\/revisions\/2052"}],"up":[{"embeddable":true,"href":"http:\/\/agoratheque.3zcom.com\/index.php?rest_route=\/wp\/v2\/pages\/2044"}],"wp:attachment":[{"href":"http:\/\/agoratheque.3zcom.com\/index.php?rest_route=%2Fwp%2Fv2%2Fmedia&parent=2050"}],"wp:term":[{"taxonomy":"post_tag","embeddable":true,"href":"http:\/\/agoratheque.3zcom.com\/index.php?rest_route=%2Fwp%2Fv2%2Ftags&post=2050"}],"curies":[{"name":"wp","href":"https:\/\/api.w.org\/{rel}","templated":true}]}}