{"id":2065,"date":"2011-08-08T13:52:29","date_gmt":"2011-08-08T17:52:29","guid":{"rendered":"http:\/\/agoratheque.yprovencal.ep.profweb.qc.ca\/?page_id=2065"},"modified":"2011-08-08T13:59:39","modified_gmt":"2011-08-08T17:59:39","slug":"5-5-3-et-l%e2%80%99humain-qu%e2%80%99est-ce-que-c%e2%80%99est","status":"publish","type":"page","link":"http:\/\/agoratheque.3zcom.com\/?page_id=2065","title":{"rendered":"5.5.3 Et l\u2019humain, qu\u2019est-ce que c\u2019est ?"},"content":{"rendered":"<div>\n<p>\u00a0\u00a0\u00a0\u00a0\u00a0\u00a0\u00a0\u00a0\u00a0\u00a0\u00a0 La question de la place privil\u00e9gi\u00e9e ou non de l\u2019humain dans la nature d\u00e9pend de ce que nous entendons par l\u2019humain. Si l\u2019hypoth\u00e8se <em>T<sub>ia<\/sub><\/em> est juste, l\u2019intelligence avanc\u00e9e est essentiellement une caract\u00e9ristique du potentiel r\u00e9el de cet Univers. La biosph\u00e8re terrestre en aura \u00e9t\u00e9 apparemment une phase relativement avanc\u00e9e et l\u2019esp\u00e8ce humaine un des modes d\u2019incarnation. Il serait alors faux de dire que l\u2019Univers et toute la vie qui a pr\u00e9c\u00e9d\u00e9 l\u2019apparition de l\u2019esp\u00e8ce humaine n\u2019ont exist\u00e9 que pour cette esp\u00e8ce. Ils auront exist\u00e9 plut\u00f4t pour l\u2019intelligence avanc\u00e9e.<\/p>\n<p><a title=\"5.6 Les super-ordres de grandeur\" href=\"http:\/\/mail.agoratheque.3zcom.com\/?page_id=2068\">Suite<\/a><\/p>\n<\/div>\n<div class=\"edit-link\"><a class=\"post-edit-link\" href=\"\">modifier<\/a><\/div>","protected":false},"excerpt":{"rendered":"<p>\u00a0\u00a0\u00a0\u00a0\u00a0\u00a0\u00a0\u00a0\u00a0\u00a0\u00a0 La question de la place privil\u00e9gi\u00e9e ou non de l\u2019humain dans la nature d\u00e9pend de ce que nous entendons par l\u2019humain. Si l\u2019hypoth\u00e8se Tia est juste, l\u2019intelligence avanc\u00e9e est essentiellement une caract\u00e9ristique du potentiel r\u00e9el de cet Univers. La biosph\u00e8re terrestre en&#8230;<\/p>\n","protected":false},"author":1,"featured_media":0,"parent":2044,"menu_order":553,"comment_status":"open","ping_status":"open","template":"","meta":[],"tags":[],"_links":{"self":[{"href":"http:\/\/agoratheque.3zcom.com\/index.php?rest_route=\/wp\/v2\/pages\/2065"}],"collection":[{"href":"http:\/\/agoratheque.3zcom.com\/index.php?rest_route=\/wp\/v2\/pages"}],"about":[{"href":"http:\/\/agoratheque.3zcom.com\/index.php?rest_route=\/wp\/v2\/types\/page"}],"author":[{"embeddable":true,"href":"http:\/\/agoratheque.3zcom.com\/index.php?rest_route=\/wp\/v2\/users\/1"}],"replies":[{"embeddable":true,"href":"http:\/\/agoratheque.3zcom.com\/index.php?rest_route=%2Fwp%2Fv2%2Fcomments&post=2065"}],"version-history":[{"count":3,"href":"http:\/\/agoratheque.3zcom.com\/index.php?rest_route=\/wp\/v2\/pages\/2065\/revisions"}],"predecessor-version":[{"id":2073,"href":"http:\/\/agoratheque.3zcom.com\/index.php?rest_route=\/wp\/v2\/pages\/2065\/revisions\/2073"}],"up":[{"embeddable":true,"href":"http:\/\/agoratheque.3zcom.com\/index.php?rest_route=\/wp\/v2\/pages\/2044"}],"wp:attachment":[{"href":"http:\/\/agoratheque.3zcom.com\/index.php?rest_route=%2Fwp%2Fv2%2Fmedia&parent=2065"}],"wp:term":[{"taxonomy":"post_tag","embeddable":true,"href":"http:\/\/agoratheque.3zcom.com\/index.php?rest_route=%2Fwp%2Fv2%2Ftags&post=2065"}],"curies":[{"name":"wp","href":"https:\/\/api.w.org\/{rel}","templated":true}]}}