{"id":210,"date":"2011-06-11T09:17:07","date_gmt":"2011-06-11T13:17:07","guid":{"rendered":"http:\/\/agoratheque.yprovencal.ep.profweb.qc.ca\/?page_id=210"},"modified":"2015-04-25T14:45:11","modified_gmt":"2015-04-25T18:45:11","slug":"yvon-provencal","status":"publish","type":"page","link":"http:\/\/agoratheque.3zcom.com\/?page_id=210","title":{"rendered":"Yvon Proven\u00e7al"},"content":{"rendered":"<h2>Sur l&rsquo;auteur<\/h2>\n<p style=\"text-align: right;\"><a href=\"http:\/\/mail.agoratheque.3zcom.com\/wp-content\/uploads\/2011\/06\/Yvon-Poven\u00e7al.jpg\"><img decoding=\"async\" loading=\"lazy\" class=\"alignnone  wp-image-4526\" src=\"http:\/\/mail.agoratheque.3zcom.com\/wp-content\/uploads\/2011\/06\/Yvon-Poven\u00e7al.jpg\" alt=\"Yvon Proven\u00e7al\" width=\"131\" height=\"131\" srcset=\"http:\/\/agoratheque.3zcom.com\/wp-content\/uploads\/2011\/06\/Yvon-Poven\u00e7al.jpg 225w, http:\/\/agoratheque.3zcom.com\/wp-content\/uploads\/2011\/06\/Yvon-Poven\u00e7al-150x150.jpg 150w\" sizes=\"(max-width: 131px) 100vw, 131px\" \/><\/a><\/p>\n<div>Yvon Proven\u00e7al a enseign\u00e9 la philosophie au C\u00e9gep de Granby\u2013Haute-Yamaska de 1990 \u00e0 2013. Il travaille depuis l&rsquo;an 2000 sur ce qu&rsquo;il appelle des \u00ab\u00a0<em>PAM<\/em>\u00a0\u00bb, c&rsquo;est-\u00e0-dire des <em><a title=\"Qu\u2019est-ce qu\u2019une PAM ?\" href=\"http:\/\/mail.agoratheque.3zcom.com\/?page_id=1832\">p\u00e9dagogies en action sur le monde<\/a><\/em>. Il dit volontiers de lui-m\u00eame\u00a0qu&rsquo;il est un pur produit du r\u00e9seau coll\u00e9gial, ayant \u00e9t\u00e9 un \u00e9tudiant de la premi\u00e8re cohorte, puis enseignant de carri\u00e8re au coll\u00e9gial, et qu&rsquo;il en va de m\u00eame pour ses projets p\u00e9dagogiques, ax\u00e9s sur l\u2019accessibilit\u00e9 tous azimuts. Il a pris sa retraite comme enseignant en 2014, mais il en profite depuis pour faire de la recherche en p\u00e9dagogie num\u00e9rique.<\/div>\n<div><strong><em>\u00a0<\/em><\/strong><\/div>\n<div><strong><em>Formation :<\/em><\/strong><\/div>\n<div><\/div>\n<div>\u00a0\u00a0 Dipl\u00f4m\u00e9 de l\u2019Universit\u00e9 de Montr\u00e9al en philosophie (Ph. D.)\u00a0et en physique (M. Sc.)<\/div>\n<div><strong><em>\u00a0<\/em><\/strong><\/div>\n<div><strong><em>\u00a0<\/em><\/strong><\/div>\n<div><strong><em>Publications :<\/em><\/strong><strong><em>\u00a0\u00a0\u00a0\u00a0\u00a0\u00a0\u00a0\u00a0\u00a0\u00a0\u00a0\u00a0 <\/em><\/strong><\/div>\n<div><strong><em>\u00a0<\/em><\/strong><\/div>\n<div>\u00a0\u00a0\u00a0<a title=\"Plusieurs livres et articles\" href=\"http:\/\/mail.agoratheque.3zcom.com\/?page_id=215\">Plusieurs livres et articles<\/a><\/div>\n<div><\/div>\n<div>\u00a0 \u00a0<a title=\"Qu\u2019est-ce qu\u2019une PAM ?\" href=\"http:\/\/mail.agoratheque.3zcom.com\/?page_id=1832\">P\u00e9dagogies en action sur le monde (PAM)<\/a>: r\u00e9dig\u00e9es et lanc\u00e9es entre 2010 et 2013<\/div>\n<div>\u00a0 \u00a0 \u00a0 \u00a0except\u00e9 le\u00a0<a title=\"Mouvement pour le respect en politique :\" href=\"http:\/\/mail.agoratheque.3zcom.com\/?page_id=4922\">Mouvement pour le respect en politique<\/a>, en 2015<\/div>\n<div><\/div>\n<div><\/div>\n<div class=\"edit-link\"><a class=\"post-edit-link\" href=\"\">modifier<\/a><\/div>","protected":false},"excerpt":{"rendered":"<p>Sur l&rsquo;auteur Yvon Proven\u00e7al a enseign\u00e9 la philosophie au C\u00e9gep de Granby\u2013Haute-Yamaska de 1990 \u00e0 2013. Il travaille depuis l&rsquo;an 2000 sur ce qu&rsquo;il appelle des \u00ab\u00a0PAM\u00a0\u00bb, c&rsquo;est-\u00e0-dire des p\u00e9dagogies en action sur le monde. Il dit volontiers de lui-m\u00eame\u00a0qu&rsquo;il est un pur&#8230;<\/p>\n","protected":false},"author":1,"featured_media":0,"parent":0,"menu_order":0,"comment_status":"open","ping_status":"open","template":"","meta":[],"tags":[],"_links":{"self":[{"href":"http:\/\/agoratheque.3zcom.com\/index.php?rest_route=\/wp\/v2\/pages\/210"}],"collection":[{"href":"http:\/\/agoratheque.3zcom.com\/index.php?rest_route=\/wp\/v2\/pages"}],"about":[{"href":"http:\/\/agoratheque.3zcom.com\/index.php?rest_route=\/wp\/v2\/types\/page"}],"author":[{"embeddable":true,"href":"http:\/\/agoratheque.3zcom.com\/index.php?rest_route=\/wp\/v2\/users\/1"}],"replies":[{"embeddable":true,"href":"http:\/\/agoratheque.3zcom.com\/index.php?rest_route=%2Fwp%2Fv2%2Fcomments&post=210"}],"version-history":[{"count":29,"href":"http:\/\/agoratheque.3zcom.com\/index.php?rest_route=\/wp\/v2\/pages\/210\/revisions"}],"predecessor-version":[{"id":5002,"href":"http:\/\/agoratheque.3zcom.com\/index.php?rest_route=\/wp\/v2\/pages\/210\/revisions\/5002"}],"wp:attachment":[{"href":"http:\/\/agoratheque.3zcom.com\/index.php?rest_route=%2Fwp%2Fv2%2Fmedia&parent=210"}],"wp:term":[{"taxonomy":"post_tag","embeddable":true,"href":"http:\/\/agoratheque.3zcom.com\/index.php?rest_route=%2Fwp%2Fv2%2Ftags&post=210"}],"curies":[{"name":"wp","href":"https:\/\/api.w.org\/{rel}","templated":true}]}}