{"id":2110,"date":"2011-08-10T09:01:09","date_gmt":"2011-08-10T13:01:09","guid":{"rendered":"http:\/\/agoratheque.yprovencal.ep.profweb.qc.ca\/?page_id=2110"},"modified":"2011-08-10T14:00:48","modified_gmt":"2011-08-10T18:00:48","slug":"5-7-1-coleopteres-beaute-et-intelligence","status":"publish","type":"page","link":"http:\/\/agoratheque.3zcom.com\/?page_id=2110","title":{"rendered":"5.7.1 Col\u00e9opt\u00e8res, beaut\u00e9 et intelligence"},"content":{"rendered":"<div class=\"PageContent\">\n<p>\u00a0\u00a0\u00a0\u00a0\u00a0\u00a0\u00a0\u00a0\u00a0\u00a0\u00a0 On peut voir les \u00ab\u00a0col\u00e9opt\u00e8res sup\u00e9rieurs\u00a0\u00bb comme une forme organique au sommet\u00a0de l\u2019\u00e9chelle \u00e9volutive<a id=\"ref-1\" href=\"#note-1\"><sup>1<\/sup><\/a>. C\u2019est en effet un cas extraordinaire de diversification des couleurs et des formes. Celles-ci se seront d\u00e9velopp\u00e9es de la sorte en permettant aux repr\u00e9sentants d\u2019une esp\u00e8ce donn\u00e9e de mieux se reconna\u00eetre entre eux, ce qui constituait un avantage pour la reproduction. Le changement de couleurs et de formes s\u2019est vraisemblablement accompagn\u00e9 d\u2019une \u00e9volution corr\u00e9lative des organes sensoriels permettant de les mieux discerner. La diversification s\u2019explique peut-\u00eatre aussi en partie du fait que la capacit\u00e9 g\u00e9n\u00e9tique de variation des formes et des couleurs allait de pair avec une plus grande facilit\u00e9 d\u2019\u00e9chapper aux pr\u00e9dateurs, lesquels auront eu de la sorte plus de difficult\u00e9s \u00e0 reconna\u00eetre leurs proies habituelles.\u00a0\u00a0<\/p>\n<p style=\"text-indent: 35.4pt;\">Il semble probable que cette diversification se sera en outre faite de pair avec le d\u00e9veloppement des organes perceptuels et du syst\u00e8me nerveux d\u2019autres esp\u00e8ces, telles que des oiseaux qui se nourrissent de ces col\u00e9opt\u00e8res. De m\u00eame, les caract\u00e9ristiques des formes et des couleurs des oiseaux, de m\u00eame que leurs capacit\u00e9s perceptuelles se seront d\u00e9velopp\u00e9es de pair avec une capacit\u00e9 plus grande de distinguer leurs propres cong\u00e9n\u00e8res et leurs propres pr\u00e9dateurs. Et ainsi de suite, le syst\u00e8me nerveux des pr\u00e9dateurs d\u2019oiseaux se sera d\u00e9velopp\u00e9 d\u2019apr\u00e8s la m\u00eame logique. Il semble donc vraisemblable que la belle diversit\u00e9 observable des col\u00e9opt\u00e8res confirme indirectement l\u2019\u00e9volution vers l\u2019intelligence avanc\u00e9e. On peut en conclure qu\u2019une sorte de dialectique naturelle a pu favoriser conjointement, d\u2019une part, l\u2019\u00e9volution des couleurs et des formes, et, d\u2019autre part, les appareils sensoriels, particuli\u00e8rement la capacit\u00e9 de reconna\u00eetre les couleurs, les formes et les comportements des cong\u00e9n\u00e8res et des pr\u00e9dateurs les plus habituels et, donc, les syst\u00e8mes nerveux. Et ainsi de suite, jusqu\u2019\u00e0 l\u2019av\u00e8nement d\u2019une esp\u00e8ce intelligente capable d\u2019appr\u00e9cier pour elle-m\u00eame la beaut\u00e9 des formes naturelles.\u00a0<\/p>\n<p style=\"text-indent: 35.4pt;\">Dans le pass\u00e9, plusieurs auteurs ont d\u00e9fendu la th\u00e8se d\u2019une \u00e9volution dite \u00ab\u00a0lin\u00e9aire\u00a0\u00bb des types biologiques, selon laquelle certains de ces types sont plus ou moins avanc\u00e9s que d\u2019autres, suivant une certaine \u00e9chelle. Il nous faut comprendre l\u2019\u00e9volution globale de fa\u00e7on diff\u00e9rente. On y consid\u00e8re plut\u00f4t de vastes <em>ensembles d\u2019\u00eatres vivants inter-reli\u00e9s <\/em>et, par extension, diff\u00e9rentes caract\u00e9ristiques globales de la biosph\u00e8re qui sont propres \u00e0 des \u00e9poques distinctes. L\u2019\u00e9volution globale nous appara\u00eet n\u00e9cessairement comme <em>unilin\u00e9aire<\/em> parce que nos observations ne portent que sur la biosph\u00e8re terrestre. N\u00e9anmoins la caract\u00e9ristique d\u2019une biosph\u00e8re \u00e9volu\u00e9e ne se retrouve pas repr\u00e9sent\u00e9e chez une seule esp\u00e8ce, quand bien m\u00eame serait-elle d\u2019une intelligence nettement plus avanc\u00e9e que celle des autres esp\u00e8ces. Toute esp\u00e8ce poursuit son \u00e9volution en m\u00eame temps que se fait l\u2019\u00e9volution de ses rapports avec les autres esp\u00e8ces. L\u2019arriv\u00e9e dans l\u2019\u00e9volution d\u2019une nouvelle activit\u00e9 no\u00e9tique, comme celle des oiseaux dont l\u2019intelligence les aide \u00e0 trouver leur nourriture, signifie qu\u2019une partie appr\u00e9ciable du potentiel r\u00e9el global de la biosph\u00e8re est alors devenue effective ou quasi effective. Cette situation r\u00e9v\u00e8le le caract\u00e8re intens\u00e9ment et globalement cr\u00e9ateur du potentiel r\u00e9el de la nature.\u00a0<\/p>\n<div><a title=\"5.7.2 L\u2019\u00e9volution vers l\u2019intelligence\" href=\"http:\/\/mail.agoratheque.3zcom.com\/?page_id=2116\">Suite<\/a><\/div>\n<p><a id=\"note-1\" href=\"#ref-1\">1<\/a> L\u2019expression de \u00ab\u00a0col\u00e9opt\u00e8res sup\u00e9rieurs\u00a0\u00bb est de S. J. Gould, qui l\u2019utilise afin de montrer que d\u2019autres formes de vie que l\u2019esp\u00e8ce humaine peuvent \u00eatre subjectivement vues au sommet de l\u2019\u00e9volution (cf. S. J. Gould, <em>Le pouce du panda<\/em>, <em>op. cit.<\/em>, p. 253). <a id=\"note-1\" href=\"#ref-1\">1<\/a><strong><\/strong><\/p>\n<\/div>\n<div class=\"edit-link\"><a class=\"post-edit-link\" href=\"\">modifier<\/a><\/div>","protected":false},"excerpt":{"rendered":"<p>\u00a0\u00a0\u00a0\u00a0\u00a0\u00a0\u00a0\u00a0\u00a0\u00a0\u00a0 On peut voir les \u00ab\u00a0col\u00e9opt\u00e8res sup\u00e9rieurs\u00a0\u00bb comme une forme organique au sommet\u00a0de l\u2019\u00e9chelle \u00e9volutive1. C\u2019est en effet un cas extraordinaire de diversification des couleurs et des formes. Celles-ci se seront d\u00e9velopp\u00e9es de la sorte en permettant aux repr\u00e9sentants d\u2019une esp\u00e8ce donn\u00e9e de&#8230;<\/p>\n","protected":false},"author":1,"featured_media":0,"parent":2105,"menu_order":571,"comment_status":"open","ping_status":"open","template":"","meta":[],"tags":[],"_links":{"self":[{"href":"http:\/\/agoratheque.3zcom.com\/index.php?rest_route=\/wp\/v2\/pages\/2110"}],"collection":[{"href":"http:\/\/agoratheque.3zcom.com\/index.php?rest_route=\/wp\/v2\/pages"}],"about":[{"href":"http:\/\/agoratheque.3zcom.com\/index.php?rest_route=\/wp\/v2\/types\/page"}],"author":[{"embeddable":true,"href":"http:\/\/agoratheque.3zcom.com\/index.php?rest_route=\/wp\/v2\/users\/1"}],"replies":[{"embeddable":true,"href":"http:\/\/agoratheque.3zcom.com\/index.php?rest_route=%2Fwp%2Fv2%2Fcomments&post=2110"}],"version-history":[{"count":5,"href":"http:\/\/agoratheque.3zcom.com\/index.php?rest_route=\/wp\/v2\/pages\/2110\/revisions"}],"predecessor-version":[{"id":2115,"href":"http:\/\/agoratheque.3zcom.com\/index.php?rest_route=\/wp\/v2\/pages\/2110\/revisions\/2115"}],"up":[{"embeddable":true,"href":"http:\/\/agoratheque.3zcom.com\/index.php?rest_route=\/wp\/v2\/pages\/2105"}],"wp:attachment":[{"href":"http:\/\/agoratheque.3zcom.com\/index.php?rest_route=%2Fwp%2Fv2%2Fmedia&parent=2110"}],"wp:term":[{"taxonomy":"post_tag","embeddable":true,"href":"http:\/\/agoratheque.3zcom.com\/index.php?rest_route=%2Fwp%2Fv2%2Ftags&post=2110"}],"curies":[{"name":"wp","href":"https:\/\/api.w.org\/{rel}","templated":true}]}}