{"id":2116,"date":"2011-08-10T13:59:13","date_gmt":"2011-08-10T17:59:13","guid":{"rendered":"http:\/\/agoratheque.yprovencal.ep.profweb.qc.ca\/?page_id=2116"},"modified":"2011-08-11T09:16:37","modified_gmt":"2011-08-11T13:16:37","slug":"5-7-2-l%e2%80%99evolution-vers-l%e2%80%99intelligence","status":"publish","type":"page","link":"http:\/\/agoratheque.3zcom.com\/?page_id=2116","title":{"rendered":"5.7.2 L\u2019\u00e9volution vers l\u2019intelligence"},"content":{"rendered":"<div>\n<p>\u00a0\u00a0\u00a0\u00a0\u00a0\u00a0\u00a0\u00a0\u00a0\u00a0\u00a0 Une vaste convergence vers l\u2019intelligence semble d\u2019embl\u00e9e appara\u00eetre lorsqu\u2019on passe en revue les diff\u00e9rentes lign\u00e9es animales. Il se peut que l\u2019esp\u00e8ce humaine r\u00e9sulte de l\u2019\u00e9volution d\u2019une lign\u00e9e de primates qui aura \u00e9t\u00e9 seulement un peu plus rapide (en termes de millions d\u2019ann\u00e9es) que celle d\u2019un grand nombre d\u2019autres lign\u00e9es plus ou moins \u00e9loign\u00e9es. Rien ne prouve a priori que le potentiel r\u00e9el d\u2019une intelligence r\u00e9fl\u00e9chie soit la caract\u00e9ristique de la seule lign\u00e9e de primates qui inclut l\u2019esp\u00e8ce humaine. D\u2019autres primates auraient pu sans doute le faire, ou d\u2019autres lign\u00e9es de mammif\u00e8res, ou m\u00eame d\u2019autres lign\u00e9es du vivant en g\u00e9n\u00e9ral. Cependant la th\u00e8se d\u2019une convergence globale vers l\u2019intelligence n\u2019est pas a priori \u00e9vidente.\u00a0\u00a0<\/p>\n<p>\u00a0\u00a0\u00a0\u00a0\u00a0\u00a0\u00a0\u00a0\u00a0\u00a0\u00a0 Certains biologistes tendent \u00e0 consid\u00e9rer l\u2019intelligence animale comme un simple trait \u00e9volutif parmi bien d\u2019autres. Les formes de vie, il est vrai, n\u2019ont pas \u00e9volu\u00e9 seulement vers une plus grande intelligence, mais aussi vers une plus grande taille, une plus grande rapidit\u00e9, une plus grande f\u00e9condit\u00e9, \u00a0une plus grande toxicit\u00e9, etc. Ce sont l\u00e0 autant de moyens de survie individuelle, sp\u00e9cifique ou g\u00e9n\u00e9tique qui ont pu se d\u00e9velopper avec la s\u00e9lection naturelle.\u00a0\u00a0<\/p>\n<p>\u00a0\u00a0\u00a0\u00a0\u00a0\u00a0\u00a0\u00a0\u00a0\u00a0\u00a0 L\u2019intelligence animale n\u2019est toutefois pas seulement un moyen de survie ou de reproduction parmi d\u2019autres puisqu\u2019elle permet de trouver des moyens originaux de r\u00e9soudre toutes sortes de probl\u00e8mes. Elle devient capable de d\u00e9passer l\u2019intelligence sensorimotrice parce qu\u2019elle peut s\u2019aider \u00e0 progresser dans son apprentissage en cherchant et en adoptant de nouvelles man\u0153uvres ou de nouveaux comportements. L\u2019animal plus intelligent trouve \u00e0 compenser par des strat\u00e9gies diverses sa petite taille ou son manque de rapidit\u00e9. Il apprend \u00e0 faire preuve de prudence devant la plante ou l\u2019animal inconnu. Il sait mieux prot\u00e9ger sa prog\u00e9niture, etc.\u00a0\u00a0<\/p>\n<p>\u00a0\u00a0\u00a0\u00a0\u00a0\u00a0\u00a0\u00a0\u00a0\u00a0\u00a0 Cependant l\u2019intelligence r\u00e9fl\u00e9chie, celle qui s\u2019est d\u00e9velopp\u00e9e gr\u00e2ce \u00e0 l\u2019acquisition du langage de type humain, ne se contente pas de compenser les avantages d\u2019autres esp\u00e8ces, elle les d\u00e9passe sans commune mesure. Elle aura permis de construire des outils, des radeaux, des barques et navires, de galoper sur une monture et d\u2019inventer des machines et des engins de toutes sortes, de voler, de d\u00e9passer le mur du son, de s\u2019\u00e9chapper dans l\u2019espace interplan\u00e9taire, de mettre au point des rem\u00e8des, de trouver des m\u00e9thodes de planification \u00e0 long terme, etc. Il est \u00e0 cet \u00e9gard ironique qu\u2019elle ait aussi entra\u00een\u00e9 des catastrophes de pollution et d\u2019insalubrit\u00e9, et qu\u2019elle ait conduit \u00e0 des d\u00e9mographies hors de contr\u00f4le, ce qui signifie que l\u2019\u00e9volution de l\u2019intelligence se poursuit de plus en plus \u00e0 travers les d\u00e9fis qui r\u00e9sultent de son propre d\u00e9veloppement.<\/p>\n<p><a title=\"5.7.3 Le concept d\u2019intelligence accomplie\" href=\"http:\/\/mail.agoratheque.3zcom.com\/?page_id=2120\">Suite<\/a><\/p>\n<\/div>\n<div class=\"edit-link\"><a class=\"post-edit-link\" href=\"\">modifier<\/a><\/div>","protected":false},"excerpt":{"rendered":"<p>\u00a0\u00a0\u00a0\u00a0\u00a0\u00a0\u00a0\u00a0\u00a0\u00a0\u00a0 Une vaste convergence vers l\u2019intelligence semble d\u2019embl\u00e9e appara\u00eetre lorsqu\u2019on passe en revue les diff\u00e9rentes lign\u00e9es animales. Il se peut que l\u2019esp\u00e8ce humaine r\u00e9sulte de l\u2019\u00e9volution d\u2019une lign\u00e9e de primates qui aura \u00e9t\u00e9 seulement un peu plus rapide (en termes de millions d\u2019ann\u00e9es)&#8230;<\/p>\n","protected":false},"author":1,"featured_media":0,"parent":2105,"menu_order":572,"comment_status":"open","ping_status":"open","template":"","meta":[],"tags":[],"_links":{"self":[{"href":"http:\/\/agoratheque.3zcom.com\/index.php?rest_route=\/wp\/v2\/pages\/2116"}],"collection":[{"href":"http:\/\/agoratheque.3zcom.com\/index.php?rest_route=\/wp\/v2\/pages"}],"about":[{"href":"http:\/\/agoratheque.3zcom.com\/index.php?rest_route=\/wp\/v2\/types\/page"}],"author":[{"embeddable":true,"href":"http:\/\/agoratheque.3zcom.com\/index.php?rest_route=\/wp\/v2\/users\/1"}],"replies":[{"embeddable":true,"href":"http:\/\/agoratheque.3zcom.com\/index.php?rest_route=%2Fwp%2Fv2%2Fcomments&post=2116"}],"version-history":[{"count":3,"href":"http:\/\/agoratheque.3zcom.com\/index.php?rest_route=\/wp\/v2\/pages\/2116\/revisions"}],"predecessor-version":[{"id":2128,"href":"http:\/\/agoratheque.3zcom.com\/index.php?rest_route=\/wp\/v2\/pages\/2116\/revisions\/2128"}],"up":[{"embeddable":true,"href":"http:\/\/agoratheque.3zcom.com\/index.php?rest_route=\/wp\/v2\/pages\/2105"}],"wp:attachment":[{"href":"http:\/\/agoratheque.3zcom.com\/index.php?rest_route=%2Fwp%2Fv2%2Fmedia&parent=2116"}],"wp:term":[{"taxonomy":"post_tag","embeddable":true,"href":"http:\/\/agoratheque.3zcom.com\/index.php?rest_route=%2Fwp%2Fv2%2Ftags&post=2116"}],"curies":[{"name":"wp","href":"https:\/\/api.w.org\/{rel}","templated":true}]}}