{"id":2120,"date":"2011-08-11T09:08:35","date_gmt":"2011-08-11T13:08:35","guid":{"rendered":"http:\/\/agoratheque.yprovencal.ep.profweb.qc.ca\/?page_id=2120"},"modified":"2011-08-11T09:15:55","modified_gmt":"2011-08-11T13:15:55","slug":"5-7-3-le-concept-d%e2%80%99intelligence-accomplie","status":"publish","type":"page","link":"http:\/\/agoratheque.3zcom.com\/?page_id=2120","title":{"rendered":"5.7.3 Le concept d\u2019intelligence accomplie"},"content":{"rendered":"<p>\u00a0\u00a0\u00a0\u00a0\u00a0\u00a0\u00a0\u00a0\u00a0\u00a0\u00a0 Si nous nous basons sur l\u2019exp\u00e9rience de la noosph\u00e8re terrestre actuelle, nous pouvons supposer qu\u2019une intelligence non seulement avanc\u00e9e, mais accomplie comporterait une compr\u00e9hension profonde des math\u00e9matiques et des sciences. De m\u00eame, il est plausible de supposer qu\u2019une intelligence avanc\u00e9e jusqu\u2019\u00e0 l\u2019accomplissement comporterait une ma\u00eetrise de ce que nous d\u00e9signons comme des processus qui rel\u00e8vent de l\u2019\u00e9conomie, de l\u2019\u00e9cologie et des communications. Il se peut que l\u2019intelligence accomplie comprenne ces processus dans des termes dont le sens ne nous appara\u00eet encore que tr\u00e8s partiellement. Il est \u00e9galement plausible qu\u2019une intelligence accomplie soit capable de produire des formes originales d\u2019expressions artistiques, incluant peut-\u00eatre des analogues (tout d\u00e9pendant des types de capacit\u00e9s sensorielles qui auront \u00e9t\u00e9 d\u00e9velopp\u00e9s) de la musique, de la peinture, de l\u2019architecture et des lettres, bref qu\u2019elle soit capable de produire une <em>civilisation<\/em>, ce mot \u00e9tant pris dans son sens le plus convaincant et le plus profond. Le concept d\u2019intelligence accompli suppose donc un d\u00e9veloppement de nos capacit\u00e9s actuelles de compr\u00e9hension et de ma\u00eetrise, qui n\u2019en sont peut-\u00eatre encore qu\u2019\u00e0 un \u00e9tat primitif. Elles ne seraient au mieux qu\u2019une intelligence effectivement capable d\u2019avancer. Comment cela nous appara\u00eetrait-il\u00a0?<\/p>\n<p><strong><em>Une v\u00e9rification par la f\u00e9condit\u00e9 de l\u2019avancement de l\u2019intelligence actuelle<\/em><\/strong><\/p>\n<p>\u00a0\u00a0\u00a0\u00a0\u00a0\u00a0\u00a0\u00a0\u00a0\u00a0\u00a0 Qu\u2019il s\u2019agisse d\u2019un concept philosophique, scientifique ou autre, il semble en g\u00e9n\u00e9ral que le principal moyen que nous ayons de constater ou d\u2019\u00e9tablir la valeur et la pertinence d\u2019un concept est sa f\u00e9condit\u00e9 pour la recherche et la production d\u2019\u0153uvres. Ainsi la th\u00e9orie scientifique la meilleure n\u2019est pas n\u00e9cessairement vraie, mais elle est permet \u00e0 la recherche de se poursuivre, \u00e0 la science actuelle d\u2019avancer. Toutes nos th\u00e9ories scientifiques actuelles sont en effet susceptibles d\u2019\u00eatre r\u00e9fut\u00e9es ou d\u00e9pass\u00e9es.\u00a0\u00a0<\/p>\n<p>\u00a0\u00a0\u00a0\u00a0\u00a0\u00a0\u00a0\u00a0\u00a0\u00a0\u00a0 Cela signifie que l\u2019intelligence en cours d\u2019accomplissement est capable de produire des \u0153uvres, th\u00e9ories, philosophies, des disciplines scientifiques ou autres, qui tendent vers la compr\u00e9hension la meilleure, la plus profonde, et la plus grande capacit\u00e9 de r\u00e9soudre toutes sortes de probl\u00e8mes incluant, en particulier, les probl\u00e8mes qui nous semblent actuellement des plus abstraits. L\u2019intelligence suffisamment avanc\u00e9e est \u00e9minemment capable d\u2019apprendre et elle le fait en cumulant une s\u00e9rie historique d\u2019\u00e9mergences intellectuelles ou morales.\u00a0\u00a0<\/p>\n<p>\u00a0\u00a0\u00a0\u00a0\u00a0\u00a0\u00a0\u00a0\u00a0\u00a0\u00a0 Ainsi, nous pouvons voir l\u2019\u00e9veil \u00e0 la philosophie et \u00e0 la science d\u00e8s l\u2019antiquit\u00e9 grecque comme les pr\u00e9mices d\u2019une importante prise de conscience de l\u2019intelligence avanc\u00e9e par elle-m\u00eame. Sous l\u2019aspect de la recherche purement d\u00e9sint\u00e9ress\u00e9e de la v\u00e9rit\u00e9, une phase nouvelle d\u2019une \u00e9volution plus longue que ne se le figuraient les chercheurs grecs eux-m\u00eames s\u2019est amorc\u00e9e. Il s\u2019agissait d\u2019un d\u00e9sint\u00e9ressement non seulement individuel, mais \u00e9galement collectif encore empreint de na\u00efvet\u00e9. Et il en va de m\u00eame pour les modernes et les chercheurs d\u2019aujourd\u2019hui. Dans les deux cas, des Grecs et des modernes, on a cru trop vite avoir ainsi gagn\u00e9, sinon la v\u00e9rit\u00e9, tout au moins la pleine capacit\u00e9 de juger et d\u2019\u00e9valuer. Une prochaine \u00e9tape pourrait consister \u00e0 poursuivre l\u2019attitude de recherche \u00ab\u00a0d\u00e9sint\u00e9ress\u00e9e\u00a0\u00bb en comprenant par l\u00e0 que le principal enjeu de notre avenir est celui de progresser vers un \u00e9tat nettement sup\u00e9rieur de connaissance et de compr\u00e9hension, qui sera peut-\u00eatre un v\u00e9ritable accomplissement de <em>notre <\/em>potentiel r\u00e9el de compr\u00e9hension.\u00a0<\/p>\n<p>\u00a0\u00a0 <strong><em>D\u00e9sint\u00e9ressement et adaptation<\/em><\/strong>\u00a0<\/p>\n<p>\u00a0\u00a0\u00a0\u00a0\u00a0\u00a0\u00a0\u00a0\u00a0\u00a0 Le chercheur Daniel Dennett\u00a0affirme que \u00ab\u00a0les animaux sup\u00e9rieurs ont fini par devenir des collecteurs \u00ab\u00a0d\u00e9sint\u00e9ress\u00e9s\u00a0\u00bb d\u2019information\u00a0[parce que la]\u00a0vigilance r\u00e9guli\u00e8re s\u2019est transform\u00e9e par \u00e9tapes en <em>exploration<\/em> r\u00e9guli\u00e8re<a id=\"ref-1\" href=\"#note-1\"><sup>1<\/sup><\/a>\u00a0\u00bb.<\/p>\n<p>Ce commentaire sugg\u00e8re de consid\u00e9rer plus g\u00e9n\u00e9ralement la motivation d\u00e9sint\u00e9ress\u00e9e comme n\u2019\u00e9tant pas gratuite. Dans cette perspective, le d\u00e9sint\u00e9ressement peut se comparer \u00e0 une sorte d\u2019int\u00e9r\u00eat sup\u00e9rieur pour la meilleure adaptation possible, compte tenu des possibilit\u00e9s que son environnement rec\u00e8le. L\u2019intelligence avanc\u00e9e conf\u00e9rerait un avantage marqu\u00e9 du point de vue de l\u2019adaptation et l\u2019intelligence accomplie irait de pair avec une adaptation accomplie \u00e0 l\u2019environnement le plus g\u00e9n\u00e9ral. L\u2019humain a d\u00e9j\u00e0 montr\u00e9 que l\u2019espace interplan\u00e9taire constitue pour lui un environnement accessible et peut-\u00eatre vivable. Jusqu\u2019o\u00f9 pourra-t-il encore s\u2019adapter\u00a0?<\/p>\n<p>\u00a0\u00a0\u00a0\u00a0\u00a0\u00a0\u00a0\u00a0\u00a0\u00a0 Telle que nous la posons ici, l\u2019intelligence n\u2019est pas une simple cat\u00e9gorie biologique. Elle est plut\u00f4t la caract\u00e9ristique de toute une biosph\u00e8re qui se transforme en noosph\u00e8re, qui s\u2019\u00e9veille \u00e0 ce qu\u2019elle est profond\u00e9ment. Le concept d\u2019intelligence avanc\u00e9e \u00e9tant \u00e9quivalent \u00e0 un t\u00e9los de l\u2019Univers, il est applicable \u00e0 plusieurs sortes de lign\u00e9es du vivant, quel que soit l\u2019endroit \u2014 la plan\u00e8te, par exemple \u2014 o\u00f9 ces lign\u00e9es se seront d\u00e9velopp\u00e9es.\u00a0\u00a0<\/p>\n<p>\u00a0\u00a0\u00a0\u00a0\u00a0\u00a0\u00a0\u00a0\u00a0\u00a0\u00a0 L\u2019humain actuel ne repr\u00e9sente pas encore un cas d\u2019intelligence accomplie. Plusieurs hypoth\u00e8ses peuvent alors \u00eatre faites. L\u2019esp\u00e8ce humaine est peut-\u00eatre un cul-de-sac de l\u2019\u00e9volution, une sorte de tentative rat\u00e9e, un peu comme les autres esp\u00e8ces qui ont r\u00e9gn\u00e9 un temps sur la plan\u00e8te, mais qui sont disparues sans laisser de descendance directe. Elle est peut-\u00eatre aussi une \u00e9tape vers une toute nouvelle forme de vie, une autre esp\u00e8ce ou m\u00eame une autre sorte d\u2019organisme qui ne serait pas issue du m\u00eame type d\u2019\u00e9volution. Selon ce type d\u2019hypoth\u00e8se, il se peut que l\u2019intelligence avanc\u00e9e n\u2019advienne que sous la forme de ce l\u2019on appelle l\u2019intelligence artificielle. Cependant l\u2019hypoth\u00e8se qui sera pr\u00e9f\u00e9r\u00e9e ici, est que l\u2019humain repr\u00e9sente actuellement une intelligence qui a le potentiel r\u00e9el de s\u2019accomplir, mais qui est encore tr\u00e8s immature, tellement immature que il ne se reconna\u00eet pas lui-m\u00eame pour ce qu\u2019il est, c\u2019est-\u00e0-dire pour ce qu\u2019il peut \u00eatre. Il serait tout juste sur le point de se reconna\u00eetre comme le t\u00e9los de l\u2019\u00e9volution globale, mais sans avoir pour autant achev\u00e9 son long apprentissage historique. Il lui resterait encore un certain nombre de stades \u00e0 franchir, comme pour un tr\u00e8s jeune enfant.<\/p>\n<div><a title=\"6. L\u2019interpr\u00e9tation physico-cognitive de la conscience\" href=\"http:\/\/mail.agoratheque.3zcom.com\/?page_id=1353\">Suite<\/a><\/div>\n<p><a id=\"note-1\" href=\"#ref-1\">1<\/a>\u00a0Daniel Dennett, <em>La conscience expliqu\u00e9e<\/em>, (traduction de Pascal Engel), Paris, Odile Jacob, 1993, p. 228. <a id=\"note-1\" href=\"#ref-1\">1<\/a><\/p>\n<div class=\"edit-link\"><a class=\"post-edit-link\" href=\"\">modifier<\/a><\/div>","protected":false},"excerpt":{"rendered":"<p>\u00a0\u00a0\u00a0\u00a0\u00a0\u00a0\u00a0\u00a0\u00a0\u00a0\u00a0 Si nous nous basons sur l\u2019exp\u00e9rience de la noosph\u00e8re terrestre actuelle, nous pouvons supposer qu\u2019une intelligence non seulement avanc\u00e9e, mais accomplie comporterait une compr\u00e9hension profonde des math\u00e9matiques et des sciences. De m\u00eame, il est plausible de supposer qu\u2019une intelligence avanc\u00e9e jusqu\u2019\u00e0 l\u2019accomplissement&#8230;<\/p>\n","protected":false},"author":1,"featured_media":0,"parent":2105,"menu_order":573,"comment_status":"open","ping_status":"open","template":"","meta":[],"tags":[],"_links":{"self":[{"href":"http:\/\/agoratheque.3zcom.com\/index.php?rest_route=\/wp\/v2\/pages\/2120"}],"collection":[{"href":"http:\/\/agoratheque.3zcom.com\/index.php?rest_route=\/wp\/v2\/pages"}],"about":[{"href":"http:\/\/agoratheque.3zcom.com\/index.php?rest_route=\/wp\/v2\/types\/page"}],"author":[{"embeddable":true,"href":"http:\/\/agoratheque.3zcom.com\/index.php?rest_route=\/wp\/v2\/users\/1"}],"replies":[{"embeddable":true,"href":"http:\/\/agoratheque.3zcom.com\/index.php?rest_route=%2Fwp%2Fv2%2Fcomments&post=2120"}],"version-history":[{"count":4,"href":"http:\/\/agoratheque.3zcom.com\/index.php?rest_route=\/wp\/v2\/pages\/2120\/revisions"}],"predecessor-version":[{"id":2127,"href":"http:\/\/agoratheque.3zcom.com\/index.php?rest_route=\/wp\/v2\/pages\/2120\/revisions\/2127"}],"up":[{"embeddable":true,"href":"http:\/\/agoratheque.3zcom.com\/index.php?rest_route=\/wp\/v2\/pages\/2105"}],"wp:attachment":[{"href":"http:\/\/agoratheque.3zcom.com\/index.php?rest_route=%2Fwp%2Fv2%2Fmedia&parent=2120"}],"wp:term":[{"taxonomy":"post_tag","embeddable":true,"href":"http:\/\/agoratheque.3zcom.com\/index.php?rest_route=%2Fwp%2Fv2%2Ftags&post=2120"}],"curies":[{"name":"wp","href":"https:\/\/api.w.org\/{rel}","templated":true}]}}