{"id":2142,"date":"2011-08-12T13:47:22","date_gmt":"2011-08-12T17:47:22","guid":{"rendered":"http:\/\/agoratheque.yprovencal.ep.profweb.qc.ca\/?page_id=2142"},"modified":"2011-08-12T13:58:59","modified_gmt":"2011-08-12T17:58:59","slug":"6-2-1-la-representation-materielle-de-l%e2%80%99esprit-au-moyen-du-graphe","status":"publish","type":"page","link":"http:\/\/agoratheque.3zcom.com\/?page_id=2142","title":{"rendered":"6.2.1 La repr\u00e9sentation mat\u00e9rielle de l\u2019esprit au moyen du graphe"},"content":{"rendered":"<div>\n<p>\u00a0\u00a0\u00a0\u00a0\u00a0\u00a0\u00a0\u00a0\u00a0\u00a0\u00a0 Montrons d\u2019abord comment l\u2019esprit peut \u00eatre repr\u00e9sent\u00e9 au moyen d\u2019un graphe du potentiel r\u00e9el. Prenons, par exemple, le cas d\u2019un humain qui semble anim\u00e9 par certains motifs personnels. Pourquoi Carl monte-t-il dans cette auto\u00a0? Parce que, dirait-il, il veut se rendre \u00e0 son bureau et que cette auto est la sienne. Supposons que cette description verbale repr\u00e9sente effectivement une r\u00e9alit\u00e9, quelque chose de r\u00e9el.\u00a0<\/p>\n<p>\u00a0\u00a0\u00a0\u00a0\u00a0\u00a0\u00a0\u00a0\u00a0\u00a0\u00a0 Envisageons maintenant cette m\u00eame situation r\u00e9elle au moyen d\u2019un graphe du potentiel r\u00e9el et voyons comment nous pouvons en d\u00e9crire les m\u00eames \u00e9l\u00e9ments que ceux de la description verbale.\u00a0\u00a0<\/p>\n<p><img decoding=\"async\" src=\"https:\/\/lms2.decclic.qc.ca\/Pub\/F38E337E-4AB4-4459-8A51-E3429AA48AD9\/cb%c2%ad_ra_6bis.jpg\" alt=\"\" \/><\/p>\n<p><img decoding=\"async\" src=\"https:\/\/lms2.decclic.qc.ca\/Pub\/F38E337E-4AB4-4459-8A51-E3429AA48AD9\/cb_ra_6.jpg\" alt=\"\" \/><\/p>\n<p>Carl est d\u2019abord, en droit, identifiable \u00e0 un syst\u00e8me physique envisag\u00e9 \u00e0 un certain moment T<sub>c<\/sub>, conform\u00e9ment \u00e0 ce que d\u00e9crit la figure 6.1. Comme il s\u2019agit d\u2019un syst\u00e8me mat\u00e9riel tr\u00e8s complexe, il est n\u00e9cessaire de regrouper un grand nombre d\u2019\u00e9v\u00e9nements subatomiques (de type quantique). Carl \u00e0 ce moment est donc d\u00e9crit par un sommet T<sub>c<\/sub>\u2019 du graphe qui repr\u00e9sente, ainsi que le d\u00e9crit la figure 6.2, le regroupement d\u2019un grand nombre de sommets \u00e9l\u00e9mentaires et d\u2019un grand nombre de micro-trajets. Il en est de m\u00eame, par exemple, dans les cas de son bureau\u00a0et de son auto. Quant aux motifs conscients de Carl, ils sont d\u00e9crits comme correspondant en droit \u00e0 une partie des conditions initiales du syst\u00e8me. Toutefois ils sont alors d\u00e9crits dans un \u00ab\u00a0code\u00a0\u00bb diff\u00e9rent de celui qu\u2019utilise Carl et les psychologues (ou d\u2019autres chercheurs), un \u00ab\u00a0code\u00a0\u00bb qui est en droit math\u00e9matique, celui qui se trouve constitu\u00e9 par les lois et principes scientifiques de base. Il n\u2019est certes pas facile de voir, au niveau de la structure de base, comment les motifs de Carl sont enregistr\u00e9s. Cependant il nous suffit ici de consid\u00e9rer que, d\u2019apr\u00e8s la science actuelle et d\u2019apr\u00e8s les propri\u00e9t\u00e9s math\u00e9matiques du graphe du potentiel, la description de ces motifs se trouve r\u00e9sum\u00e9e par le seul sommet qui d\u00e9crit Carl envisag\u00e9 \u00e0 ce moment.\u00a0<\/p>\n<p>\u00a0\u00a0\u00a0\u00a0\u00a0\u00a0\u00a0\u00a0\u00a0\u00a0 D\u2019autres parties des conditions initiales sont par exemple l\u2019existence d\u2019un milieu correspondant \u00e0 une soci\u00e9t\u00e9 moderne, dans laquelle il existe des routes, des usines de fabrications d\u2019automobiles, ou encore, selon le cas, des entreprises d\u2019importation d\u2019automobiles, etc. Toutes ces conditions initiales sont elles-m\u00eames descriptibles comme des regroupements de sommets et de trajets \u00e9l\u00e9mentaires.\u00a0\u00a0<\/p>\n<p>\u00a0\u00a0\u00a0\u00a0\u00a0\u00a0\u00a0\u00a0\u00a0\u00a0\u00a0 Du point de vue des lois de base, il n\u2019y a bien s\u00fbr rien, dans une telle description, qui puisse pr\u00e9tendre \u00e0 l\u2019exactitude scientifique. D\u2019ailleurs, il serait pour un psychologue plus prudent, ou plus rigoureux, de dire que Carl <em>pense<\/em> qu\u2019il veut se rendre \u00e0 son bureau et qu\u2019il <em>pense<\/em> que cette auto est la sienne, ou bien que l\u2019on <em>pense<\/em> cela. Pr\u00e9cis\u00e9ment, d\u2019apr\u00e8s le graphe, Carl n\u2019agit pas exactement <em>parce qu\u2019il \u00ab\u00a0veut\u00a0\u00bb<\/em> quelque chose. Cela lui appara\u00eet ainsi, dans sa conscience effective et cette situation se trouve compatible avec ce que d\u00e9crivent les lois de base. Il faut consid\u00e9rer que la fa\u00e7on dont Carl comprend ce qu\u2019il veut est li\u00e9e \u00e0 ce qu\u2019il ressent plus ou moins clairement et \u00e0 ce qu\u2019il sait et comprend \u00e0 propos de lui-m\u00eame. Nous pouvons raisonnablement en conclure que ce qu\u2019il pense vouloir est quand m\u00eame une \u00e9valuation coh\u00e9rente, bien que partielle et approximative de ce que la r\u00e9alit\u00e9 de base comporte en fait. D\u2019ailleurs, m\u00eame si Carl \u00e9tait un expert dans la psychologie cognitive et en neurologie, il ne pourrait dans l\u2019\u00e9tat actuel du savoir pr\u00e9tendre qu\u2019il comprend vraiment bien ce pourquoi il agit de telle ou telle fa\u00e7on. Examinons donc comment une science globale (ou adisciplinaire) peut arriver \u00e0 d\u00e9crire un cas de ce type.<\/p>\n<p><a title=\"6.2.2 Le probl\u00e8me de la repr\u00e9sentation mat\u00e9rielle de l\u2019esprit\" href=\"http:\/\/mail.agoratheque.3zcom.com\/?page_id=2147\">Suite<\/a><\/p>\n<\/div>\n<div class=\"edit-link\"><a class=\"post-edit-link\" href=\"\">modifier<\/a><\/div>","protected":false},"excerpt":{"rendered":"<p>\u00a0\u00a0\u00a0\u00a0\u00a0\u00a0\u00a0\u00a0\u00a0\u00a0\u00a0 Montrons d\u2019abord comment l\u2019esprit peut \u00eatre repr\u00e9sent\u00e9 au moyen d\u2019un graphe du potentiel r\u00e9el. Prenons, par exemple, le cas d\u2019un humain qui semble anim\u00e9 par certains motifs personnels. Pourquoi Carl monte-t-il dans cette auto\u00a0? Parce que, dirait-il, il veut se rendre \u00e0&#8230;<\/p>\n","protected":false},"author":1,"featured_media":0,"parent":2136,"menu_order":621,"comment_status":"open","ping_status":"open","template":"","meta":[],"tags":[],"_links":{"self":[{"href":"http:\/\/agoratheque.3zcom.com\/index.php?rest_route=\/wp\/v2\/pages\/2142"}],"collection":[{"href":"http:\/\/agoratheque.3zcom.com\/index.php?rest_route=\/wp\/v2\/pages"}],"about":[{"href":"http:\/\/agoratheque.3zcom.com\/index.php?rest_route=\/wp\/v2\/types\/page"}],"author":[{"embeddable":true,"href":"http:\/\/agoratheque.3zcom.com\/index.php?rest_route=\/wp\/v2\/users\/1"}],"replies":[{"embeddable":true,"href":"http:\/\/agoratheque.3zcom.com\/index.php?rest_route=%2Fwp%2Fv2%2Fcomments&post=2142"}],"version-history":[{"count":5,"href":"http:\/\/agoratheque.3zcom.com\/index.php?rest_route=\/wp\/v2\/pages\/2142\/revisions"}],"predecessor-version":[{"id":2144,"href":"http:\/\/agoratheque.3zcom.com\/index.php?rest_route=\/wp\/v2\/pages\/2142\/revisions\/2144"}],"up":[{"embeddable":true,"href":"http:\/\/agoratheque.3zcom.com\/index.php?rest_route=\/wp\/v2\/pages\/2136"}],"wp:attachment":[{"href":"http:\/\/agoratheque.3zcom.com\/index.php?rest_route=%2Fwp%2Fv2%2Fmedia&parent=2142"}],"wp:term":[{"taxonomy":"post_tag","embeddable":true,"href":"http:\/\/agoratheque.3zcom.com\/index.php?rest_route=%2Fwp%2Fv2%2Ftags&post=2142"}],"curies":[{"name":"wp","href":"https:\/\/api.w.org\/{rel}","templated":true}]}}