{"id":2236,"date":"2011-08-17T14:00:37","date_gmt":"2011-08-17T18:00:37","guid":{"rendered":"http:\/\/agoratheque.yprovencal.ep.profweb.qc.ca\/?page_id=2236"},"modified":"2011-08-22T13:56:54","modified_gmt":"2011-08-22T17:56:54","slug":"6-6-la-conscience-effective","status":"publish","type":"page","link":"http:\/\/agoratheque.3zcom.com\/?page_id=2236","title":{"rendered":"6.6 La conscience effective"},"content":{"rendered":"<p>\u00a0\u00a0\u00a0\u00a0\u00a0\u00a0\u00a0\u00a0\u00a0\u00a0\u00a0 Nous prendrons l\u2019expression de \u00ab\u00a0conscience effective\u00a0\u00bb au sens d\u2019un \u00e9v\u00e9nement <em>effectif<\/em> de conscience. Cette conscience, \u00e0 proprement parler, n\u2019a aucune fonction. Elle existe. La plupart des animaux en sont pourvus, mais elle ne sert pas \u00e0 leur survie ni \u00e0 leur reproduction. C\u2019est sans doute pourquoi les chercheurs la trouvent si \u00e9nigmatique, voire myst\u00e9rieuse<a id=\"ref-1\" href=\"#note-1\"><sup>1<\/sup><\/a>. Dans cette section, il s\u2019agira de clarifier progressivement le concept de conscience effective tout en surmontant en particulier ce qui en lui pr\u00e9sente les principales difficult\u00e9s s\u00e9mantiques, m\u00e9thodologiques, \u00e9pist\u00e9mologiques et ontologiques et m\u00eame \u00e9thiques.<\/p>\n<div><a title=\"6.6.1 En quoi consiste l\u2019exp\u00e9rience en g\u00e9n\u00e9ral ?\" href=\"http:\/\/mail.agoratheque.3zcom.com\/?page_id=2429\">Suite<\/a><\/div>\n<p><a id=\"note-1\" href=\"#ref-1\">1<\/a>\u00a0<a><\/a><a><\/a><a><\/a><a><\/a><a><\/a><a><\/a>Le chercheur Steven Pinker par exemple, qui l\u2019appelle \u00ab\u00a0conscience sensible\u00a0\u00bb, la d\u00e9crit comme l\u2019aspect \u00ab\u00a0\u00e9nigmatique\u00a0\u00bb de la conscience (<a><\/a><a><\/a><a><\/a><a><\/a><em>Comment fonctionne l\u2019esprit<\/em>, <em>op. cit.<\/em>, p. 144). Jean-Fran\u00e7ois Dortier \u00e9crit pour sa part\u00a0: \u00ab\u00a0la conscience reste encore pour une large part un \u00ab\u00a0myst\u00e8re\u00a0\u00bb\u00a0\u00bb (<em>Le cerveau et la pens\u00e9e<\/em>, <em>op. cit.<\/em>, p. 370).\u00a0Dans ce dernier cas encore, c\u2019est la conscience effective qui est vis\u00e9e. <a id=\"note-1\" href=\"#ref-1\">1<\/a><\/p>\n<div class=\"edit-link\"><a class=\"post-edit-link\" href=\"\">modifier<\/a><\/div>","protected":false},"excerpt":{"rendered":"<p>\u00a0\u00a0\u00a0\u00a0\u00a0\u00a0\u00a0\u00a0\u00a0\u00a0\u00a0 Nous prendrons l\u2019expression de \u00ab\u00a0conscience effective\u00a0\u00bb au sens d\u2019un \u00e9v\u00e9nement effectif de conscience. Cette conscience, \u00e0 proprement parler, n\u2019a aucune fonction. Elle existe. La plupart des animaux en sont pourvus, mais elle ne sert pas \u00e0 leur survie ni \u00e0 leur reproduction.&#8230;<\/p>\n","protected":false},"author":1,"featured_media":0,"parent":1353,"menu_order":660,"comment_status":"open","ping_status":"open","template":"","meta":[],"tags":[],"_links":{"self":[{"href":"http:\/\/agoratheque.3zcom.com\/index.php?rest_route=\/wp\/v2\/pages\/2236"}],"collection":[{"href":"http:\/\/agoratheque.3zcom.com\/index.php?rest_route=\/wp\/v2\/pages"}],"about":[{"href":"http:\/\/agoratheque.3zcom.com\/index.php?rest_route=\/wp\/v2\/types\/page"}],"author":[{"embeddable":true,"href":"http:\/\/agoratheque.3zcom.com\/index.php?rest_route=\/wp\/v2\/users\/1"}],"replies":[{"embeddable":true,"href":"http:\/\/agoratheque.3zcom.com\/index.php?rest_route=%2Fwp%2Fv2%2Fcomments&post=2236"}],"version-history":[{"count":3,"href":"http:\/\/agoratheque.3zcom.com\/index.php?rest_route=\/wp\/v2\/pages\/2236\/revisions"}],"predecessor-version":[{"id":2433,"href":"http:\/\/agoratheque.3zcom.com\/index.php?rest_route=\/wp\/v2\/pages\/2236\/revisions\/2433"}],"up":[{"embeddable":true,"href":"http:\/\/agoratheque.3zcom.com\/index.php?rest_route=\/wp\/v2\/pages\/1353"}],"wp:attachment":[{"href":"http:\/\/agoratheque.3zcom.com\/index.php?rest_route=%2Fwp%2Fv2%2Fmedia&parent=2236"}],"wp:term":[{"taxonomy":"post_tag","embeddable":true,"href":"http:\/\/agoratheque.3zcom.com\/index.php?rest_route=%2Fwp%2Fv2%2Ftags&post=2236"}],"curies":[{"name":"wp","href":"https:\/\/api.w.org\/{rel}","templated":true}]}}