{"id":2263,"date":"2011-08-17T16:31:22","date_gmt":"2011-08-17T20:31:22","guid":{"rendered":"http:\/\/agoratheque.yprovencal.ep.profweb.qc.ca\/?page_id=2263"},"modified":"2014-10-01T13:45:53","modified_gmt":"2014-10-01T17:45:53","slug":"i-le-difficile-respect-interreligieux","status":"publish","type":"page","link":"http:\/\/agoratheque.3zcom.com\/?page_id=2263","title":{"rendered":"I-  Le difficile respect interreligieux"},"content":{"rendered":"<p>i) De la simple tol\u00e9rance au plein respect<\/p>\n<p>Pour le moment, les religions demeurent les unes pour les autres lointaines, \u00e9trang\u00e8res, et au mieux tol\u00e9r\u00e9es\u00a0; on en parle donc le moins possible. C\u2019est vrai dans une bonne mesure, d\u00e9j\u00e0, pour les diff\u00e9rentes confessions chr\u00e9tiennes (catholiques, protestantes ou orthodoxes) et, dans une plus grande mesure encore, dans le cas des religions non chr\u00e9tiennes reconnues (juda\u00efsme, islam, bouddhisme, religions hindoues, etc.). Mais c\u2019est m\u00eame encore bien plus vrai dans les cas de toutes les religions peu ou pas reconnues, qui sont commun\u00e9ment d\u00e9sign\u00e9es comme \u00ab\u00a0sectes\u00a0\u00bb, \u00ab\u00a0nouvelles religions\u00a0\u00bb ou autres appellations souvent teint\u00e9es de m\u00e9pris.<\/p>\n<p><em>Une \u00ab\u00a0grande convergence\u00a0\u00bb<\/em><\/p>\n<p>Si l\u2019\u00c9glise devient un jour v\u00e9ritablement universelle (\u00ab\u00a0catholique\u00a0\u00bb), c\u2019est parce qu\u2019elle aura su non seulement <em>tol\u00e9rer<\/em> les autres \u00c9glises et tous les autres groupes religieux, mais ce sera surtout parce qu\u2019elle aura su pleinement les <em>respecter<\/em>, y compris dans leur volont\u00e9 de demeurer autonomes, et y compris m\u00eame dans leur propre vocation profonde d\u2019\u00eatre \u00e9galement plan\u00e9taires et universelles. Ce type de respect est-il une condition trop forte et m\u00eame contradictoire\u00a0? Pas si on admet comme valable et r\u00e9alisable l\u2019id\u00e9e d\u2019une convergence \u2014 d\u2019une grande convergence \u2014 de toutes les religions \u00e0 vocation d\u2019universalit\u00e9, soit le catholicisme, l\u2019islam, le bouddhisme et bien d\u2019autres. Voyons comment un tel projet peut \u00eatre envisag\u00e9.<\/p>\n<div id=\"attachment_4466\" style=\"width: 269px\" class=\"wp-caption alignright\"><a href=\"http:\/\/mail.agoratheque.3zcom.com\/wp-content\/uploads\/2011\/08\/LOC-convergence1.jpg\"><img aria-describedby=\"caption-attachment-4466\" decoding=\"async\" loading=\"lazy\" class=\"size-full wp-image-4466\" src=\"http:\/\/mail.agoratheque.3zcom.com\/wp-content\/uploads\/2011\/08\/LOC-convergence1.jpg\" alt=\"Convergence future\" width=\"259\" height=\"194\" \/><\/a><p id=\"caption-attachment-4466\" class=\"wp-caption-text\">Convergence future<\/p><\/div>\n<p><a title=\"Explications suppl\u00e9mentaires : Le concept de convergence\" href=\"http:\/\/mail.agoratheque.3zcom.com\/?page_id=2287\">Explications suppl\u00e9mentaires\u00a0: <strong><em>Le concept de convergence<\/em><\/strong><\/a><\/p>\n<p><strong><em>L\u2019id\u00e9e en partie nouvelle du respect des personnes et des groupes<\/em><\/strong><\/p>\n<p>Un catholique et un musulman, Christian Delorme et Rachid Benzine, ont \u00e9crit ensemble un livre intitul\u00e9\u00a0: \u00ab\u00a0<em>Chr\u00e9tiens et musulmans. Nous avons tant de choses \u00e0 nous dire<\/em>\u00a0\u00bb. Donc, eux au moins se parlent. Voyons s\u2019ils s\u2019entendent sur autre chose que de se parler. \u00ab\u00a0Sur la question de Dieu, \u00e9crivent-ils [\u2026], il est quasiment impossible de parvenir \u00e0 des accords complets\u00a0\u00bb. \u00c0 propos de leurs religions respectives, ils concluent que \u00ab\u00a0l\u2019islam fait d\u00e9couvrir un Dieu qui aiment ceux qui sont bienfaisants, mais il ne rentre pas dans une r\u00e9ciprocit\u00e9 affective entre Dieu et l\u2019homme comme le christianisme le fait<a id=\"ref-1\" href=\"#note-1\"><sup>1<\/sup><\/a>\u00a0\u00bb. Ils ont beau croire, ils reconnaissent quand m\u00eame ne pas savoir vraiment qui ou quoi pourrait \u00eatre la r\u00e9alit\u00e9 au-del\u00e0 du cosmos.<\/p>\n<p>Constat assez \u00e9vident\u00a0: Christian Delorme et Rachid Benzine s\u2019entendent sur un certain respect mutuel pr\u00e9sentant un double aspect. Premi\u00e8rement, ils reconnaissent que leurs deux religions sont d\u2019\u00e9gale respectabilit\u00e9. Deuxi\u00e8mement, ils ont l\u2019un envers l\u2019autre de l\u2019estime plut\u00f4t que de la haine ou du m\u00e9pris, et de fa\u00e7on sp\u00e9cifique une <em>attitude d\u2019aide<\/em> plut\u00f4t que de nuisance. Cela signifie concr\u00e8tement, par exemple, que si leurs deux religions \u00e9taient en expansion \u00e0 un certain endroit du monde, alors plut\u00f4t que de se condamner mutuellement, de chercher \u00e0 se nuire mutuellement, comme cela s\u2019est si souvent fait dans l\u2019histoire, ils tenteraient avec d\u00e9termination d\u2019aider l\u2019autre religion, dans la mesure du possible, \u00e0 se d\u00e9velopper d\u2019une fa\u00e7on ou d\u2019une autre, sans que cela se fasse au d\u00e9triment de qui que ce soit. Mais voyons ce qui manque encore l\u00e0 concr\u00e8tement pour que leur attitude rel\u00e8ve du plein respect de la personne et des groupes.<\/p>\n<p>Le respect des personnes est compris assez g\u00e9n\u00e9ralement, en pratique, comme le respect de l\u2019autonomie des personnes, ce qui signifie deux choses\u00a0: 1) on reconna\u00eet la personne comme une personne <em>autonome<\/em>, qui d\u00e9cide par elle-m\u00eame de ses opinions et de ses actions, et qui est en tant que telle \u00e9gale \u00e0 toute autre personne, et 2) on adopte \u00e0 son endroit une <em>attitude d\u2019aide<\/em> plut\u00f4t que d\u2019indiff\u00e9rence ou de nuisance\u00a0; il s\u2019agit alors de l\u2019aider, dans la mesure du possible, \u00e0 ce qu\u2019elle d\u00e9veloppe son potentiel humain de fa\u00e7on autonome<a id=\"ref-2\" href=\"#note-2\"><sup>2<\/sup><\/a>.<\/p>\n<p>Le respect de leurs groupes pris en eux-m\u00eames constitue la partie nouvelle du respect des personnes en un sens \u00e9thique, c\u2019est-\u00e0-dire rigoureusement universel. Cependant lorsqu\u2019on veut respecter pleinement une personne, on respecte en m\u00eame temps son groupe (groupe d\u2019appartenance prioritaire, qui peut-\u00eatre aussi bien, notamment, un groupe national qu\u2019un groupe religieux). Le respect des groupes comme tels se comprend de fa\u00e7on semblable \u00e0 celui de la personne comme telle, mais avec la diff\u00e9rence qu\u2019il s\u2019agit dans ce cas d\u2019aider le <em>groupe<\/em> \u00e0 d\u00e9velopper son <em>potentiel propre de groupe<\/em>. Les d\u00e9finitions de \u00ab\u00a0groupe national\u00a0\u00bb et de \u00ab\u00a0groupe religieux\u00a0\u00bb se rejoignent de fa\u00e7on remarquable<a id=\"ref-3\" href=\"#note-3\"><sup>3<\/sup><\/a>. Le plein respect d\u2019un groupe religieux implique donc que 1) on reconna\u00eet le groupe religieux comme vraiment religieux (sa religion comme une vraie religion au plein sens du terme), et 2) on adopte \u00e0 son endroit une attitude d\u2019aide plut\u00f4t que d\u2019indiff\u00e9rence ou de nuisance.<\/p>\n<p><strong><em>Le concept d\u2019attitude d\u2019aide par opposition \u00e0 l\u2019attitude de condamnation<\/em><\/strong><\/p>\n<p>L\u2019attitude d\u2019aide suppose qu\u2019on entretient le souci de ne pas nuire \u00e0 l\u2019autonomie des personnes ou de leurs groupes respectifs dans leurs d\u00e9veloppements humains respectifs. En ce sens, l\u2019attitude d\u2019aide est diam\u00e9tralement oppos\u00e9e \u00e0 l\u2019attitude de condamnation lorsque celle-ci est faussement l\u00e9gitim\u00e9e \u00e0 partir d\u2019une morale favorisant le groupe condamnant au d\u00e9triment du groupe condamn\u00e9.<\/p>\n<p><a title=\"Explications suppl\u00e9mentaires : Le respect des personnes et des groupes\" href=\"http:\/\/mail.agoratheque.3zcom.com\/?page_id=2296\">Explications suppl\u00e9mentaires\u00a0: <strong><em>Le respect des personnes et des groupes<\/em><\/strong><\/a><\/p>\n<p>ii)\u00a0\u00a0\u00a0\u00a0 L\u2019\u00c9glise catholique \u00ab\u00a0championne\u00a0\u00bb de la libert\u00e9 religieuse\u00a0?<\/p>\n<p>L\u2019\u00c9glise catholique a soulign\u00e9 le droit universel \u00e0 la libert\u00e9 religieuse (en 1965) et l\u2019a \u00e9tabli comme un droit fondamental (en 1975)\u00a0:<\/p>\n<p>\u00ab\u00a0la personne humaine a droit \u00e0 la libert\u00e9 religieuse. Cette libert\u00e9 consiste en ce que tous les hommes doivent \u00eatre exempts de toute contrainte de la part tant des individus que des groupes sociaux et de quelque pouvoir humain que ce soit, de telle sorte qu\u2019en mati\u00e8re religieuse nul ne soit forc\u00e9 d\u2019agir contre sa conscience ni emp\u00each\u00e9 d\u2019agir, dans de justes limites, selon sa conscience, en priv\u00e9 comme en public, seul ou associ\u00e9 \u00e0 d\u2019autres.<a id=\"ref-4\" href=\"#note-4\"><sup>4<\/sup><\/a>\u00a0\u00bb<\/p>\n<p>Cette formulation \u00e9quivaut bien plus \u00e0 celle d\u2019un id\u00e9al tr\u00e8s \u00e9lev\u00e9, voire transcendant, qu\u2019\u00e0 une description des faits, y compris dans les soci\u00e9t\u00e9s que l\u2019on consid\u00e8re comme avanc\u00e9es dans ce domaine. Par exemple, elle laisse entendre de fa\u00e7on \u00e9vidente que toute personne a le droit de choisir sa religion et m\u00eame, par extension, de fonder sa propre religion, puis de la pratiquer publiquement. En outre, elle implique que nul ne doit \u00eatre forc\u00e9 d\u2019agir contre sa conscience m\u00eame s\u2019il s\u2019agit d\u2019un ath\u00e9e<a id=\"ref-5\" href=\"#note-5\"><sup>5<\/sup><\/a>. Le pape Jean-Paul II n\u2019a cess\u00e9 de la revendiquer au nom des droits fondamentaux de la personne humaine<a id=\"ref-6\" href=\"#note-6\"><sup>6<\/sup><\/a>.<\/p>\n<p>iii)\u00a0\u00a0 \u00cates-vous capables de respecter <em>toutes<\/em> les religions\u00a0?<\/p>\n<div id=\"attachment_4469\" style=\"width: 202px\" class=\"wp-caption alignright\"><a href=\"http:\/\/mail.agoratheque.3zcom.com\/wp-content\/uploads\/2011\/08\/LOC-toutes-les-religions-1.jpg\"><img aria-describedby=\"caption-attachment-4469\" decoding=\"async\" loading=\"lazy\" class=\" wp-image-4469\" src=\"http:\/\/mail.agoratheque.3zcom.com\/wp-content\/uploads\/2011\/08\/LOC-toutes-les-religions-1.jpg\" alt=\"Beaucoup...\" width=\"192\" height=\"192\" srcset=\"http:\/\/agoratheque.3zcom.com\/wp-content\/uploads\/2011\/08\/LOC-toutes-les-religions-1.jpg 225w, http:\/\/agoratheque.3zcom.com\/wp-content\/uploads\/2011\/08\/LOC-toutes-les-religions-1-150x150.jpg 150w\" sizes=\"(max-width: 192px) 100vw, 192px\" \/><\/a><p id=\"caption-attachment-4469\" class=\"wp-caption-text\">Beaucoup&#8230;<\/p><\/div>\n<p>Respecter une personne ne consiste nullement \u00e0 lui donner raison ni \u00e0 d\u00e9fendre les id\u00e9es qu\u2019elle entretient. Cela signifie, entre autres, reconna\u00eetre la personne au plein sens du terme de \u00ab\u00a0personne\u00a0\u00bb et, du coup, cela signifie la reconnaissance \u00e9gale quelle que soit la personne. Tout de m\u00eame, en ce qui concerne les groupes de fa\u00e7on plus g\u00e9n\u00e9rale, il para\u00eet chim\u00e9rique de mettre l\u2019\u00c9glise catholique sur un pied d\u2019\u00e9galit\u00e9 avec n\u2019importe quel groupe religieux peu importe son influence, son prestige ou son anciennet\u00e9. Consid\u00e9rer toutes les religions comme \u00e9gales en soi semble irr\u00e9aliste. C\u2019est pourtant ce que nous sommes devenus capables de faire en ce qui concerne l\u2019<em>\u00e9galit\u00e9 des personnes<\/em> consid\u00e9r\u00e9e en elles-m\u00eames<a id=\"ref-7\" href=\"#note-7\"><sup>7<\/sup><\/a>. Peu importe les grandes qualit\u00e9s ou la grande puissance d\u2019un individu, il n\u2019est pas plus une \u00ab\u00a0vraie personne\u00a0\u00bb pour autant. De m\u00eame, malgr\u00e9 le caract\u00e8re inhabituel de cette id\u00e9e, <em>tous les groupes religieux devraient \u00eatre vus comme \u00e9gaux en dignit\u00e9<\/em>. S\u2019il s\u2019agit d\u2019un groupe violent, il a droit au respect tout comme une personne violente. Et, comme dans le cas d\u2019une personne violente, cela ne veut nullement dire qu\u2019il faut tol\u00e9rer son comportement violent. Il faut plut\u00f4t 1) s\u2019en prot\u00e9ger et, autant que possible, prot\u00e9ger les autres de sa violence, 2) tout en tentant de trouver des moyens pour qu\u2019il apprenne de fa\u00e7on autonome, donc sans coercition ni menace, \u00e0 respecter les autres.<\/p>\n<div id=\"attachment_4471\" style=\"width: 246px\" class=\"wp-caption alignnone\"><a href=\"http:\/\/mail.agoratheque.3zcom.com\/wp-content\/uploads\/2011\/08\/LOC-toutes-les-religions-2.jpg\"><img aria-describedby=\"caption-attachment-4471\" decoding=\"async\" loading=\"lazy\" class=\" wp-image-4471\" src=\"http:\/\/mail.agoratheque.3zcom.com\/wp-content\/uploads\/2011\/08\/LOC-toutes-les-religions-2.jpg\" alt=\"Toutes?\" width=\"236\" height=\"137\" \/><\/a><p id=\"caption-attachment-4471\" class=\"wp-caption-text\">Toutes?<\/p><\/div>\n<p>Par ailleurs, il peut para\u00eetre particuli\u00e8rement difficile aux chr\u00e9tiens de respecter la religion bouddhiste \u00e9tant donn\u00e9 qu\u2019ils consid\u00e8rent la personne comme une fin en soi alors que le bouddhisme affirme le \u00ab\u00a0vide\u00a0\u00bb de toute r\u00e9alit\u00e9 humaine individuelle.<\/p>\n<p><a title=\"Explications suppl\u00e9mentaires : La diff\u00e9rence profonde entre le christianisme et le bouddhisme\" href=\"http:\/\/mail.agoratheque.3zcom.com\/?page_id=2319\">Explications suppl\u00e9mentaires\u00a0: <strong><em>La diff\u00e9rence profonde entre le christianisme et le bouddhisme<\/em><\/strong><\/a><\/p>\n<div><a title=\"II- Croire de fa\u00e7on convergente en une r\u00e9alit\u00e9 sup\u00e9rieure\" href=\"http:\/\/mail.agoratheque.3zcom.com\/?page_id=2271\">Suite<\/a><\/div>\n<div>\n<p><a id=\"note-1\" href=\"#ref-1\">1<\/a>\u00a0Rachid Benzine et Christian Delorme, <em>Chr\u00e9tiens et musulmans. Nous avons tant de choses \u00e0 nous dire<\/em>\u00a0\u00bb, Paris, Albin Michel, 1997, p. 221-222. Rachid Benzine est un islamologue et Christian Delorme est un pr\u00eatre catholique. <a id=\"note-1\" href=\"#ref-1\">1<\/a><\/p>\n<\/div>\n<div>\n<p><a id=\"note-2\" href=\"#ref-2\">2<\/a>\u00a0Le respect tel que d\u00e9crit ici d\u00e9coule de l\u2019Id\u00e9e th\u00e9orique du respect de la personne en tant que celle-ci constitue une \u00ab\u00a0fin en soi\u00a0\u00bb (d\u2019apr\u00e8s Emmanuel Kant, <em>Fondements de la m\u00e9taphysique des m\u0153urs<\/em>). Cf. <em><a title=\"Le Projet Respect\" href=\"http:\/\/mail.agoratheque.3zcom.com\/?page_id=146\">Projet Respect. Critique de la morale et des m\u0153urs politiques<\/a>. <\/em><a id=\"note-2\" href=\"#ref-2\">2<\/a><\/p>\n<\/div>\n<div>\n<p><a id=\"note-3\" href=\"#ref-3\">3<\/a>\u00a0C\u2019est pourquoi, d\u2019ailleurs, le projet de la Soci\u00e9t\u00e9 de Toutes les Nations (STN) s\u2019identifie \u00e0 celui de la Soci\u00e9t\u00e9 de Toutes les Religions (STN = STR).Voir le site du <em><a href=\"http:\/\/touteslesnations.yprovencal.profweb.ca\/\">R\u00e9f\u00e9rendum mondial pour une Soci\u00e9t\u00e9 de Toutes les Nations<\/a><\/em>. <a id=\"note-3\" href=\"#ref-3\">3<\/a><\/p>\n<\/div>\n<div>\n<p><a id=\"note-4\" href=\"#ref-4\">4<\/a>\u00a0\u00a0D\u00e9claration de l\u2019\u00c9glise catholique sur la libert\u00e9 religieuse<em>Dignitatis humanae<\/em>, faite en 1965, lors du Concile Vatican II\u00a0; cette D\u00e9claration a \u00e9t\u00e9 consacr\u00e9e officiellement par l\u2019\u00c9glise en 1975. <a id=\"note-4\" href=\"#ref-4\">4<\/a><\/p>\n<\/div>\n<div>\n<p><a id=\"note-5\" href=\"#ref-5\">5<\/a>\u00a0Voir <em>La libert\u00e9 religieuse dans le juda\u00efsme, le christianisme et l\u2019islam<\/em>, Paris, Les \u00c9ditions du Cerf, 1981, Pr\u00e9face de Claude Geffr\u00e9 (pr\u00eatre dominicain), p. 7. <a id=\"note-5\" href=\"#ref-5\">5<\/a><\/p>\n<\/div>\n<div>\n<p><em><a id=\"note-6\" href=\"#ref-6\">6<\/a> Ibidem. <a id=\"note-6\" href=\"#ref-6\">6<\/a><\/em><\/p>\n<\/div>\n<div>\n<p><a id=\"note-7\" href=\"#ref-7\">7<\/a>\u00a0Le droit universel au respect des personnes n\u2019\u00e9tait pas du tout \u00e9vident avant la modernit\u00e9. Ainsi, dans l\u2019Empire romain, la respectabilit\u00e9 de la personne sautait en quelque sorte de z\u00e9ro \u00e0 l\u2019infini lorsqu\u2019on passait d\u2019un esclave \u00e0 C\u00e9sar, qui \u00e9tait ador\u00e9 telle une divinit\u00e9. <a id=\"note-7\" href=\"#ref-7\">7<\/a><\/p>\n<\/div>\n<div class=\"edit-link\"><a class=\"post-edit-link\" href=\"\">modifier<\/a><\/div>","protected":false},"excerpt":{"rendered":"<p>i) De la simple tol\u00e9rance au plein respect Pour le moment, les religions demeurent les unes pour les autres lointaines, \u00e9trang\u00e8res, et au mieux tol\u00e9r\u00e9es\u00a0; on en parle donc le moins possible. C\u2019est vrai dans une bonne mesure, d\u00e9j\u00e0, pour les diff\u00e9rentes confessions&#8230;<\/p>\n","protected":false},"author":1,"featured_media":0,"parent":2243,"menu_order":10,"comment_status":"open","ping_status":"open","template":"","meta":[],"tags":[],"_links":{"self":[{"href":"http:\/\/agoratheque.3zcom.com\/index.php?rest_route=\/wp\/v2\/pages\/2263"}],"collection":[{"href":"http:\/\/agoratheque.3zcom.com\/index.php?rest_route=\/wp\/v2\/pages"}],"about":[{"href":"http:\/\/agoratheque.3zcom.com\/index.php?rest_route=\/wp\/v2\/types\/page"}],"author":[{"embeddable":true,"href":"http:\/\/agoratheque.3zcom.com\/index.php?rest_route=\/wp\/v2\/users\/1"}],"replies":[{"embeddable":true,"href":"http:\/\/agoratheque.3zcom.com\/index.php?rest_route=%2Fwp%2Fv2%2Fcomments&post=2263"}],"version-history":[{"count":20,"href":"http:\/\/agoratheque.3zcom.com\/index.php?rest_route=\/wp\/v2\/pages\/2263\/revisions"}],"predecessor-version":[{"id":4472,"href":"http:\/\/agoratheque.3zcom.com\/index.php?rest_route=\/wp\/v2\/pages\/2263\/revisions\/4472"}],"up":[{"embeddable":true,"href":"http:\/\/agoratheque.3zcom.com\/index.php?rest_route=\/wp\/v2\/pages\/2243"}],"wp:attachment":[{"href":"http:\/\/agoratheque.3zcom.com\/index.php?rest_route=%2Fwp%2Fv2%2Fmedia&parent=2263"}],"wp:term":[{"taxonomy":"post_tag","embeddable":true,"href":"http:\/\/agoratheque.3zcom.com\/index.php?rest_route=%2Fwp%2Fv2%2Ftags&post=2263"}],"curies":[{"name":"wp","href":"https:\/\/api.w.org\/{rel}","templated":true}]}}