{"id":227,"date":"2011-06-11T14:02:04","date_gmt":"2011-06-11T18:02:04","guid":{"rendered":"http:\/\/agoratheque.yprovencal.ep.profweb.qc.ca\/?page_id=227"},"modified":"2011-06-11T14:02:12","modified_gmt":"2011-06-11T18:02:12","slug":"lhumanite-et-son-avenir","status":"publish","type":"page","link":"http:\/\/agoratheque.3zcom.com\/?page_id=227","title":{"rendered":"L&rsquo;humanit\u00e9 et son avenir"},"content":{"rendered":"<p>par Yvon Proven\u00e7al, Montr\u00e9al, les \u00c9ditions du CIDIHCA, 2000.\u00a0<\/p>\n<p>Cet ouvrage retrace les grandes id\u00e9es scientifiques et philosophiques de l&rsquo;humanit\u00e9.\u00a0Il offre aussi une perspective globale, susceptible d&rsquo;\u00e9clairer le lecteur sur les d\u00e9veloppements futurs des id\u00e9es.\u00a0Une nouvelle m\u00e9thode de mise en correspondance des id\u00e9es entre elles permet une meilleure compr\u00e9hension de l&rsquo;histoire des conceptions scientifiques. L&rsquo;humanit\u00e9 est-elle maintenant en mesure de se comprendre et d&rsquo;arriver \u00e0 anticiper la mani\u00e8re dont la science peut encore se d\u00e9velopper?\u00a0Cet\u00a0ouvrage tente d&rsquo;apporter\u00a0un commencement de r\u00e9ponse \u00e0 cette question tout\u00a0en\u00a0conviant le lecteur\u00a0\u00e0 un nouveau type d&rsquo;exploration<\/p>\n<div class=\"edit-link\"><a class=\"post-edit-link\" href=\"\">modifier<\/a><\/div>","protected":false},"excerpt":{"rendered":"<p>par Yvon Proven\u00e7al, Montr\u00e9al, les \u00c9ditions du CIDIHCA, 2000.\u00a0 Cet ouvrage retrace les grandes id\u00e9es scientifiques et philosophiques de l&rsquo;humanit\u00e9.\u00a0Il offre aussi une perspective globale, susceptible d&rsquo;\u00e9clairer le lecteur sur les d\u00e9veloppements futurs des id\u00e9es.\u00a0Une nouvelle m\u00e9thode de mise en correspondance des id\u00e9es&#8230;<\/p>\n","protected":false},"author":1,"featured_media":0,"parent":215,"menu_order":0,"comment_status":"open","ping_status":"open","template":"","meta":[],"tags":[],"_links":{"self":[{"href":"http:\/\/agoratheque.3zcom.com\/index.php?rest_route=\/wp\/v2\/pages\/227"}],"collection":[{"href":"http:\/\/agoratheque.3zcom.com\/index.php?rest_route=\/wp\/v2\/pages"}],"about":[{"href":"http:\/\/agoratheque.3zcom.com\/index.php?rest_route=\/wp\/v2\/types\/page"}],"author":[{"embeddable":true,"href":"http:\/\/agoratheque.3zcom.com\/index.php?rest_route=\/wp\/v2\/users\/1"}],"replies":[{"embeddable":true,"href":"http:\/\/agoratheque.3zcom.com\/index.php?rest_route=%2Fwp%2Fv2%2Fcomments&post=227"}],"version-history":[{"count":2,"href":"http:\/\/agoratheque.3zcom.com\/index.php?rest_route=\/wp\/v2\/pages\/227\/revisions"}],"predecessor-version":[{"id":229,"href":"http:\/\/agoratheque.3zcom.com\/index.php?rest_route=\/wp\/v2\/pages\/227\/revisions\/229"}],"up":[{"embeddable":true,"href":"http:\/\/agoratheque.3zcom.com\/index.php?rest_route=\/wp\/v2\/pages\/215"}],"wp:attachment":[{"href":"http:\/\/agoratheque.3zcom.com\/index.php?rest_route=%2Fwp%2Fv2%2Fmedia&parent=227"}],"wp:term":[{"taxonomy":"post_tag","embeddable":true,"href":"http:\/\/agoratheque.3zcom.com\/index.php?rest_route=%2Fwp%2Fv2%2Ftags&post=227"}],"curies":[{"name":"wp","href":"https:\/\/api.w.org\/{rel}","templated":true}]}}