{"id":2281,"date":"2011-08-17T17:38:40","date_gmt":"2011-08-17T21:38:40","guid":{"rendered":"http:\/\/agoratheque.yprovencal.ep.profweb.qc.ca\/?page_id=2281"},"modified":"2011-08-19T06:47:34","modified_gmt":"2011-08-19T10:47:34","slug":"explications-supplementaires-l%e2%80%99argumentation-de-la-lettre-ouverte-aux-catholiques","status":"publish","type":"page","link":"http:\/\/agoratheque.3zcom.com\/?page_id=2281","title":{"rendered":"Explications suppl\u00e9mentaires sur l\u2019argumentation de la lettre ouverte aux catholiques :"},"content":{"rendered":"<p>\u00a0\u00a0\u00a0\u00a0\u00a0\u00a0\u00a0\u00a0\u00a0\u00a0\u00a0 a)\u00a0 Le droit \u00e0 la libert\u00e9 religieuse inclut \u00e9galement le droit de ne croire en aucune religion, ce qui signifie que l\u2019\u00c9glise respecte aussi bien la position de l\u2019ath\u00e9e (\u00eatre assur\u00e9 que Dieu n\u2019existe pas) et de l\u2019agnostique (\u00eatre assur\u00e9 qu\u2019on ne peut savoir si Dieu existe).<strong><em><\/em><\/strong><\/p>\n<p>\u00a0\u00a0\u00a0\u00a0\u00a0\u00a0\u00a0\u00a0\u00a0\u00a0\u00a0 b) La conception du respect qui est requise afin de comprendre le point (3) du sch\u00e9ma argumentatif est en partie nouvelle puisqu\u2019elle implique que le respect des personnes n\u2019est pleinement satisfait que si son groupe d\u2019appartenance prioritaire est \u00e9galement respect\u00e9 (nous y reviendrons, dans le texte de la lettre ouverte aux catholiques\u00a0: <em><a title=\"I-  Le difficile respect interreligieux\" href=\"http:\/\/mail.agoratheque.3zcom.com\/?page_id=2263\">I- Le difficile respect interreligieux<\/a>\u00a0: \u00a0l&rsquo;id\u00e9e en partie nouvelle du respect des personnes et des groupes<\/em>).<\/p>\n<p>\u00a0\u00a0\u00a0\u00a0\u00a0\u00a0\u00a0\u00a0\u00a0\u00a0\u00a0 c) La science ne se prononce pas sur la question de l\u2019existence ou de la non-existence de Dieu, de sorte que ni l\u2019ath\u00e9e ni l\u2019agnostique ne peuvent pr\u00e9tendre que la science leur donne compl\u00e8tement raison. Il en d\u00e9coule que la proposition de la lettre ouverte aux catholiques peut \u00e9galement \u00eatre faite aux incroyants et qu\u2019eux-m\u00eames devraient pr\u00e9senter leur position comme une proposition.<\/p>\n<p>\u00a0\u00a0\u00a0\u00a0\u00a0\u00a0\u00a0\u00a0\u00a0\u00a0\u00a0 d) La conception moderne de la connaissance du r\u00e9el se d\u00e9veloppe d\u2019apr\u00e8s le principe de la sp\u00e9cialisation disciplinaire, ce qui signifie que la science a son propre domaine d\u2019\u00e9tude, s\u00e9par\u00e9ment de celui de la philosophie et de celui de la th\u00e9ologie. Pour des raisons qui sont expliqu\u00e9es ailleurs, les disciplines scientifiques sont \u00e9minemment impliqu\u00e9es dans ce qui est appel\u00e9 ici \u00ab\u00a0la Grande convergence\u00a0\u00bb (cf. <em><a title=\"Manifeste pour une science sans s\u00e9paration disciplinaire\" href=\"http:\/\/mail.agoratheque.3zcom.com\/?page_id=382\">Manifeste pour une science sans s\u00e9paration disciplinaire<\/a><\/em>).<\/p>\n<div class=\"edit-link\"><a class=\"post-edit-link\" href=\"\">modifier<\/a><\/div>","protected":false},"excerpt":{"rendered":"<p>\u00a0\u00a0\u00a0\u00a0\u00a0\u00a0\u00a0\u00a0\u00a0\u00a0\u00a0 a)\u00a0 Le droit \u00e0 la libert\u00e9 religieuse inclut \u00e9galement le droit de ne croire en aucune religion, ce qui signifie que l\u2019\u00c9glise respecte aussi bien la position de l\u2019ath\u00e9e (\u00eatre assur\u00e9 que Dieu n\u2019existe pas) et de l\u2019agnostique (\u00eatre assur\u00e9 qu\u2019on ne&#8230;<\/p>\n","protected":false},"author":1,"featured_media":0,"parent":2243,"menu_order":35,"comment_status":"open","ping_status":"open","template":"","meta":[],"tags":[],"_links":{"self":[{"href":"http:\/\/agoratheque.3zcom.com\/index.php?rest_route=\/wp\/v2\/pages\/2281"}],"collection":[{"href":"http:\/\/agoratheque.3zcom.com\/index.php?rest_route=\/wp\/v2\/pages"}],"about":[{"href":"http:\/\/agoratheque.3zcom.com\/index.php?rest_route=\/wp\/v2\/types\/page"}],"author":[{"embeddable":true,"href":"http:\/\/agoratheque.3zcom.com\/index.php?rest_route=\/wp\/v2\/users\/1"}],"replies":[{"embeddable":true,"href":"http:\/\/agoratheque.3zcom.com\/index.php?rest_route=%2Fwp%2Fv2%2Fcomments&post=2281"}],"version-history":[{"count":6,"href":"http:\/\/agoratheque.3zcom.com\/index.php?rest_route=\/wp\/v2\/pages\/2281\/revisions"}],"predecessor-version":[{"id":2283,"href":"http:\/\/agoratheque.3zcom.com\/index.php?rest_route=\/wp\/v2\/pages\/2281\/revisions\/2283"}],"up":[{"embeddable":true,"href":"http:\/\/agoratheque.3zcom.com\/index.php?rest_route=\/wp\/v2\/pages\/2243"}],"wp:attachment":[{"href":"http:\/\/agoratheque.3zcom.com\/index.php?rest_route=%2Fwp%2Fv2%2Fmedia&parent=2281"}],"wp:term":[{"taxonomy":"post_tag","embeddable":true,"href":"http:\/\/agoratheque.3zcom.com\/index.php?rest_route=%2Fwp%2Fv2%2Ftags&post=2281"}],"curies":[{"name":"wp","href":"https:\/\/api.w.org\/{rel}","templated":true}]}}