{"id":2296,"date":"2011-08-17T17:54:50","date_gmt":"2011-08-17T21:54:50","guid":{"rendered":"http:\/\/agoratheque.yprovencal.ep.profweb.qc.ca\/?page_id=2296"},"modified":"2011-08-17T17:58:58","modified_gmt":"2011-08-17T21:58:58","slug":"explications-supplementaires-le-respect-des-personnes-et-des-groupes","status":"publish","type":"page","link":"http:\/\/agoratheque.3zcom.com\/?page_id=2296","title":{"rendered":"Explications suppl\u00e9mentaires : Le respect des personnes et des groupes"},"content":{"rendered":"<p>\u00a0\u00a0\u00a0\u00a0\u00a0\u00a0\u00a0\u00a0\u00a0\u00a0\u00a0 Le respect, par d\u00e9finition, consiste en la <em>reconnaissance<\/em> selon le cas, d\u2019une personne en tant que telle, d\u2019un groupe religieux en tant que tel ou d\u2019une nation en tant que telle, accompagn\u00e9e d\u2019une <em>attitude d\u2019aide<\/em> qui consiste \u00e0 tenter d\u2019aider, dans la mesure du possible, cette personne ou ces groupes \u00e0 entreprendre ou \u00e0 poursuivre leur d\u00e9veloppement de fa\u00e7on autonome. La personne n\u2019est pleinement respect\u00e9e que si son groupe d\u2019appartenance prioritaire (le groupe auquel elle s\u2019identifie le plus et dont elle veut le plus \u00eatre membre) est lui-m\u00eame respect\u00e9, que celui-ci soit religieux ou national.<\/p>\n<p>Textes et ouvrages de r\u00e9f\u00e9rences\u00a0: <a title=\"Le respect des personnes et des groupes dans leur autonomie\" href=\"http:\/\/mail.agoratheque.3zcom.com\/?page_id=641\">Le respect des personnes et des groupes dans leur autonomie<\/a> , <a title=\"\u00c9claircissement sur le respect des groupes\" href=\"http:\/\/mail.agoratheque.3zcom.com\/?page_id=646\">\u00c9claircissement sur le respect des groupes<\/a> , <a title=\"Le Projet Respect\" href=\"http:\/\/mail.agoratheque.3zcom.com\/?page_id=146\"><em>Le Projet Respect<\/em> <\/a>et <em><a title=\"La diabolisation\" href=\"http:\/\/mail.agoratheque.3zcom.com\/?page_id=148\">La diabolisation. Une p\u00e9dagogie de l\u2019\u00e9thique<\/a><\/em>. Voir aussi <em><a title=\"Qu\u2019est-ce qu\u2019une PAM ?\" href=\"http:\/\/mail.agoratheque.3zcom.com\/?page_id=1832\">Qu\u2019est-ce qu\u2019une PAM\u00a0?<\/a><\/em><\/p>\n<div class=\"edit-link\"><a class=\"post-edit-link\" href=\"\">modifier<\/a><\/div>","protected":false},"excerpt":{"rendered":"<p>\u00a0\u00a0\u00a0\u00a0\u00a0\u00a0\u00a0\u00a0\u00a0\u00a0\u00a0 Le respect, par d\u00e9finition, consiste en la reconnaissance selon le cas, d\u2019une personne en tant que telle, d\u2019un groupe religieux en tant que tel ou d\u2019une nation en tant que telle, accompagn\u00e9e d\u2019une attitude d\u2019aide qui consiste \u00e0 tenter d\u2019aider, dans la&#8230;<\/p>\n","protected":false},"author":1,"featured_media":0,"parent":2243,"menu_order":45,"comment_status":"open","ping_status":"open","template":"","meta":[],"tags":[],"_links":{"self":[{"href":"http:\/\/agoratheque.3zcom.com\/index.php?rest_route=\/wp\/v2\/pages\/2296"}],"collection":[{"href":"http:\/\/agoratheque.3zcom.com\/index.php?rest_route=\/wp\/v2\/pages"}],"about":[{"href":"http:\/\/agoratheque.3zcom.com\/index.php?rest_route=\/wp\/v2\/types\/page"}],"author":[{"embeddable":true,"href":"http:\/\/agoratheque.3zcom.com\/index.php?rest_route=\/wp\/v2\/users\/1"}],"replies":[{"embeddable":true,"href":"http:\/\/agoratheque.3zcom.com\/index.php?rest_route=%2Fwp%2Fv2%2Fcomments&post=2296"}],"version-history":[{"count":8,"href":"http:\/\/agoratheque.3zcom.com\/index.php?rest_route=\/wp\/v2\/pages\/2296\/revisions"}],"predecessor-version":[{"id":2304,"href":"http:\/\/agoratheque.3zcom.com\/index.php?rest_route=\/wp\/v2\/pages\/2296\/revisions\/2304"}],"up":[{"embeddable":true,"href":"http:\/\/agoratheque.3zcom.com\/index.php?rest_route=\/wp\/v2\/pages\/2243"}],"wp:attachment":[{"href":"http:\/\/agoratheque.3zcom.com\/index.php?rest_route=%2Fwp%2Fv2%2Fmedia&parent=2296"}],"wp:term":[{"taxonomy":"post_tag","embeddable":true,"href":"http:\/\/agoratheque.3zcom.com\/index.php?rest_route=%2Fwp%2Fv2%2Ftags&post=2296"}],"curies":[{"name":"wp","href":"https:\/\/api.w.org\/{rel}","templated":true}]}}