{"id":2319,"date":"2011-08-18T06:37:10","date_gmt":"2011-08-18T10:37:10","guid":{"rendered":"http:\/\/agoratheque.yprovencal.ep.profweb.qc.ca\/?page_id=2319"},"modified":"2012-01-02T17:12:39","modified_gmt":"2012-01-02T21:12:39","slug":"explications-supplementaires-la-difference-profonde-entre-le-christianisme-et-le-bouddhisme","status":"publish","type":"page","link":"http:\/\/agoratheque.3zcom.com\/?page_id=2319","title":{"rendered":"Explications suppl\u00e9mentaires : La diff\u00e9rence profonde entre le christianisme et le bouddhisme"},"content":{"rendered":"<p class=\"MsoNormal\" style=\"margin: 0cm 0cm 10pt;\"><span style=\"line-height: 115%; font-family: &quot;Times New Roman&quot;,&quot;serif&quot;; font-size: 12pt;\">\u00a0\u00a0\u00a0\u00a0\u00a0\u00a0\u00a0\u00a0\u00a0\u00a0\u00a0 Le th\u00e9ologien Hans K\u00fcng a fait remarquer le contraste entre, d\u2019une part, \u00ab\u00a0la souriante impassibilit\u00e9 et la paisible s\u00e9r\u00e9nit\u00e9 de l\u2019Illumin\u00e9\u00a0\u00bb et, d\u2019autre part, l\u2019\u00ab\u00a0ab\u00eeme de souffrance\u00a0\u00bb de J\u00e9sus\u00a0dont \u00ab\u00a0la mort ignominieuse, la croix serait d\u2019abord un signe d\u2019\u00e9chec[1]\u00a0\u00bb. Apr\u00e8s la mort et la r\u00e9surrection du Christ, selon lui, \u00ab\u00a0il devenait possible de parler de <em style=\"mso-bidi-font-style: normal;\">compassion de Dieu<\/em>, d\u2019une \u00ab\u00a0solidarit\u00e9 de Dieu\u00a0\u00bb sans pareille avec ceux-l\u00e0 pr\u00e9cis\u00e9ment qui souffrent, qui sont abaiss\u00e9s, exploit\u00e9s, abandonn\u00e9s jusque dans la mort\u00a0\u00bb\u00a0; c\u2019est \u00ab\u00a0pris au s\u00e9rieux\u00a0\u00bb. Le rapport \u00e0 la souffrance y est tr\u00e8s diff\u00e9rent. Dans le bouddhisme, on a confiance de pouvoir s\u2019arracher aux cha\u00eenes de la souffrance d\u00e8s cette vie, par ses propres forces alors que, dans le christianisme, on a confiance en la lib\u00e9ration de toute souffrance par une autre force\u00a0qui est \u00ab\u00a0l\u2019entr\u00e9e dans l\u2019absolu[2]\u00a0\u00bb. Cependant K\u00fcng ne se d\u00e9courage pas pour autant. Il continue de chercher une \u00ab\u00a0convergence[3]\u00a0\u00bb possible entre les religions en g\u00e9n\u00e9ral, et entre ces deux religions en particulier (voir <a title=\"Explications suppl\u00e9mentaires : Exemples de convergence possible\u2026\" href=\"http:\/\/mail.agoratheque.3zcom.com\/?page_id=2327\">Explications suppl\u00e9mentaires\u00a0: <em style=\"mso-bidi-font-style: normal;\">Exemple de convergence possible\u2026<\/em><\/a>). D\u2019ailleurs, on peut remarquer qu\u2019en tant que <em style=\"mso-bidi-font-style: normal;\">propositions<\/em> (par opposition aux obligations ou \u00e0 la contrainte), les positions contraire du bouddhisme et du christianisme peuvent vivre ensemble dans le respect (voir <a title=\"Explications suppl\u00e9mentaires : L\u2019attitude de proposition\" href=\"http:\/\/mail.agoratheque.3zcom.com\/?page_id=2336\">Explications suppl\u00e9mentaires\u00a0: <em style=\"mso-bidi-font-style: normal;\">L\u2019attitude de proposition<\/em><\/a>).<\/span><\/p>\n<div style=\"mso-element: footnote-list;\">\n<hr size=\"1\" \/>\n<div id=\"ftn1\" style=\"mso-element: footnote;\">\n<p class=\"MsoFootnoteText\" style=\"margin: 0cm 0cm 0pt;\"><span style=\"font-family: &quot;Times New Roman&quot;,&quot;serif&quot;; font-size: 12pt;\">[1]\u00a0<\/span><span style=\"font-family: &quot;Times New Roman&quot;,&quot;serif&quot;; font-size: 12pt; mso-ansi-language: FR-CA;\" lang=\"FR-CA\">Hans K\u00fcng, <em style=\"mso-bidi-font-style: normal;\">Le christianisme et les religions du monde. Islam, hindouisme, bouddhisme<\/em>, co-auteurs J. van Ess, H. von Stietencron et H. Beckert, traduit de l\u2019allemand par Joseph Feisthauer, Paris, Seuil, 1986, p. 596-597.<\/span><\/p>\n<\/div>\n<div id=\"ftn2\" style=\"mso-element: footnote;\">\n<p class=\"MsoFootnoteText\" style=\"margin: 0cm 0cm 0pt;\"><span style=\"font-family: &quot;Times New Roman&quot;,&quot;serif&quot;; font-size: 12pt;\">[2] <\/span><em style=\"mso-bidi-font-style: normal;\"><span style=\"font-family: &quot;Times New Roman&quot;,&quot;serif&quot;; font-size: 12pt; mso-ansi-language: FR-CA;\" lang=\"FR-CA\">Ibidem.<\/span><\/em><\/p>\n<\/div>\n<div id=\"ftn3\" style=\"mso-element: footnote;\">\n<p class=\"MsoFootnoteText\" style=\"margin: 0cm 0cm 0pt;\"><span style=\"font-size: 12pt;\"><span style=\"font-family: Calibri;\">[3] <\/span><\/span><em style=\"mso-bidi-font-style: normal;\"><span style=\"font-family: &quot;Times New Roman&quot;,&quot;serif&quot;; font-size: 12pt;\">Ibidem.<\/span><\/em><em style=\"mso-bidi-font-style: normal;\"><\/em><\/p>\n<\/div>\n<\/div>\n<div class=\"edit-link\"><a class=\"post-edit-link\" href=\"\">modifier<\/a><\/div>","protected":false},"excerpt":{"rendered":"<p>\u00a0\u00a0\u00a0\u00a0\u00a0\u00a0\u00a0\u00a0\u00a0\u00a0\u00a0 Le th\u00e9ologien Hans K\u00fcng a fait remarquer le contraste entre, d\u2019une part, \u00ab\u00a0la souriante impassibilit\u00e9 et la paisible s\u00e9r\u00e9nit\u00e9 de l\u2019Illumin\u00e9\u00a0\u00bb et, d\u2019autre part, l\u2019\u00ab\u00a0ab\u00eeme de souffrance\u00a0\u00bb de J\u00e9sus\u00a0dont \u00ab\u00a0la mort ignominieuse, la croix serait d\u2019abord un signe d\u2019\u00e9chec[1]\u00a0\u00bb. Apr\u00e8s la mort&#8230;<\/p>\n","protected":false},"author":1,"featured_media":0,"parent":2243,"menu_order":45,"comment_status":"open","ping_status":"open","template":"","meta":[],"tags":[],"_links":{"self":[{"href":"http:\/\/agoratheque.3zcom.com\/index.php?rest_route=\/wp\/v2\/pages\/2319"}],"collection":[{"href":"http:\/\/agoratheque.3zcom.com\/index.php?rest_route=\/wp\/v2\/pages"}],"about":[{"href":"http:\/\/agoratheque.3zcom.com\/index.php?rest_route=\/wp\/v2\/types\/page"}],"author":[{"embeddable":true,"href":"http:\/\/agoratheque.3zcom.com\/index.php?rest_route=\/wp\/v2\/users\/1"}],"replies":[{"embeddable":true,"href":"http:\/\/agoratheque.3zcom.com\/index.php?rest_route=%2Fwp%2Fv2%2Fcomments&post=2319"}],"version-history":[{"count":8,"href":"http:\/\/agoratheque.3zcom.com\/index.php?rest_route=\/wp\/v2\/pages\/2319\/revisions"}],"predecessor-version":[{"id":2321,"href":"http:\/\/agoratheque.3zcom.com\/index.php?rest_route=\/wp\/v2\/pages\/2319\/revisions\/2321"}],"up":[{"embeddable":true,"href":"http:\/\/agoratheque.3zcom.com\/index.php?rest_route=\/wp\/v2\/pages\/2243"}],"wp:attachment":[{"href":"http:\/\/agoratheque.3zcom.com\/index.php?rest_route=%2Fwp%2Fv2%2Fmedia&parent=2319"}],"wp:term":[{"taxonomy":"post_tag","embeddable":true,"href":"http:\/\/agoratheque.3zcom.com\/index.php?rest_route=%2Fwp%2Fv2%2Ftags&post=2319"}],"curies":[{"name":"wp","href":"https:\/\/api.w.org\/{rel}","templated":true}]}}